{"id":3601,"date":"2021-08-31T08:32:02","date_gmt":"2021-08-31T08:32:02","guid":{"rendered":"https:\/\/abcformation1986.fr\/?post_type=product&#038;p=3601"},"modified":"2025-04-18T12:04:22","modified_gmt":"2025-04-18T12:04:22","slug":"le-diplome-de-francais-professionnel-affaires-niveau-b1","status":"publish","type":"product","link":"https:\/\/abcformation1986.fr\/es\/producto\/le-diplome-de-francais-professionnel-affaires-niveau-b1\/","title":{"rendered":"EL DIPLOMA PROFESIONAL DE FRANC\u00c9S DE NEGOCIOS nivel B1"},"content":{"rendered":"<p>Le Dipl\u00f4me de fran\u00e7ais des Affaires B1 valide une comp\u00e9tence en fran\u00e7ais de niveau B1 du CECRL. Il correspond approximativement \u00e0 250 heures d\u2019apprentissage.<\/p>\n<p>Certifica competencia en franc\u00e9s a nivel independiente, lo que permite al usuario comprender y expresarse en situaciones habituales de la vida social y profesional.<\/p>\n<p>El titular de este diploma puede realizar actos comunes de comunicaci\u00f3n profesional en un contexto previsible.<\/p>\n<p><strong><em>Comprender y procesar informaci\u00f3n:<\/em><\/strong><\/p>\n<p>El candidato puede comprender los elementos esenciales de informes, textos o documentos profesionales comunes.<\/p>\n<p>Puede comprender la esencia de un mensaje predecible (en su forma y contenido), cara a cara o por tel\u00e9fono, dentro de su campo de experiencia profesional.<\/p>\n<p>El candidato podr\u00e1 tomar elementos proporcionados para organizarlos en un formato determinado, redactar mensajes actuales, relacionados con la actividad social y profesional habitual.<\/p>\n<p><strong><em>Interactuar oralmente:<\/em><\/strong><\/p>\n<p>El candidato puede participar en intercambios actuales en su contexto profesional, describir su actividad, intercambiar informaci\u00f3n factual, discutir una opci\u00f3n, dar explicaciones en situaciones pr\u00e1cticas sobre temas conocidos.<\/p>","protected":false},"excerpt":{"rendered":"<p>Valable \u00e0 vie, ce dipl\u00f4me vous permettra d&rsquo;attester de vos capacit\u00e9s \u00e0 travailler en fran\u00e7ais dans les fonctions relationnelles, administratives et commerciales de l\u2019entreprise.<\/p>\n<p>Ce dipl\u00f4me est disponible dans cinq\u00a0niveaux : A1, A2, B1, B2 et C1.<\/p>\n<p>Les Dipl\u00f4mes de fran\u00e7ais professionnel sont \u00e9galement reconnus par le Minist\u00e8re de l\u2019int\u00e9rieur\u00a0pour valider votre niveau de fran\u00e7ais dans le cadre d\u2019une demande de\u00a0<strong>tarjeta de residente<\/strong>\u00a0o de\u00a0<strong>naturalizaci\u00f3n<\/strong>\u00a0con el Estado franc\u00e9s.<\/p>","protected":false},"featured_media":10325,"template":"","meta":{"_uag_custom_page_level_css":""},"product_brand":[],"product_cat":[111],"product_tag":[],"class_list":{"0":"post-3601","1":"product","2":"type-product","3":"status-publish","4":"has-post-thumbnail","6":"product_cat-dfp","8":"first","9":"instock","10":"taxable","11":"shipping-taxable","12":"purchasable","13":"product-type-simple"},"yoast_head":"<!-- This site is optimized with the Yoast SEO plugin v25.2 - https:\/\/yoast.com\/wordpress\/plugins\/seo\/ -->\n<title>LE DIPL\u00d4ME DE FRAN\u00c7AIS PROFESSIONNEL AFFAIRES niveau B1 - Centre de Formation ABC Franconville | FLE | TEF<\/title>\n<meta name=\"robots\" content=\"index, follow, max-snippet:-1, max-image-preview:large, max-video-preview:-1\" \/>\n<link rel=\"canonical\" href=\"https:\/\/abcformation1986.fr\/es\/producto\/le-diplome-de-francais-professionnel-affaires-niveau-b1\/\" \/>\n<meta property=\"og:locale\" content=\"es_ES\" \/>\n<meta property=\"og:type\" content=\"article\" \/>\n<meta property=\"og:title\" content=\"LE DIPL\u00d4ME DE FRAN\u00c7AIS PROFESSIONNEL AFFAIRES niveau B1 - Centre de Formation ABC Franconville | FLE | TEF\" \/>\n<meta property=\"og:description\" content=\"Valable \u00e0 vie, ce dipl\u00f4me vous permettra d&#039;attester de vos capacit\u00e9s \u00e0 travailler en fran\u00e7ais dans les fonctions relationnelles, administratives et commerciales de l\u2019entreprise.  Ce dipl\u00f4me est disponible dans cinq\u00a0niveaux : A1, A2, B1, B2 et C1.  Les Dipl\u00f4mes de fran\u00e7ais professionnel sont \u00e9galement reconnus par le Minist\u00e8re de l\u2019int\u00e9rieur\u00a0pour valider votre niveau de fran\u00e7ais dans le cadre d\u2019une demande de\u00a0carte de r\u00e9sident\u00a0ou de\u00a0naturalisation\u00a0aupr\u00e8s de l\u2019\u00c9tat fran\u00e7ais.\" \/>\n<meta property=\"og:url\" content=\"https:\/\/abcformation1986.fr\/es\/producto\/le-diplome-de-francais-professionnel-affaires-niveau-b1\/\" \/>\n<meta property=\"og:site_name\" content=\"Centre de Formation ABC Franconville | FLE | TEF\" \/>\n<meta property=\"article:publisher\" content=\"http:\/\/@abcformation\" \/>\n<meta property=\"article:modified_time\" content=\"2025-04-18T12:04:22+00:00\" \/>\n<meta property=\"og:image\" content=\"https:\/\/abcformation1986.fr\/wp-content\/uploads\/2021\/08\/DFp-affaires-b1.png\" \/>\n\t<meta property=\"og:image:width\" content=\"300\" \/>\n\t<meta property=\"og:image:height\" content=\"300\" \/>\n\t<meta property=\"og:image:type\" content=\"image\/png\" \/>\n<meta name=\"twitter:card\" content=\"summary_large_image\" \/>\n<meta name=\"twitter:site\" content=\"@abc_formation\" \/>\n<meta name=\"twitter:label1\" content=\"Tiempo de lectura\" \/>\n\t<meta name=\"twitter:data1\" content=\"1 minuto\" \/>\n<script type=\"application\/ld+json\" class=\"yoast-schema-graph\">{\"@context\":\"https:\/\/schema.org\",\"@graph\":[{\"@type\":\"WebPage\",\"@id\":\"https:\/\/abcformation1986.fr\/produit\/le-diplome-de-francais-professionnel-affaires-niveau-b1\/\",\"url\":\"https:\/\/abcformation1986.fr\/produit\/le-diplome-de-francais-professionnel-affaires-niveau-b1\/\",\"name\":\"LE DIPL\u00d4ME DE FRAN\u00c7AIS PROFESSIONNEL AFFAIRES niveau B1 - Centre de Formation ABC Franconville | FLE | TEF\",\"isPartOf\":{\"@id\":\"http:\/\/abcformation1986.fr\/ar\/#website\"},\"primaryImageOfPage\":{\"@id\":\"https:\/\/abcformation1986.fr\/produit\/le-diplome-de-francais-professionnel-affaires-niveau-b1\/#primaryimage\"},\"image\":{\"@id\":\"https:\/\/abcformation1986.fr\/produit\/le-diplome-de-francais-professionnel-affaires-niveau-b1\/#primaryimage\"},\"thumbnailUrl\":\"https:\/\/abcformation1986.fr\/wp-content\/uploads\/2021\/08\/DFp-affaires-b1.png\",\"datePublished\":\"2021-08-31T08:32:02+00:00\",\"dateModified\":\"2025-04-18T12:04:22+00:00\",\"breadcrumb\":{\"@id\":\"https:\/\/abcformation1986.fr\/produit\/le-diplome-de-francais-professionnel-affaires-niveau-b1\/#breadcrumb\"},\"inLanguage\":\"es\",\"potentialAction\":[{\"@type\":\"ReadAction\",\"target\":[\"https:\/\/abcformation1986.fr\/produit\/le-diplome-de-francais-professionnel-affaires-niveau-b1\/\"]}]},{\"@type\":\"ImageObject\",\"inLanguage\":\"es\",\"@id\":\"https:\/\/abcformation1986.fr\/produit\/le-diplome-de-francais-professionnel-affaires-niveau-b1\/#primaryimage\",\"url\":\"https:\/\/abcformation1986.fr\/wp-content\/uploads\/2021\/08\/DFp-affaires-b1.png\",\"contentUrl\":\"https:\/\/abcformation1986.fr\/wp-content\/uploads\/2021\/08\/DFp-affaires-b1.png\",\"width\":300,\"height\":300},{\"@type\":\"BreadcrumbList\",\"@id\":\"https:\/\/abcformation1986.fr\/produit\/le-diplome-de-francais-professionnel-affaires-niveau-b1\/#breadcrumb\",\"itemListElement\":[{\"@type\":\"ListItem\",\"position\":1,\"name\":\"Home\",\"item\":\"http:\/\/abcformation1986.fr\/ar\/\"},{\"@type\":\"ListItem\",\"position\":2,\"name\":\"Boutique\",\"item\":\"https:\/\/abcformation1986.fr\/boutique\/\"},{\"@type\":\"ListItem\",\"position\":3,\"name\":\"LE DIPL\u00d4ME DE FRAN\u00c7AIS PROFESSIONNEL AFFAIRES niveau B1\"}]},{\"@type\":\"WebSite\",\"@id\":\"http:\/\/abcformation1986.fr\/ar\/#website\",\"url\":\"http:\/\/abcformation1986.fr\/ar\/\",\"name\":\"Centre de Formation ABC Franconville | FLE | TEF\",\"description\":\"Acteur historique de  la formation, de l\u2019insertion et de la  reconversion professionnelle depuis 1986\",\"publisher\":{\"@id\":\"http:\/\/abcformation1986.fr\/ar\/#organization\"},\"potentialAction\":[{\"@type\":\"SearchAction\",\"target\":{\"@type\":\"EntryPoint\",\"urlTemplate\":\"http:\/\/abcformation1986.fr\/ar\/?s={search_term_string}\"},\"query-input\":{\"@type\":\"PropertyValueSpecification\",\"valueRequired\":true,\"valueName\":\"search_term_string\"}}],\"inLanguage\":\"es\"},{\"@type\":\"Organization\",\"@id\":\"http:\/\/abcformation1986.fr\/ar\/#organization\",\"name\":\"ABCFORMATION\",\"url\":\"http:\/\/abcformation1986.fr\/ar\/\",\"logo\":{\"@type\":\"ImageObject\",\"inLanguage\":\"es\",\"@id\":\"http:\/\/abcformation1986.fr\/ar\/#\/schema\/logo\/image\/\",\"url\":\"https:\/\/abcformation1986.fr\/wp-content\/uploads\/2018\/11\/abclogo.png\",\"contentUrl\":\"https:\/\/abcformation1986.fr\/wp-content\/uploads\/2018\/11\/abclogo.png\",\"width\":134,\"height\":82,\"caption\":\"ABCFORMATION\"},\"image\":{\"@id\":\"http:\/\/abcformation1986.fr\/ar\/#\/schema\/logo\/image\/\"},\"sameAs\":[\"http:\/\/@abcformation\",\"https:\/\/x.com\/abc_formation\",\"http:\/\/abcformation1986\"]}]}<\/script>\n<!-- \/ Yoast SEO plugin. -->","yoast_head_json":{"title":"LE DIPL\u00d4ME DE FRAN\u00c7AIS PROFESSIONNEL AFFAIRES niveau B1 - Centre de Formation ABC Franconville | FLE | TEF","robots":{"index":"index","follow":"follow","max-snippet":"max-snippet:-1","max-image-preview":"max-image-preview:large","max-video-preview":"max-video-preview:-1"},"canonical":"https:\/\/abcformation1986.fr\/es\/producto\/le-diplome-de-francais-professionnel-affaires-niveau-b1\/","og_locale":"es_ES","og_type":"article","og_title":"LE DIPL\u00d4ME DE FRAN\u00c7AIS PROFESSIONNEL AFFAIRES niveau B1 - Centre de Formation ABC Franconville | FLE | TEF","og_description":"Valable \u00e0 vie, ce dipl\u00f4me vous permettra d'attester de vos capacit\u00e9s \u00e0 travailler en fran\u00e7ais dans les fonctions relationnelles, administratives et commerciales de l\u2019entreprise.  Ce dipl\u00f4me est disponible dans cinq\u00a0niveaux : A1, A2, B1, B2 et C1.  Les Dipl\u00f4mes de fran\u00e7ais professionnel sont \u00e9galement reconnus par le Minist\u00e8re de l\u2019int\u00e9rieur\u00a0pour valider votre niveau de fran\u00e7ais dans le cadre d\u2019une demande de\u00a0carte de r\u00e9sident\u00a0ou de\u00a0naturalisation\u00a0aupr\u00e8s de l\u2019\u00c9tat fran\u00e7ais.","og_url":"https:\/\/abcformation1986.fr\/es\/producto\/le-diplome-de-francais-professionnel-affaires-niveau-b1\/","og_site_name":"Centre de Formation ABC Franconville | FLE | TEF","article_publisher":"http:\/\/@abcformation","article_modified_time":"2025-04-18T12:04:22+00:00","og_image":[{"width":300,"height":300,"url":"https:\/\/abcformation1986.fr\/wp-content\/uploads\/2021\/08\/DFp-affaires-b1.png","type":"image\/png"}],"twitter_card":"summary_large_image","twitter_site":"@abc_formation","twitter_misc":{"Tiempo de lectura":"1 minuto"},"schema":{"@context":"https:\/\/schema.org","@graph":[{"@type":"WebPage","@id":"https:\/\/abcformation1986.fr\/produit\/le-diplome-de-francais-professionnel-affaires-niveau-b1\/","url":"https:\/\/abcformation1986.fr\/produit\/le-diplome-de-francais-professionnel-affaires-niveau-b1\/","name":"LE DIPL\u00d4ME DE FRAN\u00c7AIS PROFESSIONNEL AFFAIRES niveau B1 - Centre de Formation ABC Franconville | FLE | TEF","isPartOf":{"@id":"http:\/\/abcformation1986.fr\/ar\/#website"},"primaryImageOfPage":{"@id":"https:\/\/abcformation1986.fr\/produit\/le-diplome-de-francais-professionnel-affaires-niveau-b1\/#primaryimage"},"image":{"@id":"https:\/\/abcformation1986.fr\/produit\/le-diplome-de-francais-professionnel-affaires-niveau-b1\/#primaryimage"},"thumbnailUrl":"https:\/\/abcformation1986.fr\/wp-content\/uploads\/2021\/08\/DFp-affaires-b1.png","datePublished":"2021-08-31T08:32:02+00:00","dateModified":"2025-04-18T12:04:22+00:00","breadcrumb":{"@id":"https:\/\/abcformation1986.fr\/produit\/le-diplome-de-francais-professionnel-affaires-niveau-b1\/#breadcrumb"},"inLanguage":"es","potentialAction":[{"@type":"ReadAction","target":["https:\/\/abcformation1986.fr\/produit\/le-diplome-de-francais-professionnel-affaires-niveau-b1\/"]}]},{"@type":"ImageObject","inLanguage":"es","@id":"https:\/\/abcformation1986.fr\/produit\/le-diplome-de-francais-professionnel-affaires-niveau-b1\/#primaryimage","url":"https:\/\/abcformation1986.fr\/wp-content\/uploads\/2021\/08\/DFp-affaires-b1.png","contentUrl":"https:\/\/abcformation1986.fr\/wp-content\/uploads\/2021\/08\/DFp-affaires-b1.png","width":300,"height":300},{"@type":"BreadcrumbList","@id":"https:\/\/abcformation1986.fr\/produit\/le-diplome-de-francais-professionnel-affaires-niveau-b1\/#breadcrumb","itemListElement":[{"@type":"ListItem","position":1,"name":"Home","item":"http:\/\/abcformation1986.fr\/ar\/"},{"@type":"ListItem","position":2,"name":"Boutique","item":"https:\/\/abcformation1986.fr\/boutique\/"},{"@type":"ListItem","position":3,"name":"LE DIPL\u00d4ME DE FRAN\u00c7AIS PROFESSIONNEL AFFAIRES niveau B1"}]},{"@type":"WebSite","@id":"http:\/\/abcformation1986.fr\/ar\/#website","url":"http:\/\/abcformation1986.fr\/ar\/","name":"Centre de Formation ABC Franconville | FLE | TEF","description":"Acteur historique de  la formation, de l\u2019insertion et de la  reconversion professionnelle depuis 1986","publisher":{"@id":"http:\/\/abcformation1986.fr\/ar\/#organization"},"potentialAction":[{"@type":"SearchAction","target":{"@type":"EntryPoint","urlTemplate":"http:\/\/abcformation1986.fr\/ar\/?s={search_term_string}"},"query-input":{"@type":"PropertyValueSpecification","valueRequired":true,"valueName":"search_term_string"}}],"inLanguage":"es"},{"@type":"Organization","@id":"http:\/\/abcformation1986.fr\/ar\/#organization","name":"ABCFORMATION","url":"http:\/\/abcformation1986.fr\/ar\/","logo":{"@type":"ImageObject","inLanguage":"es","@id":"http:\/\/abcformation1986.fr\/ar\/#\/schema\/logo\/image\/","url":"https:\/\/abcformation1986.fr\/wp-content\/uploads\/2018\/11\/abclogo.png","contentUrl":"https:\/\/abcformation1986.fr\/wp-content\/uploads\/2018\/11\/abclogo.png","width":134,"height":82,"caption":"ABCFORMATION"},"image":{"@id":"http:\/\/abcformation1986.fr\/ar\/#\/schema\/logo\/image\/"},"sameAs":["http:\/\/@abcformation","https:\/\/x.com\/abc_formation","http:\/\/abcformation1986"]}]}},"uagb_featured_image_src":{"full":["https:\/\/abcformation1986.fr\/wp-content\/uploads\/2021\/08\/DFp-affaires-b1.png",300,300,false],"thumbnail":["https:\/\/abcformation1986.fr\/wp-content\/uploads\/2021\/08\/DFp-affaires-b1-150x150.png",150,150,true],"medium":["https:\/\/abcformation1986.fr\/wp-content\/uploads\/2021\/08\/DFp-affaires-b1.png",300,300,false],"medium_large":["https:\/\/abcformation1986.fr\/wp-content\/uploads\/2021\/08\/DFp-affaires-b1.png",300,300,false],"large":["https:\/\/abcformation1986.fr\/wp-content\/uploads\/2021\/08\/DFp-affaires-b1.png",300,300,false],"1536x1536":["https:\/\/abcformation1986.fr\/wp-content\/uploads\/2021\/08\/DFp-affaires-b1.png",300,300,false],"2048x2048":["https:\/\/abcformation1986.fr\/wp-content\/uploads\/2021\/08\/DFp-affaires-b1.png",300,300,false],"trp-custom-language-flag":["https:\/\/abcformation1986.fr\/wp-content\/uploads\/2021\/08\/DFp-affaires-b1-12x12.png",12,12,true],"hala-full":["https:\/\/abcformation1986.fr\/wp-content\/uploads\/2021\/08\/DFp-affaires-b1.png",300,300,false],"hala-medium":["https:\/\/abcformation1986.fr\/wp-content\/uploads\/2021\/08\/DFp-affaires-b1.png",300,300,false],"hala-small":["https:\/\/abcformation1986.fr\/wp-content\/uploads\/2021\/08\/DFp-affaires-b1-300x280.png",300,280,true],"hala-team":["https:\/\/abcformation1986.fr\/wp-content\/uploads\/2021\/08\/DFp-affaires-b1-250x300.png",250,300,true],"hala-thumb":["https:\/\/abcformation1986.fr\/wp-content\/uploads\/2021\/08\/DFp-affaires-b1-100x100.png",100,100,true],"woocommerce_thumbnail":["https:\/\/abcformation1986.fr\/wp-content\/uploads\/2021\/08\/DFp-affaires-b1-291x291.png",291,291,true],"woocommerce_single":["https:\/\/abcformation1986.fr\/wp-content\/uploads\/2021\/08\/DFp-affaires-b1.png",300,300,false],"woocommerce_gallery_thumbnail":["https:\/\/abcformation1986.fr\/wp-content\/uploads\/2021\/08\/DFp-affaires-b1-100x100.png",100,100,true]},"uagb_author_info":{"display_name":"abc formation","author_link":"https:\/\/abcformation1986.fr\/es\/author\/"},"uagb_comment_info":0,"uagb_excerpt":"Valable \u00e0 vie, ce dipl\u00f4me vous permettra d'attester de vos capacit\u00e9s \u00e0 travailler en fran\u00e7ais dans les fonctions relationnelles, administratives et commerciales de l\u2019entreprise. Ce dipl\u00f4me est disponible dans cinq\u00a0niveaux : A1, A2, B1, B2 et C1. Les Dipl\u00f4mes de fran\u00e7ais professionnel sont \u00e9galement reconnus par le Minist\u00e8re de l\u2019int\u00e9rieur\u00a0pour valider votre niveau de fran\u00e7ais&hellip;","jetpack_sharing_enabled":true,"_links":{"self":[{"href":"https:\/\/abcformation1986.fr\/es\/wp-json\/wp\/v2\/product\/3601","targetHints":{"allow":["GET"]}}],"collection":[{"href":"https:\/\/abcformation1986.fr\/es\/wp-json\/wp\/v2\/product"}],"about":[{"href":"https:\/\/abcformation1986.fr\/es\/wp-json\/wp\/v2\/types\/product"}],"wp:featuredmedia":[{"embeddable":true,"href":"https:\/\/abcformation1986.fr\/es\/wp-json\/wp\/v2\/media\/10325"}],"wp:attachment":[{"href":"https:\/\/abcformation1986.fr\/es\/wp-json\/wp\/v2\/media?parent=3601"}],"wp:term":[{"taxonomy":"product_brand","embeddable":true,"href":"https:\/\/abcformation1986.fr\/es\/wp-json\/wp\/v2\/product_brand?post=3601"},{"taxonomy":"product_cat","embeddable":true,"href":"https:\/\/abcformation1986.fr\/es\/wp-json\/wp\/v2\/product_cat?post=3601"},{"taxonomy":"product_tag","embeddable":true,"href":"https:\/\/abcformation1986.fr\/es\/wp-json\/wp\/v2\/product_tag?post=3601"}],"curies":[{"name":"wp","href":"https:\/\/api.w.org\/{rel}","templated":true}]}}