{"id":3594,"date":"2021-08-31T08:26:09","date_gmt":"2021-08-31T08:26:09","guid":{"rendered":"https:\/\/abcformation1986.fr\/?post_type=product&#038;p=3594"},"modified":"2025-04-18T12:05:45","modified_gmt":"2025-04-18T12:05:45","slug":"le-diplome-de-francais-professionnel-sante-niveau-b2","status":"publish","type":"product","link":"https:\/\/abcformation1986.fr\/es\/producto\/le-diplome-de-francais-professionnel-sante-niveau-b2\/","title":{"rendered":"EL DIPLOMA PROFESIONAL DE SALUD FRANC\u00c9S nivel B2"},"content":{"rendered":"<div class=\"column\">Le Dipl\u00f4me de fran\u00e7ais professionnel Sant\u00e9 B2\/C1 se pr\u00e9sente comme un examen unique d\u00e9livrant, selon la performance du\/de la candidat\u00b7e, un dipl\u00f4me de niveau ind\u00e9pendant B2 ou un dipl\u00f4me de niveau exp\u00e9riment\u00e9 C1 du CECRL.<\/div>\n<div><\/div>\n<div class=\"column\">La performance du\/de la candidat\u00b7e d\u00e9pend de son degr\u00e9 de maitrise des moyens langagiers, dans leur \u00e9tendue et leur pr\u00e9cision, pour comprendre et traiter l\u2019information et pour s\u2019exprimer, \u00e0 l\u2019oral comme \u00e0 l\u2019\u00e9crit.<\/div>\n<div><\/div>\n<div class=\"column\">Le Dipl\u00f4me de fran\u00e7ais professionnel Sant\u00e9 B2\/C1 valide une comp\u00e9tence en fran\u00e7ais correspondant approximativement \u00e0 un apprentissage de 350 h pour un niveau B2 et de 450 h pour un niveau C1.<\/div>\n<div><\/div>\n<div class=\"column\">D\u00e8s le niveau B2, le\/la titulaire de ce dipl\u00f4me peut r\u00e9aliser, \u00e0 l\u2019oral et \u00e0 l\u2019\u00e9crit, des t\u00e2ches de communication professionnelle, dans l\u2019ensemble des situations standard de son environnement professionnel, y compris celles qui impliquent une certaine gestion de l\u2019impr\u00e9vu.<\/div>\n<div><\/div>\n<div class=\"column\">Au niveau C1, le\/la titulaire peut en outre identifier, comprendre et tenir compte d\u2019informations utiles pour la t\u00e2che mais exprim\u00e9es de mani\u00e8re implicite ou allusive. Il\/Elle peut les reformuler, si n\u00e9cessaire, en maintenant un haut degr\u00e9 de concision et de pr\u00e9cision dans son expression et en adaptant son discours \u00e0 l\u2019\u00e9tat \u00e9motionnel de son interlocuteur (par exemple, en y int\u00e9grant des formulations traduisant l\u2019empathie).<\/div>\n<div>\n<p><em><strong>omprendre et traiter l\u2019information :<\/strong><\/em><\/p>\n<p>Le\/La candidat\u00b7e peut comprendre les \u00e9l\u00e9ments essentiels de dossiers documentaires sur des sujets de sant\u00e9 publique, une planche anatomique l\u00e9gend\u00e9e, une fiche descriptive d\u2019acte m\u00e9dical\/examen\/intervention.<\/p>\n<p>Il\/Elle peut renseigner des documents professionnels usuels et r\u00e9diger une note sur un risque de sant\u00e9, un compte-rendu sur un th\u00e8me de sant\u00e9, une lettre de transmission de r\u00e9sultats et de recommandations.<\/p>\n<p>El candidato puede comprender la esencia de las transmisiones sobre temas de salud, las preguntas de los pacientes preocupados sobre un procedimiento\/examen\/intervenci\u00f3n m\u00e9dica.<\/p>\n<p><em><strong>Interactuar oralmente:<\/strong><\/em><\/p>\n<p>El candidato es capaz de presentar y explicar un procedimiento\/examen\/intervenci\u00f3n m\u00e9dica a un paciente y tranquilizarlo, presentar una enfermedad y acciones de salud.<\/p>\n<\/div>","protected":false},"excerpt":{"rendered":"<p>Valable \u00e0 vie, ce dipl\u00f4me vous permettra d&rsquo;attester de vos capacit\u00e9s \u00e0 travailler en fran\u00e7ais dans le milieu m\u00e9dical et param\u00e9dical.<\/p>\n<p>Ce dipl\u00f4me est disponible dans les niveaux : B1, B2 et C1.<\/p>\n<p>Les Dipl\u00f4mes de fran\u00e7ais professionnel sont \u00e9galement reconnus par le Minist\u00e8re de l\u2019int\u00e9rieur\u00a0pour valider votre niveau de fran\u00e7ais dans le cadre d\u2019une demande de\u00a0<strong>tarjeta de residente<\/strong>\u00a0o de\u00a0<strong>naturalizaci\u00f3n<\/strong>\u00a0con el Estado franc\u00e9s.<\/p>","protected":false},"featured_media":10329,"template":"","meta":{"_uag_custom_page_level_css":""},"product_brand":[],"product_cat":[111],"product_tag":[],"class_list":{"0":"post-3594","1":"product","2":"type-product","3":"status-publish","4":"has-post-thumbnail","6":"product_cat-dfp","8":"first","9":"instock","10":"taxable","11":"shipping-taxable","12":"purchasable","13":"product-type-simple"},"yoast_head":"<!-- This site is optimized with the Yoast SEO plugin v25.2 - https:\/\/yoast.com\/wordpress\/plugins\/seo\/ -->\n<title>LE DIPL\u00d4ME DE FRAN\u00c7AIS PROFESSIONNEL SANT\u00c9 niveau B2 - Centre de Formation ABC Franconville | FLE | TEF<\/title>\n<meta name=\"robots\" content=\"index, follow, max-snippet:-1, max-image-preview:large, max-video-preview:-1\" \/>\n<link rel=\"canonical\" href=\"https:\/\/abcformation1986.fr\/es\/producto\/le-diplome-de-francais-professionnel-sante-niveau-b2\/\" \/>\n<meta property=\"og:locale\" content=\"es_ES\" \/>\n<meta property=\"og:type\" content=\"article\" \/>\n<meta property=\"og:title\" content=\"LE DIPL\u00d4ME DE FRAN\u00c7AIS PROFESSIONNEL SANT\u00c9 niveau B2 - Centre de Formation ABC Franconville | FLE | TEF\" \/>\n<meta property=\"og:description\" content=\"Valable \u00e0 vie, ce dipl\u00f4me vous permettra d&#039;attester de vos capacit\u00e9s \u00e0 travailler en fran\u00e7ais dans le milieu m\u00e9dical et param\u00e9dical.  Ce dipl\u00f4me est disponible dans les niveaux : B1, B2 et C1.  Les Dipl\u00f4mes de fran\u00e7ais professionnel sont \u00e9galement reconnus par le Minist\u00e8re de l\u2019int\u00e9rieur\u00a0pour valider votre niveau de fran\u00e7ais dans le cadre d\u2019une demande de\u00a0carte de r\u00e9sident\u00a0ou de\u00a0naturalisation\u00a0aupr\u00e8s de l\u2019\u00c9tat fran\u00e7ais.\" \/>\n<meta property=\"og:url\" content=\"https:\/\/abcformation1986.fr\/es\/producto\/le-diplome-de-francais-professionnel-sante-niveau-b2\/\" \/>\n<meta property=\"og:site_name\" content=\"Centre de Formation ABC Franconville | FLE | TEF\" \/>\n<meta property=\"article:publisher\" content=\"http:\/\/@abcformation\" \/>\n<meta property=\"article:modified_time\" content=\"2025-04-18T12:05:45+00:00\" \/>\n<meta property=\"og:image\" content=\"https:\/\/abcformation1986.fr\/wp-content\/uploads\/2021\/08\/DFP-Sante-b2.png\" \/>\n\t<meta property=\"og:image:width\" content=\"300\" \/>\n\t<meta property=\"og:image:height\" content=\"300\" \/>\n\t<meta property=\"og:image:type\" content=\"image\/png\" \/>\n<meta name=\"twitter:card\" content=\"summary_large_image\" \/>\n<meta name=\"twitter:site\" content=\"@abc_formation\" \/>\n<meta name=\"twitter:label1\" content=\"Tiempo de lectura\" \/>\n\t<meta name=\"twitter:data1\" content=\"2 minutos\" \/>\n<script type=\"application\/ld+json\" class=\"yoast-schema-graph\">{\"@context\":\"https:\/\/schema.org\",\"@graph\":[{\"@type\":\"WebPage\",\"@id\":\"https:\/\/abcformation1986.fr\/produit\/le-diplome-de-francais-professionnel-sante-niveau-b2\/\",\"url\":\"https:\/\/abcformation1986.fr\/produit\/le-diplome-de-francais-professionnel-sante-niveau-b2\/\",\"name\":\"LE DIPL\u00d4ME DE FRAN\u00c7AIS PROFESSIONNEL SANT\u00c9 niveau B2 - Centre de Formation ABC Franconville | FLE | TEF\",\"isPartOf\":{\"@id\":\"http:\/\/abcformation1986.fr\/ar\/#website\"},\"primaryImageOfPage\":{\"@id\":\"https:\/\/abcformation1986.fr\/produit\/le-diplome-de-francais-professionnel-sante-niveau-b2\/#primaryimage\"},\"image\":{\"@id\":\"https:\/\/abcformation1986.fr\/produit\/le-diplome-de-francais-professionnel-sante-niveau-b2\/#primaryimage\"},\"thumbnailUrl\":\"https:\/\/abcformation1986.fr\/wp-content\/uploads\/2021\/08\/DFP-Sante-b2.png\",\"datePublished\":\"2021-08-31T08:26:09+00:00\",\"dateModified\":\"2025-04-18T12:05:45+00:00\",\"breadcrumb\":{\"@id\":\"https:\/\/abcformation1986.fr\/produit\/le-diplome-de-francais-professionnel-sante-niveau-b2\/#breadcrumb\"},\"inLanguage\":\"es\",\"potentialAction\":[{\"@type\":\"ReadAction\",\"target\":[\"https:\/\/abcformation1986.fr\/produit\/le-diplome-de-francais-professionnel-sante-niveau-b2\/\"]}]},{\"@type\":\"ImageObject\",\"inLanguage\":\"es\",\"@id\":\"https:\/\/abcformation1986.fr\/produit\/le-diplome-de-francais-professionnel-sante-niveau-b2\/#primaryimage\",\"url\":\"https:\/\/abcformation1986.fr\/wp-content\/uploads\/2021\/08\/DFP-Sante-b2.png\",\"contentUrl\":\"https:\/\/abcformation1986.fr\/wp-content\/uploads\/2021\/08\/DFP-Sante-b2.png\",\"width\":300,\"height\":300},{\"@type\":\"BreadcrumbList\",\"@id\":\"https:\/\/abcformation1986.fr\/produit\/le-diplome-de-francais-professionnel-sante-niveau-b2\/#breadcrumb\",\"itemListElement\":[{\"@type\":\"ListItem\",\"position\":1,\"name\":\"Home\",\"item\":\"http:\/\/abcformation1986.fr\/ar\/\"},{\"@type\":\"ListItem\",\"position\":2,\"name\":\"Boutique\",\"item\":\"https:\/\/abcformation1986.fr\/boutique\/\"},{\"@type\":\"ListItem\",\"position\":3,\"name\":\"LE DIPL\u00d4ME DE FRAN\u00c7AIS PROFESSIONNEL SANT\u00c9 niveau B2\"}]},{\"@type\":\"WebSite\",\"@id\":\"http:\/\/abcformation1986.fr\/ar\/#website\",\"url\":\"http:\/\/abcformation1986.fr\/ar\/\",\"name\":\"Centre de Formation ABC Franconville | FLE | TEF\",\"description\":\"Acteur historique de  la formation, de l\u2019insertion et de la  reconversion professionnelle depuis 1986\",\"publisher\":{\"@id\":\"http:\/\/abcformation1986.fr\/ar\/#organization\"},\"potentialAction\":[{\"@type\":\"SearchAction\",\"target\":{\"@type\":\"EntryPoint\",\"urlTemplate\":\"http:\/\/abcformation1986.fr\/ar\/?s={search_term_string}\"},\"query-input\":{\"@type\":\"PropertyValueSpecification\",\"valueRequired\":true,\"valueName\":\"search_term_string\"}}],\"inLanguage\":\"es\"},{\"@type\":\"Organization\",\"@id\":\"http:\/\/abcformation1986.fr\/ar\/#organization\",\"name\":\"ABCFORMATION\",\"url\":\"http:\/\/abcformation1986.fr\/ar\/\",\"logo\":{\"@type\":\"ImageObject\",\"inLanguage\":\"es\",\"@id\":\"http:\/\/abcformation1986.fr\/ar\/#\/schema\/logo\/image\/\",\"url\":\"https:\/\/abcformation1986.fr\/wp-content\/uploads\/2018\/11\/abclogo.png\",\"contentUrl\":\"https:\/\/abcformation1986.fr\/wp-content\/uploads\/2018\/11\/abclogo.png\",\"width\":134,\"height\":82,\"caption\":\"ABCFORMATION\"},\"image\":{\"@id\":\"http:\/\/abcformation1986.fr\/ar\/#\/schema\/logo\/image\/\"},\"sameAs\":[\"http:\/\/@abcformation\",\"https:\/\/x.com\/abc_formation\",\"http:\/\/abcformation1986\"]}]}<\/script>\n<!-- \/ Yoast SEO plugin. -->","yoast_head_json":{"title":"LE DIPL\u00d4ME DE FRAN\u00c7AIS PROFESSIONNEL SANT\u00c9 niveau B2 - Centre de Formation ABC Franconville | FLE | TEF","robots":{"index":"index","follow":"follow","max-snippet":"max-snippet:-1","max-image-preview":"max-image-preview:large","max-video-preview":"max-video-preview:-1"},"canonical":"https:\/\/abcformation1986.fr\/es\/producto\/le-diplome-de-francais-professionnel-sante-niveau-b2\/","og_locale":"es_ES","og_type":"article","og_title":"LE DIPL\u00d4ME DE FRAN\u00c7AIS PROFESSIONNEL SANT\u00c9 niveau B2 - Centre de Formation ABC Franconville | FLE | TEF","og_description":"Valable \u00e0 vie, ce dipl\u00f4me vous permettra d'attester de vos capacit\u00e9s \u00e0 travailler en fran\u00e7ais dans le milieu m\u00e9dical et param\u00e9dical.  Ce dipl\u00f4me est disponible dans les niveaux : B1, B2 et C1.  Les Dipl\u00f4mes de fran\u00e7ais professionnel sont \u00e9galement reconnus par le Minist\u00e8re de l\u2019int\u00e9rieur\u00a0pour valider votre niveau de fran\u00e7ais dans le cadre d\u2019une demande de\u00a0carte de r\u00e9sident\u00a0ou de\u00a0naturalisation\u00a0aupr\u00e8s de l\u2019\u00c9tat fran\u00e7ais.","og_url":"https:\/\/abcformation1986.fr\/es\/producto\/le-diplome-de-francais-professionnel-sante-niveau-b2\/","og_site_name":"Centre de Formation ABC Franconville | FLE | TEF","article_publisher":"http:\/\/@abcformation","article_modified_time":"2025-04-18T12:05:45+00:00","og_image":[{"width":300,"height":300,"url":"https:\/\/abcformation1986.fr\/wp-content\/uploads\/2021\/08\/DFP-Sante-b2.png","type":"image\/png"}],"twitter_card":"summary_large_image","twitter_site":"@abc_formation","twitter_misc":{"Tiempo de lectura":"2 minutos"},"schema":{"@context":"https:\/\/schema.org","@graph":[{"@type":"WebPage","@id":"https:\/\/abcformation1986.fr\/produit\/le-diplome-de-francais-professionnel-sante-niveau-b2\/","url":"https:\/\/abcformation1986.fr\/produit\/le-diplome-de-francais-professionnel-sante-niveau-b2\/","name":"LE DIPL\u00d4ME DE FRAN\u00c7AIS PROFESSIONNEL SANT\u00c9 niveau B2 - Centre de Formation ABC Franconville | FLE | TEF","isPartOf":{"@id":"http:\/\/abcformation1986.fr\/ar\/#website"},"primaryImageOfPage":{"@id":"https:\/\/abcformation1986.fr\/produit\/le-diplome-de-francais-professionnel-sante-niveau-b2\/#primaryimage"},"image":{"@id":"https:\/\/abcformation1986.fr\/produit\/le-diplome-de-francais-professionnel-sante-niveau-b2\/#primaryimage"},"thumbnailUrl":"https:\/\/abcformation1986.fr\/wp-content\/uploads\/2021\/08\/DFP-Sante-b2.png","datePublished":"2021-08-31T08:26:09+00:00","dateModified":"2025-04-18T12:05:45+00:00","breadcrumb":{"@id":"https:\/\/abcformation1986.fr\/produit\/le-diplome-de-francais-professionnel-sante-niveau-b2\/#breadcrumb"},"inLanguage":"es","potentialAction":[{"@type":"ReadAction","target":["https:\/\/abcformation1986.fr\/produit\/le-diplome-de-francais-professionnel-sante-niveau-b2\/"]}]},{"@type":"ImageObject","inLanguage":"es","@id":"https:\/\/abcformation1986.fr\/produit\/le-diplome-de-francais-professionnel-sante-niveau-b2\/#primaryimage","url":"https:\/\/abcformation1986.fr\/wp-content\/uploads\/2021\/08\/DFP-Sante-b2.png","contentUrl":"https:\/\/abcformation1986.fr\/wp-content\/uploads\/2021\/08\/DFP-Sante-b2.png","width":300,"height":300},{"@type":"BreadcrumbList","@id":"https:\/\/abcformation1986.fr\/produit\/le-diplome-de-francais-professionnel-sante-niveau-b2\/#breadcrumb","itemListElement":[{"@type":"ListItem","position":1,"name":"Home","item":"http:\/\/abcformation1986.fr\/ar\/"},{"@type":"ListItem","position":2,"name":"Boutique","item":"https:\/\/abcformation1986.fr\/boutique\/"},{"@type":"ListItem","position":3,"name":"LE DIPL\u00d4ME DE FRAN\u00c7AIS PROFESSIONNEL SANT\u00c9 niveau B2"}]},{"@type":"WebSite","@id":"http:\/\/abcformation1986.fr\/ar\/#website","url":"http:\/\/abcformation1986.fr\/ar\/","name":"Centre de Formation ABC Franconville | FLE | TEF","description":"Acteur historique de  la formation, de l\u2019insertion et de la  reconversion professionnelle depuis 1986","publisher":{"@id":"http:\/\/abcformation1986.fr\/ar\/#organization"},"potentialAction":[{"@type":"SearchAction","target":{"@type":"EntryPoint","urlTemplate":"http:\/\/abcformation1986.fr\/ar\/?s={search_term_string}"},"query-input":{"@type":"PropertyValueSpecification","valueRequired":true,"valueName":"search_term_string"}}],"inLanguage":"es"},{"@type":"Organization","@id":"http:\/\/abcformation1986.fr\/ar\/#organization","name":"ABCFORMATION","url":"http:\/\/abcformation1986.fr\/ar\/","logo":{"@type":"ImageObject","inLanguage":"es","@id":"http:\/\/abcformation1986.fr\/ar\/#\/schema\/logo\/image\/","url":"https:\/\/abcformation1986.fr\/wp-content\/uploads\/2018\/11\/abclogo.png","contentUrl":"https:\/\/abcformation1986.fr\/wp-content\/uploads\/2018\/11\/abclogo.png","width":134,"height":82,"caption":"ABCFORMATION"},"image":{"@id":"http:\/\/abcformation1986.fr\/ar\/#\/schema\/logo\/image\/"},"sameAs":["http:\/\/@abcformation","https:\/\/x.com\/abc_formation","http:\/\/abcformation1986"]}]}},"uagb_featured_image_src":{"full":["https:\/\/abcformation1986.fr\/wp-content\/uploads\/2021\/08\/DFP-Sante-b2.png",300,300,false],"thumbnail":["https:\/\/abcformation1986.fr\/wp-content\/uploads\/2021\/08\/DFP-Sante-b2-150x150.png",150,150,true],"medium":["https:\/\/abcformation1986.fr\/wp-content\/uploads\/2021\/08\/DFP-Sante-b2.png",300,300,false],"medium_large":["https:\/\/abcformation1986.fr\/wp-content\/uploads\/2021\/08\/DFP-Sante-b2.png",300,300,false],"large":["https:\/\/abcformation1986.fr\/wp-content\/uploads\/2021\/08\/DFP-Sante-b2.png",300,300,false],"1536x1536":["https:\/\/abcformation1986.fr\/wp-content\/uploads\/2021\/08\/DFP-Sante-b2.png",300,300,false],"2048x2048":["https:\/\/abcformation1986.fr\/wp-content\/uploads\/2021\/08\/DFP-Sante-b2.png",300,300,false],"trp-custom-language-flag":["https:\/\/abcformation1986.fr\/wp-content\/uploads\/2021\/08\/DFP-Sante-b2-12x12.png",12,12,true],"hala-full":["https:\/\/abcformation1986.fr\/wp-content\/uploads\/2021\/08\/DFP-Sante-b2.png",300,300,false],"hala-medium":["https:\/\/abcformation1986.fr\/wp-content\/uploads\/2021\/08\/DFP-Sante-b2.png",300,300,false],"hala-small":["https:\/\/abcformation1986.fr\/wp-content\/uploads\/2021\/08\/DFP-Sante-b2-300x280.png",300,280,true],"hala-team":["https:\/\/abcformation1986.fr\/wp-content\/uploads\/2021\/08\/DFP-Sante-b2-250x300.png",250,300,true],"hala-thumb":["https:\/\/abcformation1986.fr\/wp-content\/uploads\/2021\/08\/DFP-Sante-b2-100x100.png",100,100,true],"woocommerce_thumbnail":["https:\/\/abcformation1986.fr\/wp-content\/uploads\/2021\/08\/DFP-Sante-b2-291x291.png",291,291,true],"woocommerce_single":["https:\/\/abcformation1986.fr\/wp-content\/uploads\/2021\/08\/DFP-Sante-b2.png",300,300,false],"woocommerce_gallery_thumbnail":["https:\/\/abcformation1986.fr\/wp-content\/uploads\/2021\/08\/DFP-Sante-b2-100x100.png",100,100,true]},"uagb_author_info":{"display_name":"abc formation","author_link":"https:\/\/abcformation1986.fr\/es\/author\/"},"uagb_comment_info":0,"uagb_excerpt":"Valable \u00e0 vie, ce dipl\u00f4me vous permettra d'attester de vos capacit\u00e9s \u00e0 travailler en fran\u00e7ais dans le milieu m\u00e9dical et param\u00e9dical. Ce dipl\u00f4me est disponible dans les niveaux : B1, B2 et C1. Les Dipl\u00f4mes de fran\u00e7ais professionnel sont \u00e9galement reconnus par le Minist\u00e8re de l\u2019int\u00e9rieur\u00a0pour valider votre niveau de fran\u00e7ais dans le cadre d\u2019une&hellip;","jetpack_sharing_enabled":true,"_links":{"self":[{"href":"https:\/\/abcformation1986.fr\/es\/wp-json\/wp\/v2\/product\/3594","targetHints":{"allow":["GET"]}}],"collection":[{"href":"https:\/\/abcformation1986.fr\/es\/wp-json\/wp\/v2\/product"}],"about":[{"href":"https:\/\/abcformation1986.fr\/es\/wp-json\/wp\/v2\/types\/product"}],"wp:featuredmedia":[{"embeddable":true,"href":"https:\/\/abcformation1986.fr\/es\/wp-json\/wp\/v2\/media\/10329"}],"wp:attachment":[{"href":"https:\/\/abcformation1986.fr\/es\/wp-json\/wp\/v2\/media?parent=3594"}],"wp:term":[{"taxonomy":"product_brand","embeddable":true,"href":"https:\/\/abcformation1986.fr\/es\/wp-json\/wp\/v2\/product_brand?post=3594"},{"taxonomy":"product_cat","embeddable":true,"href":"https:\/\/abcformation1986.fr\/es\/wp-json\/wp\/v2\/product_cat?post=3594"},{"taxonomy":"product_tag","embeddable":true,"href":"https:\/\/abcformation1986.fr\/es\/wp-json\/wp\/v2\/product_tag?post=3594"}],"curies":[{"name":"wp","href":"https:\/\/api.w.org\/{rel}","templated":true}]}}