{"id":11707,"date":"2025-04-22T12:27:11","date_gmt":"2025-04-22T12:27:11","guid":{"rendered":"https:\/\/abcformation1986.fr\/?post_type=product&#038;p=11707"},"modified":"2025-07-07T06:53:24","modified_gmt":"2025-07-07T06:53:24","slug":"prepmyfuture","status":"publish","type":"product","link":"https:\/\/abcformation1986.fr\/es\/producto\/prepmyfuture\/","title":{"rendered":"PrepMyFuture"},"content":{"rendered":"<p class=\"\" data-start=\"524\" data-end=\"720\"><strong data-start=\"524\" data-end=\"540\">PrepMyFuture<\/strong> est une plateforme de pr\u00e9paration en ligne reconnue, con\u00e7ue pour vous accompagner dans la r\u00e9ussite de vos tests officiels comme le <strong data-start=\"672\" data-end=\"679\">TEF<\/strong>, <strong data-start=\"681\" data-end=\"690\">TOEIC<\/strong>, <strong data-start=\"692\" data-end=\"699\">TCF<\/strong>, et bien d\u2019autres.<\/p>\n<p class=\"\" data-start=\"727\" data-end=\"978\"><strong data-start=\"729\" data-end=\"773\">Contenus conformes aux examens officiels<\/strong><br data-start=\"773\" data-end=\"776\" \/><strong data-start=\"780\" data-end=\"806\">Parcours personnalis\u00e9s<\/strong> selon votre niveau<br data-start=\"825\" data-end=\"828\" \/><strong data-start=\"832\" data-end=\"901\">Exercices interactifs, corrig\u00e9s d\u00e9taill\u00e9s et simulations d\u2019examen<\/strong><br data-start=\"901\" data-end=\"904\" \/>\u00a0Acc\u00e8s 24h\/24 \u2013 7j\/7, depuis votre ordinateur, tablette ou smartphone<\/p>\n<p class=\"\" data-start=\"985\" data-end=\"1172\">Que vous pr\u00e9pariez un examen de langue ou un concours, <strong data-start=\"1040\" data-end=\"1056\">PrepMyFuture<\/strong> vous offre un entra\u00eenement progressif, motivant et structur\u00e9, avec des statistiques de progression en temps r\u00e9el.<\/p>\n<p class=\"\" data-start=\"1179\" data-end=\"1252\"><strong data-start=\"1182\" data-end=\"1250\">Objectif : votre r\u00e9ussite, \u00e0 votre rythme et en toute confiance.<\/strong><\/p>\n<p class=\"\" data-start=\"1259\" data-end=\"1312\">Rejoignez des milliers d\u2019apprenants d\u00e9j\u00e0 satisfaits !<\/p>","protected":false},"excerpt":{"rendered":"<p>Pr\u00e9parez-vous efficacement aux tests officiels avec <strong data-start=\"339\" data-end=\"355\">PrepMyFuture<\/strong>. Plateforme 100% en ligne, interactive et conforme aux exigences des examens TEF, TOEIC, TCF et plus encore.<\/p>","protected":false},"featured_media":11708,"template":"","meta":{"_uag_custom_page_level_css":""},"product_brand":[],"product_cat":[15],"product_tag":[],"class_list":{"0":"post-11707","1":"product","2":"type-product","3":"status-publish","4":"has-post-thumbnail","6":"product_cat-non-classe","8":"first","9":"instock","10":"taxable","11":"shipping-taxable","12":"purchasable","13":"product-type-simple"},"yoast_head":"<!-- This site is optimized with the Yoast SEO plugin v25.2 - https:\/\/yoast.com\/wordpress\/plugins\/seo\/ -->\n<title>PrepMyFuture - Centre de Formation ABC Franconville | FLE | TEF<\/title>\n<meta name=\"robots\" content=\"index, follow, max-snippet:-1, max-image-preview:large, max-video-preview:-1\" \/>\n<link rel=\"canonical\" href=\"https:\/\/abcformation1986.fr\/es\/product\/prepmyfuture\/\" \/>\n<meta property=\"og:locale\" content=\"es_ES\" \/>\n<meta property=\"og:type\" content=\"article\" \/>\n<meta property=\"og:title\" content=\"PrepMyFuture - Centre de Formation ABC Franconville | FLE | TEF\" \/>\n<meta property=\"og:description\" content=\"Pr\u00e9parez-vous efficacement aux tests officiels avec PrepMyFuture. Plateforme 100% en ligne, interactive et conforme aux exigences des examens TEF, TOEIC, TCF et plus encore.\" \/>\n<meta property=\"og:url\" content=\"https:\/\/abcformation1986.fr\/es\/product\/prepmyfuture\/\" \/>\n<meta property=\"og:site_name\" content=\"Centre de Formation ABC Franconville | FLE | TEF\" \/>\n<meta property=\"article:publisher\" content=\"http:\/\/@abcformation\" \/>\n<meta property=\"article:modified_time\" content=\"2025-07-07T06:53:24+00:00\" \/>\n<meta property=\"og:image\" content=\"https:\/\/abcformation1986.fr\/wp-content\/uploads\/2025\/04\/Prepmyfuture.jpg\" \/>\n\t<meta property=\"og:image:width\" content=\"900\" \/>\n\t<meta property=\"og:image:height\" content=\"900\" \/>\n\t<meta property=\"og:image:type\" content=\"image\/jpeg\" \/>\n<meta name=\"twitter:card\" content=\"summary_large_image\" \/>\n<meta name=\"twitter:site\" content=\"@abc_formation\" \/>\n<meta name=\"twitter:label1\" content=\"Tiempo de lectura\" \/>\n\t<meta name=\"twitter:data1\" content=\"1 minuto\" \/>\n<script type=\"application\/ld+json\" class=\"yoast-schema-graph\">{\"@context\":\"https:\/\/schema.org\",\"@graph\":[{\"@type\":\"WebPage\",\"@id\":\"https:\/\/abcformation1986.fr\/ar\/product\/prepmyfuture\/\",\"url\":\"https:\/\/abcformation1986.fr\/ar\/product\/prepmyfuture\/\",\"name\":\"PrepMyFuture - Centre de Formation ABC Franconville | FLE | TEF\",\"isPartOf\":{\"@id\":\"https:\/\/abcformation1986.fr\/en\/#website\"},\"primaryImageOfPage\":{\"@id\":\"https:\/\/abcformation1986.fr\/ar\/product\/prepmyfuture\/#primaryimage\"},\"image\":{\"@id\":\"https:\/\/abcformation1986.fr\/ar\/product\/prepmyfuture\/#primaryimage\"},\"thumbnailUrl\":\"https:\/\/abcformation1986.fr\/wp-content\/uploads\/2025\/04\/Prepmyfuture.jpg\",\"datePublished\":\"2025-04-22T12:27:11+00:00\",\"dateModified\":\"2025-07-07T06:53:24+00:00\",\"breadcrumb\":{\"@id\":\"https:\/\/abcformation1986.fr\/ar\/product\/prepmyfuture\/#breadcrumb\"},\"inLanguage\":\"es\",\"potentialAction\":[{\"@type\":\"ReadAction\",\"target\":[\"https:\/\/abcformation1986.fr\/ar\/product\/prepmyfuture\/\"]}]},{\"@type\":\"ImageObject\",\"inLanguage\":\"es\",\"@id\":\"https:\/\/abcformation1986.fr\/ar\/product\/prepmyfuture\/#primaryimage\",\"url\":\"https:\/\/abcformation1986.fr\/wp-content\/uploads\/2025\/04\/Prepmyfuture.jpg\",\"contentUrl\":\"https:\/\/abcformation1986.fr\/wp-content\/uploads\/2025\/04\/Prepmyfuture.jpg\",\"width\":900,\"height\":900},{\"@type\":\"BreadcrumbList\",\"@id\":\"https:\/\/abcformation1986.fr\/ar\/product\/prepmyfuture\/#breadcrumb\",\"itemListElement\":[{\"@type\":\"ListItem\",\"position\":1,\"name\":\"Home\",\"item\":\"https:\/\/abcformation1986.fr\/en\/\"},{\"@type\":\"ListItem\",\"position\":2,\"name\":\"Boutique\",\"item\":\"https:\/\/abcformation1986.fr\/ar\/boutique\/\"},{\"@type\":\"ListItem\",\"position\":3,\"name\":\"PrepMyFuture\"}]},{\"@type\":\"WebSite\",\"@id\":\"https:\/\/abcformation1986.fr\/en\/#website\",\"url\":\"https:\/\/abcformation1986.fr\/en\/\",\"name\":\"Centre de Formation ABC Franconville | FLE | TEF\",\"description\":\"Acteur historique de  la formation, de l\u2019insertion et de la  reconversion professionnelle depuis 1986\",\"publisher\":{\"@id\":\"https:\/\/abcformation1986.fr\/en\/#organization\"},\"potentialAction\":[{\"@type\":\"SearchAction\",\"target\":{\"@type\":\"EntryPoint\",\"urlTemplate\":\"https:\/\/abcformation1986.fr\/en\/?s={search_term_string}\"},\"query-input\":{\"@type\":\"PropertyValueSpecification\",\"valueRequired\":true,\"valueName\":\"search_term_string\"}}],\"inLanguage\":\"es\"},{\"@type\":\"Organization\",\"@id\":\"https:\/\/abcformation1986.fr\/en\/#organization\",\"name\":\"ABCFORMATION\",\"url\":\"https:\/\/abcformation1986.fr\/en\/\",\"logo\":{\"@type\":\"ImageObject\",\"inLanguage\":\"es\",\"@id\":\"https:\/\/abcformation1986.fr\/en\/#\/schema\/logo\/image\/\",\"url\":\"https:\/\/abcformation1986.fr\/wp-content\/uploads\/2018\/11\/abclogo.png\",\"contentUrl\":\"https:\/\/abcformation1986.fr\/wp-content\/uploads\/2018\/11\/abclogo.png\",\"width\":134,\"height\":82,\"caption\":\"ABCFORMATION\"},\"image\":{\"@id\":\"https:\/\/abcformation1986.fr\/en\/#\/schema\/logo\/image\/\"},\"sameAs\":[\"http:\/\/@abcformation\",\"https:\/\/x.com\/abc_formation\",\"http:\/\/abcformation1986\"]}]}<\/script>\n<!-- \/ Yoast SEO plugin. -->","yoast_head_json":{"title":"PrepMyFuture - Centre de Formation ABC Franconville | FLE | TEF","robots":{"index":"index","follow":"follow","max-snippet":"max-snippet:-1","max-image-preview":"max-image-preview:large","max-video-preview":"max-video-preview:-1"},"canonical":"https:\/\/abcformation1986.fr\/es\/product\/prepmyfuture\/","og_locale":"es_ES","og_type":"article","og_title":"PrepMyFuture - Centre de Formation ABC Franconville | FLE | TEF","og_description":"Pr\u00e9parez-vous efficacement aux tests officiels avec PrepMyFuture. Plateforme 100% en ligne, interactive et conforme aux exigences des examens TEF, TOEIC, TCF et plus encore.","og_url":"https:\/\/abcformation1986.fr\/es\/product\/prepmyfuture\/","og_site_name":"Centre de Formation ABC Franconville | FLE | TEF","article_publisher":"http:\/\/@abcformation","article_modified_time":"2025-07-07T06:53:24+00:00","og_image":[{"width":900,"height":900,"url":"https:\/\/abcformation1986.fr\/wp-content\/uploads\/2025\/04\/Prepmyfuture.jpg","type":"image\/jpeg"}],"twitter_card":"summary_large_image","twitter_site":"@abc_formation","twitter_misc":{"Tiempo de lectura":"1 minuto"},"schema":{"@context":"https:\/\/schema.org","@graph":[{"@type":"WebPage","@id":"https:\/\/abcformation1986.fr\/ar\/product\/prepmyfuture\/","url":"https:\/\/abcformation1986.fr\/ar\/product\/prepmyfuture\/","name":"PrepMyFuture - Centre de Formation ABC Franconville | FLE | TEF","isPartOf":{"@id":"https:\/\/abcformation1986.fr\/en\/#website"},"primaryImageOfPage":{"@id":"https:\/\/abcformation1986.fr\/ar\/product\/prepmyfuture\/#primaryimage"},"image":{"@id":"https:\/\/abcformation1986.fr\/ar\/product\/prepmyfuture\/#primaryimage"},"thumbnailUrl":"https:\/\/abcformation1986.fr\/wp-content\/uploads\/2025\/04\/Prepmyfuture.jpg","datePublished":"2025-04-22T12:27:11+00:00","dateModified":"2025-07-07T06:53:24+00:00","breadcrumb":{"@id":"https:\/\/abcformation1986.fr\/ar\/product\/prepmyfuture\/#breadcrumb"},"inLanguage":"es","potentialAction":[{"@type":"ReadAction","target":["https:\/\/abcformation1986.fr\/ar\/product\/prepmyfuture\/"]}]},{"@type":"ImageObject","inLanguage":"es","@id":"https:\/\/abcformation1986.fr\/ar\/product\/prepmyfuture\/#primaryimage","url":"https:\/\/abcformation1986.fr\/wp-content\/uploads\/2025\/04\/Prepmyfuture.jpg","contentUrl":"https:\/\/abcformation1986.fr\/wp-content\/uploads\/2025\/04\/Prepmyfuture.jpg","width":900,"height":900},{"@type":"BreadcrumbList","@id":"https:\/\/abcformation1986.fr\/ar\/product\/prepmyfuture\/#breadcrumb","itemListElement":[{"@type":"ListItem","position":1,"name":"Home","item":"https:\/\/abcformation1986.fr\/en\/"},{"@type":"ListItem","position":2,"name":"Boutique","item":"https:\/\/abcformation1986.fr\/ar\/boutique\/"},{"@type":"ListItem","position":3,"name":"PrepMyFuture"}]},{"@type":"WebSite","@id":"https:\/\/abcformation1986.fr\/en\/#website","url":"https:\/\/abcformation1986.fr\/en\/","name":"Centre de Formation ABC Franconville | FLE | TEF","description":"Acteur historique de  la formation, de l\u2019insertion et de la  reconversion professionnelle depuis 1986","publisher":{"@id":"https:\/\/abcformation1986.fr\/en\/#organization"},"potentialAction":[{"@type":"SearchAction","target":{"@type":"EntryPoint","urlTemplate":"https:\/\/abcformation1986.fr\/en\/?s={search_term_string}"},"query-input":{"@type":"PropertyValueSpecification","valueRequired":true,"valueName":"search_term_string"}}],"inLanguage":"es"},{"@type":"Organization","@id":"https:\/\/abcformation1986.fr\/en\/#organization","name":"ABCFORMATION","url":"https:\/\/abcformation1986.fr\/en\/","logo":{"@type":"ImageObject","inLanguage":"es","@id":"https:\/\/abcformation1986.fr\/en\/#\/schema\/logo\/image\/","url":"https:\/\/abcformation1986.fr\/wp-content\/uploads\/2018\/11\/abclogo.png","contentUrl":"https:\/\/abcformation1986.fr\/wp-content\/uploads\/2018\/11\/abclogo.png","width":134,"height":82,"caption":"ABCFORMATION"},"image":{"@id":"https:\/\/abcformation1986.fr\/en\/#\/schema\/logo\/image\/"},"sameAs":["http:\/\/@abcformation","https:\/\/x.com\/abc_formation","http:\/\/abcformation1986"]}]}},"uagb_featured_image_src":{"full":["https:\/\/abcformation1986.fr\/wp-content\/uploads\/2025\/04\/Prepmyfuture.jpg",900,900,false],"thumbnail":["https:\/\/abcformation1986.fr\/wp-content\/uploads\/2025\/04\/Prepmyfuture-150x150.jpg",150,150,true],"medium":["https:\/\/abcformation1986.fr\/wp-content\/uploads\/2025\/04\/Prepmyfuture-300x300.jpg",300,300,true],"medium_large":["https:\/\/abcformation1986.fr\/wp-content\/uploads\/2025\/04\/Prepmyfuture-768x768.jpg",768,768,true],"large":["https:\/\/abcformation1986.fr\/wp-content\/uploads\/2025\/04\/Prepmyfuture.jpg",900,900,false],"1536x1536":["https:\/\/abcformation1986.fr\/wp-content\/uploads\/2025\/04\/Prepmyfuture.jpg",900,900,false],"2048x2048":["https:\/\/abcformation1986.fr\/wp-content\/uploads\/2025\/04\/Prepmyfuture.jpg",900,900,false],"trp-custom-language-flag":["https:\/\/abcformation1986.fr\/wp-content\/uploads\/2025\/04\/Prepmyfuture-12x12.jpg",12,12,true],"hala-full":["https:\/\/abcformation1986.fr\/wp-content\/uploads\/2025\/04\/Prepmyfuture-900x730.jpg",900,730,true],"hala-medium":["https:\/\/abcformation1986.fr\/wp-content\/uploads\/2025\/04\/Prepmyfuture-750x500.jpg",750,500,true],"hala-small":["https:\/\/abcformation1986.fr\/wp-content\/uploads\/2025\/04\/Prepmyfuture-380x280.jpg",380,280,true],"hala-team":["https:\/\/abcformation1986.fr\/wp-content\/uploads\/2025\/04\/Prepmyfuture-250x340.jpg",250,340,true],"hala-thumb":["https:\/\/abcformation1986.fr\/wp-content\/uploads\/2025\/04\/Prepmyfuture-100x100.jpg",100,100,true],"woocommerce_thumbnail":["https:\/\/abcformation1986.fr\/wp-content\/uploads\/2025\/04\/Prepmyfuture-291x291.jpg",291,291,true],"woocommerce_single":["https:\/\/abcformation1986.fr\/wp-content\/uploads\/2025\/04\/Prepmyfuture-500x500.jpg",500,500,true],"woocommerce_gallery_thumbnail":["https:\/\/abcformation1986.fr\/wp-content\/uploads\/2025\/04\/Prepmyfuture-100x100.jpg",100,100,true]},"uagb_author_info":{"display_name":"abc formation","author_link":"https:\/\/abcformation1986.fr\/es\/author\/"},"uagb_comment_info":0,"uagb_excerpt":"Pr\u00e9parez-vous efficacement aux tests officiels avec PrepMyFuture. Plateforme 100% en ligne, interactive et conforme aux exigences des examens TEF, TOEIC, TCF et plus encore.","jetpack_sharing_enabled":true,"_links":{"self":[{"href":"https:\/\/abcformation1986.fr\/es\/wp-json\/wp\/v2\/product\/11707","targetHints":{"allow":["GET"]}}],"collection":[{"href":"https:\/\/abcformation1986.fr\/es\/wp-json\/wp\/v2\/product"}],"about":[{"href":"https:\/\/abcformation1986.fr\/es\/wp-json\/wp\/v2\/types\/product"}],"wp:featuredmedia":[{"embeddable":true,"href":"https:\/\/abcformation1986.fr\/es\/wp-json\/wp\/v2\/media\/11708"}],"wp:attachment":[{"href":"https:\/\/abcformation1986.fr\/es\/wp-json\/wp\/v2\/media?parent=11707"}],"wp:term":[{"taxonomy":"product_brand","embeddable":true,"href":"https:\/\/abcformation1986.fr\/es\/wp-json\/wp\/v2\/product_brand?post=11707"},{"taxonomy":"product_cat","embeddable":true,"href":"https:\/\/abcformation1986.fr\/es\/wp-json\/wp\/v2\/product_cat?post=11707"},{"taxonomy":"product_tag","embeddable":true,"href":"https:\/\/abcformation1986.fr\/es\/wp-json\/wp\/v2\/product_tag?post=11707"}],"curies":[{"name":"wp","href":"https:\/\/api.w.org\/{rel}","templated":true}]}}