{"id":10316,"date":"2024-10-12T11:38:25","date_gmt":"2024-10-12T11:38:25","guid":{"rendered":"https:\/\/abcformation1986.fr\/?post_type=product&#038;p=10316"},"modified":"2024-10-12T11:40:24","modified_gmt":"2024-10-12T11:40:24","slug":"tef-etudes","status":"publish","type":"product","link":"https:\/\/abcformation1986.fr\/es\/producto\/tef-etudes\/","title":{"rendered":"TEF Etudes"},"content":{"rendered":"<h2>Unirse a un establecimiento escolar\/universitario<\/h2>\n<p>Le TEF permet \u00e0 tout candidat (\u00e9tudiant, professionnel, apprenant du fran\u00e7ais) de\u00a0<strong>tester son niveau de fran\u00e7ais sur 5 \u00e9preuves au choix<\/strong>\u00a0parmi la Compr\u00e9hension \u00e9crite, la Compr\u00e9hension orale, le Lexique et structure, l\u2019Expression \u00e9crite et l\u2019Expression orale.<\/p>\n<p>Le TEF est officiellement reconnu dans le cadre de<strong>\u00a0la proc\u00e9dure DAP<\/strong>\u00a0(<strong>demande d\u2019admission pr\u00e9alable)<\/strong>\u00a0par le\u00a0<a href=\"https:\/\/www.legifrance.gouv.fr\/jorf\/id\/JORFTEXT000038954854\">minist\u00e8re fran\u00e7ais de l\u2019\u00c9ducation nationale<\/a>\u00a0depuis 2004. Le test \u00e9value les comp\u00e9tences en fran\u00e7ais \u00e0 l\u2019\u00e9crit et \u00e0 l\u2019oral pour tout \u00e9tudiant \u00e9tranger\u00a0<strong>candidat \u00e0 une inscription en premier cycle d\u2019\u00e9tudes universitaires en France.<\/strong><\/p>\n<p><strong>Le TEF\u00a0<\/strong>se compose alors de\u00a0<strong>4 pruebas obligatorias<\/strong>\u00a0:<\/p>\n<ul>\n<li><strong>Comprensi\u00f3n escrita :\u00a0<\/strong>60 minutos \u2013 50 preguntas<\/li>\n<li><strong>Comprensi\u00f3n oral:\u00a0<\/strong>40 minutos \u2013 60 preguntas<\/li>\n<li><strong>Expression \u00e9crite :\u00a0<\/strong>60 min \u2013 2 temas a cubrir<\/li>\n<li><strong>Lexique et structure :\u00a0<\/strong>30 min \u2013 40 questions<\/li>\n<\/ul>\n<p>L\u2019\u00e9preuve d\u2019Expression orale (15 min \u2013 2 sujets \u00e0 traiter) est facultative.<\/p>\n<p>Para certificar tu nivel necesitar\u00e1s obtener\u00a0<strong>una puntuaci\u00f3n mayor o igual a 400\/699 en las pruebas escritas del TEF<\/strong>.<\/p>","protected":false},"excerpt":{"rendered":"<p>Int\u00e9grer un \u00e9tablissement scolaire \/ universitaire Le TEF permet \u00e0 tout candidat (\u00e9tudiant, professionnel, apprenant du fran\u00e7ais) de\u00a0tester son niveau de fran\u00e7ais sur 5 \u00e9preuves au choix\u00a0parmi la Compr\u00e9hension \u00e9crite, la Compr\u00e9hension orale, le Lexique et structure, l\u2019Expression \u00e9crite et l\u2019Expression orale. Le TEF est officiellement reconnu dans le cadre de\u00a0la proc\u00e9dure DAP\u00a0(demande d\u2019admission pr\u00e9alable)\u00a0par [&hellip;]<\/p>","protected":false},"featured_media":10317,"template":"","meta":{"_uag_custom_page_level_css":""},"product_brand":[],"product_cat":[49],"product_tag":[],"class_list":{"0":"post-10316","1":"product","2":"type-product","3":"status-publish","4":"has-post-thumbnail","6":"product_cat-tef","8":"first","9":"instock","10":"taxable","11":"shipping-taxable","12":"purchasable","13":"product-type-simple"},"yoast_head":"<!-- This site is optimized with the Yoast SEO plugin v25.2 - https:\/\/yoast.com\/wordpress\/plugins\/seo\/ -->\n<title>TEF Etudes - Centre de Formation ABC Franconville | FLE | TEF<\/title>\n<meta name=\"robots\" content=\"index, follow, max-snippet:-1, max-image-preview:large, max-video-preview:-1\" \/>\n<link rel=\"canonical\" href=\"https:\/\/abcformation1986.fr\/es\/producto\/tef-etudes\/\" \/>\n<meta property=\"og:locale\" content=\"es_ES\" \/>\n<meta property=\"og:type\" content=\"article\" \/>\n<meta property=\"og:title\" content=\"TEF Etudes - Centre de Formation ABC Franconville | FLE | TEF\" \/>\n<meta property=\"og:description\" content=\"Int\u00e9grer un \u00e9tablissement scolaire \/ universitaire Le TEF permet \u00e0 tout candidat (\u00e9tudiant, professionnel, apprenant du fran\u00e7ais) de\u00a0tester son niveau de fran\u00e7ais sur 5 \u00e9preuves au choix\u00a0parmi la Compr\u00e9hension \u00e9crite, la Compr\u00e9hension orale, le Lexique et structure, l\u2019Expression \u00e9crite et l\u2019Expression orale. Le TEF est officiellement reconnu dans le cadre de\u00a0la proc\u00e9dure DAP\u00a0(demande d\u2019admission pr\u00e9alable)\u00a0par [&hellip;]\" \/>\n<meta property=\"og:url\" content=\"https:\/\/abcformation1986.fr\/es\/producto\/tef-etudes\/\" \/>\n<meta property=\"og:site_name\" content=\"Centre de Formation ABC Franconville | FLE | TEF\" \/>\n<meta property=\"article:publisher\" content=\"http:\/\/@abcformation\" \/>\n<meta property=\"article:modified_time\" content=\"2024-10-12T11:40:24+00:00\" \/>\n<meta property=\"og:image\" content=\"https:\/\/abcformation1986.fr\/wp-content\/uploads\/2024\/10\/TEF-Etudes.png\" \/>\n\t<meta property=\"og:image:width\" content=\"300\" \/>\n\t<meta property=\"og:image:height\" content=\"300\" \/>\n\t<meta property=\"og:image:type\" content=\"image\/png\" \/>\n<meta name=\"twitter:card\" content=\"summary_large_image\" \/>\n<meta name=\"twitter:site\" content=\"@abc_formation\" \/>\n<meta name=\"twitter:label1\" content=\"Tiempo de lectura\" \/>\n\t<meta name=\"twitter:data1\" content=\"1 minuto\" \/>\n<script type=\"application\/ld+json\" class=\"yoast-schema-graph\">{\"@context\":\"https:\/\/schema.org\",\"@graph\":[{\"@type\":\"WebPage\",\"@id\":\"https:\/\/abcformation1986.fr\/es\/producto\/tef-etudes\/\",\"url\":\"https:\/\/abcformation1986.fr\/es\/producto\/tef-etudes\/\",\"name\":\"TEF Etudes - Centre de Formation ABC Franconville | FLE | TEF\",\"isPartOf\":{\"@id\":\"https:\/\/abcformation1986.fr\/en\/#website\"},\"primaryImageOfPage\":{\"@id\":\"https:\/\/abcformation1986.fr\/es\/producto\/tef-etudes\/#primaryimage\"},\"image\":{\"@id\":\"https:\/\/abcformation1986.fr\/es\/producto\/tef-etudes\/#primaryimage\"},\"thumbnailUrl\":\"https:\/\/abcformation1986.fr\/wp-content\/uploads\/2024\/10\/TEF-Etudes.png\",\"datePublished\":\"2024-10-12T11:38:25+00:00\",\"dateModified\":\"2024-10-12T11:40:24+00:00\",\"breadcrumb\":{\"@id\":\"https:\/\/abcformation1986.fr\/es\/producto\/tef-etudes\/#breadcrumb\"},\"inLanguage\":\"es\",\"potentialAction\":[{\"@type\":\"ReadAction\",\"target\":[\"https:\/\/abcformation1986.fr\/es\/producto\/tef-etudes\/\"]}]},{\"@type\":\"ImageObject\",\"inLanguage\":\"es\",\"@id\":\"https:\/\/abcformation1986.fr\/es\/producto\/tef-etudes\/#primaryimage\",\"url\":\"https:\/\/abcformation1986.fr\/wp-content\/uploads\/2024\/10\/TEF-Etudes.png\",\"contentUrl\":\"https:\/\/abcformation1986.fr\/wp-content\/uploads\/2024\/10\/TEF-Etudes.png\",\"width\":300,\"height\":300},{\"@type\":\"BreadcrumbList\",\"@id\":\"https:\/\/abcformation1986.fr\/es\/producto\/tef-etudes\/#breadcrumb\",\"itemListElement\":[{\"@type\":\"ListItem\",\"position\":1,\"name\":\"Home\",\"item\":\"https:\/\/abcformation1986.fr\/en\/\"},{\"@type\":\"ListItem\",\"position\":2,\"name\":\"Boutique\",\"item\":\"https:\/\/abcformation1986.fr\/ar\/boutique\/\"},{\"@type\":\"ListItem\",\"position\":3,\"name\":\"TEF Etudes\"}]},{\"@type\":\"WebSite\",\"@id\":\"https:\/\/abcformation1986.fr\/en\/#website\",\"url\":\"https:\/\/abcformation1986.fr\/en\/\",\"name\":\"Centre de Formation ABC Franconville | FLE | TEF\",\"description\":\"Acteur historique de  la formation, de l\u2019insertion et de la  reconversion professionnelle depuis 1986\",\"publisher\":{\"@id\":\"https:\/\/abcformation1986.fr\/en\/#organization\"},\"potentialAction\":[{\"@type\":\"SearchAction\",\"target\":{\"@type\":\"EntryPoint\",\"urlTemplate\":\"https:\/\/abcformation1986.fr\/en\/?s={search_term_string}\"},\"query-input\":{\"@type\":\"PropertyValueSpecification\",\"valueRequired\":true,\"valueName\":\"search_term_string\"}}],\"inLanguage\":\"es\"},{\"@type\":\"Organization\",\"@id\":\"https:\/\/abcformation1986.fr\/en\/#organization\",\"name\":\"ABCFORMATION\",\"url\":\"https:\/\/abcformation1986.fr\/en\/\",\"logo\":{\"@type\":\"ImageObject\",\"inLanguage\":\"es\",\"@id\":\"https:\/\/abcformation1986.fr\/en\/#\/schema\/logo\/image\/\",\"url\":\"https:\/\/abcformation1986.fr\/wp-content\/uploads\/2018\/11\/abclogo.png\",\"contentUrl\":\"https:\/\/abcformation1986.fr\/wp-content\/uploads\/2018\/11\/abclogo.png\",\"width\":134,\"height\":82,\"caption\":\"ABCFORMATION\"},\"image\":{\"@id\":\"https:\/\/abcformation1986.fr\/en\/#\/schema\/logo\/image\/\"},\"sameAs\":[\"http:\/\/@abcformation\",\"https:\/\/x.com\/abc_formation\",\"http:\/\/abcformation1986\"]}]}<\/script>\n<!-- \/ Yoast SEO plugin. -->","yoast_head_json":{"title":"TEF Etudes - Centre de Formation ABC Franconville | FLE | TEF","robots":{"index":"index","follow":"follow","max-snippet":"max-snippet:-1","max-image-preview":"max-image-preview:large","max-video-preview":"max-video-preview:-1"},"canonical":"https:\/\/abcformation1986.fr\/es\/producto\/tef-etudes\/","og_locale":"es_ES","og_type":"article","og_title":"TEF Etudes - Centre de Formation ABC Franconville | FLE | TEF","og_description":"Int\u00e9grer un \u00e9tablissement scolaire \/ universitaire Le TEF permet \u00e0 tout candidat (\u00e9tudiant, professionnel, apprenant du fran\u00e7ais) de\u00a0tester son niveau de fran\u00e7ais sur 5 \u00e9preuves au choix\u00a0parmi la Compr\u00e9hension \u00e9crite, la Compr\u00e9hension orale, le Lexique et structure, l\u2019Expression \u00e9crite et l\u2019Expression orale. Le TEF est officiellement reconnu dans le cadre de\u00a0la proc\u00e9dure DAP\u00a0(demande d\u2019admission pr\u00e9alable)\u00a0par [&hellip;]","og_url":"https:\/\/abcformation1986.fr\/es\/producto\/tef-etudes\/","og_site_name":"Centre de Formation ABC Franconville | FLE | TEF","article_publisher":"http:\/\/@abcformation","article_modified_time":"2024-10-12T11:40:24+00:00","og_image":[{"width":300,"height":300,"url":"https:\/\/abcformation1986.fr\/wp-content\/uploads\/2024\/10\/TEF-Etudes.png","type":"image\/png"}],"twitter_card":"summary_large_image","twitter_site":"@abc_formation","twitter_misc":{"Tiempo de lectura":"1 minuto"},"schema":{"@context":"https:\/\/schema.org","@graph":[{"@type":"WebPage","@id":"https:\/\/abcformation1986.fr\/es\/producto\/tef-etudes\/","url":"https:\/\/abcformation1986.fr\/es\/producto\/tef-etudes\/","name":"TEF Etudes - Centre de Formation ABC Franconville | FLE | TEF","isPartOf":{"@id":"https:\/\/abcformation1986.fr\/en\/#website"},"primaryImageOfPage":{"@id":"https:\/\/abcformation1986.fr\/es\/producto\/tef-etudes\/#primaryimage"},"image":{"@id":"https:\/\/abcformation1986.fr\/es\/producto\/tef-etudes\/#primaryimage"},"thumbnailUrl":"https:\/\/abcformation1986.fr\/wp-content\/uploads\/2024\/10\/TEF-Etudes.png","datePublished":"2024-10-12T11:38:25+00:00","dateModified":"2024-10-12T11:40:24+00:00","breadcrumb":{"@id":"https:\/\/abcformation1986.fr\/es\/producto\/tef-etudes\/#breadcrumb"},"inLanguage":"es","potentialAction":[{"@type":"ReadAction","target":["https:\/\/abcformation1986.fr\/es\/producto\/tef-etudes\/"]}]},{"@type":"ImageObject","inLanguage":"es","@id":"https:\/\/abcformation1986.fr\/es\/producto\/tef-etudes\/#primaryimage","url":"https:\/\/abcformation1986.fr\/wp-content\/uploads\/2024\/10\/TEF-Etudes.png","contentUrl":"https:\/\/abcformation1986.fr\/wp-content\/uploads\/2024\/10\/TEF-Etudes.png","width":300,"height":300},{"@type":"BreadcrumbList","@id":"https:\/\/abcformation1986.fr\/es\/producto\/tef-etudes\/#breadcrumb","itemListElement":[{"@type":"ListItem","position":1,"name":"Home","item":"https:\/\/abcformation1986.fr\/en\/"},{"@type":"ListItem","position":2,"name":"Boutique","item":"https:\/\/abcformation1986.fr\/ar\/boutique\/"},{"@type":"ListItem","position":3,"name":"TEF Etudes"}]},{"@type":"WebSite","@id":"https:\/\/abcformation1986.fr\/en\/#website","url":"https:\/\/abcformation1986.fr\/en\/","name":"Centre de Formation ABC Franconville | FLE | TEF","description":"Acteur historique de  la formation, de l\u2019insertion et de la  reconversion professionnelle depuis 1986","publisher":{"@id":"https:\/\/abcformation1986.fr\/en\/#organization"},"potentialAction":[{"@type":"SearchAction","target":{"@type":"EntryPoint","urlTemplate":"https:\/\/abcformation1986.fr\/en\/?s={search_term_string}"},"query-input":{"@type":"PropertyValueSpecification","valueRequired":true,"valueName":"search_term_string"}}],"inLanguage":"es"},{"@type":"Organization","@id":"https:\/\/abcformation1986.fr\/en\/#organization","name":"ABCFORMATION","url":"https:\/\/abcformation1986.fr\/en\/","logo":{"@type":"ImageObject","inLanguage":"es","@id":"https:\/\/abcformation1986.fr\/en\/#\/schema\/logo\/image\/","url":"https:\/\/abcformation1986.fr\/wp-content\/uploads\/2018\/11\/abclogo.png","contentUrl":"https:\/\/abcformation1986.fr\/wp-content\/uploads\/2018\/11\/abclogo.png","width":134,"height":82,"caption":"ABCFORMATION"},"image":{"@id":"https:\/\/abcformation1986.fr\/en\/#\/schema\/logo\/image\/"},"sameAs":["http:\/\/@abcformation","https:\/\/x.com\/abc_formation","http:\/\/abcformation1986"]}]}},"uagb_featured_image_src":{"full":["https:\/\/abcformation1986.fr\/wp-content\/uploads\/2024\/10\/TEF-Etudes.png",300,300,false],"thumbnail":["https:\/\/abcformation1986.fr\/wp-content\/uploads\/2024\/10\/TEF-Etudes-150x150.png",150,150,true],"medium":["https:\/\/abcformation1986.fr\/wp-content\/uploads\/2024\/10\/TEF-Etudes.png",300,300,false],"medium_large":["https:\/\/abcformation1986.fr\/wp-content\/uploads\/2024\/10\/TEF-Etudes.png",300,300,false],"large":["https:\/\/abcformation1986.fr\/wp-content\/uploads\/2024\/10\/TEF-Etudes.png",300,300,false],"1536x1536":["https:\/\/abcformation1986.fr\/wp-content\/uploads\/2024\/10\/TEF-Etudes.png",300,300,false],"2048x2048":["https:\/\/abcformation1986.fr\/wp-content\/uploads\/2024\/10\/TEF-Etudes.png",300,300,false],"trp-custom-language-flag":["https:\/\/abcformation1986.fr\/wp-content\/uploads\/2024\/10\/TEF-Etudes-12x12.png",12,12,true],"hala-full":["https:\/\/abcformation1986.fr\/wp-content\/uploads\/2024\/10\/TEF-Etudes.png",300,300,false],"hala-medium":["https:\/\/abcformation1986.fr\/wp-content\/uploads\/2024\/10\/TEF-Etudes.png",300,300,false],"hala-small":["https:\/\/abcformation1986.fr\/wp-content\/uploads\/2024\/10\/TEF-Etudes-300x280.png",300,280,true],"hala-team":["https:\/\/abcformation1986.fr\/wp-content\/uploads\/2024\/10\/TEF-Etudes-250x300.png",250,300,true],"hala-thumb":["https:\/\/abcformation1986.fr\/wp-content\/uploads\/2024\/10\/TEF-Etudes-100x100.png",100,100,true],"woocommerce_thumbnail":["https:\/\/abcformation1986.fr\/wp-content\/uploads\/2024\/10\/TEF-Etudes-291x291.png",291,291,true],"woocommerce_single":["https:\/\/abcformation1986.fr\/wp-content\/uploads\/2024\/10\/TEF-Etudes.png",300,300,false],"woocommerce_gallery_thumbnail":["https:\/\/abcformation1986.fr\/wp-content\/uploads\/2024\/10\/TEF-Etudes-100x100.png",100,100,true]},"uagb_author_info":{"display_name":"abc formation","author_link":"https:\/\/abcformation1986.fr\/es\/author\/"},"uagb_comment_info":0,"uagb_excerpt":"Int\u00e9grer un \u00e9tablissement scolaire \/ universitaire Le TEF permet \u00e0 tout candidat (\u00e9tudiant, professionnel, apprenant du fran\u00e7ais) de\u00a0tester son niveau de fran\u00e7ais sur 5 \u00e9preuves au choix\u00a0parmi la Compr\u00e9hension \u00e9crite, la Compr\u00e9hension orale, le Lexique et structure, l\u2019Expression \u00e9crite et l\u2019Expression orale. Le TEF est officiellement reconnu dans le cadre de\u00a0la proc\u00e9dure DAP\u00a0(demande d\u2019admission pr\u00e9alable)\u00a0par&hellip;","jetpack_sharing_enabled":true,"_links":{"self":[{"href":"https:\/\/abcformation1986.fr\/es\/wp-json\/wp\/v2\/product\/10316","targetHints":{"allow":["GET"]}}],"collection":[{"href":"https:\/\/abcformation1986.fr\/es\/wp-json\/wp\/v2\/product"}],"about":[{"href":"https:\/\/abcformation1986.fr\/es\/wp-json\/wp\/v2\/types\/product"}],"wp:featuredmedia":[{"embeddable":true,"href":"https:\/\/abcformation1986.fr\/es\/wp-json\/wp\/v2\/media\/10317"}],"wp:attachment":[{"href":"https:\/\/abcformation1986.fr\/es\/wp-json\/wp\/v2\/media?parent=10316"}],"wp:term":[{"taxonomy":"product_brand","embeddable":true,"href":"https:\/\/abcformation1986.fr\/es\/wp-json\/wp\/v2\/product_brand?post=10316"},{"taxonomy":"product_cat","embeddable":true,"href":"https:\/\/abcformation1986.fr\/es\/wp-json\/wp\/v2\/product_cat?post=10316"},{"taxonomy":"product_tag","embeddable":true,"href":"https:\/\/abcformation1986.fr\/es\/wp-json\/wp\/v2\/product_tag?post=10316"}],"curies":[{"name":"wp","href":"https:\/\/api.w.org\/{rel}","templated":true}]}}