{"id":9929,"date":"2024-09-25T12:19:36","date_gmt":"2024-09-25T12:19:36","guid":{"rendered":"https:\/\/abcformation1986.fr\/?page_id=9929"},"modified":"2024-10-16T08:09:37","modified_gmt":"2024-10-16T08:09:37","slug":"pipplet","status":"publish","type":"page","link":"https:\/\/abcformation1986.fr\/es\/pipplet\/","title":{"rendered":"Pipplet"},"content":{"rendered":"<div class=\"vc_row wpb_row vc_row-fluid\">\n\t\t\t\t<div class=\"mo-vc-row-ovelay\" style=\"\"><\/div>\n\t\t\t\t<div class=\"container\"><div class=\"wpb_column vc_column_container vc_col-sm-8\"><div class=\"vc_column-inner\"><div class=\"wpb_wrapper\">\n\t<div class=\"wpb_raw_code wpb_content_element wpb_raw_html\" >\n\t\t<div class=\"wpb_wrapper\">\n\t\t\t<head>\n    <meta charset=\"UTF-8\">\n    <meta name=\"viewport\" content=\"width=device-width, initial-scale=1.0\">\n         \n    \n<\/head>\n<body>\n\n<h2 style=\"color: #33cccc; text-align: center;\">\u00bfQu\u00e9 es Pipplet?<\/h2>\n<p style=\"text-align: justify; line-height: 25px;\">Pipplet es una plataforma innovadora de evaluaci\u00f3n de idiomas, que admite m\u00e1s de 40 idiomas y mide las habilidades de comprensi\u00f3n o expresi\u00f3n oral y escrita.<\/p>\n\n<p style=\"text-align: justify; line-height: 25px;\">La plataforma permite a los usuarios administrar pruebas de forma masiva, realizar un seguimiento del progreso de sus candidatos y acceder a informes de evaluaci\u00f3n detallados. Pipplet satisface las necesidades de eficiencia, escalabilidad y confiabilidad de las organizaciones modernas.<\/p>\n\n<p style=\"text-align: justify; line-height: 25px;\">Hoy en d\u00eda, m\u00e1s de 1500 organizaciones internacionales en m\u00e1s de 50 pa\u00edses conf\u00edan en Pipplet en los sectores empresarial y educativo. Estas organizaciones conf\u00edan en Pipplet para optimizar su enfoque de contrataci\u00f3n, capacitaci\u00f3n, auditor\u00edas ling\u00fc\u00edsticas y certificaciones.<\/p>\n\n<h2 style=\"color: #33cccc; text-align: center;\">Pruebas de idiomas para la contrataci\u00f3n en m\u00e1s de 40 idiomas<\/h2>\n\n<p style=\"text-align: justify; line-height: 25px;\">Aseg\u00farese de que sus candidatos est\u00e9n listos para trabajar y puedan comunicarse de manera efectiva en los idiomas requeridos. Optimice el proceso de contrataci\u00f3n y conf\u00ede en evaluaciones precisas (MCER) para tomar decisiones de contrataci\u00f3n con confianza.<\/p>\n\n\n\n\n<\/body>\n\t\t<\/div>\n\t<\/div>\n\n\t<div class=\"wpb_raw_code wpb_content_element wpb_raw_html\" >\n\t\t<div class=\"wpb_wrapper\">\n\t\t\t<h3 style=\"color:#33cccc;\">Soluciones de evaluaci\u00f3n de idiomas personalizadas para lograr el m\u00e1ximo impacto<\/h3>\n<p style=\"text-align: justify;\">La implementaci\u00f3n de evaluaciones ling\u00fc\u00edsticas puede ser diferente para cada organizaci\u00f3n. Desde 2015, hemos brindado soluciones personalizadas a cientos de empresas y sus estrategias de contrataci\u00f3n \u00fanicas.<\/p>\n\n<p style=\"text-align: center; font-weight: 700;\">Concierte una cita para descubrir soluciones adaptadas a sus necesidades.<\/p>\n\n<h2 style=\"text-align: justify; color: #33cccc\">Nuestras ofertas para ingl\u00e9s:<\/h2>\n<h3 style=\"color:#33cccc;\">1- Clases individuales a distancia<\/h3>\n<p style=\"text-align: justify;\">\u00bfEst\u00e1 buscando mejorar su nivel de idioma de manera flexible y eficiente a trav\u00e9s del aprendizaje individual a distancia?<\/p>\n<p style=\"text-align: justify;\"><span style=\"color: #33cccc; font-weight: 700;\">ABC FORMATION <\/span>Te ofrece clases individuales online a trav\u00e9s de plataformas de videoconferencia como Zoom, Skype y Teams. Si tienes poco tiempo y prefieres progresar a tu propio ritmo, nuestros cursos de idiomas a distancia te ofrecen la oportunidad de conciliar tu apretada agenda con una formaci\u00f3n de calidad.<\/p>\n<h3 style=\"color:#33cccc;\">Un curso de idiomas individual a distancia ofrece las siguientes ventajas:<\/h3>\n<ul style=\"text-align: justify; line-height: 25px;\">\n   <li>Ense\u00f1anza presencial personalizada.<\/li>\n   <li>Un formador experimentado atento a tus necesidades.<\/li>\n   <li>Sin restricciones ni gastos de viaje.<\/li>\n   <li>Uso de plataformas de videoconferencia eficientes.<\/li>\n<\/ul>\n<h3 style=\"color:#33cccc;\">Para configurar un aprendizaje a distancia que se adapte perfectamente a tu perfil y te permita progresar a tu propio ritmo, seguimos este enfoque:<\/h3>\n<ul style=\"text-align: justify; line-height: 25px;\">\n   <li>Evaluaci\u00f3n de tu nivel actual mediante una prueba de nivel.<\/li>\n   <li>Determinando el nivel a alcanzar en funci\u00f3n de tus necesidades y objetivos.<\/li>\n   <li>Planifica tus sesiones utilizando una estrategia flexible y adaptada a tus preferencias.<\/li>\n   <li>Evaluaci\u00f3n de tu progreso mediante pruebas de nivel peri\u00f3dicas.<\/li>\n<\/ul>\n<h3 style=\"color:#33cccc;\">Pol\u00edtica y condici\u00f3n<\/h3>\n<p>Para registrarse en el aprendizaje a distancia individual, los precios y los m\u00e9todos de registro var\u00edan seg\u00fan sus expectativas y necesidades. Le recomendamos que visite el siguiente enlace para acceder a los detalles necesarios para registrarse <span style=\"font-weight: 700; color:#33cccc\">ABC FORMATION.<\/span><\/p>\n<div class=\"vc_btn3-container vc_btn3-center\">\n\t<a class=\"vc_general vc_btn3 vc_btn3-size-md vc_btn3-shape-round vc_btn3-style-3d vc_btn3-color-turquoise\" href=\"https:\/\/abcformation1986.fr\/es\/producto\/pipplet\/\" title=\"\">Haga clic aqu\u00ed.<\/a><\/div>\n\n<h3 style=\"color:#33cccc;\">2- Clases individuales presenciales<\/h3>\n<p style=\"text-align: justify;\">Te ofrecemos la oportunidad de participar en cursos de idiomas individuales de forma presencial en nuestras instalaciones dentro del centro ABC FORMATION. Nuestros cursos presenciales est\u00e1n dise\u00f1ados para fortalecer tus habilidades ling\u00fc\u00edsticas, gracias a un programa personalizado especialmente adaptado a tu perfil.<\/p>\n<p style=\"text-align: justify;\">Los cursos presenciales fomentan la apropiaci\u00f3n del conocimiento y la memorizaci\u00f3n. Este enfoque tambi\u00e9n promueve intercambios e interacciones con el formador.<\/p>\n\n<h3 style=\"color:#33cccc;\">Un curso de idiomas individual presencial ofrece las siguientes caracter\u00edsticas:<\/h3>\n<ul style=\"text-align: justify; line-height: 25px;\">\n   <li>Una experiencia din\u00e1mica y personalizada.<\/li>\n   <li>Un formador experimentado atento a tus necesidades.<\/li>\n   <li>Un entorno favorable a la asimilaci\u00f3n de conocimientos.<\/li>\n   <li>Una c\u00e1lida bienvenida.<\/li>\n<\/ul>\n\n<h3 style=\"color:#33cccc;\">Para configurar una formaci\u00f3n presencial que se adapte perfectamente a tu perfil y te permita progresar a tu propio ritmo, seguimos estos pasos:<\/h3>\n<ul style=\"text-align: justify; line-height: 25px;\">\n   <li>Evaluaci\u00f3n de tu nivel actual mediante una prueba de nivel.<\/li>\n   <li>Determinando el nivel a alcanzar en funci\u00f3n de tus necesidades y objetivos.<\/li>\n   <li>Planifica tus sesiones utilizando una estrategia flexible y adaptada a tus preferencias.<\/li>   \n<\/ul>\n\n<h3 style=\"color:#33cccc;\">Pol\u00edtica y condici\u00f3n<\/h3>\n<p>Para registrarse en el aprendizaje a distancia individual, los precios y los m\u00e9todos de registro var\u00edan seg\u00fan sus expectativas y necesidades. Le recomendamos que visite el siguiente enlace para acceder a los detalles necesarios para registrarse <span style=\"font-weight: 700; color:#33cccc\">ABC FORMATION.<\/span><\/p>\n<div class=\"vc_btn3-container vc_btn3-center\">\n\t<a class=\"vc_general vc_btn3 vc_btn3-size-md vc_btn3-shape-round vc_btn3-style-3d vc_btn3-color-turquoise\" href=\"https:\/\/abcformation1986.fr\/es\/producto\/pipplet\/\" title=\"\">Haga clic aqu\u00ed.<\/a><\/div>\n\n<h3 style=\"color:#33cccc;\">Automatiza la evaluaci\u00f3n del idioma a trav\u00e9s de tu ATS<\/h3>\n<p style=\"text-align: justify;\">Env\u00ede pruebas y vea los resultados directamente desde su software ATS o HR. Integre la evaluaci\u00f3n del idioma en su proceso de contrataci\u00f3n sin necesidad de transferir datos manualmente ni cambiar de una plataforma a otra.<\/p>\n\n\n\t\t<\/div>\n\t<\/div>\n<\/div><\/div><\/div><div class=\"wpb_column vc_column_container vc_col-sm-4\"><div class=\"vc_column-inner\"><div class=\"wpb_wrapper\">\n\t<div  class=\"wpb_single_image wpb_content_element vc_align_center\">\n\t\t\n\t\t<figure class=\"wpb_wrapper vc_figure\">\n\t\t\t<div class=\"vc_single_image-wrapper   vc_box_border_grey\"><img loading=\"lazy\" decoding=\"async\" width=\"585\" height=\"164\" src=\"https:\/\/abcformation1986.fr\/wp-content\/uploads\/2024\/09\/ETS-Pipplet-navy-1920w.png\" class=\"vc_single_image-img attachment-large\" alt=\"\" srcset=\"https:\/\/abcformation1986.fr\/wp-content\/uploads\/2024\/09\/ETS-Pipplet-navy-1920w.png 585w, https:\/\/abcformation1986.fr\/wp-content\/uploads\/2024\/09\/ETS-Pipplet-navy-1920w-500x140.png 500w, https:\/\/abcformation1986.fr\/wp-content\/uploads\/2024\/09\/ETS-Pipplet-navy-1920w-300x84.png 300w, https:\/\/abcformation1986.fr\/wp-content\/uploads\/2024\/09\/ETS-Pipplet-navy-1920w-18x5.png 18w\" sizes=\"auto, (max-width: 585px) 100vw, 585px\" \/><\/div>\n\t\t<\/figure>\n\t<\/div>\n<div class=\"vc_separator wpb_content_element vc_separator_align_center vc_sep_width_100 vc_sep_pos_align_center vc_separator_no_text vc_sep_color_grey\" ><span class=\"vc_sep_holder vc_sep_holder_l\"><span  class=\"vc_sep_line\"><\/span><\/span><span class=\"vc_sep_holder vc_sep_holder_r\"><span  class=\"vc_sep_line\"><\/span><\/span>\n<\/div>\n\t<div class=\"wpb_raw_code wpb_content_element wpb_raw_html\" >\n\t\t<div class=\"wpb_wrapper\">\n\t\t\t<h2 style=\"color: #33cccc\">El futuro del trabajo es multiling\u00fce<\/h2>\n<p>Perm\u00edtanos ayudarle a encontrar su camino.<\/p>\n\t\t<\/div>\n\t<\/div>\n<div  class=\"vc_toggle vc_toggle_round vc_toggle_color_turquoise  vc_toggle_size_md\">\n\t<div class=\"vc_toggle_title\"><h4>Reclutamiento<\/h4><i class=\"vc_toggle_icon\"><\/i><\/div>\n\t<div class=\"vc_toggle_content\"><p>Filtre candidatos en funci\u00f3n de su dominio del idioma profesional para un reclutamiento eficiente y objetivo.<\/p>\n<\/div>\n<\/div>\n<div  class=\"vc_toggle vc_toggle_round vc_toggle_color_turquoise  vc_toggle_size_md\">\n\t<div class=\"vc_toggle_title\"><h4>Desarrollo de talento<\/h4><i class=\"vc_toggle_icon\"><\/i><\/div>\n\t<div class=\"vc_toggle_content\"><p>Audite las habilidades ling\u00fc\u00edsticas de los empleados, identifique brechas y mejore sus perspectivas de movilidad interna.<\/p>\n<\/div>\n<\/div>\n<div  class=\"vc_toggle vc_toggle_round vc_toggle_color_turquoise  vc_toggle_size_md\">\n\t<div class=\"vc_toggle_title\"><h4>Colocaci\u00f3n y certificaci\u00f3n<\/h4><i class=\"vc_toggle_icon\"><\/i><\/div>\n\t<div class=\"vc_toggle_content\"><p>Eval\u00fae a los nuevos alumnos, mida su progreso y proporcione una evaluaci\u00f3n objetiva despu\u00e9s de clase.<\/p>\n<\/div>\n<\/div>\n<div  class=\"vc_toggle vc_toggle_round vc_toggle_color_turquoise  vc_toggle_size_md\">\n\t<div class=\"vc_toggle_title\"><h4>Admisi\u00f3n y movilidad estudiantil<\/h4><i class=\"vc_toggle_icon\"><\/i><\/div>\n\t<div class=\"vc_toggle_content\"><p>Admitir estudiantes con las habilidades ling\u00fc\u00edsticas necesarias para prosperar en el entorno de aprendizaje.<\/p>\n<\/div>\n<\/div>\n<div class=\"vc_separator wpb_content_element vc_separator_align_center vc_sep_width_100 vc_sep_pos_align_center vc_separator_no_text vc_sep_color_grey\" ><span class=\"vc_sep_holder vc_sep_holder_l\"><span  class=\"vc_sep_line\"><\/span><\/span><span class=\"vc_sep_holder vc_sep_holder_r\"><span  class=\"vc_sep_line\"><\/span><\/span>\n<\/div>\n\t<div class=\"wpb_raw_code wpb_content_element wpb_raw_html\" >\n\t\t<div class=\"wpb_wrapper\">\n\t\t\t<h2 style=\"color: #33cccc\">Caracter\u00edsticas principales<\/h2>\n\n\t\t<\/div>\n\t<\/div>\n<div  class=\"vc_toggle vc_toggle_round vc_toggle_color_turquoise  vc_toggle_size_md\">\n\t<div class=\"vc_toggle_title\"><h4>Eficiencia<\/h4><i class=\"vc_toggle_icon\"><\/i><\/div>\n\t<div class=\"vc_toggle_content\"><ul style=\"text-align: justify; line-height: 25px;\">\n<li>Prueba oral y escrita de 30 minutos.<\/li>\n<li>Pruebas masivas sin problemas de programaci\u00f3n<\/li>\n<li>Int\u00e9gration transparente avec le logiciel RH\/ATS<\/li>\n<\/ul>\n<\/div>\n<\/div>\n<div  class=\"vc_toggle vc_toggle_round vc_toggle_color_turquoise  vc_toggle_size_md\">\n\t<div class=\"vc_toggle_title\"><h4>Fiabilidad<\/h4><i class=\"vc_toggle_icon\"><\/i><\/div>\n\t<div class=\"vc_toggle_content\"><ul style=\"text-align: justify; line-height: 25px;\">\n<li>Resultados claros y precisos seg\u00fan el est\u00e1ndar MCER<\/li>\n<li>Procesamiento r\u00e1pido por parte de revisores nativos o IA<\/li>\n<li>Monitoreo en l\u00ednea no intrusivo<\/li>\n<\/ul>\n<\/div>\n<\/div>\n<div  class=\"vc_toggle vc_toggle_round vc_toggle_color_turquoise  vc_toggle_size_md\">\n\t<div class=\"vc_toggle_title\"><h4>Flexibilidad<\/h4><i class=\"vc_toggle_icon\"><\/i><\/div>\n\t<div class=\"vc_toggle_content\"><ul style=\"text-align: justify; line-height: 25px;\">\n<li>Acceso a m\u00e1s de 40 idiomas<\/li>\n<li>Preguntas personalizadas espec\u00edficas de la industria<\/li>\n<li>Etiqueta blanca con tu logo y colores de marca.<\/li>\n<\/ul>\n<\/div>\n<\/div>\n<\/div><\/div><\/div>\t<\/div>\n\t\t\t<\/div>","protected":false},"excerpt":{"rendered":"Qu'est-ce que le Pipplet? Pipplet est une plateforme d'\u00e9valuation linguistique innovante, qui prend en charge plus de 40 langues et mesure des comp\u00e9tences de compr\u00e9hension ou d'expression orale et \u00e9crite. La plateforme permet aux utilisateurs d'administrer des tests en masse, de suivre les progr\u00e8s de leurs candidats et d'acc\u00e9der \u00e0 des rapports d'\u00e9valuation d\u00e9taill\u00e9s. Pipplet [...]","protected":false},"author":2,"featured_media":0,"parent":0,"menu_order":0,"comment_status":"closed","ping_status":"closed","template":"","meta":{"_uag_custom_page_level_css":"","footnotes":""},"class_list":["post-9929","page","type-page","status-publish","hentry"],"yoast_head":"<!-- This site is optimized with the Yoast SEO plugin v25.2 - https:\/\/yoast.com\/wordpress\/plugins\/seo\/ -->\n<title>Pipplet - Centre de Formation ABC Franconville | FLE | TEF<\/title>\n<meta name=\"robots\" content=\"index, follow, max-snippet:-1, max-image-preview:large, max-video-preview:-1\" \/>\n<link rel=\"canonical\" href=\"https:\/\/abcformation1986.fr\/es\/pipplet\/\" \/>\n<meta property=\"og:locale\" content=\"es_ES\" \/>\n<meta property=\"og:type\" content=\"article\" \/>\n<meta property=\"og:title\" content=\"Pipplet - Centre de Formation ABC Franconville | FLE | TEF\" \/>\n<meta property=\"og:url\" content=\"https:\/\/abcformation1986.fr\/es\/pipplet\/\" \/>\n<meta property=\"og:site_name\" content=\"Centre de Formation ABC Franconville | FLE | TEF\" \/>\n<meta property=\"article:publisher\" content=\"http:\/\/@abcformation\" \/>\n<meta property=\"article:modified_time\" content=\"2024-10-16T08:09:37+00:00\" \/>\n<meta name=\"twitter:card\" content=\"summary_large_image\" \/>\n<meta name=\"twitter:site\" content=\"@abc_formation\" \/>\n<meta name=\"twitter:label1\" content=\"Tiempo de lectura\" \/>\n\t<meta name=\"twitter:data1\" content=\"1 minuto\" \/>\n<script type=\"application\/ld+json\" class=\"yoast-schema-graph\">{\"@context\":\"https:\/\/schema.org\",\"@graph\":[{\"@type\":\"WebPage\",\"@id\":\"https:\/\/abcformation1986.fr\/es\/pipplet\/\",\"url\":\"https:\/\/abcformation1986.fr\/es\/pipplet\/\",\"name\":\"Pipplet - Centre de Formation ABC Franconville | FLE | TEF\",\"isPartOf\":{\"@id\":\"https:\/\/abcformation1986.fr\/#website\"},\"datePublished\":\"2024-09-25T12:19:36+00:00\",\"dateModified\":\"2024-10-16T08:09:37+00:00\",\"breadcrumb\":{\"@id\":\"https:\/\/abcformation1986.fr\/es\/pipplet\/#breadcrumb\"},\"inLanguage\":\"es\",\"potentialAction\":[{\"@type\":\"ReadAction\",\"target\":[\"https:\/\/abcformation1986.fr\/es\/pipplet\/\"]}]},{\"@type\":\"BreadcrumbList\",\"@id\":\"https:\/\/abcformation1986.fr\/es\/pipplet\/#breadcrumb\",\"itemListElement\":[{\"@type\":\"ListItem\",\"position\":1,\"name\":\"Home\",\"item\":\"https:\/\/abcformation1986.fr\/\"},{\"@type\":\"ListItem\",\"position\":2,\"name\":\"Pipplet\"}]},{\"@type\":\"WebSite\",\"@id\":\"https:\/\/abcformation1986.fr\/#website\",\"url\":\"https:\/\/abcformation1986.fr\/\",\"name\":\"Centre de Formation ABC Franconville | FLE | TEF\",\"description\":\"Acteur historique de  la formation, de l\u2019insertion et de la  reconversion professionnelle depuis 1986\",\"publisher\":{\"@id\":\"https:\/\/abcformation1986.fr\/#organization\"},\"potentialAction\":[{\"@type\":\"SearchAction\",\"target\":{\"@type\":\"EntryPoint\",\"urlTemplate\":\"https:\/\/abcformation1986.fr\/?s={search_term_string}\"},\"query-input\":{\"@type\":\"PropertyValueSpecification\",\"valueRequired\":true,\"valueName\":\"search_term_string\"}}],\"inLanguage\":\"es\"},{\"@type\":\"Organization\",\"@id\":\"https:\/\/abcformation1986.fr\/#organization\",\"name\":\"ABCFORMATION\",\"url\":\"https:\/\/abcformation1986.fr\/\",\"logo\":{\"@type\":\"ImageObject\",\"inLanguage\":\"es\",\"@id\":\"https:\/\/abcformation1986.fr\/#\/schema\/logo\/image\/\",\"url\":\"https:\/\/abcformation1986.fr\/wp-content\/uploads\/2018\/11\/abclogo.png\",\"contentUrl\":\"https:\/\/abcformation1986.fr\/wp-content\/uploads\/2018\/11\/abclogo.png\",\"width\":134,\"height\":82,\"caption\":\"ABCFORMATION\"},\"image\":{\"@id\":\"https:\/\/abcformation1986.fr\/#\/schema\/logo\/image\/\"},\"sameAs\":[\"http:\/\/@abcformation\",\"https:\/\/x.com\/abc_formation\",\"http:\/\/abcformation1986\"]}]}<\/script>\n<!-- \/ Yoast SEO plugin. -->","yoast_head_json":{"title":"Pipplet - Centre de Formation ABC Franconville | FLE | TEF","robots":{"index":"index","follow":"follow","max-snippet":"max-snippet:-1","max-image-preview":"max-image-preview:large","max-video-preview":"max-video-preview:-1"},"canonical":"https:\/\/abcformation1986.fr\/es\/pipplet\/","og_locale":"es_ES","og_type":"article","og_title":"Pipplet - Centre de Formation ABC Franconville | FLE | TEF","og_url":"https:\/\/abcformation1986.fr\/es\/pipplet\/","og_site_name":"Centre de Formation ABC Franconville | FLE | TEF","article_publisher":"http:\/\/@abcformation","article_modified_time":"2024-10-16T08:09:37+00:00","twitter_card":"summary_large_image","twitter_site":"@abc_formation","twitter_misc":{"Tiempo de lectura":"1 minuto"},"schema":{"@context":"https:\/\/schema.org","@graph":[{"@type":"WebPage","@id":"https:\/\/abcformation1986.fr\/es\/pipplet\/","url":"https:\/\/abcformation1986.fr\/es\/pipplet\/","name":"Pipplet - Centre de Formation ABC Franconville | FLE | TEF","isPartOf":{"@id":"https:\/\/abcformation1986.fr\/#website"},"datePublished":"2024-09-25T12:19:36+00:00","dateModified":"2024-10-16T08:09:37+00:00","breadcrumb":{"@id":"https:\/\/abcformation1986.fr\/es\/pipplet\/#breadcrumb"},"inLanguage":"es","potentialAction":[{"@type":"ReadAction","target":["https:\/\/abcformation1986.fr\/es\/pipplet\/"]}]},{"@type":"BreadcrumbList","@id":"https:\/\/abcformation1986.fr\/es\/pipplet\/#breadcrumb","itemListElement":[{"@type":"ListItem","position":1,"name":"Home","item":"https:\/\/abcformation1986.fr\/"},{"@type":"ListItem","position":2,"name":"Pipplet"}]},{"@type":"WebSite","@id":"https:\/\/abcformation1986.fr\/#website","url":"https:\/\/abcformation1986.fr\/","name":"Centre de Formation ABC Franconville | FLE | TEF","description":"Acteur historique de  la formation, de l\u2019insertion et de la  reconversion professionnelle depuis 1986","publisher":{"@id":"https:\/\/abcformation1986.fr\/#organization"},"potentialAction":[{"@type":"SearchAction","target":{"@type":"EntryPoint","urlTemplate":"https:\/\/abcformation1986.fr\/?s={search_term_string}"},"query-input":{"@type":"PropertyValueSpecification","valueRequired":true,"valueName":"search_term_string"}}],"inLanguage":"es"},{"@type":"Organization","@id":"https:\/\/abcformation1986.fr\/#organization","name":"ABCFORMATION","url":"https:\/\/abcformation1986.fr\/","logo":{"@type":"ImageObject","inLanguage":"es","@id":"https:\/\/abcformation1986.fr\/#\/schema\/logo\/image\/","url":"https:\/\/abcformation1986.fr\/wp-content\/uploads\/2018\/11\/abclogo.png","contentUrl":"https:\/\/abcformation1986.fr\/wp-content\/uploads\/2018\/11\/abclogo.png","width":134,"height":82,"caption":"ABCFORMATION"},"image":{"@id":"https:\/\/abcformation1986.fr\/#\/schema\/logo\/image\/"},"sameAs":["http:\/\/@abcformation","https:\/\/x.com\/abc_formation","http:\/\/abcformation1986"]}]}},"uagb_featured_image_src":{"full":false,"thumbnail":false,"medium":false,"medium_large":false,"large":false,"1536x1536":false,"2048x2048":false,"trp-custom-language-flag":false,"hala-full":false,"hala-medium":false,"hala-small":false,"hala-team":false,"hala-thumb":false,"woocommerce_thumbnail":false,"woocommerce_single":false,"woocommerce_gallery_thumbnail":false},"uagb_author_info":{"display_name":"abc formation","author_link":"https:\/\/abcformation1986.fr\/es\/author\/abcformation\/"},"uagb_comment_info":0,"uagb_excerpt":null,"jetpack_sharing_enabled":true,"_links":{"self":[{"href":"https:\/\/abcformation1986.fr\/es\/wp-json\/wp\/v2\/pages\/9929","targetHints":{"allow":["GET"]}}],"collection":[{"href":"https:\/\/abcformation1986.fr\/es\/wp-json\/wp\/v2\/pages"}],"about":[{"href":"https:\/\/abcformation1986.fr\/es\/wp-json\/wp\/v2\/types\/page"}],"author":[{"embeddable":true,"href":"https:\/\/abcformation1986.fr\/es\/wp-json\/wp\/v2\/users\/2"}],"replies":[{"embeddable":true,"href":"https:\/\/abcformation1986.fr\/es\/wp-json\/wp\/v2\/comments?post=9929"}],"version-history":[{"count":50,"href":"https:\/\/abcformation1986.fr\/es\/wp-json\/wp\/v2\/pages\/9929\/revisions"}],"predecessor-version":[{"id":10378,"href":"https:\/\/abcformation1986.fr\/es\/wp-json\/wp\/v2\/pages\/9929\/revisions\/10378"}],"wp:attachment":[{"href":"https:\/\/abcformation1986.fr\/es\/wp-json\/wp\/v2\/media?parent=9929"}],"curies":[{"name":"wp","href":"https:\/\/api.w.org\/{rel}","templated":true}]}}