{"id":904,"date":"2018-11-20T11:46:04","date_gmt":"2018-11-20T11:46:04","guid":{"rendered":"http:\/\/abcformation1986.fr\/?page_id=904"},"modified":"2019-02-14T09:59:02","modified_gmt":"2019-02-14T09:59:02","slug":"tef","status":"publish","type":"page","link":"https:\/\/abcformation1986.fr\/es\/tef\/","title":{"rendered":"TEF"},"content":{"rendered":"<div class=\"vc_row wpb_row vc_row-fluid\">\n\t\t\t\t<div class=\"mo-vc-row-ovelay\" style=\"\"><\/div>\n\t\t\t\t<div class=\"container\"><div class=\"wpb_column vc_column_container vc_col-sm-6\"><div class=\"vc_column-inner\"><div class=\"wpb_wrapper\">\n\t<div  class=\"wpb_single_image wpb_content_element vc_align_center  wpb_animate_when_almost_visible wpb_bounceInLeft bounceInLeft\">\n\t\t\n\t\t<figure class=\"wpb_wrapper vc_figure\">\n\t\t\t<div class=\"vc_single_image-wrapper   vc_box_border_grey\"><img loading=\"lazy\" decoding=\"async\" width=\"300\" height=\"230\" src=\"https:\/\/abcformation1986.fr\/wp-content\/uploads\/2018\/11\/Logo-TEF-300x230.png\" class=\"vc_single_image-img attachment-full\" alt=\"\" \/><\/div>\n\t\t<\/figure>\n\t<\/div>\n<\/div><\/div><\/div><div class=\"wpb_column vc_column_container vc_col-sm-6\"><div class=\"vc_column-inner\"><div class=\"wpb_wrapper\">\n\t<div  class=\"wpb_single_image wpb_content_element vc_align_center  wpb_animate_when_almost_visible wpb_bounceInRight bounceInRight\">\n\t\t\n\t\t<figure class=\"wpb_wrapper vc_figure\">\n\t\t\t<div class=\"vc_single_image-wrapper   vc_box_border_grey\"><img loading=\"lazy\" decoding=\"async\" width=\"353\" height=\"66\" src=\"https:\/\/abcformation1986.fr\/wp-content\/uploads\/2018\/11\/Sans-titre-1.jpg\" class=\"vc_single_image-img attachment-full\" alt=\"\" srcset=\"https:\/\/abcformation1986.fr\/wp-content\/uploads\/2018\/11\/Sans-titre-1.jpg 353w, https:\/\/abcformation1986.fr\/wp-content\/uploads\/2018\/11\/Sans-titre-1-300x56.jpg 300w\" sizes=\"auto, (max-width: 353px) 100vw, 353px\" \/><\/div>\n\t\t<\/figure>\n\t<\/div>\n<\/div><\/div><\/div>\t<\/div>\n\t\t\t<\/div><div class=\"vc_row wpb_row vc_row-fluid\">\n\t\t\t\t<div class=\"mo-vc-row-ovelay\" style=\"\"><\/div>\n\t\t\t\t<div class=\"container\"><div class=\"wpb_column vc_column_container vc_col-sm-12\"><div class=\"vc_column-inner\"><div class=\"wpb_wrapper\">\n\t<div class=\"wpb_text_column wpb_content_element\" >\n\t\t<div class=\"wpb_wrapper\">\n\t\t\t<h5><a href=\"https:\/\/www.lefrancaisdesaffaires.fr\/wp-content\/uploads\/2018\/01\/Conditions-inscription-et-passation-du-TEF.pdf\">Conditions d\u2019inscription et de passation du Test d\u2019\u00e9valuation de fran\u00e7ais<\/a><\/h5>\n<h5><a href=\"http:\/\/www.fiaf.org\/frenchclasses\/documents\/TEF-ANF-Manual.pdf\">Manuel du candidat au\u00a0\u00a0e-TEF\u00a0 pour la naturalisation<\/a><\/h5>\n<h5><a href=\"https:\/\/www.lefrancaisdesaffaires.fr\/wp-content\/uploads\/2018\/03\/MANUEL-candidat-TEF-R%C3%A9sidence.pdf\">Manuel du candidat au\u00a0\u00a0e-TEF pour la carte de r\u00e9sident<\/a><\/h5>\n<h5><a href=\"http:\/\/abcformation1986.fr\/wp-content\/uploads\/2018\/06\/manuel_e-tef.pdf\">Manuel_e-tef<\/a><\/h5>\n<h5><a href=\"https:\/\/www.lefrancaisdesaffaires.fr\/wp-content\/uploads\/2018\/06\/Correspondance-score-TEF-niveau-CECR.pdf\">Correspondance score TEF \u2013 niveau CECR<\/a><\/h5>\n<p>Une\u00a0<strong>bonne pr\u00e9paration est indispensable<\/strong>\u00a0pour vous donner toutes les chances d\u2019obtenir les r\u00e9sultats attendus. Il faut imp\u00e9rativement vous familiariser avec les types d\u2019\u00e9preuves, pour \u00e9viter tout stress et perte de temps le jour de l\u2019examen.<\/p>\n\n\t\t<\/div>\n\t<\/div>\n\n\t<div class=\"wpb_text_column wpb_content_element\" >\n\t\t<div class=\"wpb_wrapper\">\n\t\t\t<ul>\n<li>\n<h5><span style=\"color: #808080;\"><strong>Practica en l\u00ednea<\/strong><\/span><\/h5>\n<ul>\n<li>Gr\u00e2ce \u00e0\u00a0l\u2019application mobile\u00a0<a href=\"https:\/\/www.lefrancaisdesaffaires.fr\/ressources\/entrainer-francais-professionnel\/francais-3-0\/\">fran\u00e7ais 3.0<\/a>, practicar las diferentes pruebas de evaluaci\u00f3n de franc\u00e9s.<\/li>\n<li>Familiarisez-vous avec le format du test avec les\u00a0<strong>ejemplos de pruebas<\/strong>\u00a0disponible en esta secci\u00f3n.<\/li>\n<li>Inscrivez-vous \u00e0 la pr\u00e9paration en ligne propos\u00e9e en partenariat avec\u00a0<a href=\"https:\/\/www.lefrancaisdesaffaires.fr\/ressources\/outils-preparation-tef\/prepmyfuture\/\">Prepmyfutur<\/a><\/li>\n<\/ul>\n<\/li>\n<\/ul>\n<h4><\/h4>\n<h5><strong>Ouvrages de pr\u00e9paration<\/strong><\/h5>\n<p>Vous pouvez \u00e9galement vous pr\u00e9parer en utilisant les ouvrages d\u2019entra\u00eenement aux \u00e9preuves du TEF, parus aux \u00e9ditions Hachette FLE et Cl\u00e9 International :<\/p>\n<ul>\n<li>TEF\u00a0<em>250 activit\u00e9s CLE International<\/em><\/li>\n<\/ul>\n<p>TEF\u00a0Hachette FLE<\/p>\n<p>&nbsp;<\/p>\n<h3>Ejemplos de pruebas<\/h3>\n<p><a class=\"flex-liens\" href=\"https:\/\/www.lefrancaisdesaffaires.fr\/wp-content\/uploads\/2016\/03\/Feuillet-CE.pdf\" target=\"_blank\" rel=\"noopener\"><i class=\"fa fa-external-link\"><\/i>Comprensi\u00f3n escrita<\/a><\/p>\n<p><a class=\"flex-liens\" href=\"https:\/\/www.lefrancaisdesaffaires.fr\/wp-content\/uploads\/fichiers-clf\/Feuillet_CO_V_Audio_Internet.pdf\" target=\"_blank\" rel=\"noopener\"><i class=\"fa fa-external-link\"><\/i>Comprensi\u00f3n oral<\/a><\/p>\n<p><a class=\"flex-liens\" href=\"https:\/\/www.lefrancaisdesaffaires.fr\/wp-content\/uploads\/2016\/03\/Sujets-EE.pdf\" target=\"_blank\" rel=\"noopener\"><i class=\"fa fa-external-link\"><\/i>Expresi\u00f3n escrita<\/a><\/p>\n<p><a class=\"flex-liens\" href=\"https:\/\/www.lefrancaisdesaffaires.fr\/wp-content\/uploads\/2016\/03\/Sujets-EO.pdf\" target=\"_blank\" rel=\"noopener\"><i class=\"fa fa-external-link\"><\/i>Expresi\u00f3n oral<\/a><\/p>\n<p><a class=\"flex-liens\" href=\"https:\/\/www.lefrancaisdesaffaires.fr\/wp-content\/uploads\/2016\/03\/Feuillet-LS.pdf\" target=\"_blank\" rel=\"noopener\"><i class=\"fa fa-external-link\"><\/i>Glosario y estructura<\/a><\/p>\n<p><a class=\"flex-liens\" href=\"https:\/\/www.lefrancaisdesaffaires.fr\/wp-content\/uploads\/2016\/03\/Bandes-son-MP3-tlchargeables.zip\" target=\"_blank\" rel=\"noopener\"><i class=\"fa fa-external-link\"><\/i>Bandas sonoras descargables (formato zip)<\/a><\/p>\n<p>&nbsp;<\/p>\n<p>&nbsp;<\/p>\n<h2 style=\"text-align: center;\"><span style=\"color: #800000;\">5 tutoriels \u00e0 votre disposition<\/span><\/h2>\n<p style=\"text-align: center;\"><strong>\u00a0Comprensi\u00f3n escrita<\/strong>\u00a0\u00a0\u00a0\u00a0\u00a0\u00a0\u00a0\u00a0\u00a0\u00a0\u00a0\u00a0\u00a0\u00a0\u00a0\u00a0\u00a0\u00a0\u00a0\u00a0\u00a0\u00a0\u00a0\u00a0\u00a0\u00a0\u00a0\u00a0\u00a0\u00a0\u00a0\u00a0\u00a0\u00a0\u00a0\u00a0\u00a0\u00a0\u00a0\u00a0\u00a0\u00a0<strong>Expresi\u00f3n escrita<\/strong><\/p>\n<p style=\"text-align: center;\"><a href=\"https:\/\/www.lefrancaisdesaffaires.fr\/wp-content\/uploads\/fichiers-clf\/tutoriel-de-comprehension-ecrite-TEF\/story_html5.html\" target=\"_blank\" rel=\"noopener noreferrer\"><img loading=\"lazy\" decoding=\"async\" class=\"\" title=\"\" src=\"https:\/\/www.lefrancaisdesaffaires.fr\/wp-content\/uploads\/2017\/04\/Img-Tuto-TEF-CE-1.png\" alt=\"\" width=\"315\" height=\"213\" \/><\/a>\u00a0\u00a0 \u00a0 \u00a0\u00a0\u00a0<a href=\"https:\/\/www.lefrancaisdesaffaires.fr\/wp-content\/uploads\/fichiers-clf\/tutoriel-d-expression-ecrite-TEF\/story_html5.html\" target=\"_blank\" rel=\"noopener noreferrer\"><img loading=\"lazy\" decoding=\"async\" class=\"alignnone\" src=\"https:\/\/www.lefrancaisdesaffaires.fr\/wp-content\/uploads\/2017\/04\/Img-Tuto-TEF-EE-1.png\" alt=\"\" width=\"318\" height=\"215\" \/><\/a><\/p>\n<p style=\"text-align: center;\"><strong>Comprensi\u00f3n oral<\/strong>\u00a0\u00a0\u00a0\u00a0\u00a0\u00a0\u00a0\u00a0\u00a0\u00a0\u00a0\u00a0\u00a0\u00a0\u00a0\u00a0\u00a0\u00a0\u00a0\u00a0\u00a0\u00a0\u00a0\u00a0\u00a0\u00a0\u00a0\u00a0\u00a0\u00a0\u00a0\u00a0\u00a0\u00a0\u00a0\u00a0\u00a0\u00a0\u00a0\u00a0\u00a0\u00a0\u00a0<strong>Expresi\u00f3n oral<\/strong><\/p>\n<p style=\"text-align: center;\"><a href=\"https:\/\/www.lefrancaisdesaffaires.fr\/wp-content\/uploads\/fichiers-clf\/Tutoriel-de-Comprehension-orale-TEF--Storyline-output\/story_html5.html\" target=\"_blank\" rel=\"noopener noreferrer\"><img loading=\"lazy\" decoding=\"async\" class=\"\" title=\"\" src=\"https:\/\/www.lefrancaisdesaffaires.fr\/wp-content\/uploads\/2017\/04\/Img-Tuto-CO-TEF.png\" alt=\"\" width=\"314\" height=\"213\" \/><\/a>\u00a0\u00a0 \u00a0 \u00a0 \u00a0\u00a0<a href=\"https:\/\/www.lefrancaisdesaffaires.fr\/wp-content\/uploads\/fichiers-clf\/Tutoriel-d-entrainement-a-l-Expression-orale-du-TEF\/story.html\" target=\"_blank\" rel=\"noopener noreferrer\"><img loading=\"lazy\" decoding=\"async\" class=\"\" title=\"\" src=\"https:\/\/www.lefrancaisdesaffaires.fr\/wp-content\/uploads\/2017\/04\/Img-Tuto-TEF-EO-1.png\" alt=\"\" width=\"326\" height=\"213\" \/><\/a><\/p>\n<p style=\"text-align: center;\"><strong>Glosario y estructura<\/strong><\/p>\n<p><a href=\"https:\/\/www.lefrancaisdesaffaires.fr\/wp-content\/uploads\/fichiers-clf\/tutoriel-de-lexique-et-structure-TEF\/story_html5.html\" target=\"_blank\" rel=\"noopener noreferrer\"><img loading=\"lazy\" decoding=\"async\" class=\"aligncenter\" src=\"https:\/\/www.lefrancaisdesaffaires.fr\/wp-content\/uploads\/2017\/04\/Img-Tuto-TEF-LS-1.png\" alt=\"\" width=\"322\" height=\"216\" \/><\/a><\/p>\n\n\t\t<\/div>\n\t<\/div>\n<\/div><\/div><\/div>\t<\/div>\n\t\t\t<\/div><div class=\"vc_row wpb_row vc_row-fluid\">\n\t\t\t\t<div class=\"mo-vc-row-ovelay\" style=\"\"><\/div>\n\t\t\t\t<div class=\"container\"><div class=\"wpb_column vc_column_container vc_col-sm-6\"><div class=\"vc_column-inner\"><div class=\"wpb_wrapper\">\n\t<div  class=\"wpb_single_image wpb_content_element vc_align_center  wpb_animate_when_almost_visible wpb_bounceInLeft bounceInLeft\">\n\t\t\n\t\t<figure class=\"wpb_wrapper vc_figure\">\n\t\t\t<div class=\"vc_single_image-wrapper   vc_box_border_grey\"><img loading=\"lazy\" decoding=\"async\" width=\"212\" height=\"300\" src=\"https:\/\/abcformation1986.fr\/wp-content\/uploads\/2018\/11\/51JRiXggphL._SX350_BO1204203200_-212x300.jpg\" class=\"vc_single_image-img attachment-full\" alt=\"\" \/><\/div>\n\t\t<\/figure>\n\t<\/div>\n<\/div><\/div><\/div><div class=\"wpb_column vc_column_container vc_col-sm-6\"><div class=\"vc_column-inner\"><div class=\"wpb_wrapper\">\n\t<div  class=\"wpb_single_image wpb_content_element vc_align_center  wpb_animate_when_almost_visible wpb_bounceInRight bounceInRight\">\n\t\t\n\t\t<figure class=\"wpb_wrapper vc_figure\">\n\t\t\t<div class=\"vc_single_image-wrapper   vc_box_border_grey\"><img loading=\"lazy\" decoding=\"async\" width=\"211\" height=\"300\" src=\"https:\/\/abcformation1986.fr\/wp-content\/uploads\/2018\/11\/6483650e21109bcc517314f659f09f1b-211x300.jpg\" class=\"vc_single_image-img attachment-full\" alt=\"\" \/><\/div>\n\t\t<\/figure>\n\t<\/div>\n<\/div><\/div><\/div>\t<\/div>\n\t\t\t<\/div>","protected":false},"excerpt":{"rendered":"Conditions d\u2019inscription et de passation du Test d\u2019\u00e9valuation de fran\u00e7ais Manuel du candidat au\u00a0\u00a0e-TEF\u00a0 pour la naturalisation Manuel du candidat au\u00a0\u00a0e-TEF pour la carte de r\u00e9sident Manuel_e-tef Correspondance score TEF \u2013 niveau CECR Une\u00a0bonne pr\u00e9paration est indispensable\u00a0pour vous donner toutes les chances d\u2019obtenir les r\u00e9sultats attendus. Il faut imp\u00e9rativement vous familiariser avec les types d\u2019\u00e9preuves, [...]","protected":false},"author":2,"featured_media":0,"parent":0,"menu_order":0,"comment_status":"closed","ping_status":"closed","template":"","meta":{"_uag_custom_page_level_css":"","footnotes":""},"class_list":["post-904","page","type-page","status-publish","hentry"],"yoast_head":"<!-- This site is optimized with the Yoast SEO plugin v25.2 - https:\/\/yoast.com\/wordpress\/plugins\/seo\/ -->\n<title>TEF - Centre de Formation ABC Franconville | FLE | TEF<\/title>\n<meta name=\"robots\" content=\"index, follow, max-snippet:-1, max-image-preview:large, max-video-preview:-1\" \/>\n<link rel=\"canonical\" href=\"https:\/\/abcformation1986.fr\/es\/tef\/\" \/>\n<meta property=\"og:locale\" content=\"es_ES\" \/>\n<meta property=\"og:type\" content=\"article\" \/>\n<meta property=\"og:title\" content=\"TEF - Centre de Formation ABC Franconville | FLE | TEF\" \/>\n<meta property=\"og:url\" content=\"https:\/\/abcformation1986.fr\/es\/tef\/\" \/>\n<meta property=\"og:site_name\" content=\"Centre de Formation ABC Franconville | FLE | TEF\" \/>\n<meta property=\"article:publisher\" content=\"http:\/\/@abcformation\" \/>\n<meta property=\"article:modified_time\" content=\"2019-02-14T09:59:02+00:00\" \/>\n<meta property=\"og:image\" content=\"https:\/\/www.lefrancaisdesaffaires.fr\/wp-content\/uploads\/2017\/04\/Img-Tuto-TEF-CE-1.png\" \/>\n<meta name=\"twitter:card\" content=\"summary_large_image\" \/>\n<meta name=\"twitter:site\" content=\"@abc_formation\" \/>\n<meta name=\"twitter:label1\" content=\"Tiempo de lectura\" \/>\n\t<meta name=\"twitter:data1\" content=\"2 minutos\" \/>\n<script type=\"application\/ld+json\" class=\"yoast-schema-graph\">{\"@context\":\"https:\/\/schema.org\",\"@graph\":[{\"@type\":\"WebPage\",\"@id\":\"https:\/\/abcformation1986.fr\/tef\/\",\"url\":\"https:\/\/abcformation1986.fr\/tef\/\",\"name\":\"TEF - Centre de Formation ABC Franconville | FLE | TEF\",\"isPartOf\":{\"@id\":\"http:\/\/abcformation1986.fr\/ar\/#website\"},\"primaryImageOfPage\":{\"@id\":\"https:\/\/abcformation1986.fr\/tef\/#primaryimage\"},\"image\":{\"@id\":\"https:\/\/abcformation1986.fr\/tef\/#primaryimage\"},\"thumbnailUrl\":\"https:\/\/www.lefrancaisdesaffaires.fr\/wp-content\/uploads\/2017\/04\/Img-Tuto-TEF-CE-1.png\",\"datePublished\":\"2018-11-20T11:46:04+00:00\",\"dateModified\":\"2019-02-14T09:59:02+00:00\",\"breadcrumb\":{\"@id\":\"https:\/\/abcformation1986.fr\/tef\/#breadcrumb\"},\"inLanguage\":\"es\",\"potentialAction\":[{\"@type\":\"ReadAction\",\"target\":[\"https:\/\/abcformation1986.fr\/tef\/\"]}]},{\"@type\":\"ImageObject\",\"inLanguage\":\"es\",\"@id\":\"https:\/\/abcformation1986.fr\/tef\/#primaryimage\",\"url\":\"https:\/\/www.lefrancaisdesaffaires.fr\/wp-content\/uploads\/2017\/04\/Img-Tuto-TEF-CE-1.png\",\"contentUrl\":\"https:\/\/www.lefrancaisdesaffaires.fr\/wp-content\/uploads\/2017\/04\/Img-Tuto-TEF-CE-1.png\"},{\"@type\":\"BreadcrumbList\",\"@id\":\"https:\/\/abcformation1986.fr\/tef\/#breadcrumb\",\"itemListElement\":[{\"@type\":\"ListItem\",\"position\":1,\"name\":\"Home\",\"item\":\"http:\/\/abcformation1986.fr\/ar\/\"},{\"@type\":\"ListItem\",\"position\":2,\"name\":\"TEF\"}]},{\"@type\":\"WebSite\",\"@id\":\"http:\/\/abcformation1986.fr\/ar\/#website\",\"url\":\"http:\/\/abcformation1986.fr\/ar\/\",\"name\":\"Centre de Formation ABC Franconville | FLE | TEF\",\"description\":\"Acteur historique de  la formation, de l\u2019insertion et de la  reconversion professionnelle depuis 1986\",\"publisher\":{\"@id\":\"http:\/\/abcformation1986.fr\/ar\/#organization\"},\"potentialAction\":[{\"@type\":\"SearchAction\",\"target\":{\"@type\":\"EntryPoint\",\"urlTemplate\":\"http:\/\/abcformation1986.fr\/ar\/?s={search_term_string}\"},\"query-input\":{\"@type\":\"PropertyValueSpecification\",\"valueRequired\":true,\"valueName\":\"search_term_string\"}}],\"inLanguage\":\"es\"},{\"@type\":\"Organization\",\"@id\":\"http:\/\/abcformation1986.fr\/ar\/#organization\",\"name\":\"ABCFORMATION\",\"url\":\"http:\/\/abcformation1986.fr\/ar\/\",\"logo\":{\"@type\":\"ImageObject\",\"inLanguage\":\"es\",\"@id\":\"http:\/\/abcformation1986.fr\/ar\/#\/schema\/logo\/image\/\",\"url\":\"https:\/\/abcformation1986.fr\/wp-content\/uploads\/2018\/11\/abclogo.png\",\"contentUrl\":\"https:\/\/abcformation1986.fr\/wp-content\/uploads\/2018\/11\/abclogo.png\",\"width\":134,\"height\":82,\"caption\":\"ABCFORMATION\"},\"image\":{\"@id\":\"http:\/\/abcformation1986.fr\/ar\/#\/schema\/logo\/image\/\"},\"sameAs\":[\"http:\/\/@abcformation\",\"https:\/\/x.com\/abc_formation\",\"http:\/\/abcformation1986\"]}]}<\/script>\n<!-- \/ Yoast SEO plugin. -->","yoast_head_json":{"title":"TEF - Centre de Formation ABC Franconville | FLE | TEF","robots":{"index":"index","follow":"follow","max-snippet":"max-snippet:-1","max-image-preview":"max-image-preview:large","max-video-preview":"max-video-preview:-1"},"canonical":"https:\/\/abcformation1986.fr\/es\/tef\/","og_locale":"es_ES","og_type":"article","og_title":"TEF - Centre de Formation ABC Franconville | FLE | TEF","og_url":"https:\/\/abcformation1986.fr\/es\/tef\/","og_site_name":"Centre de Formation ABC Franconville | FLE | TEF","article_publisher":"http:\/\/@abcformation","article_modified_time":"2019-02-14T09:59:02+00:00","og_image":[{"url":"https:\/\/www.lefrancaisdesaffaires.fr\/wp-content\/uploads\/2017\/04\/Img-Tuto-TEF-CE-1.png","type":"","width":"","height":""}],"twitter_card":"summary_large_image","twitter_site":"@abc_formation","twitter_misc":{"Tiempo de lectura":"2 minutos"},"schema":{"@context":"https:\/\/schema.org","@graph":[{"@type":"WebPage","@id":"https:\/\/abcformation1986.fr\/tef\/","url":"https:\/\/abcformation1986.fr\/tef\/","name":"TEF - Centre de Formation ABC Franconville | FLE | TEF","isPartOf":{"@id":"http:\/\/abcformation1986.fr\/ar\/#website"},"primaryImageOfPage":{"@id":"https:\/\/abcformation1986.fr\/tef\/#primaryimage"},"image":{"@id":"https:\/\/abcformation1986.fr\/tef\/#primaryimage"},"thumbnailUrl":"https:\/\/www.lefrancaisdesaffaires.fr\/wp-content\/uploads\/2017\/04\/Img-Tuto-TEF-CE-1.png","datePublished":"2018-11-20T11:46:04+00:00","dateModified":"2019-02-14T09:59:02+00:00","breadcrumb":{"@id":"https:\/\/abcformation1986.fr\/tef\/#breadcrumb"},"inLanguage":"es","potentialAction":[{"@type":"ReadAction","target":["https:\/\/abcformation1986.fr\/tef\/"]}]},{"@type":"ImageObject","inLanguage":"es","@id":"https:\/\/abcformation1986.fr\/tef\/#primaryimage","url":"https:\/\/www.lefrancaisdesaffaires.fr\/wp-content\/uploads\/2017\/04\/Img-Tuto-TEF-CE-1.png","contentUrl":"https:\/\/www.lefrancaisdesaffaires.fr\/wp-content\/uploads\/2017\/04\/Img-Tuto-TEF-CE-1.png"},{"@type":"BreadcrumbList","@id":"https:\/\/abcformation1986.fr\/tef\/#breadcrumb","itemListElement":[{"@type":"ListItem","position":1,"name":"Home","item":"http:\/\/abcformation1986.fr\/ar\/"},{"@type":"ListItem","position":2,"name":"TEF"}]},{"@type":"WebSite","@id":"http:\/\/abcformation1986.fr\/ar\/#website","url":"http:\/\/abcformation1986.fr\/ar\/","name":"Centre de Formation ABC Franconville | FLE | TEF","description":"Acteur historique de  la formation, de l\u2019insertion et de la  reconversion professionnelle depuis 1986","publisher":{"@id":"http:\/\/abcformation1986.fr\/ar\/#organization"},"potentialAction":[{"@type":"SearchAction","target":{"@type":"EntryPoint","urlTemplate":"http:\/\/abcformation1986.fr\/ar\/?s={search_term_string}"},"query-input":{"@type":"PropertyValueSpecification","valueRequired":true,"valueName":"search_term_string"}}],"inLanguage":"es"},{"@type":"Organization","@id":"http:\/\/abcformation1986.fr\/ar\/#organization","name":"ABCFORMATION","url":"http:\/\/abcformation1986.fr\/ar\/","logo":{"@type":"ImageObject","inLanguage":"es","@id":"http:\/\/abcformation1986.fr\/ar\/#\/schema\/logo\/image\/","url":"https:\/\/abcformation1986.fr\/wp-content\/uploads\/2018\/11\/abclogo.png","contentUrl":"https:\/\/abcformation1986.fr\/wp-content\/uploads\/2018\/11\/abclogo.png","width":134,"height":82,"caption":"ABCFORMATION"},"image":{"@id":"http:\/\/abcformation1986.fr\/ar\/#\/schema\/logo\/image\/"},"sameAs":["http:\/\/@abcformation","https:\/\/x.com\/abc_formation","http:\/\/abcformation1986"]}]}},"uagb_featured_image_src":{"full":false,"thumbnail":false,"medium":false,"medium_large":false,"large":false,"1536x1536":false,"2048x2048":false,"trp-custom-language-flag":false,"hala-full":false,"hala-medium":false,"hala-small":false,"hala-team":false,"hala-thumb":false,"woocommerce_thumbnail":false,"woocommerce_single":false,"woocommerce_gallery_thumbnail":false},"uagb_author_info":{"display_name":"abc formation","author_link":"https:\/\/abcformation1986.fr\/es\/author\/abcformation\/"},"uagb_comment_info":0,"uagb_excerpt":null,"jetpack_sharing_enabled":true,"_links":{"self":[{"href":"https:\/\/abcformation1986.fr\/es\/wp-json\/wp\/v2\/pages\/904","targetHints":{"allow":["GET"]}}],"collection":[{"href":"https:\/\/abcformation1986.fr\/es\/wp-json\/wp\/v2\/pages"}],"about":[{"href":"https:\/\/abcformation1986.fr\/es\/wp-json\/wp\/v2\/types\/page"}],"author":[{"embeddable":true,"href":"https:\/\/abcformation1986.fr\/es\/wp-json\/wp\/v2\/users\/2"}],"replies":[{"embeddable":true,"href":"https:\/\/abcformation1986.fr\/es\/wp-json\/wp\/v2\/comments?post=904"}],"version-history":[{"count":0,"href":"https:\/\/abcformation1986.fr\/es\/wp-json\/wp\/v2\/pages\/904\/revisions"}],"wp:attachment":[{"href":"https:\/\/abcformation1986.fr\/es\/wp-json\/wp\/v2\/media?parent=904"}],"curies":[{"name":"wp","href":"https:\/\/api.w.org\/{rel}","templated":true}]}}