{"id":7713,"date":"2024-02-09T10:32:39","date_gmt":"2024-02-09T10:32:39","guid":{"rendered":"https:\/\/abcformation1986.fr\/?page_id=7713"},"modified":"2024-10-08T07:44:00","modified_gmt":"2024-10-08T07:44:00","slug":"cloe-anglais-test","status":"publish","type":"page","link":"https:\/\/abcformation1986.fr\/es\/cloe-anglais-test\/","title":{"rendered":"CLOE Anglais test"},"content":{"rendered":"<h2>\u00bfQuieres prepararte mejor para tu certificaci\u00f3n de ingl\u00e9s CLOE?<\/h2>\n<p>en el centro <strong>ABC FORMATION<\/strong>, nous mettons \u00e0 votre disposition des formateurs et formatrices qualifi\u00e9s ayant travaill\u00e9 dans des contextes ESL et EFL et ayant enseign\u00e9 des cours de pr\u00e9paration pour des tests nationaux et internationaux tels que l&rsquo;IELTS, le TOEFL, le PTE, le TOEIC, le CLOE, le FCE, le CAE, Bright et le DCL.\u00a0 Vous avez le choix parmi une gamme de cours exhaustifs et performants pour acqu\u00e9rir une ma\u00eetrise de la langue de Shakespeare. S\u00e9lectionnez la formule qui convient le mieux \u00e0 vos besoins et avancez \u00e0 votre propre rythme, en fonction de vos objectifs personnels.<\/p>\n<h2>Une formation d&rsquo;anglais c&rsquo;est :<\/h2>\n<h2>\n<p>Une formation d&rsquo;anglais implique&nbsp;:<\/p>\n<\/h2>\n<p>Formadores cualificados seleccionados seg\u00fan criterios rigurosos.<\/p>\n<p>Formaci\u00f3n general o profesional impartida en un centro de tama\u00f1o humano.<\/p>\n<p>Una variedad de materiales educativos que incluyen diversos temas y ejercicios.<\/p>\n<p>Seguimiento regular y soporte de calidad durante toda la formaci\u00f3n.<\/p>\n<p>\u00a0<\/p>\n<p>Posicionamiento, evaluaciones intermedias y finales para medir avances.<\/p>\n<h2>Nos offres pour l&rsquo;anglais :<\/h2>\n<p><strong>1- Clases individuales a distancia<\/strong><\/p>\n<p>\u00bfEst\u00e1 buscando mejorar su nivel de idioma de manera flexible y eficiente a trav\u00e9s del aprendizaje individual a distancia?<\/p>\n<p><strong>ABC FORMATION<\/strong> vous propose des cours individuels en ligne via des plateformes de visioconf\u00e9rence telles que <strong>Zoom, Skype et teams<\/strong>. Si vous \u00eates pris par le temps et pr\u00e9f\u00e9rez progresser \u00e0 votre propre rythme, nos cours de langues \u00e0 distance vous offrent la possibilit\u00e9 de concilier votre emploi du temps charg\u00e9 avec une formation de qualit\u00e9.<\/p>\n<p><strong>Un curso de idiomas individual a distancia ofrece las siguientes ventajas:<\/strong><\/p>\n<p>Ense\u00f1anza presencial personalizada.<\/p>\n<p>Un formador experimentado atento a tus necesidades.<\/p>\n<p>Sin restricciones ni gastos de viaje.<\/p>\n<p>Uso de plataformas de videoconferencia eficientes.<\/p>\n<p><strong>Para configurar un aprendizaje a distancia que se adapte perfectamente a tu perfil y te permita progresar a tu propio ritmo, seguimos este enfoque:<\/strong><\/p>\n<p>Evaluaci\u00f3n de tu nivel actual mediante una prueba de nivel.<\/p>\n<p>Determinando el nivel a alcanzar en funci\u00f3n de tus necesidades y objetivos.<\/p>\n<p>Planifica tus sesiones utilizando una estrategia flexible y adaptada a tus preferencias.<\/p>\n<p>Evaluaci\u00f3n de tu progreso mediante pruebas de nivel peri\u00f3dicas.<\/p>\n<p><strong>Inscription\u00a0:<\/strong><\/p>\n<p>Pour vous inscrire \u00e0 une formation individuelle \u00e0 distance, les tarifs et les modalit\u00e9s d&rsquo;inscription varient en fonction de vos attentes et besoins. Nous vous encourageons \u00e0 consulter<strong> le <a style=\"color: #33cccc;\" href=\"#\">lien ci-dessous<\/a> pour<\/strong> acc\u00e9der aux d\u00e9tails n\u00e9cessaires pour vous inscrire chez <strong>ABC FORMATION.<\/strong><\/p>\n<p><strong>2- Clases individuales presenciales<\/strong><\/p>\n<p>Te ofrecemos la oportunidad de participar en cursos de idiomas individuales de forma presencial en nuestras instalaciones dentro del centro ABC FORMATION. Nuestros cursos presenciales est\u00e1n dise\u00f1ados para fortalecer tus habilidades ling\u00fc\u00edsticas, gracias a un programa personalizado especialmente adaptado a tu perfil.<\/p>\n<p>Les cours en pr\u00e9sentiel encouragent l&rsquo;appropriation des connaissances et la m\u00e9morisation. Cette approche favorise \u00e9galement les \u00e9changes et les interactions avec le formateur.<\/p>\n<p><strong>Un curso de idiomas individual presencial ofrece las siguientes caracter\u00edsticas:<\/strong><\/p>\n<p>Una experiencia din\u00e1mica y personalizada.<\/p>\n<p>Un formador experimentado atento a tus necesidades.<\/p>\n<p>Un environnement favorable \u00e0 l&rsquo;assimilation des connaissances.<\/p>\n<p>Una c\u00e1lida bienvenida.<\/p>\n<p><strong>Para configurar una formaci\u00f3n presencial que se adapte perfectamente a tu perfil y te permita progresar a tu propio ritmo, seguimos estos pasos:<\/strong><\/p>\n<p>Evaluaci\u00f3n de tu nivel actual mediante una prueba de nivel.<\/p>\n<p>Determinando el nivel a alcanzar en funci\u00f3n de tus necesidades y objetivos.<\/p>\n<p>Planifica tus sesiones utilizando una estrategia flexible y adaptada a tus preferencias.<\/p>\n<p><strong>Inscription\u00a0: <\/strong><\/p>\n<p>Pour vous inscrire \u00e0 une formation individuelle en pr\u00e9sentiel, les tarifs et les modalit\u00e9s d&rsquo;inscription varient en fonction de vos attentes et besoins. Nous vous encourageons \u00e0 consulter le lien ci-dessous pour acc\u00e9der aux d\u00e9tails n\u00e9cessaires pour vous inscrire chez <strong>ABC FORMATION.<\/strong><\/p>\n<p>\t\t\t<a href=\"https:\/\/abcformation1986.fr\/es\/producto\/certification-cloe-anglais-langue-etrangere-copie\/\" role=\"button\"><br \/>\n\t\t\t\t\t\tHaga clic aqu\u00ed.<br \/>\n\t\t\t\t\t<\/a><br \/>\n\t\t\t<a href=\"https:\/\/abcformation1986.fr\/es\/producto\/certification-cloe-anglais-langue-etrangere-copie\/\" role=\"button\"><br \/>\n\t\t\t\t\t\tHaga clic aqu\u00ed.<br \/>\n\t\t\t\t\t<\/a><\/p>\n<h2>Evaluaci\u00f3n de tus conocimientos del idioma.<\/h2>\n<p>\t\t\t<a href=\"https:\/\/cloe-cel.com\/demo\/start\/1\" role=\"button\"><br \/>\n\t\t\t\t\t\tCommencer la d\u00e9mo<br \/>\n\t\t\t\t\t<\/a><\/p>\n<h2>Utiliser mon compte CPF pour la certification CLOE<\/h2>\n<p>\t\t\t\t\t\t\t\t\t\t\t\t\t\t\t<img decoding=\"async\" width=\"395\" height=\"150\" src=\"https:\/\/abcformation1986.fr\/wp-content\/uploads\/2024\/02\/CPF_resize-150.jpg\" alt=\"\" loading=\"lazy\" srcset=\"https:\/\/abcformation1986.fr\/wp-content\/uploads\/2024\/02\/CPF_resize-150.jpg 395w, https:\/\/abcformation1986.fr\/wp-content\/uploads\/2024\/02\/CPF_resize-150-300x114.jpg 300w, https:\/\/abcformation1986.fr\/wp-content\/uploads\/2024\/02\/CPF_resize-150-18x7.jpg 18w\" sizes=\"auto, (max-width: 395px) 100vw, 395px\" \/><br \/>\n\t\t\t<a href=\"https:\/\/www.moncompteformation.gouv.fr\/espace-public\/comprendre-la-formation-professionnelle\" role=\"button\"><br \/>\n\t\t\t\t\t\tHaga clic aqu\u00ed.<br \/>\n\t\t\t\t\t<\/a><br \/>\n\t\t\tGesti\u00f3n de tardanzas y ausencias.<br \/>\n\t\t\t\t\t\t\t Durante la prueba oral El candidato deber\u00e1 respetar el tiempo exacto reservado para la prueba oral. Ning\u00fan candidato podr\u00e1 acceder a la sala de examen virtual m\u00e1s de 10 minutos despu\u00e9s de la franja horaria fijada. Cualquier cancelaci\u00f3n deber\u00e1 realizarse a trav\u00e9s del portal con un m\u00e1ximo de 24 horas antes de la cita. Pasado este plazo, se contabilizar\u00e1 cualquier prueba. En caso de fuerza mayor y previa presentaci\u00f3n de prueba, se podr\u00e1 ofrecer una franja horaria alternativa.<br \/>\n\t\t\t\t\t\t\t\t\t\t<button type=\"button\"><br \/>\n\t\t\t\t\t\t\t\t\t\tIgnorer cette alerte.<br \/>\n\t\t\t\t<\/button><\/p>\n<h2>te gustaria conocernos\u00a0\u00a0<\/h2>\n<p>Contacta con nuestra organizaci\u00f3n de formaci\u00f3n <strong>ABC formation<\/strong> para compartir tus preguntas con nosotros. Concertaremos una reuni\u00f3n juntos para valorar el nivel que tienes actualmente, y determinar un plan de acci\u00f3n para garantizar el \u00e9xito de tu formaci\u00f3n.<\/p>\n<p>\t\t\t<a href=\"https:\/\/abcformation1986.fr\/es\/shortcodes\/fiche-de-liaison\/\" role=\"button\"><br \/>\n\t\t\t\t\t\tcontactez nous<br \/>\n\t\t\t\t\t<\/a><\/p>","protected":false},"excerpt":{"rendered":"<p>Vous d\u00e9sirez pr\u00e9parer au mieux votre certification CLOE Anglais? Dans le centre ABC FORMATION, nous mettons \u00e0 votre disposition des formateurs et formatrices qualifi\u00e9s ayant travaill\u00e9 dans des contextes ESL et EFL et ayant enseign\u00e9 des cours de pr\u00e9paration pour des tests nationaux et internationaux tels que l&rsquo;IELTS, le TOEFL, le PTE, le TOEIC, le [&hellip;]<\/p>","protected":false},"author":2,"featured_media":0,"parent":0,"menu_order":0,"comment_status":"closed","ping_status":"closed","template":"","meta":{"_uag_custom_page_level_css":"","footnotes":""},"class_list":["post-7713","page","type-page","status-publish","hentry"],"yoast_head":"<!-- This site is optimized with the Yoast SEO plugin v25.2 - https:\/\/yoast.com\/wordpress\/plugins\/seo\/ -->\n<title>CLOE Anglais test - Centre de Formation ABC Franconville | FLE | TEF<\/title>\n<meta name=\"robots\" content=\"index, follow, max-snippet:-1, max-image-preview:large, max-video-preview:-1\" \/>\n<link rel=\"canonical\" href=\"https:\/\/abcformation1986.fr\/es\/cloe-anglais-test\/\" \/>\n<meta property=\"og:locale\" content=\"es_ES\" \/>\n<meta property=\"og:type\" content=\"article\" \/>\n<meta property=\"og:title\" content=\"CLOE Anglais test - Centre de Formation ABC Franconville | FLE | TEF\" \/>\n<meta property=\"og:description\" content=\"Vous d\u00e9sirez pr\u00e9parer au mieux votre certification CLOE Anglais? Dans le centre ABC FORMATION, nous mettons \u00e0 votre disposition des formateurs et formatrices qualifi\u00e9s ayant travaill\u00e9 dans des contextes ESL et EFL et ayant enseign\u00e9 des cours de pr\u00e9paration pour des tests nationaux et internationaux tels que l&rsquo;IELTS, le TOEFL, le PTE, le TOEIC, le [&hellip;]\" \/>\n<meta property=\"og:url\" content=\"https:\/\/abcformation1986.fr\/es\/cloe-anglais-test\/\" \/>\n<meta property=\"og:site_name\" content=\"Centre de Formation ABC Franconville | FLE | TEF\" \/>\n<meta property=\"article:publisher\" content=\"http:\/\/@abcformation\" \/>\n<meta property=\"article:modified_time\" content=\"2024-10-08T07:44:00+00:00\" \/>\n<meta property=\"og:image\" content=\"https:\/\/abcformation1986.fr\/wp-content\/uploads\/2024\/02\/CPF_resize-150.jpg\" \/>\n<meta name=\"twitter:card\" content=\"summary_large_image\" \/>\n<meta name=\"twitter:site\" content=\"@abc_formation\" \/>\n<meta name=\"twitter:label1\" content=\"Tiempo de lectura\" \/>\n\t<meta name=\"twitter:data1\" content=\"5 minutos\" \/>\n<script type=\"application\/ld+json\" class=\"yoast-schema-graph\">{\"@context\":\"https:\/\/schema.org\",\"@graph\":[{\"@type\":\"WebPage\",\"@id\":\"https:\/\/abcformation1986.fr\/es\/cloe-anglais-test\/\",\"url\":\"https:\/\/abcformation1986.fr\/es\/cloe-anglais-test\/\",\"name\":\"CLOE Anglais test - Centre de Formation ABC Franconville | FLE | TEF\",\"isPartOf\":{\"@id\":\"https:\/\/abcformation1986.fr\/ar\/#website\"},\"primaryImageOfPage\":{\"@id\":\"https:\/\/abcformation1986.fr\/es\/cloe-anglais-test\/#primaryimage\"},\"image\":{\"@id\":\"https:\/\/abcformation1986.fr\/es\/cloe-anglais-test\/#primaryimage\"},\"thumbnailUrl\":\"https:\/\/abcformation1986.fr\/wp-content\/uploads\/2024\/02\/CPF_resize-150.jpg\",\"datePublished\":\"2024-02-09T10:32:39+00:00\",\"dateModified\":\"2024-10-08T07:44:00+00:00\",\"breadcrumb\":{\"@id\":\"https:\/\/abcformation1986.fr\/es\/cloe-anglais-test\/#breadcrumb\"},\"inLanguage\":\"es\",\"potentialAction\":[{\"@type\":\"ReadAction\",\"target\":[\"https:\/\/abcformation1986.fr\/es\/cloe-anglais-test\/\"]}]},{\"@type\":\"ImageObject\",\"inLanguage\":\"es\",\"@id\":\"https:\/\/abcformation1986.fr\/es\/cloe-anglais-test\/#primaryimage\",\"url\":\"https:\/\/abcformation1986.fr\/wp-content\/uploads\/2024\/02\/CPF_resize-150.jpg\",\"contentUrl\":\"https:\/\/abcformation1986.fr\/wp-content\/uploads\/2024\/02\/CPF_resize-150.jpg\"},{\"@type\":\"BreadcrumbList\",\"@id\":\"https:\/\/abcformation1986.fr\/es\/cloe-anglais-test\/#breadcrumb\",\"itemListElement\":[{\"@type\":\"ListItem\",\"position\":1,\"name\":\"Home\",\"item\":\"https:\/\/abcformation1986.fr\/ar\/\"},{\"@type\":\"ListItem\",\"position\":2,\"name\":\"CLOE Anglais test\"}]},{\"@type\":\"WebSite\",\"@id\":\"https:\/\/abcformation1986.fr\/ar\/#website\",\"url\":\"https:\/\/abcformation1986.fr\/ar\/\",\"name\":\"Centre de Formation ABC Franconville | FLE | TEF\",\"description\":\"Acteur historique de  la formation, de l\u2019insertion et de la  reconversion professionnelle depuis 1986\",\"publisher\":{\"@id\":\"https:\/\/abcformation1986.fr\/ar\/#organization\"},\"potentialAction\":[{\"@type\":\"SearchAction\",\"target\":{\"@type\":\"EntryPoint\",\"urlTemplate\":\"https:\/\/abcformation1986.fr\/ar\/?s={search_term_string}\"},\"query-input\":{\"@type\":\"PropertyValueSpecification\",\"valueRequired\":true,\"valueName\":\"search_term_string\"}}],\"inLanguage\":\"es\"},{\"@type\":\"Organization\",\"@id\":\"https:\/\/abcformation1986.fr\/ar\/#organization\",\"name\":\"ABCFORMATION\",\"url\":\"https:\/\/abcformation1986.fr\/ar\/\",\"logo\":{\"@type\":\"ImageObject\",\"inLanguage\":\"es\",\"@id\":\"https:\/\/abcformation1986.fr\/ar\/#\/schema\/logo\/image\/\",\"url\":\"https:\/\/abcformation1986.fr\/wp-content\/uploads\/2018\/11\/abclogo.png\",\"contentUrl\":\"https:\/\/abcformation1986.fr\/wp-content\/uploads\/2018\/11\/abclogo.png\",\"width\":134,\"height\":82,\"caption\":\"ABCFORMATION\"},\"image\":{\"@id\":\"https:\/\/abcformation1986.fr\/ar\/#\/schema\/logo\/image\/\"},\"sameAs\":[\"http:\/\/@abcformation\",\"https:\/\/x.com\/abc_formation\",\"http:\/\/abcformation1986\"]}]}<\/script>\n<!-- \/ Yoast SEO plugin. -->","yoast_head_json":{"title":"CLOE Anglais test - Centre de Formation ABC Franconville | FLE | TEF","robots":{"index":"index","follow":"follow","max-snippet":"max-snippet:-1","max-image-preview":"max-image-preview:large","max-video-preview":"max-video-preview:-1"},"canonical":"https:\/\/abcformation1986.fr\/es\/cloe-anglais-test\/","og_locale":"es_ES","og_type":"article","og_title":"CLOE Anglais test - Centre de Formation ABC Franconville | FLE | TEF","og_description":"Vous d\u00e9sirez pr\u00e9parer au mieux votre certification CLOE Anglais? Dans le centre ABC FORMATION, nous mettons \u00e0 votre disposition des formateurs et formatrices qualifi\u00e9s ayant travaill\u00e9 dans des contextes ESL et EFL et ayant enseign\u00e9 des cours de pr\u00e9paration pour des tests nationaux et internationaux tels que l&rsquo;IELTS, le TOEFL, le PTE, le TOEIC, le [&hellip;]","og_url":"https:\/\/abcformation1986.fr\/es\/cloe-anglais-test\/","og_site_name":"Centre de Formation ABC Franconville | FLE | TEF","article_publisher":"http:\/\/@abcformation","article_modified_time":"2024-10-08T07:44:00+00:00","og_image":[{"url":"https:\/\/abcformation1986.fr\/wp-content\/uploads\/2024\/02\/CPF_resize-150.jpg","type":"","width":"","height":""}],"twitter_card":"summary_large_image","twitter_site":"@abc_formation","twitter_misc":{"Tiempo de lectura":"5 minutos"},"schema":{"@context":"https:\/\/schema.org","@graph":[{"@type":"WebPage","@id":"https:\/\/abcformation1986.fr\/es\/cloe-anglais-test\/","url":"https:\/\/abcformation1986.fr\/es\/cloe-anglais-test\/","name":"CLOE Anglais test - Centre de Formation ABC Franconville | FLE | TEF","isPartOf":{"@id":"https:\/\/abcformation1986.fr\/ar\/#website"},"primaryImageOfPage":{"@id":"https:\/\/abcformation1986.fr\/es\/cloe-anglais-test\/#primaryimage"},"image":{"@id":"https:\/\/abcformation1986.fr\/es\/cloe-anglais-test\/#primaryimage"},"thumbnailUrl":"https:\/\/abcformation1986.fr\/wp-content\/uploads\/2024\/02\/CPF_resize-150.jpg","datePublished":"2024-02-09T10:32:39+00:00","dateModified":"2024-10-08T07:44:00+00:00","breadcrumb":{"@id":"https:\/\/abcformation1986.fr\/es\/cloe-anglais-test\/#breadcrumb"},"inLanguage":"es","potentialAction":[{"@type":"ReadAction","target":["https:\/\/abcformation1986.fr\/es\/cloe-anglais-test\/"]}]},{"@type":"ImageObject","inLanguage":"es","@id":"https:\/\/abcformation1986.fr\/es\/cloe-anglais-test\/#primaryimage","url":"https:\/\/abcformation1986.fr\/wp-content\/uploads\/2024\/02\/CPF_resize-150.jpg","contentUrl":"https:\/\/abcformation1986.fr\/wp-content\/uploads\/2024\/02\/CPF_resize-150.jpg"},{"@type":"BreadcrumbList","@id":"https:\/\/abcformation1986.fr\/es\/cloe-anglais-test\/#breadcrumb","itemListElement":[{"@type":"ListItem","position":1,"name":"Home","item":"https:\/\/abcformation1986.fr\/ar\/"},{"@type":"ListItem","position":2,"name":"CLOE Anglais test"}]},{"@type":"WebSite","@id":"https:\/\/abcformation1986.fr\/ar\/#website","url":"https:\/\/abcformation1986.fr\/ar\/","name":"Centre de Formation ABC Franconville | FLE | TEF","description":"Acteur historique de  la formation, de l\u2019insertion et de la  reconversion professionnelle depuis 1986","publisher":{"@id":"https:\/\/abcformation1986.fr\/ar\/#organization"},"potentialAction":[{"@type":"SearchAction","target":{"@type":"EntryPoint","urlTemplate":"https:\/\/abcformation1986.fr\/ar\/?s={search_term_string}"},"query-input":{"@type":"PropertyValueSpecification","valueRequired":true,"valueName":"search_term_string"}}],"inLanguage":"es"},{"@type":"Organization","@id":"https:\/\/abcformation1986.fr\/ar\/#organization","name":"ABCFORMATION","url":"https:\/\/abcformation1986.fr\/ar\/","logo":{"@type":"ImageObject","inLanguage":"es","@id":"https:\/\/abcformation1986.fr\/ar\/#\/schema\/logo\/image\/","url":"https:\/\/abcformation1986.fr\/wp-content\/uploads\/2018\/11\/abclogo.png","contentUrl":"https:\/\/abcformation1986.fr\/wp-content\/uploads\/2018\/11\/abclogo.png","width":134,"height":82,"caption":"ABCFORMATION"},"image":{"@id":"https:\/\/abcformation1986.fr\/ar\/#\/schema\/logo\/image\/"},"sameAs":["http:\/\/@abcformation","https:\/\/x.com\/abc_formation","http:\/\/abcformation1986"]}]}},"uagb_featured_image_src":{"full":false,"thumbnail":false,"medium":false,"medium_large":false,"large":false,"1536x1536":false,"2048x2048":false,"trp-custom-language-flag":false,"hala-full":false,"hala-medium":false,"hala-small":false,"hala-team":false,"hala-thumb":false,"woocommerce_thumbnail":false,"woocommerce_single":false,"woocommerce_gallery_thumbnail":false},"uagb_author_info":{"display_name":"abc formation","author_link":"https:\/\/abcformation1986.fr\/es\/author\/abcformation\/"},"uagb_comment_info":0,"uagb_excerpt":"Vous d\u00e9sirez pr\u00e9parer au mieux votre certification CLOE Anglais? Dans le centre ABC FORMATION, nous mettons \u00e0 votre disposition des formateurs et formatrices qualifi\u00e9s ayant travaill\u00e9 dans des contextes ESL et EFL et ayant enseign\u00e9 des cours de pr\u00e9paration pour des tests nationaux et internationaux tels que l&rsquo;IELTS, le TOEFL, le PTE, le TOEIC, le&hellip;","jetpack_sharing_enabled":true,"_links":{"self":[{"href":"https:\/\/abcformation1986.fr\/es\/wp-json\/wp\/v2\/pages\/7713","targetHints":{"allow":["GET"]}}],"collection":[{"href":"https:\/\/abcformation1986.fr\/es\/wp-json\/wp\/v2\/pages"}],"about":[{"href":"https:\/\/abcformation1986.fr\/es\/wp-json\/wp\/v2\/types\/page"}],"author":[{"embeddable":true,"href":"https:\/\/abcformation1986.fr\/es\/wp-json\/wp\/v2\/users\/2"}],"replies":[{"embeddable":true,"href":"https:\/\/abcformation1986.fr\/es\/wp-json\/wp\/v2\/comments?post=7713"}],"version-history":[{"count":38,"href":"https:\/\/abcformation1986.fr\/es\/wp-json\/wp\/v2\/pages\/7713\/revisions"}],"predecessor-version":[{"id":10123,"href":"https:\/\/abcformation1986.fr\/es\/wp-json\/wp\/v2\/pages\/7713\/revisions\/10123"}],"wp:attachment":[{"href":"https:\/\/abcformation1986.fr\/es\/wp-json\/wp\/v2\/media?parent=7713"}],"curies":[{"name":"wp","href":"https:\/\/api.w.org\/{rel}","templated":true}]}}