{"id":7186,"date":"2023-12-13T13:06:03","date_gmt":"2023-12-13T13:06:03","guid":{"rendered":"https:\/\/abcformation1986.fr\/?page_id=7186"},"modified":"2024-09-30T07:35:47","modified_gmt":"2024-09-30T07:35:47","slug":"cours-danglais","status":"publish","type":"page","link":"https:\/\/abcformation1986.fr\/es\/cours-danglais\/","title":{"rendered":"Cours d&rsquo;anglais"},"content":{"rendered":"<div class=\"vc_row wpb_row vc_row-fluid\">\n\t\t\t\t<div class=\"mo-vc-row-ovelay\" style=\"\"><\/div>\n\t\t\t\t<div class=\"container\"><div class=\"wpb_column vc_column_container vc_col-sm-2\"><div class=\"vc_column-inner\"><div class=\"wpb_wrapper\">\n\t<div  class=\"wpb_single_image wpb_content_element vc_align_center  vc_custom_1726756618589\">\n\t\t\n\t\t<figure class=\"wpb_wrapper vc_figure\">\n\t\t\t<div class=\"vc_single_image-wrapper   vc_box_border_grey\"><img loading=\"lazy\" decoding=\"async\" width=\"300\" height=\"84\" src=\"https:\/\/abcformation1986.fr\/wp-content\/uploads\/2024\/09\/ETS-Pipplet-navy-1920w-300x84.png\" class=\"vc_single_image-img attachment-medium\" alt=\"\" srcset=\"https:\/\/abcformation1986.fr\/wp-content\/uploads\/2024\/09\/ETS-Pipplet-navy-1920w-300x84.png 300w, https:\/\/abcformation1986.fr\/wp-content\/uploads\/2024\/09\/ETS-Pipplet-navy-1920w-500x140.png 500w, https:\/\/abcformation1986.fr\/wp-content\/uploads\/2024\/09\/ETS-Pipplet-navy-1920w-18x5.png 18w, https:\/\/abcformation1986.fr\/wp-content\/uploads\/2024\/09\/ETS-Pipplet-navy-1920w.png 585w\" sizes=\"auto, (max-width: 300px) 100vw, 300px\" \/><\/div>\n\t\t<\/figure>\n\t<\/div>\n<\/div><\/div><\/div><div class=\"wpb_column vc_column_container vc_col-sm-8\"><div class=\"vc_column-inner\"><div class=\"wpb_wrapper\">\n\t<div class=\"wpb_text_column wpb_content_element\" >\n\t\t<div class=\"wpb_wrapper\">\n\t\t\t<p style=\"font-weight: 500; text-align: justify;\">Pipplet es la primera soluci\u00f3n de evaluaci\u00f3n de idiomas en l\u00ednea, que simplifica la forma de evaluar a sus candidatos, empleados y alumnos.<\/p>\n<p style=\"font-weight: 500; text-align: justify;\">El examen PIPPLET admite m\u00e1s de 40 idiomas y permite una evaluaci\u00f3n a gran escala de las habilidades de comprensi\u00f3n y expresi\u00f3n oral y escrita en contextos del mundo real.<\/p>\n\n\t\t<\/div>\n\t<\/div>\n<\/div><\/div><\/div><div class=\"wpb_column vc_column_container vc_col-sm-2\"><div class=\"vc_column-inner\"><div class=\"wpb_wrapper\">\n\t<div  class=\"wpb_single_image wpb_content_element vc_align_center\">\n\t\t\n\t\t<figure class=\"wpb_wrapper vc_figure\">\n\t\t\t<div class=\"vc_single_image-wrapper   vc_box_border_grey\"><img loading=\"lazy\" decoding=\"async\" width=\"287\" height=\"300\" src=\"https:\/\/abcformation1986.fr\/wp-content\/uploads\/2024\/09\/CLOE-Logo-287x300.png\" class=\"vc_single_image-img attachment-medium\" alt=\"\" srcset=\"https:\/\/abcformation1986.fr\/wp-content\/uploads\/2024\/09\/CLOE-Logo-287x300.png 287w, https:\/\/abcformation1986.fr\/wp-content\/uploads\/2024\/09\/CLOE-Logo-500x522.png 500w, https:\/\/abcformation1986.fr\/wp-content\/uploads\/2024\/09\/CLOE-Logo-11x12.png 11w, https:\/\/abcformation1986.fr\/wp-content\/uploads\/2024\/09\/CLOE-Logo.png 735w\" sizes=\"auto, (max-width: 287px) 100vw, 287px\" \/><\/div>\n\t\t<\/figure>\n\t<\/div>\n<\/div><\/div><\/div>\t<\/div>\n\t\t\t<\/div><div class=\"vc_row wpb_row vc_row-fluid\">\n\t\t\t\t<div class=\"mo-vc-row-ovelay\" style=\"\"><\/div>\n\t\t\t\t<div class=\"container\"><div class=\"wpb_column vc_column_container vc_col-sm-12\"><div class=\"vc_column-inner\"><div class=\"wpb_wrapper\">\n\t<div class=\"wpb_raw_code wpb_content_element wpb_raw_html\" >\n\t\t<div class=\"wpb_wrapper\">\n\t\t\t<!DOCTYPE html>\n<html lang=\"en\">\n\n<head>\n    <meta charset=\"UTF-8\">\n    <meta name=\"viewport\" content=\"width=device-width, initial-scale=1.0\">\n    <title>Anglais<\/title>\n    <link rel=\"stylesheet\" href=\"https:\/\/cdnjs.cloudflare.com\/ajax\/libs\/font-awesome\/5.15.3\/css\/all.min.css\">\n    <style>\n        body {\n            background-color: white;\n            color: black;\n            font-family: Arial, sans-serif;\n            line-height: 1.6;\n        }\n\t\t\n\n        .container5 {\n            width: 100%;\n            margin: auto;\n            overflow: hidden;\n        }\n\n        h3 {\n            text-align: center;\n            color: #33cccc;\n            margin-top: 30px;\n        }\n\n        strong {\n            font-weight: bold;\n        }\n\n        a.LinkOut {\n            color: #33cccc;\n            text-decoration: none;\n        }\n\n        a.LinkOut:hover {\n            text-decoration: underline;\n        }\n\n        \n\n        .level-section {\n            margin: 20px 0;\n        }\n\n        .level-section img {\n            float: left;\n            margin-right: 20px;\n        }\n\n        .level-section p {\n            clear: both;\n        }\n\n        .level-title {\n            color: #33cccc;\n            font-size: 22px;\n\t\t\tfont-weight:600;\n\t\t\tmargin: 70px;\n        }\n\n        .level-description {\n            margin-top: 10px;\n\t\t\tdisplay: grid;\n        }    \n\n        \n\n\n        @media (max-width: 1200px) {\n            .container4 p {\n                padding: 30px 100px;\n            }\n\n            .card {\n                width: 18rem;\n            }\n        }\n\n        @media (max-width: 992px) {\n            .container4 p {\n                padding: 30px 50px;\n            }\n\n            .card {\n                width: 16rem;\n            }\n        }\n\n        @media (max-width: 768px) {\n            .container4 p {\n                padding: 20px 30px;\n            }\n\n            .card {\n                width: 100%;\n                margin: 1rem 0;\n            }\n\n            .cards {\n                flex-direction: column;\n                align-items: center;\n            }\n        }\n\n        @media (max-width: 576px) {\n            .container4 h1 {\n                font-size: 1.5rem;\n                padding: 10px;\n            }\n\n            .container4 p {\n                font-size: 1rem;\n                padding: 10px 20px;\n                margin: 10px auto;\n            }\n\n            .card {\n                padding: 1rem;\n                width: calc(100% - 2rem);\n                margin: 1rem auto;\n            }\n\n            .card h2 {\n                font-size: 1rem;\n            }\n\n            .card p {\n                font-size: 0.875rem;\n            }\n        }\n    <\/style>\n<\/head>\n\n<body>        \n\t\t<h2 style=\"text-align:center; line-height:25px; color:#33cccc\">Niveles de idiomas europeos MCER<\/h2>\n\t\t<div class=\"level-section\">\n            <h3 class=\"level-title\">Nivel A1 MCER (nivel introductorio o de descubrimiento)<\/h3>\n            <img loading=\"lazy\" decoding=\"async\" src=\"https:\/\/abcformation1986.fr\/wp-content\/uploads\/2024\/09\/A1.jpg\" alt=\"A1\" width=\"189\" height=\"163\">\n            <div class=\"level-description\">\n                <p style=\"text-align:justify;\"><strong>A1 - Usuario B\u00e1sico:<\/strong>\nEl nivel A1 es uno de los niveles comunes entre los estudiantes que cursan el BAC en Francia (los que no tienen el nivel A1 son generalmente A2 o B1), excepto en la secci\u00f3n europea\/internacional donde generalmente son B2 o C1. En el nivel A1, comunicarse en ingl\u00e9s mientras se viaja al extranjero sigue siendo dif\u00edcil e incluso provoca ansiedad. Realizar las tareas sencillas asociadas a un viaje (presentarse, realizar tr\u00e1mites sencillos, entender una gu\u00eda en ingl\u00e9s, etc.) no es f\u00e1cil.\n\n<\/p>\n                \n            <\/div>\n        <\/div>\n\n        <div class=\"level-section\">\n            <h3 class=\"level-title\">Nivel A2 MCER (nivel intermedio o habitual)<\/h3>\n            <img loading=\"lazy\" decoding=\"async\" src=\"https:\/\/abcformation1986.fr\/wp-content\/uploads\/2024\/09\/A2.jpg\" alt=\"A2\" width=\"189\" height=\"163\">\n            <div class=\"level-description\">\n                <p style=\"text-align:justify;\"> <strong>A2 - Usuario B\u00e1sico \/ Falso Principiante:<\/strong>\nExcluyendo las secciones europea e internacional, el nivel A2 es el que alcanzan la mayor\u00eda de los estudiantes ingleses en el BAC. En el nivel A2, viajar al extranjero es posible, pero no f\u00e1cil. A este nivel se le suele llamar \"falso principiante\", porque a pesar de adquirir bastante vocabulario, sigues siendo un principiante en tu capacidad de comunicaci\u00f3n. Conseguiremos conocer desconocidos, realizar tr\u00e1mites sencillos como reservar un hotel o hacer un pedido en un restaurante. Sin embargo, comprender a un gu\u00eda durante un recorrido tur\u00edstico puede resultar complicado.<\/p>\n               \n            <\/div>\n        <\/div>\n\n        <div class=\"level-section\">\n            <h3 class=\"level-title\">Nivel B1 del MCER (nivel umbral)<\/h3>\n            <img loading=\"lazy\" decoding=\"async\" src=\"https:\/\/abcformation1986.fr\/wp-content\/uploads\/2024\/09\/B1.jpg\" alt=\"B1\" width=\"189\" height=\"163\">\n            <div class=\"level-description\">\n                <p style=\"text-align:justify;\"><strong>B1 - Usuario independiente:<\/strong>\nEn este tercer nivel de ingl\u00e9s del Marco Com\u00fan Europeo de Referencia para las Lenguas (MCER), se considera a una persona un \"usuario independiente de ingl\u00e9s\". Esto abre las puertas a los viajes, ya que en este nivel uno se siente c\u00f3modo hablando y desenvuelto en el extranjero. En el nivel de Bachillerato, la mayor\u00eda de los estudiantes de las secciones europeas e internacionales (en ingl\u00e9s), as\u00ed como otros estudiantes con talento que se han beneficiado de programas de inmersi\u00f3n ling\u00fc\u00edstica (como el apoyo en ingl\u00e9s), alcanzan un nivel de competencia en ingl\u00e9s B1 (MCER) o superior.<\/p>\n                \n            <\/div>\n        <\/div>\n\n        <div class=\"level-section\">\n            <h3 class=\"level-title\">Nivel B2 MCER (ingl\u00e9s fluido)<\/h3>\n            <img loading=\"lazy\" decoding=\"async\" src=\"https:\/\/abcformation1986.fr\/wp-content\/uploads\/2024\/09\/B2.jpg\" alt=\"B2\" width=\"189\" height=\"163\">\n            <div class=\"level-description\">\n                <p style=\"text-align:justify;\"><strong>B2 - Usuario independiente:<\/strong>\nEn el nivel B2 del Marco Com\u00fan Europeo de Referencia para las Lenguas (MCER), se considera que una persona es un usuario independiente del ingl\u00e9s. Este nivel corresponde a lo que generalmente se denomina \u00abingl\u00e9s fluido\u00bb. El nivel B2 (MCER) es el nivel objetivo del Bachillerato franc\u00e9s, seg\u00fan el Ministerio de Educaci\u00f3n Nacional de Francia (texto completo disponible aqu\u00ed: education.gouv.fr). En la pr\u00e1ctica, son principalmente los estudiantes de las secciones europeas e internacionales quienes alcanzan este nivel, seg\u00fan lo indican las pruebas internacionales.<\/p>\n                \n            <\/div>\n        <\/div>\n\n        <div class=\"level-section\">\n            <h3 class=\"level-title\">Nivel C1 MCER (nivel de ingl\u00e9s avanzado)<\/h3>\n            <img loading=\"lazy\" decoding=\"async\" src=\"https:\/\/abcformation1986.fr\/wp-content\/uploads\/2024\/09\/C1.jpg\" alt=\"C1\" width=\"189\" height=\"163\">\n            <div class=\"level-description\">\n                <p style=\"text-align:justify;\"><strong>C1 - Usuario experimentado:<\/strong>\nEn este 5\u00ba nivel de ingl\u00e9s en la escala europea (MCER), eres un \u201cusuario experimentado de ingl\u00e9s\u201d. En este 5\u00ba nivel de ingl\u00e9s en la escala europea (MCER), eres un \u201cusuario experimentado de ingl\u00e9s\u201d. Seg\u00fan ETS Global, el editor del TOEIC, el nivel C1 de ingl\u00e9s lo alcanzan poco menos del 10% de los candidatos al TOEIC en los niveles Bac +3, Bac +5 y Doctorado en Francia. (\u00a1Tenga en cuenta que los candidatos al TOEIC no son una muestra representativa de su grupo de edad!)<\/p>\n                <!-- <p><a class=\"download-link\" href=\"https:\/\/abcformation1986.fr\/wp-content\/uploads\/2021\/10\/REFERENTIEL-C1.pdf\" target=\"_blank\" rel=\"noopener noreferrer\">T\u00e9l\u00e9charger le r\u00e9f\u00e9rentiel C1<\/a><\/p> -->\n            <\/div>\n        <\/div>\n\n        <div class=\"level-section\">\n            <h3 class=\"level-title\">Nivel C2 MCER (biling\u00fce)<\/h3>\n            <img loading=\"lazy\" decoding=\"async\" src=\"https:\/\/abcformation1986.fr\/wp-content\/uploads\/2024\/09\/C2.jpg\" alt=\"C2\" width=\"189\" height=\"163\">\n            <div class=\"level-description\">\n                <p style=\"text-align:justify;\"><strong>C2 - Usuario experimentado:<\/strong>\nEn este sexto y \u00faltimo nivel del Marco Com\u00fan Europeo de Referencia para las Lenguas (MCER), se considera a una persona un \"usuario experimentado de ingl\u00e9s\". En otras palabras, el nivel C2 lo alcanzan con mayor frecuencia los hablantes nativos de ingl\u00e9s que los hablantes nativos de franc\u00e9s, a menos que hayan estudiado ingl\u00e9s de forma intensiva o hayan pasado una cantidad significativa de tiempo en un pa\u00eds de habla inglesa.<\/p>\n            <\/div>\n        <\/div>\n\t\t\n<\/body>\n<\/html>\n\t\t<\/div>\n\t<\/div>\n<\/div><\/div><\/div>\t<\/div>\n\t\t\t<\/div><div class=\"vc_row wpb_row vc_row-fluid\">\n\t\t\t\t<div class=\"mo-vc-row-ovelay\" style=\"\"><\/div>\n\t\t\t\t<div class=\"container\"><div class=\"wpb_column vc_column_container vc_col-sm-12\"><div class=\"vc_column-inner\"><div class=\"wpb_wrapper\"><div class=\"vc_separator wpb_content_element vc_separator_align_center vc_sep_width_100 vc_sep_pos_align_center vc_separator_no_text vc_sep_color_white\" ><span class=\"vc_sep_holder vc_sep_holder_l\"><span  class=\"vc_sep_line\"><\/span><\/span><span class=\"vc_sep_holder vc_sep_holder_r\"><span  class=\"vc_sep_line\"><\/span><\/span>\n<\/div><\/div><\/div><\/div>\t<\/div>\n\t\t\t<\/div><div class=\"vc_row wpb_row vc_row-fluid\">\n\t\t\t\t<div class=\"mo-vc-row-ovelay\" style=\"\"><\/div>\n\t\t\t\t<div class=\"container\"><div class=\"wpb_column vc_column_container vc_col-sm-12\"><div class=\"vc_column-inner vc_custom_1726831175227\"><div class=\"wpb_wrapper\">\n\t<div class=\"wpb_text_column wpb_content_element\" >\n\t\t<div class=\"wpb_wrapper\">\n\t\t\t<h2 style=\"text-align: justify; line-height: 25px; color: #33cccc;\">prueba de nivel<\/h2>\n\n\t\t<\/div>\n\t<\/div>\n<\/div><\/div><\/div>\t<\/div>\n\t\t\t<\/div><div class=\"vc_row wpb_row vc_row-fluid\">\n\t\t\t\t<div class=\"mo-vc-row-ovelay\" style=\"\"><\/div>\n\t\t\t\t<div class=\"container\"><div class=\"wpb_column vc_column_container vc_col-sm-12\"><div class=\"vc_column-inner vc_custom_1726831137018\"><div class=\"wpb_wrapper\"><div class=\"vc_btn3-container vc_btn3-center\" >\n\t<a class=\"vc_general vc_btn3 vc_btn3-size-md vc_btn3-shape-round vc_btn3-style-3d vc_btn3-color-turquoise\" href=\"https:\/\/docs.google.com\/forms\/d\/1ua3akCXBFbiRIQRL5ONu-jBojjR6jOsK9YBQkYnWeKw\/viewform?edit_requested=true\" title=\"\">Haz clic aqu\u00ed para iniciar tu prueba de nivel<\/a><\/div>\n<\/div><\/div><\/div>\t<\/div>\n\t\t\t<\/div>","protected":false},"excerpt":{"rendered":"Pipplet est la premi\u00e8re solution d'\u00e9valuation linguistique en ligne, qui simplifie la mani\u00e8re dont vous \u00e9valuez vos candidats, vos employ\u00e9s et vos apprenants. L' examen PIPPLET prend en charge plus de 40 langues et permet une \u00e9valuation \u00e0 grande \u00e9chelle des comp\u00e9tences en mati\u00e8re d\u2019expression et de compr\u00e9hension orales et \u00e9crites dans des contextes\u00a0r\u00e9els. Anglais [...]","protected":false},"author":2,"featured_media":0,"parent":0,"menu_order":0,"comment_status":"closed","ping_status":"closed","template":"","meta":{"_uag_custom_page_level_css":"","footnotes":""},"class_list":["post-7186","page","type-page","status-publish","hentry"],"yoast_head":"<!-- This site is optimized with the Yoast SEO plugin v25.2 - https:\/\/yoast.com\/wordpress\/plugins\/seo\/ -->\n<title>Cours d&#039;anglais - Centre de Formation ABC Franconville | FLE | TEF<\/title>\n<meta name=\"robots\" content=\"index, follow, max-snippet:-1, max-image-preview:large, max-video-preview:-1\" \/>\n<link rel=\"canonical\" href=\"https:\/\/abcformation1986.fr\/es\/cours-danglais\/\" \/>\n<meta property=\"og:locale\" content=\"es_ES\" \/>\n<meta property=\"og:type\" content=\"article\" \/>\n<meta property=\"og:title\" content=\"Cours d&#039;anglais - Centre de Formation ABC Franconville | FLE | TEF\" \/>\n<meta property=\"og:url\" content=\"https:\/\/abcformation1986.fr\/es\/cours-danglais\/\" \/>\n<meta property=\"og:site_name\" content=\"Centre de Formation ABC Franconville | FLE | TEF\" \/>\n<meta property=\"article:publisher\" content=\"http:\/\/@abcformation\" \/>\n<meta property=\"article:modified_time\" content=\"2024-09-30T07:35:47+00:00\" \/>\n<meta name=\"twitter:card\" content=\"summary_large_image\" \/>\n<meta name=\"twitter:site\" content=\"@abc_formation\" \/>\n<meta name=\"twitter:label1\" content=\"Tiempo de lectura\" \/>\n\t<meta name=\"twitter:data1\" content=\"1 minuto\" \/>\n<script type=\"application\/ld+json\" class=\"yoast-schema-graph\">{\"@context\":\"https:\/\/schema.org\",\"@graph\":[{\"@type\":\"WebPage\",\"@id\":\"https:\/\/abcformation1986.fr\/es\/cours-danglais\/\",\"url\":\"https:\/\/abcformation1986.fr\/es\/cours-danglais\/\",\"name\":\"Cours d'anglais - Centre de Formation ABC Franconville | FLE | TEF\",\"isPartOf\":{\"@id\":\"https:\/\/abcformation1986.fr\/en\/#website\"},\"datePublished\":\"2023-12-13T13:06:03+00:00\",\"dateModified\":\"2024-09-30T07:35:47+00:00\",\"breadcrumb\":{\"@id\":\"https:\/\/abcformation1986.fr\/es\/cours-danglais\/#breadcrumb\"},\"inLanguage\":\"es\",\"potentialAction\":[{\"@type\":\"ReadAction\",\"target\":[\"https:\/\/abcformation1986.fr\/es\/cours-danglais\/\"]}]},{\"@type\":\"BreadcrumbList\",\"@id\":\"https:\/\/abcformation1986.fr\/es\/cours-danglais\/#breadcrumb\",\"itemListElement\":[{\"@type\":\"ListItem\",\"position\":1,\"name\":\"Home\",\"item\":\"https:\/\/abcformation1986.fr\/en\/\"},{\"@type\":\"ListItem\",\"position\":2,\"name\":\"Cours d&rsquo;anglais\"}]},{\"@type\":\"WebSite\",\"@id\":\"https:\/\/abcformation1986.fr\/en\/#website\",\"url\":\"https:\/\/abcformation1986.fr\/en\/\",\"name\":\"Centre de Formation ABC Franconville | FLE | TEF\",\"description\":\"Acteur historique de  la formation, de l\u2019insertion et de la  reconversion professionnelle depuis 1986\",\"publisher\":{\"@id\":\"https:\/\/abcformation1986.fr\/en\/#organization\"},\"potentialAction\":[{\"@type\":\"SearchAction\",\"target\":{\"@type\":\"EntryPoint\",\"urlTemplate\":\"https:\/\/abcformation1986.fr\/en\/?s={search_term_string}\"},\"query-input\":{\"@type\":\"PropertyValueSpecification\",\"valueRequired\":true,\"valueName\":\"search_term_string\"}}],\"inLanguage\":\"es\"},{\"@type\":\"Organization\",\"@id\":\"https:\/\/abcformation1986.fr\/en\/#organization\",\"name\":\"ABCFORMATION\",\"url\":\"https:\/\/abcformation1986.fr\/en\/\",\"logo\":{\"@type\":\"ImageObject\",\"inLanguage\":\"es\",\"@id\":\"https:\/\/abcformation1986.fr\/en\/#\/schema\/logo\/image\/\",\"url\":\"https:\/\/abcformation1986.fr\/wp-content\/uploads\/2018\/11\/abclogo.png\",\"contentUrl\":\"https:\/\/abcformation1986.fr\/wp-content\/uploads\/2018\/11\/abclogo.png\",\"width\":134,\"height\":82,\"caption\":\"ABCFORMATION\"},\"image\":{\"@id\":\"https:\/\/abcformation1986.fr\/en\/#\/schema\/logo\/image\/\"},\"sameAs\":[\"http:\/\/@abcformation\",\"https:\/\/x.com\/abc_formation\",\"http:\/\/abcformation1986\"]}]}<\/script>\n<!-- \/ Yoast SEO plugin. -->","yoast_head_json":{"title":"Cours d'anglais - Centre de Formation ABC Franconville | FLE | TEF","robots":{"index":"index","follow":"follow","max-snippet":"max-snippet:-1","max-image-preview":"max-image-preview:large","max-video-preview":"max-video-preview:-1"},"canonical":"https:\/\/abcformation1986.fr\/es\/cours-danglais\/","og_locale":"es_ES","og_type":"article","og_title":"Cours d'anglais - Centre de Formation ABC Franconville | FLE | TEF","og_url":"https:\/\/abcformation1986.fr\/es\/cours-danglais\/","og_site_name":"Centre de Formation ABC Franconville | FLE | TEF","article_publisher":"http:\/\/@abcformation","article_modified_time":"2024-09-30T07:35:47+00:00","twitter_card":"summary_large_image","twitter_site":"@abc_formation","twitter_misc":{"Tiempo de lectura":"1 minuto"},"schema":{"@context":"https:\/\/schema.org","@graph":[{"@type":"WebPage","@id":"https:\/\/abcformation1986.fr\/es\/cours-danglais\/","url":"https:\/\/abcformation1986.fr\/es\/cours-danglais\/","name":"Cours d'anglais - Centre de Formation ABC Franconville | FLE | TEF","isPartOf":{"@id":"https:\/\/abcformation1986.fr\/en\/#website"},"datePublished":"2023-12-13T13:06:03+00:00","dateModified":"2024-09-30T07:35:47+00:00","breadcrumb":{"@id":"https:\/\/abcformation1986.fr\/es\/cours-danglais\/#breadcrumb"},"inLanguage":"es","potentialAction":[{"@type":"ReadAction","target":["https:\/\/abcformation1986.fr\/es\/cours-danglais\/"]}]},{"@type":"BreadcrumbList","@id":"https:\/\/abcformation1986.fr\/es\/cours-danglais\/#breadcrumb","itemListElement":[{"@type":"ListItem","position":1,"name":"Home","item":"https:\/\/abcformation1986.fr\/en\/"},{"@type":"ListItem","position":2,"name":"Cours d&rsquo;anglais"}]},{"@type":"WebSite","@id":"https:\/\/abcformation1986.fr\/en\/#website","url":"https:\/\/abcformation1986.fr\/en\/","name":"Centre de Formation ABC Franconville | FLE | TEF","description":"Acteur historique de  la formation, de l\u2019insertion et de la  reconversion professionnelle depuis 1986","publisher":{"@id":"https:\/\/abcformation1986.fr\/en\/#organization"},"potentialAction":[{"@type":"SearchAction","target":{"@type":"EntryPoint","urlTemplate":"https:\/\/abcformation1986.fr\/en\/?s={search_term_string}"},"query-input":{"@type":"PropertyValueSpecification","valueRequired":true,"valueName":"search_term_string"}}],"inLanguage":"es"},{"@type":"Organization","@id":"https:\/\/abcformation1986.fr\/en\/#organization","name":"ABCFORMATION","url":"https:\/\/abcformation1986.fr\/en\/","logo":{"@type":"ImageObject","inLanguage":"es","@id":"https:\/\/abcformation1986.fr\/en\/#\/schema\/logo\/image\/","url":"https:\/\/abcformation1986.fr\/wp-content\/uploads\/2018\/11\/abclogo.png","contentUrl":"https:\/\/abcformation1986.fr\/wp-content\/uploads\/2018\/11\/abclogo.png","width":134,"height":82,"caption":"ABCFORMATION"},"image":{"@id":"https:\/\/abcformation1986.fr\/en\/#\/schema\/logo\/image\/"},"sameAs":["http:\/\/@abcformation","https:\/\/x.com\/abc_formation","http:\/\/abcformation1986"]}]}},"uagb_featured_image_src":{"full":false,"thumbnail":false,"medium":false,"medium_large":false,"large":false,"1536x1536":false,"2048x2048":false,"trp-custom-language-flag":false,"hala-full":false,"hala-medium":false,"hala-small":false,"hala-team":false,"hala-thumb":false,"woocommerce_thumbnail":false,"woocommerce_single":false,"woocommerce_gallery_thumbnail":false},"uagb_author_info":{"display_name":"abc formation","author_link":"https:\/\/abcformation1986.fr\/es\/author\/abcformation\/"},"uagb_comment_info":0,"uagb_excerpt":null,"jetpack_sharing_enabled":true,"_links":{"self":[{"href":"https:\/\/abcformation1986.fr\/es\/wp-json\/wp\/v2\/pages\/7186","targetHints":{"allow":["GET"]}}],"collection":[{"href":"https:\/\/abcformation1986.fr\/es\/wp-json\/wp\/v2\/pages"}],"about":[{"href":"https:\/\/abcformation1986.fr\/es\/wp-json\/wp\/v2\/types\/page"}],"author":[{"embeddable":true,"href":"https:\/\/abcformation1986.fr\/es\/wp-json\/wp\/v2\/users\/2"}],"replies":[{"embeddable":true,"href":"https:\/\/abcformation1986.fr\/es\/wp-json\/wp\/v2\/comments?post=7186"}],"version-history":[{"count":85,"href":"https:\/\/abcformation1986.fr\/es\/wp-json\/wp\/v2\/pages\/7186\/revisions"}],"predecessor-version":[{"id":9949,"href":"https:\/\/abcformation1986.fr\/es\/wp-json\/wp\/v2\/pages\/7186\/revisions\/9949"}],"wp:attachment":[{"href":"https:\/\/abcformation1986.fr\/es\/wp-json\/wp\/v2\/media?parent=7186"}],"curies":[{"name":"wp","href":"https:\/\/api.w.org\/{rel}","templated":true}]}}