{"id":3744,"date":"2021-09-10T07:35:13","date_gmt":"2021-09-10T07:35:13","guid":{"rendered":"https:\/\/abcformation1986.fr\/?page_id=3744"},"modified":"2024-07-26T13:23:25","modified_gmt":"2024-07-26T13:23:25","slug":"reglement-interieur-stagaire","status":"publish","type":"page","link":"https:\/\/abcformation1986.fr\/es\/reglement-interieur-stagaire\/","title":{"rendered":"R\u00e8glement int\u00e9rieur stagaire"},"content":{"rendered":"<div class=\"vc_row wpb_row vc_row-fluid\">\n\t\t\t\t<div class=\"mo-vc-row-ovelay\" style=\"\"><\/div>\n\t\t\t\t<div class=\"container\"><div class=\"wpb_column vc_column_container vc_col-sm-10\"><div class=\"vc_column-inner\"><div class=\"wpb_wrapper\">\n\t<div class=\"wpb_text_column wpb_content_element\" >\n\t\t<div class=\"wpb_wrapper\">\n\t\t\t<h2 style=\"text-align: center;\"><span style=\"color: #33cccc;\">Descubra nuestro Reglamento Interno de Pr\u00e1cticas\u00a0<\/span><\/h2>\n<p style=\"text-align: justify;\"><strong><em>Este reglamento debe ser le\u00eddo, fechado y firmado por el alumno. Tomar\u00e1 conocimiento de ello antes de acceder a las pr\u00e1cticas y deber\u00e1 cumplirlo durante toda la duraci\u00f3n de la acci\u00f3n.<\/em><\/strong><\/p>\n<p><span style=\"color: #33cccc;\"><strong>ART\u00cdCULO 1<\/strong><\/span><\/p>\n<p style=\"text-align: justify;\">Los alumnos deben respetar los horarios de formaci\u00f3n establecidos por el centro de formaci\u00f3n y comunicados a su conocimiento ya sea por invitaci\u00f3n, cuando se env\u00eda el programa, o por correo electr\u00f3nico por parte del formador o el director de la organizaci\u00f3n educativa.<\/p>\n<p><span style=\"color: #33cccc;\"><strong>ART\u00cdCULO 2<\/strong><\/span><\/p>\n<p style=\"text-align: justify;\">El horario de apertura del centro de formaci\u00f3n es de 9:00 a 12:00 horas y de 13:30 a 17:00 horas.<\/p>\n<p><span style=\"color: #33cccc;\"><strong>ART\u00cdCULO 3<\/strong><\/span><br \/>\nDurante la jornada de entrenamiento est\u00e1 previsto un descanso de 1\/4 de hora por la ma\u00f1ana y 1\/4 de hora por la tarde.<\/p>\n<p><span style=\"color: #33cccc;\"><strong>ART\u00cdCULO 4<\/strong><\/span><\/p>\n<p style=\"text-align: justify;\">Cualquier persona no inscrita para realizar pr\u00e1cticas tiene prohibida la entrada al centro, a las obras al aire libre y durante las pr\u00e1cticas en empresas.<\/p>\n<p><span style=\"color: #33cccc;\"><strong>ART\u00cdCULO 5<\/strong><\/span><\/p>\n<p style=\"text-align: justify;\">Se requiere vestimenta adecuada y decente. No se tolerar\u00e1 ning\u00fan signo de pertenencia a un grupo religioso (velo, cruz, etc.), pol\u00edtico o de otro tipo, dentro del centro de formaci\u00f3n ni durante las pr\u00e1cticas en la empresa.<\/p>\n<p><strong>En particular, quedan prohibidos:<\/strong><\/p>\n<p style=\"text-align: justify;\">Ropa con agujeros o lemas que inciten al odio, al racismo y al consumo de productos il\u00edcitos.<\/p>\n<p><span style=\"color: #33cccc;\"><strong>ART\u00cdCULO 6<\/strong><\/span><\/p>\n<p>Para justificar la asistencia de los alumnos se deber\u00e1 firmar una hoja de asistencia cada media jornada.<\/p>\n<p style=\"text-align: justify;\">6.1 En caso de ausencia, el alumno deber\u00e1 notificarlo al responsable de pr\u00e1cticas o a la secretar\u00eda de la organizaci\u00f3n con una antelaci\u00f3n m\u00ednima de 48 horas y aportar prueba.<\/p>\n<p style=\"text-align: justify;\">6.2 Cualquier ausencia injustificada constituye una infracci\u00f3n sujeta a sanciones y dar\u00e1 lugar a la facturaci\u00f3n al alumno o a su empresa.<\/p>\n<p style=\"text-align: justify;\">6.3 Para los pasantes que buscan empleo, remunerado por el estado o la regi\u00f3n, cualquier ausencia injustificada dar\u00e1 lugar a una retenci\u00f3n de la remuneraci\u00f3n proporcional a la duraci\u00f3n de la ausencia. En caso de retrasos o ausencias repetitivas o injustificadas, las sanciones ser\u00e1n adoptadas por el formador.<\/p>\n<p><span style=\"color: #33cccc;\"><strong>ART\u00cdCULO 7<\/strong><\/span><\/p>\n<p style=\"text-align: justify;\">Los retrasos repetidos constituyen un delito punible con sanciones y pueden dar lugar a la deducci\u00f3n de un d\u00eda de salario para los pasantes que buscan empleo, pagado por el estado o la regi\u00f3n.<\/p>\n<p><span style=\"color: #33cccc;\"><strong>ART\u00cdCULO 8<\/strong><\/span><\/p>\n<p style=\"text-align: justify;\">Enfermedad Las ausencias por enfermedad deber\u00e1n justificarse mediante certificado m\u00e9dico que indique la duraci\u00f3n probable de la incapacidad, dentro de las 48 horas siguientes al inicio de la ausencia. Cualquier extensi\u00f3n del paro laboral deber\u00e1 comunicarse con la suficiente antelaci\u00f3n.<\/p>\n<p><span style=\"color: #33cccc;\"><strong>ART\u00cdCULO 9<\/strong><\/span><\/p>\n<p style=\"text-align: justify;\">Est\u00e1n prohibidas las actitudes provocativas, el incumplimiento de las obligaciones de seguridad y los comportamientos que puedan ejercer presi\u00f3n sobre otros alumnos, perturbar el desarrollo de las actividades docentes o alterar el orden en el establecimiento. Los alumnos deben respetar las normas de cortes\u00eda y cortes\u00eda entre ellos mismos y hacia todo el personal del establecimiento y los visitantes.<\/p>\n<p style=\"text-align: justify;\">Deber\u00e1n abstenerse en el establecimiento y su entorno de cualquier manifestaci\u00f3n de agresi\u00f3n, violencia o afecto entre ellos que pueda desviarse de relaciones de estricta camarader\u00eda. Cualquier agresi\u00f3n sexual tal como se define en los art\u00edculos 222-22 a 222- del nuevo c\u00f3digo penal podr\u00e1 ser objeto de informaci\u00f3n o denuncia ante las autoridades judiciales. Lo mismo se aplicar\u00e1 a todos los hechos comprendidos en el \u00e1mbito de aplicaci\u00f3n de los art\u00edculos 434-1 y siguientes del nuevo C\u00f3digo Penal.<\/p>\n<p><span style=\"color: #33cccc;\"><strong>ART\u00cdCULO 10<\/strong><\/span><\/p>\n<p>Est\u00e1 prohibido el consumo de alcohol o cualquier otra droga en el centro, talleres, m\u00f3dulos o durante las pr\u00e1cticas en la empresa.<\/p>\n<p><span style=\"color: #33cccc;\"><strong>ART\u00cdCULO 11<\/strong><\/span><\/p>\n<p>Est\u00e1 prohibido fumar en el centro de formaci\u00f3n y en las aulas.<br \/>\nProcedimiento<br \/>\n11.1 El aprendiz contra el cual el director de la organizaci\u00f3n planea imponer una sanci\u00f3n ser\u00e1 citado a una entrevista por carta certificada o entregado contra el alta. Durante la entrevista y el consejo disciplinario, el alumno puede contar con la asistencia de una persona de su elecci\u00f3n, ya sea alumno o empleado de la organizaci\u00f3n de formaci\u00f3n.<br \/>\n11.2 Notificaci\u00f3n La sanci\u00f3n ser\u00e1 objeto de decisi\u00f3n escrita y motivada, notificada al interesado en forma de carta certificada o entregada contra el alta dentro de los 15 d\u00edas siguientes al consejo disciplinario.<br \/>\nAdem\u00e1s, la direcci\u00f3n del centro informar\u00e1 a la empresa que remunera al becario as\u00ed como a los patrocinadores de las pr\u00e1cticas de la sanci\u00f3n impuesta al becario.<\/p>\n<p><span style=\"color: #33cccc;\"><strong>ART\u00cdCULO 12<\/strong><\/span><\/p>\n<p>El tel\u00e9fono y el uso de Internet est\u00e1n reservados exclusivamente a la b\u00fasqueda de empleo.<\/p>\n<p>6.1 No se podr\u00e1 transmitir ninguna comunicaci\u00f3n exterior a los alumnos excepto en casos urgentes y graves.<\/p>\n<p style=\"text-align: justify;\">12.2 Les t\u00e9l\u00e9phones cellulaires devront \u00eatre \u00e9teints pendant les heures de formation et hors de port\u00e9e de l\u2019apprenant pendant les passages de certifications<\/p>\n<p><span style=\"color: #33cccc;\"><strong>ART\u00cdCULO 13<\/strong><\/span><\/p>\n<p style=\"text-align: justify;\">Protecci\u00f3n de bienes e instalaciones El uso de herramientas, m\u00e1quinas y sistemas inform\u00e1ticos s\u00f3lo debe realizarse en el marco de una formaci\u00f3n y bajo la supervisi\u00f3n de formadores.<\/p>\n<p>7.1Cada alumno es personalmente responsable del equipo que utiliza o que la organizaci\u00f3n le conf\u00eda.<\/p>\n<p style=\"text-align: justify;\">7.2 La p\u00e9rdida o deterioro de los materiales utilizados podr\u00e1 considerarse un defecto y deber\u00e1 ponerse en conocimiento de la direcci\u00f3n, quien tomar\u00e1 las medidas necesarias.<\/p>\n<p><span style=\"color: #33cccc;\"><strong>ART\u00cdCULO 14<\/strong><\/span><\/p>\n<p style=\"text-align: justify;\">Incendio Cualquier anomal\u00eda, accidente o incendio deber\u00e1 ser comunicado a los entrenadores, a la secretar\u00eda o a la direcci\u00f3n.<\/p>\n<p style=\"text-align: justify;\">Los dispositivos de alerta y seguridad contra incendios est\u00e1n expuestos en las distintas instalaciones de la organizaci\u00f3n para que sean conocidos por todos los alumnos.<\/p>\n<p><span style=\"color: #33cccc;\"><strong>ARTICLE 15<\/strong><\/span><\/p>\n<p style=\"text-align: justify;\">Se recomienda a los pasantes llevar consigo sus papeles y dinero y no dejar objetos de valor desatendidos en las instalaciones. ABC FORMATION declina toda responsabilidad en caso de robo.<\/p>\n<p><span style=\"color: #33cccc;\"><strong>ART\u00cdCULO 16<\/strong><\/span><\/p>\n<p>Cumplimiento de las normas y protocolos vigentes dentro del centro de formaci\u00f3n para combatir la propagaci\u00f3n del virus COVID-19<\/p>\n<p><span style=\"color: #33cccc;\"><strong>ART\u00cdCULO 17<\/strong><\/span><\/p>\n<p style=\"text-align: justify;\">Estacionamiento Los veh\u00edculos de los aprendices deber\u00e1n estacionarse en las zonas de estacionamiento de la organizaci\u00f3n, respetando el estacionamiento prohibido o reservado.<\/p>\n<p><span style=\"color: #33cccc;\"><strong>ART\u00cdCULO 18<\/strong><\/span><\/p>\n<p style=\"text-align: justify;\">En ning\u00fan caso el alumno deber\u00e1 abandonar el establecimiento por iniciativa propia fuera del horario previsto. Cualquier salida fuera de este horario previsto s\u00f3lo podr\u00e1 realizarse previa autorizaci\u00f3n del Director del Centro o del responsable educativo.<\/p>\n<p><span style=\"color: #33cccc;\"><strong>ART\u00cdCULO 19<\/strong><\/span><\/p>\n<p>La progresi\u00f3n de las sanciones en caso de incumplimiento de los art\u00edculos 1 a 9 es:<\/p>\n<ol style=\"line-height: 25px;\">\n<li>citaci\u00f3n escrita,<\/li>\n<li>Entrevista con el director del centro,<\/li>\n<li>Advertencia escrita,<\/li>\n<li>exclusi\u00f3n temporal,<\/li>\n<li>Exclusi\u00f3n permanente<\/li>\n<\/ol>\n\n\t\t<\/div>\n\t<\/div>\n<\/div><\/div><\/div><div class=\"wpb_column vc_column_container vc_col-sm-2\"><div class=\"vc_column-inner\"><div class=\"wpb_wrapper\">\n\t<div  class=\"wpb_single_image wpb_content_element vc_align_right  wpb_animate_when_almost_visible wpb_bounceInRight bounceInRight\">\n\t\t\n\t\t<figure class=\"wpb_wrapper vc_figure\">\n\t\t\t<div class=\"vc_single_image-wrapper vc_box_shadow  vc_box_border_grey\"><img loading=\"lazy\" decoding=\"async\" width=\"300\" height=\"181\" src=\"https:\/\/abcformation1986.fr\/wp-content\/uploads\/2022\/04\/Label_FLE_RF_qualiopi-003-e1650633417324.jpg\" class=\"vc_single_image-img attachment-full\" alt=\"\" \/><\/div>\n\t\t<\/figure>\n\t<\/div>\n<\/div><\/div><\/div>\t<\/div>\n\t\t\t<\/div>","protected":false},"excerpt":{"rendered":"D\u00e9couvrez notre R\u00e8glement Int\u00e9rieur Stagiaire\u00a0 Ce r\u00e8glement devra \u00eatre lu, dat\u00e9 et sign\u00e9 par le stagiaire. Il en prendra connaissance avant son entr\u00e9e en stage et devra s'y conformer pendant toute la dur\u00e9e de l'action. ARTICLE 1 Les stagiaires sont tenus de respecter les horaires de stage fix\u00e9s par le centre de formation et port\u00e9 [...]","protected":false},"author":2,"featured_media":0,"parent":0,"menu_order":0,"comment_status":"closed","ping_status":"closed","template":"","meta":{"_uag_custom_page_level_css":"","footnotes":""},"class_list":["post-3744","page","type-page","status-publish","hentry"],"yoast_head":"<!-- This site is optimized with the Yoast SEO plugin v25.2 - https:\/\/yoast.com\/wordpress\/plugins\/seo\/ -->\n<title>R\u00e8glement int\u00e9rieur stagaire - Centre de Formation ABC Franconville | FLE | TEF<\/title>\n<meta name=\"robots\" content=\"index, follow, max-snippet:-1, max-image-preview:large, max-video-preview:-1\" \/>\n<link rel=\"canonical\" href=\"https:\/\/abcformation1986.fr\/es\/reglement-interieur-stagaire\/\" \/>\n<meta property=\"og:locale\" content=\"es_ES\" \/>\n<meta property=\"og:type\" content=\"article\" \/>\n<meta property=\"og:title\" content=\"R\u00e8glement int\u00e9rieur stagaire - Centre de Formation ABC Franconville | FLE | TEF\" \/>\n<meta property=\"og:url\" content=\"https:\/\/abcformation1986.fr\/es\/reglement-interieur-stagaire\/\" \/>\n<meta property=\"og:site_name\" content=\"Centre de Formation ABC Franconville | FLE | TEF\" \/>\n<meta property=\"article:publisher\" content=\"http:\/\/@abcformation\" \/>\n<meta property=\"article:modified_time\" content=\"2024-07-26T13:23:25+00:00\" \/>\n<meta name=\"twitter:card\" content=\"summary_large_image\" \/>\n<meta name=\"twitter:site\" content=\"@abc_formation\" \/>\n<meta name=\"twitter:label1\" content=\"Tiempo de lectura\" \/>\n\t<meta name=\"twitter:data1\" content=\"6 minutos\" \/>\n<script type=\"application\/ld+json\" class=\"yoast-schema-graph\">{\"@context\":\"https:\/\/schema.org\",\"@graph\":[{\"@type\":\"WebPage\",\"@id\":\"https:\/\/abcformation1986.fr\/reglement-interieur-stagaire\/\",\"url\":\"https:\/\/abcformation1986.fr\/reglement-interieur-stagaire\/\",\"name\":\"R\u00e8glement int\u00e9rieur stagaire - Centre de Formation ABC Franconville | FLE | TEF\",\"isPartOf\":{\"@id\":\"https:\/\/abcformation1986.fr\/#website\"},\"datePublished\":\"2021-09-10T07:35:13+00:00\",\"dateModified\":\"2024-07-26T13:23:25+00:00\",\"breadcrumb\":{\"@id\":\"https:\/\/abcformation1986.fr\/reglement-interieur-stagaire\/#breadcrumb\"},\"inLanguage\":\"es\",\"potentialAction\":[{\"@type\":\"ReadAction\",\"target\":[\"https:\/\/abcformation1986.fr\/reglement-interieur-stagaire\/\"]}]},{\"@type\":\"BreadcrumbList\",\"@id\":\"https:\/\/abcformation1986.fr\/reglement-interieur-stagaire\/#breadcrumb\",\"itemListElement\":[{\"@type\":\"ListItem\",\"position\":1,\"name\":\"Home\",\"item\":\"https:\/\/abcformation1986.fr\/\"},{\"@type\":\"ListItem\",\"position\":2,\"name\":\"R\u00e8glement int\u00e9rieur stagaire\"}]},{\"@type\":\"WebSite\",\"@id\":\"https:\/\/abcformation1986.fr\/#website\",\"url\":\"https:\/\/abcformation1986.fr\/\",\"name\":\"Centre de Formation ABC Franconville | FLE | TEF\",\"description\":\"Acteur historique de  la formation, de l\u2019insertion et de la  reconversion professionnelle depuis 1986\",\"publisher\":{\"@id\":\"https:\/\/abcformation1986.fr\/#organization\"},\"potentialAction\":[{\"@type\":\"SearchAction\",\"target\":{\"@type\":\"EntryPoint\",\"urlTemplate\":\"https:\/\/abcformation1986.fr\/?s={search_term_string}\"},\"query-input\":{\"@type\":\"PropertyValueSpecification\",\"valueRequired\":true,\"valueName\":\"search_term_string\"}}],\"inLanguage\":\"es\"},{\"@type\":\"Organization\",\"@id\":\"https:\/\/abcformation1986.fr\/#organization\",\"name\":\"ABCFORMATION\",\"url\":\"https:\/\/abcformation1986.fr\/\",\"logo\":{\"@type\":\"ImageObject\",\"inLanguage\":\"es\",\"@id\":\"https:\/\/abcformation1986.fr\/#\/schema\/logo\/image\/\",\"url\":\"https:\/\/abcformation1986.fr\/wp-content\/uploads\/2018\/11\/abclogo.png\",\"contentUrl\":\"https:\/\/abcformation1986.fr\/wp-content\/uploads\/2018\/11\/abclogo.png\",\"width\":134,\"height\":82,\"caption\":\"ABCFORMATION\"},\"image\":{\"@id\":\"https:\/\/abcformation1986.fr\/#\/schema\/logo\/image\/\"},\"sameAs\":[\"http:\/\/@abcformation\",\"https:\/\/x.com\/abc_formation\",\"http:\/\/abcformation1986\"]}]}<\/script>\n<!-- \/ Yoast SEO plugin. -->","yoast_head_json":{"title":"R\u00e8glement int\u00e9rieur stagaire - Centre de Formation ABC Franconville | FLE | TEF","robots":{"index":"index","follow":"follow","max-snippet":"max-snippet:-1","max-image-preview":"max-image-preview:large","max-video-preview":"max-video-preview:-1"},"canonical":"https:\/\/abcformation1986.fr\/es\/reglement-interieur-stagaire\/","og_locale":"es_ES","og_type":"article","og_title":"R\u00e8glement int\u00e9rieur stagaire - Centre de Formation ABC Franconville | FLE | TEF","og_url":"https:\/\/abcformation1986.fr\/es\/reglement-interieur-stagaire\/","og_site_name":"Centre de Formation ABC Franconville | FLE | TEF","article_publisher":"http:\/\/@abcformation","article_modified_time":"2024-07-26T13:23:25+00:00","twitter_card":"summary_large_image","twitter_site":"@abc_formation","twitter_misc":{"Tiempo de lectura":"6 minutos"},"schema":{"@context":"https:\/\/schema.org","@graph":[{"@type":"WebPage","@id":"https:\/\/abcformation1986.fr\/reglement-interieur-stagaire\/","url":"https:\/\/abcformation1986.fr\/reglement-interieur-stagaire\/","name":"R\u00e8glement int\u00e9rieur stagaire - Centre de Formation ABC Franconville | FLE | TEF","isPartOf":{"@id":"https:\/\/abcformation1986.fr\/#website"},"datePublished":"2021-09-10T07:35:13+00:00","dateModified":"2024-07-26T13:23:25+00:00","breadcrumb":{"@id":"https:\/\/abcformation1986.fr\/reglement-interieur-stagaire\/#breadcrumb"},"inLanguage":"es","potentialAction":[{"@type":"ReadAction","target":["https:\/\/abcformation1986.fr\/reglement-interieur-stagaire\/"]}]},{"@type":"BreadcrumbList","@id":"https:\/\/abcformation1986.fr\/reglement-interieur-stagaire\/#breadcrumb","itemListElement":[{"@type":"ListItem","position":1,"name":"Home","item":"https:\/\/abcformation1986.fr\/"},{"@type":"ListItem","position":2,"name":"R\u00e8glement int\u00e9rieur stagaire"}]},{"@type":"WebSite","@id":"https:\/\/abcformation1986.fr\/#website","url":"https:\/\/abcformation1986.fr\/","name":"Centre de Formation ABC Franconville | FLE | TEF","description":"Acteur historique de  la formation, de l\u2019insertion et de la  reconversion professionnelle depuis 1986","publisher":{"@id":"https:\/\/abcformation1986.fr\/#organization"},"potentialAction":[{"@type":"SearchAction","target":{"@type":"EntryPoint","urlTemplate":"https:\/\/abcformation1986.fr\/?s={search_term_string}"},"query-input":{"@type":"PropertyValueSpecification","valueRequired":true,"valueName":"search_term_string"}}],"inLanguage":"es"},{"@type":"Organization","@id":"https:\/\/abcformation1986.fr\/#organization","name":"ABCFORMATION","url":"https:\/\/abcformation1986.fr\/","logo":{"@type":"ImageObject","inLanguage":"es","@id":"https:\/\/abcformation1986.fr\/#\/schema\/logo\/image\/","url":"https:\/\/abcformation1986.fr\/wp-content\/uploads\/2018\/11\/abclogo.png","contentUrl":"https:\/\/abcformation1986.fr\/wp-content\/uploads\/2018\/11\/abclogo.png","width":134,"height":82,"caption":"ABCFORMATION"},"image":{"@id":"https:\/\/abcformation1986.fr\/#\/schema\/logo\/image\/"},"sameAs":["http:\/\/@abcformation","https:\/\/x.com\/abc_formation","http:\/\/abcformation1986"]}]}},"uagb_featured_image_src":{"full":false,"thumbnail":false,"medium":false,"medium_large":false,"large":false,"1536x1536":false,"2048x2048":false,"trp-custom-language-flag":false,"hala-full":false,"hala-medium":false,"hala-small":false,"hala-team":false,"hala-thumb":false,"woocommerce_thumbnail":false,"woocommerce_single":false,"woocommerce_gallery_thumbnail":false},"uagb_author_info":{"display_name":"abc formation","author_link":"https:\/\/abcformation1986.fr\/es\/author\/abcformation\/"},"uagb_comment_info":0,"uagb_excerpt":null,"jetpack_sharing_enabled":true,"_links":{"self":[{"href":"https:\/\/abcformation1986.fr\/es\/wp-json\/wp\/v2\/pages\/3744","targetHints":{"allow":["GET"]}}],"collection":[{"href":"https:\/\/abcformation1986.fr\/es\/wp-json\/wp\/v2\/pages"}],"about":[{"href":"https:\/\/abcformation1986.fr\/es\/wp-json\/wp\/v2\/types\/page"}],"author":[{"embeddable":true,"href":"https:\/\/abcformation1986.fr\/es\/wp-json\/wp\/v2\/users\/2"}],"replies":[{"embeddable":true,"href":"https:\/\/abcformation1986.fr\/es\/wp-json\/wp\/v2\/comments?post=3744"}],"version-history":[{"count":5,"href":"https:\/\/abcformation1986.fr\/es\/wp-json\/wp\/v2\/pages\/3744\/revisions"}],"predecessor-version":[{"id":9353,"href":"https:\/\/abcformation1986.fr\/es\/wp-json\/wp\/v2\/pages\/3744\/revisions\/9353"}],"wp:attachment":[{"href":"https:\/\/abcformation1986.fr\/es\/wp-json\/wp\/v2\/media?parent=3744"}],"curies":[{"name":"wp","href":"https:\/\/api.w.org\/{rel}","templated":true}]}}