{"id":3598,"date":"2021-08-31T08:29:34","date_gmt":"2021-08-31T08:29:34","guid":{"rendered":"https:\/\/abcformation1986.fr\/?post_type=product&#038;p=3598"},"modified":"2025-04-18T12:05:31","modified_gmt":"2025-04-18T12:05:31","slug":"le-diplome-de-francais-professionnel-tourisme-hotellerie-restauration-niveau-b2","status":"publish","type":"product","link":"https:\/\/abcformation1986.fr\/en\/product\/le-diplome-de-francais-professionnel-tourisme-hotellerie-restauration-niveau-b2\/","title":{"rendered":"THE PROFESSIONAL FRENCH DIPLOMA TOURISM HOSPITALITY RESTAURANT level B2"},"content":{"rendered":"<p><strong>The<\/strong>\u00a0<strong>Dipl\u00f4me de fran\u00e7ais du Tourisme-H\u00f4tellerie-Restauration B2<\/strong>\u00a0certifies proficiency in French\u00a0<strong>independent level<\/strong>, which allows the user to communicate effectively in a\u00a0<strong>wide range of professional communication situations<\/strong>.<\/p>\n<p>The holder of this diploma can carry out, orally and in writing, tasks of<strong>\u00a0professional communication<\/strong>, in the<strong>set of standard situations<\/strong>d of his professional environment, including those which involve a certain\u00a0<strong>management of the unexpected.<\/strong><\/p>\n<p><strong><em>Understanding and processing information<\/em><\/strong><\/p>\n<p>The candidate can understand specialized descriptions relating to the field of tourism (guides, specialized press, specialized works: history, geography, architecture, etc.)<br \/>\nHe\/She can understand and respond to complaints by providing a personalized solution.<br \/>\nHe\/She can write the presentation text for a tourist product to promote it.<\/p>\n<p><strong><em>Interact orally<\/em><\/strong><\/p>\n<p>The candidate is able to present information in a structured, attractive and original way, to persuade and captivate their client or audience.<\/p>","protected":false},"excerpt":{"rendered":"<p>Valable \u00e0 vie, ce dipl\u00f4me vous permettra d&rsquo;attester de vos capacit\u00e9s \u00e0 travailler en fran\u00e7ais \u00e0 travers l\u2019accomplissement de t\u00e2ches professionnelles :\u00a0<strong>r\u00e9servations, conseil aux clients, visites guid\u00e9es.<\/strong><\/p>\n<p>Ce dipl\u00f4me s\u2019adresse aux\u00a0<strong>professionals<\/strong>\u00a0de l\u2019<strong>h\u00f4tellerie, du tourisme et de la restauration<\/strong>\u00a0qui ont\u00a0 pour mission d\u2019accueillir des clients. Par exemple, des\u00a0<strong>r\u00e9ceptionnistes<\/strong>,\u00a0<strong>agents d\u2019escale, conseillers\u00a0 voyage, forfaitistes, guides touristique, animateurs, serveurs et chefs de rang<\/strong>.<\/p>\n<p>Ce test est disponible dans trois\u00a0niveaux : A2, B1, et B2.<\/p>\n<p>Les Dipl\u00f4mes de fran\u00e7ais professionnel sont \u00e9galement reconnus par le Minist\u00e8re de l\u2019int\u00e9rieur\u00a0pour valider votre niveau de fran\u00e7ais dans le cadre d\u2019une demande de\u00a0<strong>Resident Card<\/strong>\u00a0or\u00a0<strong>naturalization<\/strong>\u00a0with the French State.<\/p>","protected":false},"featured_media":10332,"template":"","meta":{"_uag_custom_page_level_css":""},"product_brand":[],"product_cat":[111],"product_tag":[],"class_list":{"0":"post-3598","1":"product","2":"type-product","3":"status-publish","4":"has-post-thumbnail","6":"product_cat-dfp","8":"first","9":"instock","10":"taxable","11":"shipping-taxable","12":"purchasable","13":"product-type-simple"},"yoast_head":"<!-- This site is optimized with the Yoast SEO plugin v25.2 - https:\/\/yoast.com\/wordpress\/plugins\/seo\/ -->\n<title>LE DIPL\u00d4ME DE FRAN\u00c7AIS PROFESSIONNEL TOURISME H\u00d4TELLERIE RESTAURATION niveau B2 - Centre de Formation ABC Franconville | FLE | TEF<\/title>\n<meta name=\"robots\" content=\"index, follow, max-snippet:-1, max-image-preview:large, max-video-preview:-1\" \/>\n<link rel=\"canonical\" href=\"https:\/\/abcformation1986.fr\/en\/product\/le-diplome-de-francais-professionnel-tourisme-hotellerie-restauration-niveau-b2\/\" \/>\n<meta property=\"og:locale\" content=\"en_US\" \/>\n<meta property=\"og:type\" content=\"article\" \/>\n<meta property=\"og:title\" content=\"LE DIPL\u00d4ME DE FRAN\u00c7AIS PROFESSIONNEL TOURISME H\u00d4TELLERIE RESTAURATION niveau B2 - Centre de Formation ABC Franconville | FLE | TEF\" \/>\n<meta property=\"og:description\" content=\"Valable \u00e0 vie, ce dipl\u00f4me vous permettra d&#039;attester de vos capacit\u00e9s \u00e0 travailler en fran\u00e7ais \u00e0 travers l\u2019accomplissement de t\u00e2ches professionnelles :\u00a0r\u00e9servations, conseil aux clients, visites guid\u00e9es.  Ce dipl\u00f4me s\u2019adresse aux\u00a0professionnels\u00a0de l\u2019h\u00f4tellerie, du tourisme et de la restauration\u00a0qui ont\u00a0 pour mission d\u2019accueillir des clients. Par exemple, des\u00a0r\u00e9ceptionnistes,\u00a0agents d\u2019escale, conseillers\u00a0 voyage, forfaitistes, guides touristique, animateurs, serveurs et chefs de rang.  Ce test est disponible dans trois\u00a0niveaux : A2, B1, et B2.  Les Dipl\u00f4mes de fran\u00e7ais professionnel sont \u00e9galement reconnus par le Minist\u00e8re de l\u2019int\u00e9rieur\u00a0pour valider votre niveau de fran\u00e7ais dans le cadre d\u2019une demande de\u00a0carte de r\u00e9sident\u00a0ou de\u00a0naturalisation\u00a0aupr\u00e8s de l\u2019\u00c9tat fran\u00e7ais.\" \/>\n<meta property=\"og:url\" content=\"https:\/\/abcformation1986.fr\/en\/product\/le-diplome-de-francais-professionnel-tourisme-hotellerie-restauration-niveau-b2\/\" \/>\n<meta property=\"og:site_name\" content=\"Centre de Formation ABC Franconville | FLE | TEF\" \/>\n<meta property=\"article:publisher\" content=\"http:\/\/@abcformation\" \/>\n<meta property=\"article:modified_time\" content=\"2025-04-18T12:05:31+00:00\" \/>\n<meta property=\"og:image\" content=\"https:\/\/abcformation1986.fr\/wp-content\/uploads\/2021\/08\/DFP-THR-B2.png\" \/>\n\t<meta property=\"og:image:width\" content=\"300\" \/>\n\t<meta property=\"og:image:height\" content=\"300\" \/>\n\t<meta property=\"og:image:type\" content=\"image\/png\" \/>\n<meta name=\"twitter:card\" content=\"summary_large_image\" \/>\n<meta name=\"twitter:site\" content=\"@abc_formation\" \/>\n<meta name=\"twitter:label1\" content=\"Est. reading time\" \/>\n\t<meta name=\"twitter:data1\" content=\"1 minute\" \/>\n<script type=\"application\/ld+json\" class=\"yoast-schema-graph\">{\"@context\":\"https:\/\/schema.org\",\"@graph\":[{\"@type\":\"WebPage\",\"@id\":\"https:\/\/abcformation1986.fr\/ar\/product\/le-diplome-de-francais-professionnel-tourisme-hotellerie-restauration-niveau-b2\/\",\"url\":\"https:\/\/abcformation1986.fr\/ar\/product\/le-diplome-de-francais-professionnel-tourisme-hotellerie-restauration-niveau-b2\/\",\"name\":\"LE DIPL\u00d4ME DE FRAN\u00c7AIS PROFESSIONNEL TOURISME H\u00d4TELLERIE RESTAURATION niveau B2 - Centre de Formation ABC Franconville | FLE | TEF\",\"isPartOf\":{\"@id\":\"https:\/\/abcformation1986.fr\/en\/#website\"},\"primaryImageOfPage\":{\"@id\":\"https:\/\/abcformation1986.fr\/ar\/product\/le-diplome-de-francais-professionnel-tourisme-hotellerie-restauration-niveau-b2\/#primaryimage\"},\"image\":{\"@id\":\"https:\/\/abcformation1986.fr\/ar\/product\/le-diplome-de-francais-professionnel-tourisme-hotellerie-restauration-niveau-b2\/#primaryimage\"},\"thumbnailUrl\":\"https:\/\/abcformation1986.fr\/wp-content\/uploads\/2021\/08\/DFP-THR-B2.png\",\"datePublished\":\"2021-08-31T08:29:34+00:00\",\"dateModified\":\"2025-04-18T12:05:31+00:00\",\"breadcrumb\":{\"@id\":\"https:\/\/abcformation1986.fr\/ar\/product\/le-diplome-de-francais-professionnel-tourisme-hotellerie-restauration-niveau-b2\/#breadcrumb\"},\"inLanguage\":\"en-US\",\"potentialAction\":[{\"@type\":\"ReadAction\",\"target\":[\"https:\/\/abcformation1986.fr\/ar\/product\/le-diplome-de-francais-professionnel-tourisme-hotellerie-restauration-niveau-b2\/\"]}]},{\"@type\":\"ImageObject\",\"inLanguage\":\"en-US\",\"@id\":\"https:\/\/abcformation1986.fr\/ar\/product\/le-diplome-de-francais-professionnel-tourisme-hotellerie-restauration-niveau-b2\/#primaryimage\",\"url\":\"https:\/\/abcformation1986.fr\/wp-content\/uploads\/2021\/08\/DFP-THR-B2.png\",\"contentUrl\":\"https:\/\/abcformation1986.fr\/wp-content\/uploads\/2021\/08\/DFP-THR-B2.png\",\"width\":300,\"height\":300},{\"@type\":\"BreadcrumbList\",\"@id\":\"https:\/\/abcformation1986.fr\/ar\/product\/le-diplome-de-francais-professionnel-tourisme-hotellerie-restauration-niveau-b2\/#breadcrumb\",\"itemListElement\":[{\"@type\":\"ListItem\",\"position\":1,\"name\":\"Home\",\"item\":\"https:\/\/abcformation1986.fr\/en\/\"},{\"@type\":\"ListItem\",\"position\":2,\"name\":\"Boutique\",\"item\":\"https:\/\/abcformation1986.fr\/ar\/boutique\/\"},{\"@type\":\"ListItem\",\"position\":3,\"name\":\"LE DIPL\u00d4ME DE FRAN\u00c7AIS PROFESSIONNEL TOURISME H\u00d4TELLERIE RESTAURATION niveau B2\"}]},{\"@type\":\"WebSite\",\"@id\":\"https:\/\/abcformation1986.fr\/en\/#website\",\"url\":\"https:\/\/abcformation1986.fr\/en\/\",\"name\":\"Centre de Formation ABC Franconville | FLE | TEF\",\"description\":\"Acteur historique de  la formation, de l\u2019insertion et de la  reconversion professionnelle depuis 1986\",\"publisher\":{\"@id\":\"https:\/\/abcformation1986.fr\/en\/#organization\"},\"potentialAction\":[{\"@type\":\"SearchAction\",\"target\":{\"@type\":\"EntryPoint\",\"urlTemplate\":\"https:\/\/abcformation1986.fr\/en\/?s={search_term_string}\"},\"query-input\":{\"@type\":\"PropertyValueSpecification\",\"valueRequired\":true,\"valueName\":\"search_term_string\"}}],\"inLanguage\":\"en-US\"},{\"@type\":\"Organization\",\"@id\":\"https:\/\/abcformation1986.fr\/en\/#organization\",\"name\":\"ABCFORMATION\",\"url\":\"https:\/\/abcformation1986.fr\/en\/\",\"logo\":{\"@type\":\"ImageObject\",\"inLanguage\":\"en-US\",\"@id\":\"https:\/\/abcformation1986.fr\/en\/#\/schema\/logo\/image\/\",\"url\":\"https:\/\/abcformation1986.fr\/wp-content\/uploads\/2018\/11\/abclogo.png\",\"contentUrl\":\"https:\/\/abcformation1986.fr\/wp-content\/uploads\/2018\/11\/abclogo.png\",\"width\":134,\"height\":82,\"caption\":\"ABCFORMATION\"},\"image\":{\"@id\":\"https:\/\/abcformation1986.fr\/en\/#\/schema\/logo\/image\/\"},\"sameAs\":[\"http:\/\/@abcformation\",\"https:\/\/x.com\/abc_formation\",\"http:\/\/abcformation1986\"]}]}<\/script>\n<!-- \/ Yoast SEO plugin. -->","yoast_head_json":{"title":"LE DIPL\u00d4ME DE FRAN\u00c7AIS PROFESSIONNEL TOURISME H\u00d4TELLERIE RESTAURATION niveau B2 - Centre de Formation ABC Franconville | FLE | TEF","robots":{"index":"index","follow":"follow","max-snippet":"max-snippet:-1","max-image-preview":"max-image-preview:large","max-video-preview":"max-video-preview:-1"},"canonical":"https:\/\/abcformation1986.fr\/en\/product\/le-diplome-de-francais-professionnel-tourisme-hotellerie-restauration-niveau-b2\/","og_locale":"en_US","og_type":"article","og_title":"LE DIPL\u00d4ME DE FRAN\u00c7AIS PROFESSIONNEL TOURISME H\u00d4TELLERIE RESTAURATION niveau B2 - Centre de Formation ABC Franconville | FLE | TEF","og_description":"Valable \u00e0 vie, ce dipl\u00f4me vous permettra d'attester de vos capacit\u00e9s \u00e0 travailler en fran\u00e7ais \u00e0 travers l\u2019accomplissement de t\u00e2ches professionnelles :\u00a0r\u00e9servations, conseil aux clients, visites guid\u00e9es.  Ce dipl\u00f4me s\u2019adresse aux\u00a0professionnels\u00a0de l\u2019h\u00f4tellerie, du tourisme et de la restauration\u00a0qui ont\u00a0 pour mission d\u2019accueillir des clients. Par exemple, des\u00a0r\u00e9ceptionnistes,\u00a0agents d\u2019escale, conseillers\u00a0 voyage, forfaitistes, guides touristique, animateurs, serveurs et chefs de rang.  Ce test est disponible dans trois\u00a0niveaux : A2, B1, et B2.  Les Dipl\u00f4mes de fran\u00e7ais professionnel sont \u00e9galement reconnus par le Minist\u00e8re de l\u2019int\u00e9rieur\u00a0pour valider votre niveau de fran\u00e7ais dans le cadre d\u2019une demande de\u00a0carte de r\u00e9sident\u00a0ou de\u00a0naturalisation\u00a0aupr\u00e8s de l\u2019\u00c9tat fran\u00e7ais.","og_url":"https:\/\/abcformation1986.fr\/en\/product\/le-diplome-de-francais-professionnel-tourisme-hotellerie-restauration-niveau-b2\/","og_site_name":"Centre de Formation ABC Franconville | FLE | TEF","article_publisher":"http:\/\/@abcformation","article_modified_time":"2025-04-18T12:05:31+00:00","og_image":[{"width":300,"height":300,"url":"https:\/\/abcformation1986.fr\/wp-content\/uploads\/2021\/08\/DFP-THR-B2.png","type":"image\/png"}],"twitter_card":"summary_large_image","twitter_site":"@abc_formation","twitter_misc":{"Est. reading time":"1 minute"},"schema":{"@context":"https:\/\/schema.org","@graph":[{"@type":"WebPage","@id":"https:\/\/abcformation1986.fr\/ar\/product\/le-diplome-de-francais-professionnel-tourisme-hotellerie-restauration-niveau-b2\/","url":"https:\/\/abcformation1986.fr\/ar\/product\/le-diplome-de-francais-professionnel-tourisme-hotellerie-restauration-niveau-b2\/","name":"LE DIPL\u00d4ME DE FRAN\u00c7AIS PROFESSIONNEL TOURISME H\u00d4TELLERIE RESTAURATION niveau B2 - Centre de Formation ABC Franconville | FLE | TEF","isPartOf":{"@id":"https:\/\/abcformation1986.fr\/en\/#website"},"primaryImageOfPage":{"@id":"https:\/\/abcformation1986.fr\/ar\/product\/le-diplome-de-francais-professionnel-tourisme-hotellerie-restauration-niveau-b2\/#primaryimage"},"image":{"@id":"https:\/\/abcformation1986.fr\/ar\/product\/le-diplome-de-francais-professionnel-tourisme-hotellerie-restauration-niveau-b2\/#primaryimage"},"thumbnailUrl":"https:\/\/abcformation1986.fr\/wp-content\/uploads\/2021\/08\/DFP-THR-B2.png","datePublished":"2021-08-31T08:29:34+00:00","dateModified":"2025-04-18T12:05:31+00:00","breadcrumb":{"@id":"https:\/\/abcformation1986.fr\/ar\/product\/le-diplome-de-francais-professionnel-tourisme-hotellerie-restauration-niveau-b2\/#breadcrumb"},"inLanguage":"en-US","potentialAction":[{"@type":"ReadAction","target":["https:\/\/abcformation1986.fr\/ar\/product\/le-diplome-de-francais-professionnel-tourisme-hotellerie-restauration-niveau-b2\/"]}]},{"@type":"ImageObject","inLanguage":"en-US","@id":"https:\/\/abcformation1986.fr\/ar\/product\/le-diplome-de-francais-professionnel-tourisme-hotellerie-restauration-niveau-b2\/#primaryimage","url":"https:\/\/abcformation1986.fr\/wp-content\/uploads\/2021\/08\/DFP-THR-B2.png","contentUrl":"https:\/\/abcformation1986.fr\/wp-content\/uploads\/2021\/08\/DFP-THR-B2.png","width":300,"height":300},{"@type":"BreadcrumbList","@id":"https:\/\/abcformation1986.fr\/ar\/product\/le-diplome-de-francais-professionnel-tourisme-hotellerie-restauration-niveau-b2\/#breadcrumb","itemListElement":[{"@type":"ListItem","position":1,"name":"Home","item":"https:\/\/abcformation1986.fr\/en\/"},{"@type":"ListItem","position":2,"name":"Boutique","item":"https:\/\/abcformation1986.fr\/ar\/boutique\/"},{"@type":"ListItem","position":3,"name":"LE DIPL\u00d4ME DE FRAN\u00c7AIS PROFESSIONNEL TOURISME H\u00d4TELLERIE RESTAURATION niveau B2"}]},{"@type":"WebSite","@id":"https:\/\/abcformation1986.fr\/en\/#website","url":"https:\/\/abcformation1986.fr\/en\/","name":"Centre de Formation ABC Franconville | FLE | TEF","description":"Acteur historique de  la formation, de l\u2019insertion et de la  reconversion professionnelle depuis 1986","publisher":{"@id":"https:\/\/abcformation1986.fr\/en\/#organization"},"potentialAction":[{"@type":"SearchAction","target":{"@type":"EntryPoint","urlTemplate":"https:\/\/abcformation1986.fr\/en\/?s={search_term_string}"},"query-input":{"@type":"PropertyValueSpecification","valueRequired":true,"valueName":"search_term_string"}}],"inLanguage":"en-US"},{"@type":"Organization","@id":"https:\/\/abcformation1986.fr\/en\/#organization","name":"ABCFORMATION","url":"https:\/\/abcformation1986.fr\/en\/","logo":{"@type":"ImageObject","inLanguage":"en-US","@id":"https:\/\/abcformation1986.fr\/en\/#\/schema\/logo\/image\/","url":"https:\/\/abcformation1986.fr\/wp-content\/uploads\/2018\/11\/abclogo.png","contentUrl":"https:\/\/abcformation1986.fr\/wp-content\/uploads\/2018\/11\/abclogo.png","width":134,"height":82,"caption":"ABCFORMATION"},"image":{"@id":"https:\/\/abcformation1986.fr\/en\/#\/schema\/logo\/image\/"},"sameAs":["http:\/\/@abcformation","https:\/\/x.com\/abc_formation","http:\/\/abcformation1986"]}]}},"uagb_featured_image_src":{"full":["https:\/\/abcformation1986.fr\/wp-content\/uploads\/2021\/08\/DFP-THR-B2.png",300,300,false],"thumbnail":["https:\/\/abcformation1986.fr\/wp-content\/uploads\/2021\/08\/DFP-THR-B2-150x150.png",150,150,true],"medium":["https:\/\/abcformation1986.fr\/wp-content\/uploads\/2021\/08\/DFP-THR-B2.png",300,300,false],"medium_large":["https:\/\/abcformation1986.fr\/wp-content\/uploads\/2021\/08\/DFP-THR-B2.png",300,300,false],"large":["https:\/\/abcformation1986.fr\/wp-content\/uploads\/2021\/08\/DFP-THR-B2.png",300,300,false],"1536x1536":["https:\/\/abcformation1986.fr\/wp-content\/uploads\/2021\/08\/DFP-THR-B2.png",300,300,false],"2048x2048":["https:\/\/abcformation1986.fr\/wp-content\/uploads\/2021\/08\/DFP-THR-B2.png",300,300,false],"trp-custom-language-flag":["https:\/\/abcformation1986.fr\/wp-content\/uploads\/2021\/08\/DFP-THR-B2-12x12.png",12,12,true],"hala-full":["https:\/\/abcformation1986.fr\/wp-content\/uploads\/2021\/08\/DFP-THR-B2.png",300,300,false],"hala-medium":["https:\/\/abcformation1986.fr\/wp-content\/uploads\/2021\/08\/DFP-THR-B2.png",300,300,false],"hala-small":["https:\/\/abcformation1986.fr\/wp-content\/uploads\/2021\/08\/DFP-THR-B2-300x280.png",300,280,true],"hala-team":["https:\/\/abcformation1986.fr\/wp-content\/uploads\/2021\/08\/DFP-THR-B2-250x300.png",250,300,true],"hala-thumb":["https:\/\/abcformation1986.fr\/wp-content\/uploads\/2021\/08\/DFP-THR-B2-100x100.png",100,100,true],"woocommerce_thumbnail":["https:\/\/abcformation1986.fr\/wp-content\/uploads\/2021\/08\/DFP-THR-B2-291x291.png",291,291,true],"woocommerce_single":["https:\/\/abcformation1986.fr\/wp-content\/uploads\/2021\/08\/DFP-THR-B2.png",300,300,false],"woocommerce_gallery_thumbnail":["https:\/\/abcformation1986.fr\/wp-content\/uploads\/2021\/08\/DFP-THR-B2-100x100.png",100,100,true]},"uagb_author_info":{"display_name":"abc formation","author_link":"https:\/\/abcformation1986.fr\/en\/author\/"},"uagb_comment_info":0,"uagb_excerpt":"Valable \u00e0 vie, ce dipl\u00f4me vous permettra d'attester de vos capacit\u00e9s \u00e0 travailler en fran\u00e7ais \u00e0 travers l\u2019accomplissement de t\u00e2ches professionnelles :\u00a0r\u00e9servations, conseil aux clients, visites guid\u00e9es. Ce dipl\u00f4me s\u2019adresse aux\u00a0professionnels\u00a0de l\u2019h\u00f4tellerie, du tourisme et de la restauration\u00a0qui ont\u00a0 pour mission d\u2019accueillir des clients. Par exemple, des\u00a0r\u00e9ceptionnistes,\u00a0agents d\u2019escale, conseillers\u00a0 voyage, forfaitistes, guides touristique, animateurs, serveurs&hellip;","jetpack_sharing_enabled":true,"_links":{"self":[{"href":"https:\/\/abcformation1986.fr\/en\/wp-json\/wp\/v2\/product\/3598","targetHints":{"allow":["GET"]}}],"collection":[{"href":"https:\/\/abcformation1986.fr\/en\/wp-json\/wp\/v2\/product"}],"about":[{"href":"https:\/\/abcformation1986.fr\/en\/wp-json\/wp\/v2\/types\/product"}],"wp:featuredmedia":[{"embeddable":true,"href":"https:\/\/abcformation1986.fr\/en\/wp-json\/wp\/v2\/media\/10332"}],"wp:attachment":[{"href":"https:\/\/abcformation1986.fr\/en\/wp-json\/wp\/v2\/media?parent=3598"}],"wp:term":[{"taxonomy":"product_brand","embeddable":true,"href":"https:\/\/abcformation1986.fr\/en\/wp-json\/wp\/v2\/product_brand?post=3598"},{"taxonomy":"product_cat","embeddable":true,"href":"https:\/\/abcformation1986.fr\/en\/wp-json\/wp\/v2\/product_cat?post=3598"},{"taxonomy":"product_tag","embeddable":true,"href":"https:\/\/abcformation1986.fr\/en\/wp-json\/wp\/v2\/product_tag?post=3598"}],"curies":[{"name":"wp","href":"https:\/\/api.w.org\/{rel}","templated":true}]}}