{"id":10376,"date":"2024-10-16T08:07:09","date_gmt":"2024-10-16T08:07:09","guid":{"rendered":"https:\/\/abcformation1986.fr\/?post_type=product&#038;p=10376"},"modified":"2024-10-16T08:18:04","modified_gmt":"2024-10-16T08:18:04","slug":"pipplet","status":"publish","type":"product","link":"https:\/\/abcformation1986.fr\/en\/product\/pipplet\/","title":{"rendered":"Pipplet"},"content":{"rendered":"<p>L\u2019ABC Formation est partenaire officiel de Pipplet pour l\u2019\u00e9valuation des comp\u00e9tences linguistiques professionnelles.<\/p>\n<h3 style=\"color:#33cccc\">Presentation <\/h3>\n<p style=\"text-align: justify;\">Pipplet propose une \u00e9valuation en ligne rapide et fiable, reconnue par de nombreuses entreprises et institutions. Le test Pipplet permet d\u2019\u00e9valuer les comp\u00e9tences en langue orale et \u00e9crite dans un environnement professionnel, pour divers niveaux allant du A1 au C2 du Cadre Europ\u00e9en Commun de R\u00e9f\u00e9rence pour les Langues (CECRL).<\/p>\n<h3 style=\"color:#33cccc\">Procedure <\/h3>\n<p style=\"text-align: justify;\">La certification Pipplet s\u2019effectue enti\u00e8rement en ligne. Le test comprend une s\u00e9rie d\u2019exercices interactifs qui \u00e9valuent la compr\u00e9hension \u00e9crite, la production \u00e9crite, ainsi que la communication orale. Le candidat est confront\u00e9 \u00e0 des sc\u00e9narios professionnels r\u00e9alistes, ce qui permet d\u2019\u00e9valuer ses capacit\u00e9s \u00e0 s\u2019exprimer dans un contexte authentique.<\/p>\n<p style=\"text-align: justify;\">Les \u00e9valuations sont r\u00e9alis\u00e9es par des experts linguistiques et se basent sur un algorithme adaptatif, assurant une mesure pr\u00e9cise du niveau du candidat.<\/p>\n<h3 style=\"color:#33cccc\">Results<\/h3>\n<p style=\"text-align: justify;\">Les r\u00e9sultats sont transmis rapidement, g\u00e9n\u00e9ralement sous 24 \u00e0 48 heures, et permettent de certifier les comp\u00e9tences professionnelles du candidat. Le candidat peut acc\u00e9der \u00e0 ses r\u00e9sultats directement via la plateforme en ligne\u00a0de\u00a0Pipplet.<\/p>","protected":false},"excerpt":{"rendered":"<p style=\"text-align: justify;\">La certification Pipplet permet d\u2019\u00e9valuer les comp\u00e9tences linguistiques professionnelles en Fran\u00e7ais langue \u00e9trang\u00e8re (FLE) du niveau A1 au niveau C2 selon le Cadre europ\u00e9en commun de r\u00e9f\u00e9rence pour les langues\u00a0(CECRL).<\/p>","protected":false},"featured_media":10377,"template":"","meta":{"_uag_custom_page_level_css":""},"product_brand":[],"product_cat":[181],"product_tag":[],"class_list":{"0":"post-10376","1":"product","2":"type-product","3":"status-publish","4":"has-post-thumbnail","6":"product_cat-pipplet","8":"first","9":"instock","10":"taxable","11":"shipping-taxable","12":"purchasable","13":"product-type-simple"},"yoast_head":"<!-- This site is optimized with the Yoast SEO plugin v25.2 - https:\/\/yoast.com\/wordpress\/plugins\/seo\/ -->\n<title>Pipplet - Centre de Formation ABC Franconville | FLE | TEF<\/title>\n<meta name=\"robots\" content=\"index, follow, max-snippet:-1, max-image-preview:large, max-video-preview:-1\" \/>\n<link rel=\"canonical\" href=\"http:\/\/abcformation1986.fr\/en\/product\/pipplet\/\" \/>\n<meta property=\"og:locale\" content=\"en_US\" \/>\n<meta property=\"og:type\" content=\"article\" \/>\n<meta property=\"og:title\" content=\"Pipplet - Centre de Formation ABC Franconville | FLE | TEF\" \/>\n<meta property=\"og:description\" content=\"La certification Pipplet permet d\u2019\u00e9valuer les comp\u00e9tences linguistiques professionnelles en Fran\u00e7ais langue \u00e9trang\u00e8re (FLE) du niveau A1 au niveau C2 selon le Cadre europ\u00e9en commun de r\u00e9f\u00e9rence pour les langues\u00a0(CECRL).\" \/>\n<meta property=\"og:url\" content=\"http:\/\/abcformation1986.fr\/en\/product\/pipplet\/\" \/>\n<meta property=\"og:site_name\" content=\"Centre de Formation ABC Franconville | FLE | TEF\" \/>\n<meta property=\"article:publisher\" content=\"http:\/\/@abcformation\" \/>\n<meta property=\"article:modified_time\" content=\"2024-10-16T08:18:04+00:00\" \/>\n<meta property=\"og:image\" content=\"http:\/\/abcformation1986.fr\/wp-content\/uploads\/2024\/10\/Qrcode-pipplet.png\" \/>\n\t<meta property=\"og:image:width\" content=\"300\" \/>\n\t<meta property=\"og:image:height\" content=\"300\" \/>\n\t<meta property=\"og:image:type\" content=\"image\/png\" \/>\n<meta name=\"twitter:card\" content=\"summary_large_image\" \/>\n<meta name=\"twitter:site\" content=\"@abc_formation\" \/>\n<meta name=\"twitter:label1\" content=\"Est. reading time\" \/>\n\t<meta name=\"twitter:data1\" content=\"1 minute\" \/>\n<script type=\"application\/ld+json\" class=\"yoast-schema-graph\">{\"@context\":\"https:\/\/schema.org\",\"@graph\":[{\"@type\":\"WebPage\",\"@id\":\"http:\/\/abcformation1986.fr\/ar\/product\/pipplet\/\",\"url\":\"http:\/\/abcformation1986.fr\/ar\/product\/pipplet\/\",\"name\":\"Pipplet - Centre de Formation ABC Franconville | FLE | TEF\",\"isPartOf\":{\"@id\":\"https:\/\/abcformation1986.fr\/#website\"},\"primaryImageOfPage\":{\"@id\":\"http:\/\/abcformation1986.fr\/ar\/product\/pipplet\/#primaryimage\"},\"image\":{\"@id\":\"http:\/\/abcformation1986.fr\/ar\/product\/pipplet\/#primaryimage\"},\"thumbnailUrl\":\"https:\/\/abcformation1986.fr\/wp-content\/uploads\/2024\/10\/Qrcode-pipplet.png\",\"datePublished\":\"2024-10-16T08:07:09+00:00\",\"dateModified\":\"2024-10-16T08:18:04+00:00\",\"breadcrumb\":{\"@id\":\"http:\/\/abcformation1986.fr\/ar\/product\/pipplet\/#breadcrumb\"},\"inLanguage\":\"en-US\",\"potentialAction\":[{\"@type\":\"ReadAction\",\"target\":[\"http:\/\/abcformation1986.fr\/ar\/product\/pipplet\/\"]}]},{\"@type\":\"ImageObject\",\"inLanguage\":\"en-US\",\"@id\":\"http:\/\/abcformation1986.fr\/ar\/product\/pipplet\/#primaryimage\",\"url\":\"https:\/\/abcformation1986.fr\/wp-content\/uploads\/2024\/10\/Qrcode-pipplet.png\",\"contentUrl\":\"https:\/\/abcformation1986.fr\/wp-content\/uploads\/2024\/10\/Qrcode-pipplet.png\",\"width\":300,\"height\":300},{\"@type\":\"BreadcrumbList\",\"@id\":\"http:\/\/abcformation1986.fr\/ar\/product\/pipplet\/#breadcrumb\",\"itemListElement\":[{\"@type\":\"ListItem\",\"position\":1,\"name\":\"Home\",\"item\":\"https:\/\/abcformation1986.fr\/\"},{\"@type\":\"ListItem\",\"position\":2,\"name\":\"Boutique\",\"item\":\"https:\/\/abcformation1986.fr\/en\/boutique\/\"},{\"@type\":\"ListItem\",\"position\":3,\"name\":\"Pipplet\"}]},{\"@type\":\"WebSite\",\"@id\":\"https:\/\/abcformation1986.fr\/#website\",\"url\":\"https:\/\/abcformation1986.fr\/\",\"name\":\"Centre de Formation ABC Franconville | FLE | TEF\",\"description\":\"Acteur historique de  la formation, de l\u2019insertion et de la  reconversion professionnelle depuis 1986\",\"publisher\":{\"@id\":\"https:\/\/abcformation1986.fr\/#organization\"},\"potentialAction\":[{\"@type\":\"SearchAction\",\"target\":{\"@type\":\"EntryPoint\",\"urlTemplate\":\"https:\/\/abcformation1986.fr\/?s={search_term_string}\"},\"query-input\":{\"@type\":\"PropertyValueSpecification\",\"valueRequired\":true,\"valueName\":\"search_term_string\"}}],\"inLanguage\":\"en-US\"},{\"@type\":\"Organization\",\"@id\":\"https:\/\/abcformation1986.fr\/#organization\",\"name\":\"ABCFORMATION\",\"url\":\"https:\/\/abcformation1986.fr\/\",\"logo\":{\"@type\":\"ImageObject\",\"inLanguage\":\"en-US\",\"@id\":\"https:\/\/abcformation1986.fr\/#\/schema\/logo\/image\/\",\"url\":\"https:\/\/abcformation1986.fr\/wp-content\/uploads\/2018\/11\/abclogo.png\",\"contentUrl\":\"https:\/\/abcformation1986.fr\/wp-content\/uploads\/2018\/11\/abclogo.png\",\"width\":134,\"height\":82,\"caption\":\"ABCFORMATION\"},\"image\":{\"@id\":\"https:\/\/abcformation1986.fr\/#\/schema\/logo\/image\/\"},\"sameAs\":[\"http:\/\/@abcformation\",\"https:\/\/x.com\/abc_formation\",\"http:\/\/abcformation1986\"]}]}<\/script>\n<!-- \/ Yoast SEO plugin. -->","yoast_head_json":{"title":"Pipplet - Centre de Formation ABC Franconville | FLE | TEF","robots":{"index":"index","follow":"follow","max-snippet":"max-snippet:-1","max-image-preview":"max-image-preview:large","max-video-preview":"max-video-preview:-1"},"canonical":"http:\/\/abcformation1986.fr\/en\/product\/pipplet\/","og_locale":"en_US","og_type":"article","og_title":"Pipplet - Centre de Formation ABC Franconville | FLE | TEF","og_description":"La certification Pipplet permet d\u2019\u00e9valuer les comp\u00e9tences linguistiques professionnelles en Fran\u00e7ais langue \u00e9trang\u00e8re (FLE) du niveau A1 au niveau C2 selon le Cadre europ\u00e9en commun de r\u00e9f\u00e9rence pour les langues\u00a0(CECRL).","og_url":"http:\/\/abcformation1986.fr\/en\/product\/pipplet\/","og_site_name":"Centre de Formation ABC Franconville | FLE | TEF","article_publisher":"http:\/\/@abcformation","article_modified_time":"2024-10-16T08:18:04+00:00","og_image":[{"width":300,"height":300,"url":"http:\/\/abcformation1986.fr\/wp-content\/uploads\/2024\/10\/Qrcode-pipplet.png","type":"image\/png"}],"twitter_card":"summary_large_image","twitter_site":"@abc_formation","twitter_misc":{"Est. reading time":"1 minute"},"schema":{"@context":"https:\/\/schema.org","@graph":[{"@type":"WebPage","@id":"http:\/\/abcformation1986.fr\/ar\/product\/pipplet\/","url":"http:\/\/abcformation1986.fr\/ar\/product\/pipplet\/","name":"Pipplet - Centre de Formation ABC Franconville | FLE | TEF","isPartOf":{"@id":"https:\/\/abcformation1986.fr\/#website"},"primaryImageOfPage":{"@id":"http:\/\/abcformation1986.fr\/ar\/product\/pipplet\/#primaryimage"},"image":{"@id":"http:\/\/abcformation1986.fr\/ar\/product\/pipplet\/#primaryimage"},"thumbnailUrl":"https:\/\/abcformation1986.fr\/wp-content\/uploads\/2024\/10\/Qrcode-pipplet.png","datePublished":"2024-10-16T08:07:09+00:00","dateModified":"2024-10-16T08:18:04+00:00","breadcrumb":{"@id":"http:\/\/abcformation1986.fr\/ar\/product\/pipplet\/#breadcrumb"},"inLanguage":"en-US","potentialAction":[{"@type":"ReadAction","target":["http:\/\/abcformation1986.fr\/ar\/product\/pipplet\/"]}]},{"@type":"ImageObject","inLanguage":"en-US","@id":"http:\/\/abcformation1986.fr\/ar\/product\/pipplet\/#primaryimage","url":"https:\/\/abcformation1986.fr\/wp-content\/uploads\/2024\/10\/Qrcode-pipplet.png","contentUrl":"https:\/\/abcformation1986.fr\/wp-content\/uploads\/2024\/10\/Qrcode-pipplet.png","width":300,"height":300},{"@type":"BreadcrumbList","@id":"http:\/\/abcformation1986.fr\/ar\/product\/pipplet\/#breadcrumb","itemListElement":[{"@type":"ListItem","position":1,"name":"Home","item":"https:\/\/abcformation1986.fr\/"},{"@type":"ListItem","position":2,"name":"Boutique","item":"https:\/\/abcformation1986.fr\/en\/boutique\/"},{"@type":"ListItem","position":3,"name":"Pipplet"}]},{"@type":"WebSite","@id":"https:\/\/abcformation1986.fr\/#website","url":"https:\/\/abcformation1986.fr\/","name":"Centre de Formation ABC Franconville | FLE | TEF","description":"Acteur historique de  la formation, de l\u2019insertion et de la  reconversion professionnelle depuis 1986","publisher":{"@id":"https:\/\/abcformation1986.fr\/#organization"},"potentialAction":[{"@type":"SearchAction","target":{"@type":"EntryPoint","urlTemplate":"https:\/\/abcformation1986.fr\/?s={search_term_string}"},"query-input":{"@type":"PropertyValueSpecification","valueRequired":true,"valueName":"search_term_string"}}],"inLanguage":"en-US"},{"@type":"Organization","@id":"https:\/\/abcformation1986.fr\/#organization","name":"ABCFORMATION","url":"https:\/\/abcformation1986.fr\/","logo":{"@type":"ImageObject","inLanguage":"en-US","@id":"https:\/\/abcformation1986.fr\/#\/schema\/logo\/image\/","url":"https:\/\/abcformation1986.fr\/wp-content\/uploads\/2018\/11\/abclogo.png","contentUrl":"https:\/\/abcformation1986.fr\/wp-content\/uploads\/2018\/11\/abclogo.png","width":134,"height":82,"caption":"ABCFORMATION"},"image":{"@id":"https:\/\/abcformation1986.fr\/#\/schema\/logo\/image\/"},"sameAs":["http:\/\/@abcformation","https:\/\/x.com\/abc_formation","http:\/\/abcformation1986"]}]}},"uagb_featured_image_src":{"full":["https:\/\/abcformation1986.fr\/wp-content\/uploads\/2024\/10\/Qrcode-pipplet.png",300,300,false],"thumbnail":["https:\/\/abcformation1986.fr\/wp-content\/uploads\/2024\/10\/Qrcode-pipplet-150x150.png",150,150,true],"medium":["https:\/\/abcformation1986.fr\/wp-content\/uploads\/2024\/10\/Qrcode-pipplet.png",300,300,false],"medium_large":["https:\/\/abcformation1986.fr\/wp-content\/uploads\/2024\/10\/Qrcode-pipplet.png",300,300,false],"large":["https:\/\/abcformation1986.fr\/wp-content\/uploads\/2024\/10\/Qrcode-pipplet.png",300,300,false],"1536x1536":["https:\/\/abcformation1986.fr\/wp-content\/uploads\/2024\/10\/Qrcode-pipplet.png",300,300,false],"2048x2048":["https:\/\/abcformation1986.fr\/wp-content\/uploads\/2024\/10\/Qrcode-pipplet.png",300,300,false],"trp-custom-language-flag":["https:\/\/abcformation1986.fr\/wp-content\/uploads\/2024\/10\/Qrcode-pipplet-12x12.png",12,12,true],"hala-full":["https:\/\/abcformation1986.fr\/wp-content\/uploads\/2024\/10\/Qrcode-pipplet.png",300,300,false],"hala-medium":["https:\/\/abcformation1986.fr\/wp-content\/uploads\/2024\/10\/Qrcode-pipplet.png",300,300,false],"hala-small":["https:\/\/abcformation1986.fr\/wp-content\/uploads\/2024\/10\/Qrcode-pipplet-300x280.png",300,280,true],"hala-team":["https:\/\/abcformation1986.fr\/wp-content\/uploads\/2024\/10\/Qrcode-pipplet-250x300.png",250,300,true],"hala-thumb":["https:\/\/abcformation1986.fr\/wp-content\/uploads\/2024\/10\/Qrcode-pipplet-100x100.png",100,100,true],"woocommerce_thumbnail":["https:\/\/abcformation1986.fr\/wp-content\/uploads\/2024\/10\/Qrcode-pipplet-291x291.png",291,291,true],"woocommerce_single":["https:\/\/abcformation1986.fr\/wp-content\/uploads\/2024\/10\/Qrcode-pipplet.png",300,300,false],"woocommerce_gallery_thumbnail":["https:\/\/abcformation1986.fr\/wp-content\/uploads\/2024\/10\/Qrcode-pipplet-100x100.png",100,100,true]},"uagb_author_info":{"display_name":"abc formation","author_link":"https:\/\/abcformation1986.fr\/en\/author\/"},"uagb_comment_info":0,"uagb_excerpt":"La certification Pipplet permet d\u2019\u00e9valuer les comp\u00e9tences linguistiques professionnelles en Fran\u00e7ais langue \u00e9trang\u00e8re (FLE) du niveau A1 au niveau C2 selon le Cadre europ\u00e9en commun de r\u00e9f\u00e9rence pour les langues\u00a0(CECRL).","jetpack_sharing_enabled":true,"_links":{"self":[{"href":"https:\/\/abcformation1986.fr\/en\/wp-json\/wp\/v2\/product\/10376","targetHints":{"allow":["GET"]}}],"collection":[{"href":"https:\/\/abcformation1986.fr\/en\/wp-json\/wp\/v2\/product"}],"about":[{"href":"https:\/\/abcformation1986.fr\/en\/wp-json\/wp\/v2\/types\/product"}],"wp:featuredmedia":[{"embeddable":true,"href":"https:\/\/abcformation1986.fr\/en\/wp-json\/wp\/v2\/media\/10377"}],"wp:attachment":[{"href":"https:\/\/abcformation1986.fr\/en\/wp-json\/wp\/v2\/media?parent=10376"}],"wp:term":[{"taxonomy":"product_brand","embeddable":true,"href":"https:\/\/abcformation1986.fr\/en\/wp-json\/wp\/v2\/product_brand?post=10376"},{"taxonomy":"product_cat","embeddable":true,"href":"https:\/\/abcformation1986.fr\/en\/wp-json\/wp\/v2\/product_cat?post=10376"},{"taxonomy":"product_tag","embeddable":true,"href":"https:\/\/abcformation1986.fr\/en\/wp-json\/wp\/v2\/product_tag?post=10376"}],"curies":[{"name":"wp","href":"https:\/\/api.w.org\/{rel}","templated":true}]}}