{"id":928,"date":"2018-11-20T13:15:54","date_gmt":"2018-11-20T13:15:54","guid":{"rendered":"http:\/\/abcformation1986.fr\/?page_id=928"},"modified":"2019-04-18T08:37:28","modified_gmt":"2019-04-18T08:37:28","slug":"atelier-t-r-e","status":"publish","type":"page","link":"https:\/\/abcformation1986.fr\/en\/atelier-t-r-e\/","title":{"rendered":"Ateliers Techniques de Recherche d\u2019Emploi (ATRE)"},"content":{"rendered":"<h3>Objectifs:<\/h3>\n<p>Aider les personnes\u00a0\u00e0 d\u00e9finir une strat\u00e9gie efficace de recherche d\u2019emploi, \u00e0 identifier les outils et les m\u00e9thodes de recherche d\u2019emploi. Il permet \u00e9galement de connaitre le monde du travail et les proc\u00e9dures de recrutement :<\/p>\n<ul>\n<li>Identifier ses points forts, ses points faibles .<\/li>\n<li>Recherche d&rsquo;informations sur le secteur vis\u00e9 et analyse du march\u00e9.<\/li>\n<li>Identifier les comp\u00e9tences et les mettre en valeur .<\/li>\n<li>Construire sa pr\u00e9sentation et son sens de la communication.<\/li>\n<li>Connaitre le d\u00e9roulement et les objectifs d\u2019un entretien (Simulation d&rsquo;entretien professionnel)<\/li>\n<\/ul>\n<h3>Plan De Formation :<\/h3>\n<ol>\n<li>Accueil et Pr\u00e9sentation<\/li>\n<\/ol>\n<p>C\u2019est une phase importante pour expliquer la formation, \u00a0recueillir les attentes des b\u00e9n\u00e9ficiaires et \u00a0briser la glace.<\/p>\n<ol start=\"2\">\n<li>Connaissance du fonctionnement du monde du travail .<\/li>\n<\/ol>\n<ul>\n<li>Pr\u00e9sentation du fonctionnement et des m\u00e9thodes de recrutement \/ les secteurs qui recrutent \/ le r\u00e9seau.<\/li>\n<li>March\u00e9 ouvert ou Ferm\u00e9 .<\/li>\n<\/ul>\n<ol start=\"3\">\n<li>Faire son bilan<\/li>\n<\/ol>\n<p>Le stagiaire doit identifier ses comp\u00e9tences, ses points forts, ses freins et les ajustements qu\u2019il peut faire.<\/p>\n<ol start=\"4\">\n<li>Mes outils de recherche<\/li>\n<\/ol>\n<ul>\n<li>Mon CV et ma lettre de motivation<\/li>\n<li>Les outils et m\u00e9thodes de recherche d\u2019emploi sur le march\u00e9 cach\u00e9<\/li>\n<li>Le r\u00e9seau<\/li>\n<\/ul>\n<ol start=\"5\">\n<li>L\u2019Entretien d\u2019embauche<\/li>\n<\/ol>\n<ul>\n<li>Pr\u00e9sentation de l\u2019objectif d\u2019un entretien pour le candidat et pour l\u2019employeur<\/li>\n<li>Les diff\u00e9rentes formes d\u2019un entretien<\/li>\n<li>Cas pratique : entretien non pr\u00e9par\u00e9<\/li>\n<li>Simulation d\u2019entretien (avec questions d\u00e9stabilisantes)<\/li>\n<\/ul>\n<ol start=\"6\">\n<li>Plan d\u2019action<\/li>\n<\/ol>\n<ul>\n<li>Le stagiaire met en place \u00e0 l\u2019aide du formateur un plan d\u2019action<\/li>\n<\/ul>\n<p><strong>Guides pratiques P\u00f4le Emploi :<\/strong><\/p>\n<p><a href=\"http:\/\/suio.univ-amu.fr\/sites\/suio.univ-amu.fr\/files\/bienchoisirsonfuturmetier.pdf\" target=\"_blank\" rel=\"noopener\"><img loading=\"lazy\" decoding=\"async\" class=\"\" src=\"http:\/\/suio.univ-amu.fr\/sites\/suio.univ-amu.fr\/files\/bienchoisirsonfuturmetier.jpg\" alt=\"\" width=\"135\" height=\"191\" \/><\/a><a href=\"http:\/\/suio.univ-amu.fr\/sites\/suio.univ-amu.fr\/files\/guidepratiqueinternet49963.pdf\" target=\"_blank\" rel=\"noopener\"><img loading=\"lazy\" decoding=\"async\" class=\"\" src=\"http:\/\/suio.univ-amu.fr\/sites\/suio.univ-amu.fr\/files\/guidepratiqueinternet49963.jpg\" alt=\"\" width=\"136\" height=\"192\" \/><\/a><a href=\"http:\/\/suio.univ-amu.fr\/sites\/suio.univ-amu.fr\/files\/guidepratiquemarchedutravail49965.pdf\" target=\"_blank\" rel=\"noopener\"><img loading=\"lazy\" decoding=\"async\" class=\"\" src=\"http:\/\/suio.univ-amu.fr\/sites\/suio.univ-amu.fr\/files\/guidepratiquemarchedutravail49965.jpg\" alt=\"\" width=\"135\" height=\"193\" \/><\/a><a href=\"http:\/\/suio.univ-amu.fr\/sites\/suio.univ-amu.fr\/files\/preparer_sa_recherche_d_emploi.pdf\" target=\"_blank\" rel=\"noopener\"><img loading=\"lazy\" decoding=\"async\" class=\"\" src=\"http:\/\/suio.univ-amu.fr\/sites\/suio.univ-amu.fr\/files\/preparer_sa_recherche_d_emploi.jpg\" alt=\"\" width=\"138\" height=\"192\" \/><\/a><a href=\"http:\/\/suio.univ-amu.fr\/sites\/suio.univ-amu.fr\/files\/reussirentretienembauche.pdf\" target=\"_blank\" rel=\"noopener\"><img loading=\"lazy\" decoding=\"async\" class=\"\" src=\"http:\/\/suio.univ-amu.fr\/sites\/suio.univ-amu.fr\/files\/reussirentretienembauche.jpg\" alt=\"\" width=\"135\" height=\"192\" \/><\/a><\/p>\n<div class=\"field field-name-body field-type-text-with-summary field-label-hidden\">\n<div class=\"field-items\">\n<div class=\"field-item even\">\n<p><strong>Guides pour agir de P\u00f4le Emploi :<\/strong><\/p>\n<\/div>\n<\/div>\n<\/div>\n<div class=\"field field-name-field-public-document field-type-file field-label-hidden\">\n<div class=\"field-items\">\n<div class=\"field-item even\"><span class=\"file\"><img decoding=\"async\" class=\"file-icon\" title=\"application\/pdf\" src=\"https:\/\/suio.univ-amu.fr\/modules\/file\/icons\/application-pdf.png\" alt=\"PDF icon\" \/>\u00a0<a title=\"agir437minisitediversite2009.pdf\" href=\"https:\/\/suio.univ-amu.fr\/sites\/suio.univ-amu.fr\/files\/agir437minisitediversite2009.pdf\" type=\"application\/pdf; length=105556\">R\u00e9aliser son CV<\/a><\/span><\/div>\n<div class=\"field-item odd\"><span class=\"file\"><img decoding=\"async\" class=\"file-icon\" title=\"application\/pdf\" src=\"https:\/\/suio.univ-amu.fr\/modules\/file\/icons\/application-pdf.png\" alt=\"PDF icon\" \/>\u00a0<a title=\"agir433minisitediversite2009.pdf\" href=\"https:\/\/suio.univ-amu.fr\/sites\/suio.univ-amu.fr\/files\/agir433minisitediversite2009.pdf\" type=\"application\/pdf; length=79146\">R\u00e9diger une lettre de motivation<\/a><\/span><\/div>\n<div class=\"field-item even\"><span class=\"file\"><img decoding=\"async\" class=\"file-icon\" title=\"application\/pdf\" src=\"https:\/\/suio.univ-amu.fr\/modules\/file\/icons\/application-pdf.png\" alt=\"PDF icon\" \/>\u00a0<a title=\"agir426minisitediversite2009.pdf\" href=\"https:\/\/suio.univ-amu.fr\/sites\/suio.univ-amu.fr\/files\/agir426minisitediversite2009.pdf\" type=\"application\/pdf; length=86102\">Faire des candidatures spontan\u00e9es<\/a><\/span><\/div>\n<div class=\"field-item odd\"><span class=\"file\"><img decoding=\"async\" class=\"file-icon\" title=\"application\/pdf\" src=\"https:\/\/suio.univ-amu.fr\/modules\/file\/icons\/application-pdf.png\" alt=\"PDF icon\" \/>\u00a0<a title=\"agir423minisitediversite2009.pdf\" href=\"https:\/\/suio.univ-amu.fr\/sites\/suio.univ-amu.fr\/files\/agir423minisitediversite2009.pdf\" type=\"application\/pdf; length=90866\">Trouver de bons arguments \u00e0 sa candidature<\/a><\/span><\/div>\n<div class=\"field-item even\"><span class=\"file\"><img decoding=\"async\" class=\"file-icon\" title=\"application\/pdf\" src=\"https:\/\/suio.univ-amu.fr\/modules\/file\/icons\/application-pdf.png\" alt=\"PDF icon\" \/>\u00a0<a title=\"agir424minisitediversite2009.pdf\" href=\"https:\/\/suio.univ-amu.fr\/sites\/suio.univ-amu.fr\/files\/agir424minisitediversite2009.pdf\" type=\"application\/pdf; length=108747\">N\u00e9gocier avec un futur employeur<\/a><\/span><\/div>\n<div class=\"field-item odd\"><span class=\"file\"><img decoding=\"async\" class=\"file-icon\" title=\"application\/pdf\" src=\"https:\/\/suio.univ-amu.fr\/modules\/file\/icons\/application-pdf.png\" alt=\"PDF icon\" \/>\u00a0<a title=\"agir425minisitediversite2009.pdf\" href=\"https:\/\/suio.univ-amu.fr\/sites\/suio.univ-amu.fr\/files\/agir425minisitediversite2009.pdf\" type=\"application\/pdf; length=88217\">R\u00e9ussir un entretien<\/a><\/span><\/div>\n<div class=\"field-item even\"><span class=\"file\"><img decoding=\"async\" class=\"file-icon\" title=\"application\/pdf\" src=\"https:\/\/suio.univ-amu.fr\/modules\/file\/icons\/application-pdf.png\" alt=\"PDF icon\" \/>\u00a0<a title=\"agir427minisitediversite2009.pdf\" href=\"https:\/\/suio.univ-amu.fr\/sites\/suio.univ-amu.fr\/files\/agir427minisitediversite2009.pdf\" type=\"application\/pdf; length=96771\">Enqu\u00eater dans les entreprises<\/a><\/span><\/div>\n<div class=\"field-item odd\"><span class=\"file\"><img decoding=\"async\" class=\"file-icon\" title=\"application\/pdf\" src=\"https:\/\/suio.univ-amu.fr\/modules\/file\/icons\/application-pdf.png\" alt=\"PDF icon\" \/>\u00a0<a title=\"agir428minisitediversite2009.pdf\" href=\"https:\/\/suio.univ-amu.fr\/sites\/suio.univ-amu.fr\/files\/agir428minisitediversite2009.pdf\" type=\"application\/pdf; length=86379\">D\u00e9velopper son r\u00e9seau<\/a><\/span><\/div>\n<div class=\"field-item even\"><span class=\"file\"><img decoding=\"async\" class=\"file-icon\" title=\"application\/pdf\" src=\"https:\/\/suio.univ-amu.fr\/modules\/file\/icons\/application-pdf.png\" alt=\"PDF icon\" \/>\u00a0<a title=\"agir429minisitediversite2009.pdf\" href=\"https:\/\/suio.univ-amu.fr\/sites\/suio.univ-amu.fr\/files\/agir429minisitediversite2009.pdf\" type=\"application\/pdf; length=85191\">S\u00e9lectionner ses entreprises<\/a><\/span><\/div>\n<div class=\"field-item odd\"><span class=\"file\"><img decoding=\"async\" class=\"file-icon\" title=\"application\/pdf\" src=\"https:\/\/suio.univ-amu.fr\/modules\/file\/icons\/application-pdf.png\" alt=\"PDF icon\" \/>\u00a0<a title=\"agir430minisitediversite2009.pdf\" href=\"https:\/\/suio.univ-amu.fr\/sites\/suio.univ-amu.fr\/files\/agir430minisitediversite2009.pdf\" type=\"application\/pdf; length=134174\">Choisir ses annonces<\/a><\/span><\/div>\n<div class=\"field-item even\"><span class=\"file\"><img decoding=\"async\" class=\"file-icon\" title=\"application\/pdf\" src=\"https:\/\/suio.univ-amu.fr\/modules\/file\/icons\/application-pdf.png\" alt=\"PDF icon\" \/>\u00a0<a title=\"agir431minisitediversite2009.pdf\" href=\"https:\/\/suio.univ-amu.fr\/sites\/suio.univ-amu.fr\/files\/agir431minisitediversite2009.pdf\" type=\"application\/pdf; length=92253\">Contacter une entreprise par t\u00e9l\u00e9phone<\/a><\/span><\/div>\n<div class=\"field-item odd\"><span class=\"file\"><img decoding=\"async\" class=\"file-icon\" title=\"application\/pdf\" src=\"https:\/\/suio.univ-amu.fr\/modules\/file\/icons\/application-pdf.png\" alt=\"PDF icon\" \/>\u00a0<a title=\"agir434minisitediversite2009.pdf\" href=\"https:\/\/suio.univ-amu.fr\/sites\/suio.univ-amu.fr\/files\/agir434minisitediversite2009.pdf\" type=\"application\/pdf; length=86414\">R\u00e9pondre \u00e0 une petite annonce<\/a><\/span><\/div>\n<div class=\"field-item even\"><span class=\"file\"><img decoding=\"async\" class=\"file-icon\" title=\"application\/pdf\" src=\"https:\/\/suio.univ-amu.fr\/modules\/file\/icons\/application-pdf.png\" alt=\"PDF icon\" \/>\u00a0<a title=\"agir436minisitediversite2009.pdf\" href=\"https:\/\/suio.univ-amu.fr\/sites\/suio.univ-amu.fr\/files\/agir436minisitediversite2009.pdf\" type=\"application\/pdf; length=96712\">S&rsquo;informer sur les m\u00e9tiers et les entreprises<\/a><\/span><\/div>\n<\/div>\n<\/div>","protected":false},"excerpt":{"rendered":"<p>Objectifs: Aider les personnes\u00a0\u00e0 d\u00e9finir une strat\u00e9gie efficace de recherche d\u2019emploi, \u00e0 identifier les outils et les m\u00e9thodes de recherche d\u2019emploi. Il permet \u00e9galement de connaitre le monde du travail et les proc\u00e9dures de recrutement : Identifier ses points forts, ses points faibles . Recherche d&rsquo;informations sur le secteur vis\u00e9 et analyse du march\u00e9. Identifier [&hellip;]<\/p>","protected":false},"author":2,"featured_media":0,"parent":0,"menu_order":0,"comment_status":"closed","ping_status":"closed","template":"","meta":{"_uag_custom_page_level_css":"","footnotes":""},"class_list":["post-928","page","type-page","status-publish","hentry"],"yoast_head":"<!-- This site is optimized with the Yoast SEO plugin v25.2 - https:\/\/yoast.com\/wordpress\/plugins\/seo\/ -->\n<title>Ateliers Techniques de Recherche d\u2019Emploi (ATRE) - Centre de Formation ABC Franconville | FLE | TEF<\/title>\n<meta name=\"robots\" content=\"index, follow, max-snippet:-1, max-image-preview:large, max-video-preview:-1\" \/>\n<link rel=\"canonical\" href=\"http:\/\/abcformation1986.fr\/en\/atelier-t-r-e\/\" \/>\n<meta property=\"og:locale\" content=\"en_US\" \/>\n<meta property=\"og:type\" content=\"article\" \/>\n<meta property=\"og:title\" content=\"Ateliers Techniques de Recherche d\u2019Emploi (ATRE) - Centre de Formation ABC Franconville | FLE | TEF\" \/>\n<meta property=\"og:description\" content=\"Objectifs: Aider les personnes\u00a0\u00e0 d\u00e9finir une strat\u00e9gie efficace de recherche d\u2019emploi, \u00e0 identifier les outils et les m\u00e9thodes de recherche d\u2019emploi. Il permet \u00e9galement de connaitre le monde du travail et les proc\u00e9dures de recrutement : Identifier ses points forts, ses points faibles . Recherche d&rsquo;informations sur le secteur vis\u00e9 et analyse du march\u00e9. Identifier [&hellip;]\" \/>\n<meta property=\"og:url\" content=\"http:\/\/abcformation1986.fr\/en\/atelier-t-r-e\/\" \/>\n<meta property=\"og:site_name\" content=\"Centre de Formation ABC Franconville | FLE | TEF\" \/>\n<meta property=\"article:publisher\" content=\"http:\/\/@abcformation\" \/>\n<meta property=\"article:modified_time\" content=\"2019-04-18T08:37:28+00:00\" \/>\n<meta property=\"og:image\" content=\"http:\/\/suio.univ-amu.fr\/sites\/suio.univ-amu.fr\/files\/bienchoisirsonfuturmetier.jpg\" \/>\n<meta name=\"twitter:card\" content=\"summary_large_image\" \/>\n<meta name=\"twitter:site\" content=\"@abc_formation\" \/>\n<meta name=\"twitter:label1\" content=\"Est. reading time\" \/>\n\t<meta name=\"twitter:data1\" content=\"2 minutes\" \/>\n<script type=\"application\/ld+json\" class=\"yoast-schema-graph\">{\"@context\":\"https:\/\/schema.org\",\"@graph\":[{\"@type\":\"WebPage\",\"@id\":\"http:\/\/abcformation1986.fr\/es\/atelier-t-r-e\/\",\"url\":\"http:\/\/abcformation1986.fr\/es\/atelier-t-r-e\/\",\"name\":\"Ateliers Techniques de Recherche d\u2019Emploi (ATRE) - Centre de Formation ABC Franconville | FLE | TEF\",\"isPartOf\":{\"@id\":\"https:\/\/abcformation1986.fr\/#website\"},\"primaryImageOfPage\":{\"@id\":\"http:\/\/abcformation1986.fr\/es\/atelier-t-r-e\/#primaryimage\"},\"image\":{\"@id\":\"http:\/\/abcformation1986.fr\/es\/atelier-t-r-e\/#primaryimage\"},\"thumbnailUrl\":\"http:\/\/suio.univ-amu.fr\/sites\/suio.univ-amu.fr\/files\/bienchoisirsonfuturmetier.jpg\",\"datePublished\":\"2018-11-20T13:15:54+00:00\",\"dateModified\":\"2019-04-18T08:37:28+00:00\",\"breadcrumb\":{\"@id\":\"http:\/\/abcformation1986.fr\/es\/atelier-t-r-e\/#breadcrumb\"},\"inLanguage\":\"en-US\",\"potentialAction\":[{\"@type\":\"ReadAction\",\"target\":[\"http:\/\/abcformation1986.fr\/es\/atelier-t-r-e\/\"]}]},{\"@type\":\"ImageObject\",\"inLanguage\":\"en-US\",\"@id\":\"http:\/\/abcformation1986.fr\/es\/atelier-t-r-e\/#primaryimage\",\"url\":\"http:\/\/suio.univ-amu.fr\/sites\/suio.univ-amu.fr\/files\/bienchoisirsonfuturmetier.jpg\",\"contentUrl\":\"http:\/\/suio.univ-amu.fr\/sites\/suio.univ-amu.fr\/files\/bienchoisirsonfuturmetier.jpg\"},{\"@type\":\"BreadcrumbList\",\"@id\":\"http:\/\/abcformation1986.fr\/es\/atelier-t-r-e\/#breadcrumb\",\"itemListElement\":[{\"@type\":\"ListItem\",\"position\":1,\"name\":\"Home\",\"item\":\"https:\/\/abcformation1986.fr\/\"},{\"@type\":\"ListItem\",\"position\":2,\"name\":\"Ateliers Techniques de Recherche d\u2019Emploi (ATRE)\"}]},{\"@type\":\"WebSite\",\"@id\":\"https:\/\/abcformation1986.fr\/#website\",\"url\":\"https:\/\/abcformation1986.fr\/\",\"name\":\"Centre de Formation ABC Franconville | FLE | TEF\",\"description\":\"Acteur historique de  la formation, de l\u2019insertion et de la  reconversion professionnelle depuis 1986\",\"publisher\":{\"@id\":\"https:\/\/abcformation1986.fr\/#organization\"},\"potentialAction\":[{\"@type\":\"SearchAction\",\"target\":{\"@type\":\"EntryPoint\",\"urlTemplate\":\"https:\/\/abcformation1986.fr\/?s={search_term_string}\"},\"query-input\":{\"@type\":\"PropertyValueSpecification\",\"valueRequired\":true,\"valueName\":\"search_term_string\"}}],\"inLanguage\":\"en-US\"},{\"@type\":\"Organization\",\"@id\":\"https:\/\/abcformation1986.fr\/#organization\",\"name\":\"ABCFORMATION\",\"url\":\"https:\/\/abcformation1986.fr\/\",\"logo\":{\"@type\":\"ImageObject\",\"inLanguage\":\"en-US\",\"@id\":\"https:\/\/abcformation1986.fr\/#\/schema\/logo\/image\/\",\"url\":\"https:\/\/abcformation1986.fr\/wp-content\/uploads\/2018\/11\/abclogo.png\",\"contentUrl\":\"https:\/\/abcformation1986.fr\/wp-content\/uploads\/2018\/11\/abclogo.png\",\"width\":134,\"height\":82,\"caption\":\"ABCFORMATION\"},\"image\":{\"@id\":\"https:\/\/abcformation1986.fr\/#\/schema\/logo\/image\/\"},\"sameAs\":[\"http:\/\/@abcformation\",\"https:\/\/x.com\/abc_formation\",\"http:\/\/abcformation1986\"]}]}<\/script>\n<!-- \/ Yoast SEO plugin. -->","yoast_head_json":{"title":"Ateliers Techniques de Recherche d\u2019Emploi (ATRE) - Centre de Formation ABC Franconville | FLE | TEF","robots":{"index":"index","follow":"follow","max-snippet":"max-snippet:-1","max-image-preview":"max-image-preview:large","max-video-preview":"max-video-preview:-1"},"canonical":"http:\/\/abcformation1986.fr\/en\/atelier-t-r-e\/","og_locale":"en_US","og_type":"article","og_title":"Ateliers Techniques de Recherche d\u2019Emploi (ATRE) - Centre de Formation ABC Franconville | FLE | TEF","og_description":"Objectifs: Aider les personnes\u00a0\u00e0 d\u00e9finir une strat\u00e9gie efficace de recherche d\u2019emploi, \u00e0 identifier les outils et les m\u00e9thodes de recherche d\u2019emploi. Il permet \u00e9galement de connaitre le monde du travail et les proc\u00e9dures de recrutement : Identifier ses points forts, ses points faibles . Recherche d&rsquo;informations sur le secteur vis\u00e9 et analyse du march\u00e9. Identifier [&hellip;]","og_url":"http:\/\/abcformation1986.fr\/en\/atelier-t-r-e\/","og_site_name":"Centre de Formation ABC Franconville | FLE | TEF","article_publisher":"http:\/\/@abcformation","article_modified_time":"2019-04-18T08:37:28+00:00","og_image":[{"url":"http:\/\/suio.univ-amu.fr\/sites\/suio.univ-amu.fr\/files\/bienchoisirsonfuturmetier.jpg","type":"","width":"","height":""}],"twitter_card":"summary_large_image","twitter_site":"@abc_formation","twitter_misc":{"Est. reading time":"2 minutes"},"schema":{"@context":"https:\/\/schema.org","@graph":[{"@type":"WebPage","@id":"http:\/\/abcformation1986.fr\/es\/atelier-t-r-e\/","url":"http:\/\/abcformation1986.fr\/es\/atelier-t-r-e\/","name":"Ateliers Techniques de Recherche d\u2019Emploi (ATRE) - Centre de Formation ABC Franconville | FLE | TEF","isPartOf":{"@id":"https:\/\/abcformation1986.fr\/#website"},"primaryImageOfPage":{"@id":"http:\/\/abcformation1986.fr\/es\/atelier-t-r-e\/#primaryimage"},"image":{"@id":"http:\/\/abcformation1986.fr\/es\/atelier-t-r-e\/#primaryimage"},"thumbnailUrl":"http:\/\/suio.univ-amu.fr\/sites\/suio.univ-amu.fr\/files\/bienchoisirsonfuturmetier.jpg","datePublished":"2018-11-20T13:15:54+00:00","dateModified":"2019-04-18T08:37:28+00:00","breadcrumb":{"@id":"http:\/\/abcformation1986.fr\/es\/atelier-t-r-e\/#breadcrumb"},"inLanguage":"en-US","potentialAction":[{"@type":"ReadAction","target":["http:\/\/abcformation1986.fr\/es\/atelier-t-r-e\/"]}]},{"@type":"ImageObject","inLanguage":"en-US","@id":"http:\/\/abcformation1986.fr\/es\/atelier-t-r-e\/#primaryimage","url":"http:\/\/suio.univ-amu.fr\/sites\/suio.univ-amu.fr\/files\/bienchoisirsonfuturmetier.jpg","contentUrl":"http:\/\/suio.univ-amu.fr\/sites\/suio.univ-amu.fr\/files\/bienchoisirsonfuturmetier.jpg"},{"@type":"BreadcrumbList","@id":"http:\/\/abcformation1986.fr\/es\/atelier-t-r-e\/#breadcrumb","itemListElement":[{"@type":"ListItem","position":1,"name":"Home","item":"https:\/\/abcformation1986.fr\/"},{"@type":"ListItem","position":2,"name":"Ateliers Techniques de Recherche d\u2019Emploi (ATRE)"}]},{"@type":"WebSite","@id":"https:\/\/abcformation1986.fr\/#website","url":"https:\/\/abcformation1986.fr\/","name":"Centre de Formation ABC Franconville | FLE | TEF","description":"Acteur historique de  la formation, de l\u2019insertion et de la  reconversion professionnelle depuis 1986","publisher":{"@id":"https:\/\/abcformation1986.fr\/#organization"},"potentialAction":[{"@type":"SearchAction","target":{"@type":"EntryPoint","urlTemplate":"https:\/\/abcformation1986.fr\/?s={search_term_string}"},"query-input":{"@type":"PropertyValueSpecification","valueRequired":true,"valueName":"search_term_string"}}],"inLanguage":"en-US"},{"@type":"Organization","@id":"https:\/\/abcformation1986.fr\/#organization","name":"ABCFORMATION","url":"https:\/\/abcformation1986.fr\/","logo":{"@type":"ImageObject","inLanguage":"en-US","@id":"https:\/\/abcformation1986.fr\/#\/schema\/logo\/image\/","url":"https:\/\/abcformation1986.fr\/wp-content\/uploads\/2018\/11\/abclogo.png","contentUrl":"https:\/\/abcformation1986.fr\/wp-content\/uploads\/2018\/11\/abclogo.png","width":134,"height":82,"caption":"ABCFORMATION"},"image":{"@id":"https:\/\/abcformation1986.fr\/#\/schema\/logo\/image\/"},"sameAs":["http:\/\/@abcformation","https:\/\/x.com\/abc_formation","http:\/\/abcformation1986"]}]}},"uagb_featured_image_src":{"full":false,"thumbnail":false,"medium":false,"medium_large":false,"large":false,"1536x1536":false,"2048x2048":false,"trp-custom-language-flag":false,"hala-full":false,"hala-medium":false,"hala-small":false,"hala-team":false,"hala-thumb":false,"woocommerce_thumbnail":false,"woocommerce_single":false,"woocommerce_gallery_thumbnail":false},"uagb_author_info":{"display_name":"abc formation","author_link":"https:\/\/abcformation1986.fr\/en\/author\/abcformation\/"},"uagb_comment_info":0,"uagb_excerpt":"Objectifs: Aider les personnes\u00a0\u00e0 d\u00e9finir une strat\u00e9gie efficace de recherche d\u2019emploi, \u00e0 identifier les outils et les m\u00e9thodes de recherche d\u2019emploi. Il permet \u00e9galement de connaitre le monde du travail et les proc\u00e9dures de recrutement : Identifier ses points forts, ses points faibles . Recherche d&rsquo;informations sur le secteur vis\u00e9 et analyse du march\u00e9. Identifier&hellip;","jetpack_sharing_enabled":true,"_links":{"self":[{"href":"https:\/\/abcformation1986.fr\/en\/wp-json\/wp\/v2\/pages\/928","targetHints":{"allow":["GET"]}}],"collection":[{"href":"https:\/\/abcformation1986.fr\/en\/wp-json\/wp\/v2\/pages"}],"about":[{"href":"https:\/\/abcformation1986.fr\/en\/wp-json\/wp\/v2\/types\/page"}],"author":[{"embeddable":true,"href":"https:\/\/abcformation1986.fr\/en\/wp-json\/wp\/v2\/users\/2"}],"replies":[{"embeddable":true,"href":"https:\/\/abcformation1986.fr\/en\/wp-json\/wp\/v2\/comments?post=928"}],"version-history":[{"count":0,"href":"https:\/\/abcformation1986.fr\/en\/wp-json\/wp\/v2\/pages\/928\/revisions"}],"wp:attachment":[{"href":"https:\/\/abcformation1986.fr\/en\/wp-json\/wp\/v2\/media?parent=928"}],"curies":[{"name":"wp","href":"https:\/\/api.w.org\/{rel}","templated":true}]}}