{"id":7713,"date":"2024-02-09T10:32:39","date_gmt":"2024-02-09T10:32:39","guid":{"rendered":"https:\/\/abcformation1986.fr\/?page_id=7713"},"modified":"2024-10-08T07:44:00","modified_gmt":"2024-10-08T07:44:00","slug":"cloe-anglais-test","status":"publish","type":"page","link":"https:\/\/abcformation1986.fr\/en\/cloe-anglais-test\/","title":{"rendered":"CLOE Anglais test"},"content":{"rendered":"<h2>Do you want to best prepare for your CLOE English certification?<\/h2>\n<p>In the center <strong>ABC FORMATION<\/strong>, nous mettons \u00e0 votre disposition des formateurs et formatrices qualifi\u00e9s ayant travaill\u00e9 dans des contextes ESL et EFL et ayant enseign\u00e9 des cours de pr\u00e9paration pour des tests nationaux et internationaux tels que l&rsquo;IELTS, le TOEFL, le PTE, le TOEIC, le CLOE, le FCE, le CAE, Bright et le DCL.\u00a0 Vous avez le choix parmi une gamme de cours exhaustifs et performants pour acqu\u00e9rir une ma\u00eetrise de la langue de Shakespeare. S\u00e9lectionnez la formule qui convient le mieux \u00e0 vos besoins et avancez \u00e0 votre propre rythme, en fonction de vos objectifs personnels.<\/p>\n<h2>Une formation d&rsquo;anglais c&rsquo;est :<\/h2>\n<h2>\n<p>Une formation d&rsquo;anglais implique&nbsp;:<\/p>\n<\/h2>\n<p>Qualified trainers selected according to rigorous criteria.<\/p>\n<p>General or professional training provided in a human-sized center.<\/p>\n<p>A variety of educational materials including varied themes and exercises.<\/p>\n<p>Regular monitoring and quality support throughout the training.<\/p>\n<p>\u00a0<\/p>\n<p>Positioning, intermediate and final assessments to measure progress.<\/p>\n<h2>Nos offres pour l&rsquo;anglais :<\/h2>\n<p><strong>1- Individual distance learning courses<\/strong><\/p>\n<p>Are you looking to improve your language level in a flexible and effective way through individual distance learning?<\/p>\n<p><strong>ABC FORMATION<\/strong> vous propose des cours individuels en ligne via des plateformes de visioconf\u00e9rence telles que <strong>Zoom, Skype et teams<\/strong>. Si vous \u00eates pris par le temps et pr\u00e9f\u00e9rez progresser \u00e0 votre propre rythme, nos cours de langues \u00e0 distance vous offrent la possibilit\u00e9 de concilier votre emploi du temps charg\u00e9 avec une formation de qualit\u00e9.<\/p>\n<p><strong>A one-to-one distance language course offers the following advantages:<\/strong><\/p>\n<p>Personalized face-to-face instruction.<\/p>\n<p>An experienced trainer who is attentive to your needs.<\/p>\n<p>No constraints or travel costs.<\/p>\n<p>Use of high-performance videoconferencing platforms.<\/p>\n<p><strong>To set up distance learning that perfectly matches your profile and allows you to progress at your own pace, we follow this approach:<\/strong><\/p>\n<p>Assessment of your current level using a level test.<\/p>\n<p>Determination of the level to be achieved based on your needs and objectives.<\/p>\n<p>Planning your sessions through a flexible strategy adapted to your preferences.<\/p>\n<p>Assessment of your progress through regular level tests.<\/p>\n<p><strong>Inscription\u00a0:<\/strong><\/p>\n<p>Pour vous inscrire \u00e0 une formation individuelle \u00e0 distance, les tarifs et les modalit\u00e9s d&rsquo;inscription varient en fonction de vos attentes et besoins. Nous vous encourageons \u00e0 consulter<strong> the <a style=\"color: #33cccc;\" href=\"#\">lien ci-dessous<\/a> pour<\/strong> acc\u00e9der aux d\u00e9tails n\u00e9cessaires pour vous inscrire chez <strong>ABC FORMATION.<\/strong><\/p>\n<p><strong>2- Individual face-to-face lessons<\/strong><\/p>\n<p>We offer you the opportunity to participate in individual language courses in person at our premises within the ABC FORMATION center. Our face-to-face courses are designed to strengthen your language skills, thanks to a personalized program specially adapted to your profile.<\/p>\n<p>Les cours en pr\u00e9sentiel encouragent l&rsquo;appropriation des connaissances et la m\u00e9morisation. Cette approche favorise \u00e9galement les \u00e9changes et les interactions avec le formateur.<\/p>\n<p><strong>A one-to-one, face-to-face language course offers the following features:<\/strong><\/p>\n<p>A dynamic and personalized experience.<\/p>\n<p>An experienced trainer who is attentive to your needs.<\/p>\n<p>Un environnement favorable \u00e0 l&rsquo;assimilation des connaissances.<\/p>\n<p>A warm welcome.<\/p>\n<p><strong>To set up face-to-face training that perfectly matches your profile and allows you to progress at your own pace, we follow these steps:<\/strong><\/p>\n<p>Assessment of your current level through a level test.<\/p>\n<p>Determination of the level to be achieved based on your needs and objectives.<\/p>\n<p>Planning your sessions through a flexible strategy adapted to your preferences.<\/p>\n<p><strong>Inscription\u00a0: <\/strong><\/p>\n<p>Pour vous inscrire \u00e0 une formation individuelle en pr\u00e9sentiel, les tarifs et les modalit\u00e9s d&rsquo;inscription varient en fonction de vos attentes et besoins. Nous vous encourageons \u00e0 consulter le lien ci-dessous pour acc\u00e9der aux d\u00e9tails n\u00e9cessaires pour vous inscrire chez <strong>ABC FORMATION.<\/strong><\/p>\n<p>\t\t\t<a href=\"https:\/\/abcformation1986.fr\/en\/product\/certification-cloe-anglais-langue-etrangere-copie\/\" role=\"button\"><br \/>\n\t\t\t\t\t\tClick here.<br \/>\n\t\t\t\t\t<\/a><br \/>\n\t\t\t<a href=\"https:\/\/abcformation1986.fr\/en\/product\/certification-cloe-anglais-langue-etrangere-copie\/\" role=\"button\"><br \/>\n\t\t\t\t\t\tClick here.<br \/>\n\t\t\t\t\t<\/a><\/p>\n<h2>Assessment of your language knowledge<\/h2>\n<p>\t\t\t<a href=\"https:\/\/cloe-cel.com\/demo\/start\/1\" role=\"button\"><br \/>\n\t\t\t\t\t\tCommencer la d\u00e9mo<br \/>\n\t\t\t\t\t<\/a><\/p>\n<h2>Utiliser mon compte CPF pour la certification CLOE<\/h2>\n<p>\t\t\t\t\t\t\t\t\t\t\t\t\t\t\t<img decoding=\"async\" width=\"395\" height=\"150\" src=\"https:\/\/abcformation1986.fr\/wp-content\/uploads\/2024\/02\/CPF_resize-150.jpg\" alt=\"\" loading=\"lazy\" srcset=\"https:\/\/abcformation1986.fr\/wp-content\/uploads\/2024\/02\/CPF_resize-150.jpg 395w, https:\/\/abcformation1986.fr\/wp-content\/uploads\/2024\/02\/CPF_resize-150-300x114.jpg 300w, https:\/\/abcformation1986.fr\/wp-content\/uploads\/2024\/02\/CPF_resize-150-18x7.jpg 18w\" sizes=\"auto, (max-width: 395px) 100vw, 395px\" \/><br \/>\n\t\t\t<a href=\"https:\/\/www.moncompteformation.gouv.fr\/espace-public\/comprendre-la-formation-professionnelle\" role=\"button\"><br \/>\n\t\t\t\t\t\tClick here.<br \/>\n\t\t\t\t\t<\/a><br \/>\n\t\t\tManagement of delays and absences<br \/>\n\t\t\t\t\t\t\t During the oral test The exact time reserved for the oral test must be respected by the candidate. No candidate may enter the virtual examination room more than 10 minutes after the scheduled time slot. Any cancellation must be made via the portal within a maximum of 24 hours before the appointment. After this deadline, any test will be counted. In the event of force majeure and upon presentation of supporting documents, an alternative time slot may be offered.<br \/>\n\t\t\t\t\t\t\t\t\t\t<button type=\"button\"><br \/>\n\t\t\t\t\t\t\t\t\t\tIgnorer cette alerte.<br \/>\n\t\t\t\t<\/button><\/p>\n<h2>You wish to meet us\u00a0\u00a0<\/h2>\n<p>Contact our training organization <strong>ABC formation<\/strong> to let us know your questions. We will arrange an appointment together to assess your current level, and determine an action plan to ensure the success of your training.<\/p>\n<p>\t\t\t<a href=\"https:\/\/abcformation1986.fr\/en\/shortcodes\/fiche-de-liaison\/\" role=\"button\"><br \/>\n\t\t\t\t\t\tcontactez nous<br \/>\n\t\t\t\t\t<\/a><\/p>","protected":false},"excerpt":{"rendered":"<p>Vous d\u00e9sirez pr\u00e9parer au mieux votre certification CLOE Anglais? Dans le centre ABC FORMATION, nous mettons \u00e0 votre disposition des formateurs et formatrices qualifi\u00e9s ayant travaill\u00e9 dans des contextes ESL et EFL et ayant enseign\u00e9 des cours de pr\u00e9paration pour des tests nationaux et internationaux tels que l&rsquo;IELTS, le TOEFL, le PTE, le TOEIC, le [&hellip;]<\/p>","protected":false},"author":2,"featured_media":0,"parent":0,"menu_order":0,"comment_status":"closed","ping_status":"closed","template":"","meta":{"_uag_custom_page_level_css":"","footnotes":""},"class_list":["post-7713","page","type-page","status-publish","hentry"],"yoast_head":"<!-- This site is optimized with the Yoast SEO plugin v25.2 - https:\/\/yoast.com\/wordpress\/plugins\/seo\/ -->\n<title>CLOE Anglais test - Centre de Formation ABC Franconville | FLE | TEF<\/title>\n<meta name=\"robots\" content=\"index, follow, max-snippet:-1, max-image-preview:large, max-video-preview:-1\" \/>\n<link rel=\"canonical\" href=\"https:\/\/abcformation1986.fr\/en\/cloe-anglais-test\/\" \/>\n<meta property=\"og:locale\" content=\"en_US\" \/>\n<meta property=\"og:type\" content=\"article\" \/>\n<meta property=\"og:title\" content=\"CLOE Anglais test - Centre de Formation ABC Franconville | FLE | TEF\" \/>\n<meta property=\"og:description\" content=\"Vous d\u00e9sirez pr\u00e9parer au mieux votre certification CLOE Anglais? Dans le centre ABC FORMATION, nous mettons \u00e0 votre disposition des formateurs et formatrices qualifi\u00e9s ayant travaill\u00e9 dans des contextes ESL et EFL et ayant enseign\u00e9 des cours de pr\u00e9paration pour des tests nationaux et internationaux tels que l&rsquo;IELTS, le TOEFL, le PTE, le TOEIC, le [&hellip;]\" \/>\n<meta property=\"og:url\" content=\"https:\/\/abcformation1986.fr\/en\/cloe-anglais-test\/\" \/>\n<meta property=\"og:site_name\" content=\"Centre de Formation ABC Franconville | FLE | TEF\" \/>\n<meta property=\"article:publisher\" content=\"http:\/\/@abcformation\" \/>\n<meta property=\"article:modified_time\" content=\"2024-10-08T07:44:00+00:00\" \/>\n<meta property=\"og:image\" content=\"https:\/\/abcformation1986.fr\/wp-content\/uploads\/2024\/02\/CPF_resize-150.jpg\" \/>\n<meta name=\"twitter:card\" content=\"summary_large_image\" \/>\n<meta name=\"twitter:site\" content=\"@abc_formation\" \/>\n<meta name=\"twitter:label1\" content=\"Est. reading time\" \/>\n\t<meta name=\"twitter:data1\" content=\"5 minutes\" \/>\n<script type=\"application\/ld+json\" class=\"yoast-schema-graph\">{\"@context\":\"https:\/\/schema.org\",\"@graph\":[{\"@type\":\"WebPage\",\"@id\":\"https:\/\/abcformation1986.fr\/es\/cloe-anglais-test\/\",\"url\":\"https:\/\/abcformation1986.fr\/es\/cloe-anglais-test\/\",\"name\":\"CLOE Anglais test - Centre de Formation ABC Franconville | FLE | TEF\",\"isPartOf\":{\"@id\":\"https:\/\/abcformation1986.fr\/ar\/#website\"},\"primaryImageOfPage\":{\"@id\":\"https:\/\/abcformation1986.fr\/es\/cloe-anglais-test\/#primaryimage\"},\"image\":{\"@id\":\"https:\/\/abcformation1986.fr\/es\/cloe-anglais-test\/#primaryimage\"},\"thumbnailUrl\":\"https:\/\/abcformation1986.fr\/wp-content\/uploads\/2024\/02\/CPF_resize-150.jpg\",\"datePublished\":\"2024-02-09T10:32:39+00:00\",\"dateModified\":\"2024-10-08T07:44:00+00:00\",\"breadcrumb\":{\"@id\":\"https:\/\/abcformation1986.fr\/es\/cloe-anglais-test\/#breadcrumb\"},\"inLanguage\":\"en-US\",\"potentialAction\":[{\"@type\":\"ReadAction\",\"target\":[\"https:\/\/abcformation1986.fr\/es\/cloe-anglais-test\/\"]}]},{\"@type\":\"ImageObject\",\"inLanguage\":\"en-US\",\"@id\":\"https:\/\/abcformation1986.fr\/es\/cloe-anglais-test\/#primaryimage\",\"url\":\"https:\/\/abcformation1986.fr\/wp-content\/uploads\/2024\/02\/CPF_resize-150.jpg\",\"contentUrl\":\"https:\/\/abcformation1986.fr\/wp-content\/uploads\/2024\/02\/CPF_resize-150.jpg\"},{\"@type\":\"BreadcrumbList\",\"@id\":\"https:\/\/abcformation1986.fr\/es\/cloe-anglais-test\/#breadcrumb\",\"itemListElement\":[{\"@type\":\"ListItem\",\"position\":1,\"name\":\"Home\",\"item\":\"https:\/\/abcformation1986.fr\/ar\/\"},{\"@type\":\"ListItem\",\"position\":2,\"name\":\"CLOE Anglais test\"}]},{\"@type\":\"WebSite\",\"@id\":\"https:\/\/abcformation1986.fr\/ar\/#website\",\"url\":\"https:\/\/abcformation1986.fr\/ar\/\",\"name\":\"Centre de Formation ABC Franconville | FLE | TEF\",\"description\":\"Acteur historique de  la formation, de l\u2019insertion et de la  reconversion professionnelle depuis 1986\",\"publisher\":{\"@id\":\"https:\/\/abcformation1986.fr\/ar\/#organization\"},\"potentialAction\":[{\"@type\":\"SearchAction\",\"target\":{\"@type\":\"EntryPoint\",\"urlTemplate\":\"https:\/\/abcformation1986.fr\/ar\/?s={search_term_string}\"},\"query-input\":{\"@type\":\"PropertyValueSpecification\",\"valueRequired\":true,\"valueName\":\"search_term_string\"}}],\"inLanguage\":\"en-US\"},{\"@type\":\"Organization\",\"@id\":\"https:\/\/abcformation1986.fr\/ar\/#organization\",\"name\":\"ABCFORMATION\",\"url\":\"https:\/\/abcformation1986.fr\/ar\/\",\"logo\":{\"@type\":\"ImageObject\",\"inLanguage\":\"en-US\",\"@id\":\"https:\/\/abcformation1986.fr\/ar\/#\/schema\/logo\/image\/\",\"url\":\"https:\/\/abcformation1986.fr\/wp-content\/uploads\/2018\/11\/abclogo.png\",\"contentUrl\":\"https:\/\/abcformation1986.fr\/wp-content\/uploads\/2018\/11\/abclogo.png\",\"width\":134,\"height\":82,\"caption\":\"ABCFORMATION\"},\"image\":{\"@id\":\"https:\/\/abcformation1986.fr\/ar\/#\/schema\/logo\/image\/\"},\"sameAs\":[\"http:\/\/@abcformation\",\"https:\/\/x.com\/abc_formation\",\"http:\/\/abcformation1986\"]}]}<\/script>\n<!-- \/ Yoast SEO plugin. -->","yoast_head_json":{"title":"CLOE Anglais test - Centre de Formation ABC Franconville | FLE | TEF","robots":{"index":"index","follow":"follow","max-snippet":"max-snippet:-1","max-image-preview":"max-image-preview:large","max-video-preview":"max-video-preview:-1"},"canonical":"https:\/\/abcformation1986.fr\/en\/cloe-anglais-test\/","og_locale":"en_US","og_type":"article","og_title":"CLOE Anglais test - Centre de Formation ABC Franconville | FLE | TEF","og_description":"Vous d\u00e9sirez pr\u00e9parer au mieux votre certification CLOE Anglais? Dans le centre ABC FORMATION, nous mettons \u00e0 votre disposition des formateurs et formatrices qualifi\u00e9s ayant travaill\u00e9 dans des contextes ESL et EFL et ayant enseign\u00e9 des cours de pr\u00e9paration pour des tests nationaux et internationaux tels que l&rsquo;IELTS, le TOEFL, le PTE, le TOEIC, le [&hellip;]","og_url":"https:\/\/abcformation1986.fr\/en\/cloe-anglais-test\/","og_site_name":"Centre de Formation ABC Franconville | FLE | TEF","article_publisher":"http:\/\/@abcformation","article_modified_time":"2024-10-08T07:44:00+00:00","og_image":[{"url":"https:\/\/abcformation1986.fr\/wp-content\/uploads\/2024\/02\/CPF_resize-150.jpg","type":"","width":"","height":""}],"twitter_card":"summary_large_image","twitter_site":"@abc_formation","twitter_misc":{"Est. reading time":"5 minutes"},"schema":{"@context":"https:\/\/schema.org","@graph":[{"@type":"WebPage","@id":"https:\/\/abcformation1986.fr\/es\/cloe-anglais-test\/","url":"https:\/\/abcformation1986.fr\/es\/cloe-anglais-test\/","name":"CLOE Anglais test - Centre de Formation ABC Franconville | FLE | TEF","isPartOf":{"@id":"https:\/\/abcformation1986.fr\/ar\/#website"},"primaryImageOfPage":{"@id":"https:\/\/abcformation1986.fr\/es\/cloe-anglais-test\/#primaryimage"},"image":{"@id":"https:\/\/abcformation1986.fr\/es\/cloe-anglais-test\/#primaryimage"},"thumbnailUrl":"https:\/\/abcformation1986.fr\/wp-content\/uploads\/2024\/02\/CPF_resize-150.jpg","datePublished":"2024-02-09T10:32:39+00:00","dateModified":"2024-10-08T07:44:00+00:00","breadcrumb":{"@id":"https:\/\/abcformation1986.fr\/es\/cloe-anglais-test\/#breadcrumb"},"inLanguage":"en-US","potentialAction":[{"@type":"ReadAction","target":["https:\/\/abcformation1986.fr\/es\/cloe-anglais-test\/"]}]},{"@type":"ImageObject","inLanguage":"en-US","@id":"https:\/\/abcformation1986.fr\/es\/cloe-anglais-test\/#primaryimage","url":"https:\/\/abcformation1986.fr\/wp-content\/uploads\/2024\/02\/CPF_resize-150.jpg","contentUrl":"https:\/\/abcformation1986.fr\/wp-content\/uploads\/2024\/02\/CPF_resize-150.jpg"},{"@type":"BreadcrumbList","@id":"https:\/\/abcformation1986.fr\/es\/cloe-anglais-test\/#breadcrumb","itemListElement":[{"@type":"ListItem","position":1,"name":"Home","item":"https:\/\/abcformation1986.fr\/ar\/"},{"@type":"ListItem","position":2,"name":"CLOE Anglais test"}]},{"@type":"WebSite","@id":"https:\/\/abcformation1986.fr\/ar\/#website","url":"https:\/\/abcformation1986.fr\/ar\/","name":"Centre de Formation ABC Franconville | FLE | TEF","description":"Acteur historique de  la formation, de l\u2019insertion et de la  reconversion professionnelle depuis 1986","publisher":{"@id":"https:\/\/abcformation1986.fr\/ar\/#organization"},"potentialAction":[{"@type":"SearchAction","target":{"@type":"EntryPoint","urlTemplate":"https:\/\/abcformation1986.fr\/ar\/?s={search_term_string}"},"query-input":{"@type":"PropertyValueSpecification","valueRequired":true,"valueName":"search_term_string"}}],"inLanguage":"en-US"},{"@type":"Organization","@id":"https:\/\/abcformation1986.fr\/ar\/#organization","name":"ABCFORMATION","url":"https:\/\/abcformation1986.fr\/ar\/","logo":{"@type":"ImageObject","inLanguage":"en-US","@id":"https:\/\/abcformation1986.fr\/ar\/#\/schema\/logo\/image\/","url":"https:\/\/abcformation1986.fr\/wp-content\/uploads\/2018\/11\/abclogo.png","contentUrl":"https:\/\/abcformation1986.fr\/wp-content\/uploads\/2018\/11\/abclogo.png","width":134,"height":82,"caption":"ABCFORMATION"},"image":{"@id":"https:\/\/abcformation1986.fr\/ar\/#\/schema\/logo\/image\/"},"sameAs":["http:\/\/@abcformation","https:\/\/x.com\/abc_formation","http:\/\/abcformation1986"]}]}},"uagb_featured_image_src":{"full":false,"thumbnail":false,"medium":false,"medium_large":false,"large":false,"1536x1536":false,"2048x2048":false,"trp-custom-language-flag":false,"hala-full":false,"hala-medium":false,"hala-small":false,"hala-team":false,"hala-thumb":false,"woocommerce_thumbnail":false,"woocommerce_single":false,"woocommerce_gallery_thumbnail":false},"uagb_author_info":{"display_name":"abc formation","author_link":"https:\/\/abcformation1986.fr\/en\/author\/abcformation\/"},"uagb_comment_info":0,"uagb_excerpt":"Vous d\u00e9sirez pr\u00e9parer au mieux votre certification CLOE Anglais? Dans le centre ABC FORMATION, nous mettons \u00e0 votre disposition des formateurs et formatrices qualifi\u00e9s ayant travaill\u00e9 dans des contextes ESL et EFL et ayant enseign\u00e9 des cours de pr\u00e9paration pour des tests nationaux et internationaux tels que l&rsquo;IELTS, le TOEFL, le PTE, le TOEIC, le&hellip;","jetpack_sharing_enabled":true,"_links":{"self":[{"href":"https:\/\/abcformation1986.fr\/en\/wp-json\/wp\/v2\/pages\/7713","targetHints":{"allow":["GET"]}}],"collection":[{"href":"https:\/\/abcformation1986.fr\/en\/wp-json\/wp\/v2\/pages"}],"about":[{"href":"https:\/\/abcformation1986.fr\/en\/wp-json\/wp\/v2\/types\/page"}],"author":[{"embeddable":true,"href":"https:\/\/abcformation1986.fr\/en\/wp-json\/wp\/v2\/users\/2"}],"replies":[{"embeddable":true,"href":"https:\/\/abcformation1986.fr\/en\/wp-json\/wp\/v2\/comments?post=7713"}],"version-history":[{"count":38,"href":"https:\/\/abcformation1986.fr\/en\/wp-json\/wp\/v2\/pages\/7713\/revisions"}],"predecessor-version":[{"id":10123,"href":"https:\/\/abcformation1986.fr\/en\/wp-json\/wp\/v2\/pages\/7713\/revisions\/10123"}],"wp:attachment":[{"href":"https:\/\/abcformation1986.fr\/en\/wp-json\/wp\/v2\/media?parent=7713"}],"curies":[{"name":"wp","href":"https:\/\/api.w.org\/{rel}","templated":true}]}}