{"id":8473,"date":"2024-04-26T09:23:03","date_gmt":"2024-04-26T09:23:03","guid":{"rendered":"https:\/\/abcformation1986.fr\/?post_type=product&#038;p=8473"},"modified":"2025-04-18T12:03:45","modified_gmt":"2025-04-18T12:03:45","slug":"certification-cloe-anglais-langue-etrangere-copie","status":"publish","type":"product","link":"https:\/\/abcformation1986.fr\/ar\/product\/certification-cloe-anglais-langue-etrangere-copie\/","title":{"rendered":"CLOE \u0627\u0644\u0644\u063a\u0629 \u0627\u0644\u0625\u0646\u062c\u0644\u064a\u0632\u064a\u0629 \u0643\u0634\u0647\u0627\u062f\u0629 \u0644\u063a\u0629 \u0623\u062c\u0646\u0628\u064a\u0629"},"content":{"rendered":"<p>L&rsquo;ABC Formation collabore en tant que centre partenaire avec CLOE.<\/p>\n<p style=\"text-align: justify;\">Pr\u00e9sentation CLOE propose un processus de certification comprenant une \u00e9valuation en ligne des comp\u00e9tences en langue \u00e9crite et une \u00e9valuation orale \u00e0 distance.<\/p>\n<p style=\"text-align: justify;\">La Certification CLOE Anglais permet d&rsquo;\u00e9valuer et de certifier les comp\u00e9tences g\u00e9n\u00e9rales et professionnelles en anglais, allant du niveau A1 au niveau C2 du Cadre europ\u00e9en commun de r\u00e9f\u00e9rence pour les langues (CECR).<\/p>\n<p style=\"text-align: justify;\">Proc\u00e9dure Pour la partie \u00e9crite, elle s&rsquo;appuie sur une base de donn\u00e9es de plus de 700 questions calibr\u00e9es selon la grille du CECR (de A1 \u00e0 C2) et subdivis\u00e9es par sous-niveaux (A1-, A1, A1+, etc.). Le test est adaptatif : les questions sont pr\u00e9sent\u00e9es au candidat en fonction d&rsquo;un algorithme et de ses r\u00e9ponses.<\/p>\n<p style=\"text-align: justify;\">Pour la partie orale, le jury utilise un outil de questionnement (questions types, textes et mises en situation) pour \u00e9valuer la capacit\u00e9 de communication orale du candidat.<\/p>\n<p style=\"text-align: justify;\">Apr\u00e8s l&rsquo;inscription, ABC Formation contacte le candidat pour organiser l&rsquo;\u00e9preuve qui se d\u00e9roule \u00e0 distance.<\/p>\n<p>Le candidat re\u00e7oit ses r\u00e9sultats via la plateforme en ligne.<\/p>","protected":false},"excerpt":{"rendered":"<p>La Certification CLOE permet d&rsquo;\u00e9valuer et de certifier les comp\u00e9tences g\u00e9n\u00e9rales et professionnelles Fran\u00e7ais langue \u00e9trang\u00e8re FLE du niveau A1 au niveau C2 selon le Cadre europ\u00e9en commun de r\u00e9f\u00e9rence pour les langues (CECRL)<\/p>","protected":false},"featured_media":10333,"template":"","meta":{"_uag_custom_page_level_css":""},"product_brand":[],"product_cat":[178],"product_tag":[],"class_list":{"0":"post-8473","1":"product","2":"type-product","3":"status-publish","4":"has-post-thumbnail","6":"product_cat-cloe","8":"first","9":"instock","10":"taxable","11":"shipping-taxable","12":"purchasable","13":"product-type-simple"},"yoast_head":"<!-- This site is optimized with the Yoast SEO plugin v25.2 - https:\/\/yoast.com\/wordpress\/plugins\/seo\/ -->\n<title>Certification CLOE Anglais Langue Etrang\u00e8re - Centre de Formation ABC Franconville | FLE | TEF<\/title>\n<meta name=\"description\" content=\"La Certification CLOE permet d&#039;\u00e9valuer et de certifier les comp\u00e9tences g\u00e9n\u00e9rales et professionnelles Fran\u00e7ais langue \u00e9trang\u00e8re FLE\" \/>\n<meta name=\"robots\" content=\"index, follow, max-snippet:-1, max-image-preview:large, max-video-preview:-1\" \/>\n<link rel=\"canonical\" href=\"https:\/\/abcformation1986.fr\/ar\/product\/certification-cloe-anglais-langue-etrangere-copie\/\" \/>\n<meta property=\"og:locale\" content=\"ar_AR\" \/>\n<meta property=\"og:type\" content=\"article\" \/>\n<meta property=\"og:title\" content=\"Certification CLOE Anglais Langue Etrang\u00e8re - Centre de Formation ABC Franconville | FLE | TEF\" \/>\n<meta property=\"og:description\" content=\"La Certification CLOE permet d&#039;\u00e9valuer et de certifier les comp\u00e9tences g\u00e9n\u00e9rales et professionnelles Fran\u00e7ais langue \u00e9trang\u00e8re FLE\" \/>\n<meta property=\"og:url\" content=\"https:\/\/abcformation1986.fr\/ar\/product\/certification-cloe-anglais-langue-etrangere-copie\/\" \/>\n<meta property=\"og:site_name\" content=\"Centre de Formation ABC Franconville | FLE | TEF\" \/>\n<meta property=\"article:publisher\" content=\"http:\/\/@abcformation\" \/>\n<meta property=\"article:modified_time\" content=\"2025-04-18T12:03:45+00:00\" \/>\n<meta property=\"og:image\" content=\"https:\/\/abcformation1986.fr\/wp-content\/uploads\/2024\/04\/CLOE-Anglais.png\" \/>\n\t<meta property=\"og:image:width\" content=\"300\" \/>\n\t<meta property=\"og:image:height\" content=\"300\" \/>\n\t<meta property=\"og:image:type\" content=\"image\/png\" \/>\n<meta name=\"twitter:card\" content=\"summary_large_image\" \/>\n<meta name=\"twitter:site\" content=\"@abc_formation\" \/>\n<meta name=\"twitter:label1\" content=\"\u0648\u0642\u062a \u0627\u0644\u0642\u0631\u0627\u0621\u0629 \u0627\u0644\u0645\u064f\u0642\u062f\u0651\u0631\" \/>\n\t<meta name=\"twitter:data1\" content=\"\u062f\u0642\u064a\u0642\u0629 \u0648\u0627\u062d\u062f\u0629\" \/>\n<script type=\"application\/ld+json\" class=\"yoast-schema-graph\">{\"@context\":\"https:\/\/schema.org\",\"@graph\":[{\"@type\":\"WebPage\",\"@id\":\"https:\/\/abcformation1986.fr\/ar\/product\/certification-cloe-anglais-langue-etrangere-copie\/\",\"url\":\"https:\/\/abcformation1986.fr\/ar\/product\/certification-cloe-anglais-langue-etrangere-copie\/\",\"name\":\"Certification CLOE Anglais Langue Etrang\u00e8re - Centre de Formation ABC Franconville | FLE | TEF\",\"isPartOf\":{\"@id\":\"https:\/\/abcformation1986.fr\/en\/#website\"},\"primaryImageOfPage\":{\"@id\":\"https:\/\/abcformation1986.fr\/ar\/product\/certification-cloe-anglais-langue-etrangere-copie\/#primaryimage\"},\"image\":{\"@id\":\"https:\/\/abcformation1986.fr\/ar\/product\/certification-cloe-anglais-langue-etrangere-copie\/#primaryimage\"},\"thumbnailUrl\":\"https:\/\/abcformation1986.fr\/wp-content\/uploads\/2024\/04\/CLOE-Anglais.png\",\"datePublished\":\"2024-04-26T09:23:03+00:00\",\"dateModified\":\"2025-04-18T12:03:45+00:00\",\"description\":\"La Certification CLOE permet d'\u00e9valuer et de certifier les comp\u00e9tences g\u00e9n\u00e9rales et professionnelles Fran\u00e7ais langue \u00e9trang\u00e8re FLE\",\"breadcrumb\":{\"@id\":\"https:\/\/abcformation1986.fr\/ar\/product\/certification-cloe-anglais-langue-etrangere-copie\/#breadcrumb\"},\"inLanguage\":\"ar\",\"potentialAction\":[{\"@type\":\"ReadAction\",\"target\":[\"https:\/\/abcformation1986.fr\/ar\/product\/certification-cloe-anglais-langue-etrangere-copie\/\"]}]},{\"@type\":\"ImageObject\",\"inLanguage\":\"ar\",\"@id\":\"https:\/\/abcformation1986.fr\/ar\/product\/certification-cloe-anglais-langue-etrangere-copie\/#primaryimage\",\"url\":\"https:\/\/abcformation1986.fr\/wp-content\/uploads\/2024\/04\/CLOE-Anglais.png\",\"contentUrl\":\"https:\/\/abcformation1986.fr\/wp-content\/uploads\/2024\/04\/CLOE-Anglais.png\",\"width\":300,\"height\":300},{\"@type\":\"BreadcrumbList\",\"@id\":\"https:\/\/abcformation1986.fr\/ar\/product\/certification-cloe-anglais-langue-etrangere-copie\/#breadcrumb\",\"itemListElement\":[{\"@type\":\"ListItem\",\"position\":1,\"name\":\"Home\",\"item\":\"https:\/\/abcformation1986.fr\/en\/\"},{\"@type\":\"ListItem\",\"position\":2,\"name\":\"Boutique\",\"item\":\"https:\/\/abcformation1986.fr\/ar\/boutique\/\"},{\"@type\":\"ListItem\",\"position\":3,\"name\":\"Certification CLOE Anglais Langue Etrang\u00e8re\"}]},{\"@type\":\"WebSite\",\"@id\":\"https:\/\/abcformation1986.fr\/en\/#website\",\"url\":\"https:\/\/abcformation1986.fr\/en\/\",\"name\":\"Centre de Formation ABC Franconville | FLE | TEF\",\"description\":\"Acteur historique de  la formation, de l\u2019insertion et de la  reconversion professionnelle depuis 1986\",\"publisher\":{\"@id\":\"https:\/\/abcformation1986.fr\/en\/#organization\"},\"potentialAction\":[{\"@type\":\"SearchAction\",\"target\":{\"@type\":\"EntryPoint\",\"urlTemplate\":\"https:\/\/abcformation1986.fr\/en\/?s={search_term_string}\"},\"query-input\":{\"@type\":\"PropertyValueSpecification\",\"valueRequired\":true,\"valueName\":\"search_term_string\"}}],\"inLanguage\":\"ar\"},{\"@type\":\"Organization\",\"@id\":\"https:\/\/abcformation1986.fr\/en\/#organization\",\"name\":\"ABCFORMATION\",\"url\":\"https:\/\/abcformation1986.fr\/en\/\",\"logo\":{\"@type\":\"ImageObject\",\"inLanguage\":\"ar\",\"@id\":\"https:\/\/abcformation1986.fr\/en\/#\/schema\/logo\/image\/\",\"url\":\"https:\/\/abcformation1986.fr\/wp-content\/uploads\/2018\/11\/abclogo.png\",\"contentUrl\":\"https:\/\/abcformation1986.fr\/wp-content\/uploads\/2018\/11\/abclogo.png\",\"width\":134,\"height\":82,\"caption\":\"ABCFORMATION\"},\"image\":{\"@id\":\"https:\/\/abcformation1986.fr\/en\/#\/schema\/logo\/image\/\"},\"sameAs\":[\"http:\/\/@abcformation\",\"https:\/\/x.com\/abc_formation\",\"http:\/\/abcformation1986\"]}]}<\/script>\n<!-- \/ Yoast SEO plugin. -->","yoast_head_json":{"title":"Certification CLOE Anglais Langue Etrang\u00e8re - Centre de Formation ABC Franconville | FLE | TEF","description":"La Certification CLOE permet d'\u00e9valuer et de certifier les comp\u00e9tences g\u00e9n\u00e9rales et professionnelles Fran\u00e7ais langue \u00e9trang\u00e8re FLE","robots":{"index":"index","follow":"follow","max-snippet":"max-snippet:-1","max-image-preview":"max-image-preview:large","max-video-preview":"max-video-preview:-1"},"canonical":"https:\/\/abcformation1986.fr\/ar\/product\/certification-cloe-anglais-langue-etrangere-copie\/","og_locale":"ar_AR","og_type":"article","og_title":"Certification CLOE Anglais Langue Etrang\u00e8re - Centre de Formation ABC Franconville | FLE | TEF","og_description":"La Certification CLOE permet d'\u00e9valuer et de certifier les comp\u00e9tences g\u00e9n\u00e9rales et professionnelles Fran\u00e7ais langue \u00e9trang\u00e8re FLE","og_url":"https:\/\/abcformation1986.fr\/ar\/product\/certification-cloe-anglais-langue-etrangere-copie\/","og_site_name":"Centre de Formation ABC Franconville | FLE | TEF","article_publisher":"http:\/\/@abcformation","article_modified_time":"2025-04-18T12:03:45+00:00","og_image":[{"width":300,"height":300,"url":"https:\/\/abcformation1986.fr\/wp-content\/uploads\/2024\/04\/CLOE-Anglais.png","type":"image\/png"}],"twitter_card":"summary_large_image","twitter_site":"@abc_formation","twitter_misc":{"\u0648\u0642\u062a \u0627\u0644\u0642\u0631\u0627\u0621\u0629 \u0627\u0644\u0645\u064f\u0642\u062f\u0651\u0631":"\u062f\u0642\u064a\u0642\u0629 \u0648\u0627\u062d\u062f\u0629"},"schema":{"@context":"https:\/\/schema.org","@graph":[{"@type":"WebPage","@id":"https:\/\/abcformation1986.fr\/ar\/product\/certification-cloe-anglais-langue-etrangere-copie\/","url":"https:\/\/abcformation1986.fr\/ar\/product\/certification-cloe-anglais-langue-etrangere-copie\/","name":"Certification CLOE Anglais Langue Etrang\u00e8re - Centre de Formation ABC Franconville | FLE | TEF","isPartOf":{"@id":"https:\/\/abcformation1986.fr\/en\/#website"},"primaryImageOfPage":{"@id":"https:\/\/abcformation1986.fr\/ar\/product\/certification-cloe-anglais-langue-etrangere-copie\/#primaryimage"},"image":{"@id":"https:\/\/abcformation1986.fr\/ar\/product\/certification-cloe-anglais-langue-etrangere-copie\/#primaryimage"},"thumbnailUrl":"https:\/\/abcformation1986.fr\/wp-content\/uploads\/2024\/04\/CLOE-Anglais.png","datePublished":"2024-04-26T09:23:03+00:00","dateModified":"2025-04-18T12:03:45+00:00","description":"La Certification CLOE permet d'\u00e9valuer et de certifier les comp\u00e9tences g\u00e9n\u00e9rales et professionnelles Fran\u00e7ais langue \u00e9trang\u00e8re FLE","breadcrumb":{"@id":"https:\/\/abcformation1986.fr\/ar\/product\/certification-cloe-anglais-langue-etrangere-copie\/#breadcrumb"},"inLanguage":"ar","potentialAction":[{"@type":"ReadAction","target":["https:\/\/abcformation1986.fr\/ar\/product\/certification-cloe-anglais-langue-etrangere-copie\/"]}]},{"@type":"ImageObject","inLanguage":"ar","@id":"https:\/\/abcformation1986.fr\/ar\/product\/certification-cloe-anglais-langue-etrangere-copie\/#primaryimage","url":"https:\/\/abcformation1986.fr\/wp-content\/uploads\/2024\/04\/CLOE-Anglais.png","contentUrl":"https:\/\/abcformation1986.fr\/wp-content\/uploads\/2024\/04\/CLOE-Anglais.png","width":300,"height":300},{"@type":"BreadcrumbList","@id":"https:\/\/abcformation1986.fr\/ar\/product\/certification-cloe-anglais-langue-etrangere-copie\/#breadcrumb","itemListElement":[{"@type":"ListItem","position":1,"name":"Home","item":"https:\/\/abcformation1986.fr\/en\/"},{"@type":"ListItem","position":2,"name":"Boutique","item":"https:\/\/abcformation1986.fr\/ar\/boutique\/"},{"@type":"ListItem","position":3,"name":"Certification CLOE Anglais Langue Etrang\u00e8re"}]},{"@type":"WebSite","@id":"https:\/\/abcformation1986.fr\/en\/#website","url":"https:\/\/abcformation1986.fr\/en\/","name":"Centre de Formation ABC Franconville | FLE | TEF","description":"Acteur historique de  la formation, de l\u2019insertion et de la  reconversion professionnelle depuis 1986","publisher":{"@id":"https:\/\/abcformation1986.fr\/en\/#organization"},"potentialAction":[{"@type":"SearchAction","target":{"@type":"EntryPoint","urlTemplate":"https:\/\/abcformation1986.fr\/en\/?s={search_term_string}"},"query-input":{"@type":"PropertyValueSpecification","valueRequired":true,"valueName":"search_term_string"}}],"inLanguage":"ar"},{"@type":"Organization","@id":"https:\/\/abcformation1986.fr\/en\/#organization","name":"ABCFORMATION","url":"https:\/\/abcformation1986.fr\/en\/","logo":{"@type":"ImageObject","inLanguage":"ar","@id":"https:\/\/abcformation1986.fr\/en\/#\/schema\/logo\/image\/","url":"https:\/\/abcformation1986.fr\/wp-content\/uploads\/2018\/11\/abclogo.png","contentUrl":"https:\/\/abcformation1986.fr\/wp-content\/uploads\/2018\/11\/abclogo.png","width":134,"height":82,"caption":"ABCFORMATION"},"image":{"@id":"https:\/\/abcformation1986.fr\/en\/#\/schema\/logo\/image\/"},"sameAs":["http:\/\/@abcformation","https:\/\/x.com\/abc_formation","http:\/\/abcformation1986"]}]}},"uagb_featured_image_src":{"full":["https:\/\/abcformation1986.fr\/wp-content\/uploads\/2024\/04\/CLOE-Anglais.png",300,300,false],"thumbnail":["https:\/\/abcformation1986.fr\/wp-content\/uploads\/2024\/04\/CLOE-Anglais-150x150.png",150,150,true],"medium":["https:\/\/abcformation1986.fr\/wp-content\/uploads\/2024\/04\/CLOE-Anglais.png",300,300,false],"medium_large":["https:\/\/abcformation1986.fr\/wp-content\/uploads\/2024\/04\/CLOE-Anglais.png",300,300,false],"large":["https:\/\/abcformation1986.fr\/wp-content\/uploads\/2024\/04\/CLOE-Anglais.png",300,300,false],"1536x1536":["https:\/\/abcformation1986.fr\/wp-content\/uploads\/2024\/04\/CLOE-Anglais.png",300,300,false],"2048x2048":["https:\/\/abcformation1986.fr\/wp-content\/uploads\/2024\/04\/CLOE-Anglais.png",300,300,false],"trp-custom-language-flag":["https:\/\/abcformation1986.fr\/wp-content\/uploads\/2024\/04\/CLOE-Anglais-12x12.png",12,12,true],"hala-full":["https:\/\/abcformation1986.fr\/wp-content\/uploads\/2024\/04\/CLOE-Anglais.png",300,300,false],"hala-medium":["https:\/\/abcformation1986.fr\/wp-content\/uploads\/2024\/04\/CLOE-Anglais.png",300,300,false],"hala-small":["https:\/\/abcformation1986.fr\/wp-content\/uploads\/2024\/04\/CLOE-Anglais-300x280.png",300,280,true],"hala-team":["https:\/\/abcformation1986.fr\/wp-content\/uploads\/2024\/04\/CLOE-Anglais-250x300.png",250,300,true],"hala-thumb":["https:\/\/abcformation1986.fr\/wp-content\/uploads\/2024\/04\/CLOE-Anglais-100x100.png",100,100,true],"woocommerce_thumbnail":["https:\/\/abcformation1986.fr\/wp-content\/uploads\/2024\/04\/CLOE-Anglais-291x291.png",291,291,true],"woocommerce_single":["https:\/\/abcformation1986.fr\/wp-content\/uploads\/2024\/04\/CLOE-Anglais.png",300,300,false],"woocommerce_gallery_thumbnail":["https:\/\/abcformation1986.fr\/wp-content\/uploads\/2024\/04\/CLOE-Anglais-100x100.png",100,100,true]},"uagb_author_info":{"display_name":"abc formation","author_link":"https:\/\/abcformation1986.fr\/ar\/author\/"},"uagb_comment_info":0,"uagb_excerpt":"La Certification CLOE permet d'\u00e9valuer et de certifier les comp\u00e9tences g\u00e9n\u00e9rales et professionnelles Fran\u00e7ais langue \u00e9trang\u00e8re FLE du niveau A1 au niveau C2 selon le Cadre europ\u00e9en commun de r\u00e9f\u00e9rence pour les langues (CECRL)","jetpack_sharing_enabled":true,"_links":{"self":[{"href":"https:\/\/abcformation1986.fr\/ar\/wp-json\/wp\/v2\/product\/8473","targetHints":{"allow":["GET"]}}],"collection":[{"href":"https:\/\/abcformation1986.fr\/ar\/wp-json\/wp\/v2\/product"}],"about":[{"href":"https:\/\/abcformation1986.fr\/ar\/wp-json\/wp\/v2\/types\/product"}],"wp:featuredmedia":[{"embeddable":true,"href":"https:\/\/abcformation1986.fr\/ar\/wp-json\/wp\/v2\/media\/10333"}],"wp:attachment":[{"href":"https:\/\/abcformation1986.fr\/ar\/wp-json\/wp\/v2\/media?parent=8473"}],"wp:term":[{"taxonomy":"product_brand","embeddable":true,"href":"https:\/\/abcformation1986.fr\/ar\/wp-json\/wp\/v2\/product_brand?post=8473"},{"taxonomy":"product_cat","embeddable":true,"href":"https:\/\/abcformation1986.fr\/ar\/wp-json\/wp\/v2\/product_cat?post=8473"},{"taxonomy":"product_tag","embeddable":true,"href":"https:\/\/abcformation1986.fr\/ar\/wp-json\/wp\/v2\/product_tag?post=8473"}],"curies":[{"name":"wp","href":"https:\/\/api.w.org\/{rel}","templated":true}]}}