{"id":842,"date":"2018-11-20T08:43:47","date_gmt":"2018-11-20T08:43:47","guid":{"rendered":"http:\/\/abcformation1986.fr\/?page_id=842"},"modified":"2024-10-11T14:08:31","modified_gmt":"2024-10-11T14:08:31","slug":"nos-objectifs","status":"publish","type":"page","link":"https:\/\/abcformation1986.fr\/ar\/nos-objectifs\/","title":{"rendered":"\u0623\u0647\u062f\u0627\u0641\u0646\u0627"},"content":{"rendered":"<div class=\"vc_row wpb_row vc_row-fluid\">\n\t\t\t\t<div class=\"mo-vc-row-ovelay\" style=\"\"><\/div>\n\t\t\t\t<div class=\"container\"><div class=\"wpb_column vc_column_container vc_col-sm-12\"><div class=\"vc_column-inner\"><div class=\"wpb_wrapper\">\n\t<div class=\"wpb_text_column wpb_content_element\" >\n\t\t<div class=\"wpb_wrapper\">\n\t\t\t<h1 style=\"text-align: center;\"><span style=\"color: #33cccc;\"><b>\u0627\u0644\u062a\u0632\u0627\u0645 \u0627\u0644\u0625\u062f\u0627\u0631\u0629<\/b><\/span><\/h1>\n<p>&nbsp;<\/p>\n<p style=\"text-align: justify; line-height: 25px;\">\u0646\u062d\u0646 \u0645\u0644\u062a\u0632\u0645\u0648\u0646 \u0628\u062a\u0642\u062f\u064a\u0645 \u062e\u062f\u0645\u0627\u062a \u062a\u062f\u0631\u064a\u0628\u064a\u0629 \u0639\u0627\u0644\u064a\u0629 \u0627\u0644\u062c\u0648\u062f\u0629\u060c \u0648\u062a\u0644\u0628\u064a\u0629 \u0627\u062d\u062a\u064a\u0627\u062c\u0627\u062a \u062c\u0645\u0647\u0648\u0631\u0646\u0627 \u0648\u0627\u0644\u0645\u0633\u0627\u0647\u0645\u0629 \u0641\u064a \u0627\u0644\u062a\u0637\u0648\u064a\u0631 \u0627\u0644\u0645\u0647\u0646\u064a \u0648\u0627\u0644\u0634\u062e\u0635\u064a \u0644\u0644\u0645\u062a\u0639\u0644\u0645\u064a\u0646 \u0644\u062f\u064a\u0646\u0627. \u064a\u0644\u0639\u0628 \u0627\u0644\u062a\u0632\u0627\u0645 \u0627\u0644\u0625\u062f\u0627\u0631\u0629 \u062f\u0648\u0631\u064b\u0627 \u0623\u0633\u0627\u0633\u064a\u064b\u0627 \u0641\u064a \u062a\u062d\u0642\u064a\u0642 \u0631\u0633\u0627\u0644\u062a\u0646\u0627 \u0648\u0642\u064a\u0645\u0646\u0627 \u0627\u0644\u0623\u0633\u0627\u0633\u064a\u0629. \u0641\u064a\u0645\u0627 \u064a\u0644\u064a \u0648\u062b\u064a\u0642\u0629 \u062a\u0635\u0641 \u0627\u0644\u062a\u0632\u0627\u0645\u0646\u0627 \u062a\u062c\u0627\u0647 \u062c\u0645\u0647\u0648\u0631\u0646\u0627 \u0648\u0645\u0648\u0638\u0641\u064a\u0646\u0627 \u0648\u0634\u0628\u0643\u0629 \u0634\u0631\u0627\u0643\u062a\u0646\u0627:<\/p>\n<p>&nbsp;<\/p>\n<p><span style=\"font-weight: bold; color: #33cccc;\">\u0627\u0644\u062a\u0632\u0627\u0645\u0646\u0627 \u062a\u062c\u0627\u0647 \u062c\u0645\u0627\u0647\u064a\u0631\u0646\u0627:<\/span><\/p>\n<p style=\"font-weight: 400; text-align: justify; line-height: 25px;\">\u0646\u062d\u0646 \u0645\u0644\u062a\u0632\u0645\u0648\u0646 \u0628\u0641\u0647\u0645 \u0627\u062d\u062a\u064a\u0627\u062c\u0627\u062a \u0648\u062a\u0648\u0642\u0639\u0627\u062a \u0645\u0633\u062a\u062e\u062f\u0645\u064a\u0646\u0627 \u0648\u0646\u0642\u062f\u0645 \u0644\u0647\u0645 \u062d\u0644\u0648\u0644\u064b\u0627 \u062a\u062f\u0631\u064a\u0628\u064a\u0629 \u062a\u062a\u0643\u064a\u0641 \u0645\u0639 \u0623\u0647\u062f\u0627\u0641\u0647\u0645 \u0627\u0644\u0645\u062d\u062f\u062f\u0629.<\/p>\n<p style=\"font-weight: 400; text-align: justify; line-height: 25px;\">\u0646\u062d\u0646 \u0646\u0633\u0639\u0649 \u062c\u0627\u0647\u062f\u064a\u0646 \u0644\u062a\u0642\u062f\u064a\u0645 \u062e\u062f\u0645\u0627\u062a \u062a\u062f\u0631\u064a\u0628\u064a\u0629 \u0639\u0627\u0644\u064a\u0629 \u0627\u0644\u062c\u0648\u062f\u0629\u060c \u0645\u0639 \u0627\u0644\u062a\u0631\u0643\u064a\u0632 \u0639\u0644\u0649 \u0627\u0644\u0645\u0644\u0627\u0621\u0645\u0629 \u0648\u0627\u0644\u0645\u0648\u062b\u0648\u0642\u064a\u0629 \u0648\u0627\u0644\u0642\u064a\u0645\u0629 \u0627\u0644\u0645\u0636\u0627\u0641\u0629 \u0644\u062c\u0645\u0647\u0648\u0631\u0646\u0627.<\/p>\n<p style=\"font-weight: 400; text-align: justify; line-height: 25px;\">\u0646\u062d\u0646 \u0645\u0644\u062a\u0632\u0645\u0648\u0646 \u0628\u0636\u0645\u0627\u0646 \u0631\u0636\u0627 \u0627\u0644\u0645\u062a\u0639\u0644\u0645\u064a\u0646 \u0644\u062f\u064a\u0646\u0627 \u0645\u0646 \u062e\u0644\u0627\u0644 \u062a\u0648\u0641\u064a\u0631 \u0627\u0644\u0645\u0631\u0627\u0642\u0628\u0629 \u0627\u0644\u0645\u0633\u062a\u0645\u0631\u0629 \u0648\u062a\u0642\u064a\u064a\u0645 \u0627\u062d\u062a\u064a\u0627\u062c\u0627\u062a\u0647\u0645 \u0648\u0627\u062a\u062e\u0627\u0630 \u0627\u0644\u0625\u062c\u0631\u0627\u0621\u0627\u062a \u0627\u0644\u062a\u0635\u062d\u064a\u062d\u064a\u0629 \u0625\u0630\u0627 \u0644\u0632\u0645 \u0627\u0644\u0623\u0645\u0631.<\/p>\n<p>&nbsp;<\/p>\n<p><span style=\"font-weight: bold; color: #33cccc;\">\u0627\u0644\u0627\u0644\u062a\u0632\u0627\u0645 \u062a\u062c\u0627\u0647 \u0645\u0648\u0638\u0641\u064a\u0646\u0627:<\/span><\/p>\n<p style=\"font-weight: 400; text-align: justify; line-height: 25px;\">\u0646\u062d\u0646 \u0646\u0642\u062f\u0631 \u0645\u0648\u0638\u0641\u064a\u0646\u0627 \u0645\u0646 \u062e\u0644\u0627\u0644 \u0627\u0644\u0627\u0639\u062a\u0631\u0627\u0641 \u0628\u0645\u0633\u0627\u0647\u0645\u062a\u0647\u0645\u060c \u0648\u062a\u0639\u0632\u064a\u0632 \u0628\u064a\u0626\u0629 \u0639\u0645\u0644 \u0645\u062d\u062a\u0631\u0645\u0629 \u0648\u0634\u0627\u0645\u0644\u0629\u060c \u0648\u062a\u0634\u062c\u064a\u0639 \u062a\u0637\u0648\u0631\u0647\u0645 \u0627\u0644\u0645\u0647\u0646\u064a.<\/p>\n<p style=\"font-weight: 400; text-align: justify; line-height: 25px;\">\u0646\u062d\u0646 \u0645\u0644\u062a\u0632\u0645\u0648\u0646 \u0628\u062a\u0648\u0641\u064a\u0631 \u0627\u0644\u0645\u0648\u0627\u0631\u062f \u0648\u0627\u0644\u062a\u062f\u0631\u064a\u0628 \u0627\u0644\u0645\u0633\u062a\u0645\u0631 \u0644\u062f\u0639\u0645 \u0627\u0644\u0646\u0645\u0648 \u0648\u0627\u0644\u062a\u0637\u0648\u064a\u0631 \u0627\u0644\u0645\u0647\u0646\u064a \u0644\u0645\u0648\u0638\u0641\u064a\u0646\u0627.<\/p>\n<p style=\"font-weight: 400; text-align: justify; line-height: 25px;\">\u0646\u062d\u0646 \u0646\u0634\u062c\u0639 \u0627\u0644\u0645\u0634\u0627\u0631\u0643\u0629 \u0627\u0644\u0641\u0639\u0627\u0644\u0629 \u0644\u0645\u0648\u0638\u0641\u064a\u0646\u0627 \u0641\u064a \u0639\u0645\u0644\u064a\u0629 \u0627\u0644\u062a\u062d\u0633\u064a\u0646 \u0627\u0644\u0645\u0633\u062a\u0645\u0631 \u0648\u0641\u064a \u0627\u062a\u062e\u0627\u0630 \u0627\u0644\u0642\u0631\u0627\u0631\u0627\u062a \u0627\u0644\u0645\u062a\u0639\u0644\u0642\u0629 \u0628\u062c\u0648\u062f\u0629 \u062e\u062f\u0645\u0627\u062a\u0646\u0627.<\/p>\n<p>&nbsp;<\/p>\n<p><span style=\"font-weight: bold; color: #33cccc;\">\u0627\u0644\u0627\u0644\u062a\u0632\u0627\u0645 \u0628\u0634\u0628\u0643\u0629 \u0634\u0631\u0627\u0643\u062a\u0646\u0627:<\/span><\/p>\n<p style=\"font-weight: 400; text-align: justify; line-height: 25px;\">\u0648\u0646\u062d\u0646 \u0646\u0633\u0639\u0649 \u062c\u0627\u0647\u062f\u064a\u0646 \u0644\u0646\u0643\u0648\u0646 \u0634\u0631\u064a\u0643\u0627 \u0645\u0633\u0624\u0648\u0644\u0627 \u0641\u064a \u0623\u0631\u0627\u0636\u064a\u0646\u0627\u060c \u0648\u0627\u0644\u0645\u0633\u0627\u0647\u0645\u0629 \u0641\u064a \u062a\u0646\u0645\u064a\u062a\u0647\u0627 \u0627\u0644\u0627\u0642\u062a\u0635\u0627\u062f\u064a\u0629 \u0648\u0627\u0644\u0627\u062c\u062a\u0645\u0627\u0639\u064a\u0629.<\/p>\n<p style=\"font-weight: 400; text-align: justify; line-height: 25px;\">\u0646\u062d\u0646 \u0645\u0644\u062a\u0632\u0645\u0648\u0646 \u0628\u0627\u062d\u062a\u0631\u0627\u0645 \u0627\u0644\u0645\u0639\u0627\u064a\u064a\u0631 \u0648\u0627\u0644\u0644\u0648\u0627\u0626\u062d \u0627\u0644\u0623\u062e\u0644\u0627\u0642\u064a\u0629 \u0627\u0644\u0645\u0639\u0645\u0648\u0644 \u0628\u0647\u0627 \u0641\u064a \u062c\u0645\u064a\u0639 \u0623\u0646\u0634\u0637\u062a\u0646\u0627.<\/p>\n<p style=\"font-weight: 400; text-align: justify; line-height: 25px;\">\u0646\u062d\u0646 \u0646\u0634\u062c\u0639 \u0645\u0648\u0638\u0641\u064a\u0646\u0627 \u0639\u0644\u0649 \u0627\u0644\u0645\u0634\u0627\u0631\u0643\u0629 \u0627\u0644\u062a\u0637\u0648\u0639\u064a\u0629 \u0641\u064a \u0627\u0644\u0645\u0628\u0627\u062f\u0631\u0627\u062a \u0648\u0627\u0644\u0645\u0634\u0627\u0631\u064a\u0639 \u0627\u0644\u062a\u0636\u0627\u0645\u0646\u064a\u0629\u060c \u0645\u0646 \u0623\u062c\u0644 \u062a\u0639\u0632\u064a\u0632 \u062a\u0623\u062b\u064a\u0631\u0646\u0627 \u0627\u0644\u0625\u064a\u062c\u0627\u0628\u064a \u0639\u0644\u0649 \u0628\u064a\u0626\u062a\u0646\u0627 \u0627\u0644\u0627\u062c\u062a\u0645\u0627\u0639\u064a\u0629.<\/p>\n<p>&nbsp;<\/p>\n<p><span style=\"font-weight: bold; color: #33cccc;\">\u0627\u0644\u0627\u0644\u062a\u0632\u0627\u0645 \u0628\u0627\u0644\u062a\u062d\u0633\u064a\u0646 \u0627\u0644\u0645\u0633\u062a\u0645\u0631:<\/span><\/p>\n<p style=\"font-weight: 400; text-align: justify; line-height: 25px;\">\u0646\u062d\u0646 \u0645\u0635\u0645\u0645\u0648\u0646 \u0639\u0644\u0649 \u0645\u0648\u0627\u0635\u0644\u0629 \u0627\u0644\u062a\u062d\u0633\u064a\u0646 \u0627\u0644\u0645\u0633\u062a\u0645\u0631 \u0644\u0639\u0645\u0644\u064a\u0627\u062a\u0646\u0627 \u0648\u062e\u062f\u0645\u0627\u062a\u0646\u0627\u060c \u0628\u0627\u0644\u0627\u0639\u062a\u0645\u0627\u062f \u0639\u0644\u0649 \u0627\u0644\u062a\u0639\u0644\u064a\u0642\u0627\u062a \u0648\u0627\u0644\u062a\u0642\u064a\u064a\u0645\u0627\u062a \u0648\u0627\u0644\u0627\u062a\u062c\u0627\u0647\u0627\u062a \u0641\u064a \u0628\u064a\u0626\u062a\u0646\u0627 \u0627\u0644\u0627\u062c\u062a\u0645\u0627\u0639\u064a\u0629.<\/p>\n<p style=\"font-weight: 400; text-align: justify; line-height: 25px;\">\u0646\u062d\u0646 \u0646\u0634\u062c\u0639 \u0627\u0644\u0627\u0628\u062a\u0643\u0627\u0631 \u0648\u0627\u0639\u062a\u0645\u0627\u062f \u0627\u0644\u062a\u0642\u0646\u064a\u0627\u062a \u0627\u0644\u062c\u062f\u064a\u062f\u0629 \u0644\u062a\u062d\u0633\u064a\u0646 \u0627\u0644\u0643\u0641\u0627\u0621\u0629 \u0648\u062a\u062c\u0631\u0628\u0629 \u0627\u0644\u062a\u0639\u0644\u0645 \u0644\u0644\u0645\u062a\u0639\u0644\u0645\u064a\u0646 \u0644\u062f\u064a\u0646\u0627.<\/p>\n<p style=\"font-weight: 400; text-align: justify; line-height: 25px;\">\u0646\u0636\u0639 \u0622\u0644\u064a\u0627\u062a \u0645\u0631\u0627\u0642\u0628\u0629 \u0648\u062a\u0642\u064a\u064a\u0645 \u0645\u0646\u062a\u0638\u0645\u0629 \u0644\u0642\u064a\u0627\u0633 \u0623\u062f\u0627\u0626\u0646\u0627 \u0648\u062a\u062d\u062f\u064a\u062f \u0641\u0631\u0635 \u0627\u0644\u062a\u062d\u0633\u064a\u0646.<\/p>\n<p style=\"font-weight: 400; text-align: justify; line-height: 25px;\">\u064a\u062a\u0645 \u0646\u0642\u0644 \u0647\u0630\u0627 \u0627\u0644\u0627\u0644\u062a\u0632\u0627\u0645 \u0645\u0646 \u0627\u0644\u0625\u062f\u0627\u0631\u0629 \u0625\u0644\u0649 \u062c\u0645\u064a\u0639 \u0623\u0639\u0636\u0627\u0621 \u0641\u0631\u064a\u0642 ABC FORMATION\u060c \u0648\u0646\u062d\u0646 \u0646\u0633\u0639\u0649 \u062c\u0627\u0647\u062f\u064a\u0646 \u0644\u0648\u0636\u0639\u0647 \u0645\u0648\u0636\u0639 \u0627\u0644\u062a\u0646\u0641\u064a\u0630 \u0639\u0644\u0649 \u0623\u0633\u0627\u0633 \u064a\u0648\u0645\u064a \u0641\u064a \u062c\u0645\u064a\u0639 \u0623\u0646\u0634\u0637\u062a\u0646\u0627. \u0648\u0646\u062d\u0646 \u0646\u0624\u0645\u0646 \u0625\u064a\u0645\u0627\u0646\u0627 \u0631\u0627\u0633\u062e\u0627 \u0628\u0623\u0646 \u0647\u0630\u0627 \u0627\u0644\u0627\u0644\u062a\u0632\u0627\u0645 \u064a\u0633\u0627\u0647\u0645 \u0641\u064a \u0646\u062c\u0627\u062d\u0646\u0627 \u0648\u0631\u0636\u0627 \u062c\u0645\u0647\u0648\u0631\u0646\u0627 \u0648\u0645\u0648\u0638\u0641\u064a\u0646\u0627 \u0648\u0634\u0628\u0643\u0629 \u0634\u0631\u0627\u0643\u062a\u0646\u0627.<\/p>\n<p><span style=\"color: #33cccc; font-weight: bold;\">\u0627\u0644\u062a\u0632\u0627\u0645 \u0645\u0631\u0643\u0632\u0646\u0627 \u062a\u062c\u0627\u0647 \u0627\u0644\u0628\u064a\u0626\u0629:<\/span><\/p>\n<p style=\"font-weight: 400; text-align: justify; line-height: 25px;\">\u0645\u0637\u0628\u0648\u0639\u0627\u062a \u0623\u0642\u0644\u060c \u0648\u0627\u0633\u062a\u062e\u062f\u0627\u0645 \u0623\u0643\u062b\u0631 \u0645\u0633\u0624\u0648\u0644\u064a\u0629<\/p>\n<p style=\"font-weight: 400; text-align: justify; line-height: 25px;\"><b>\u0627\u0644\u0625\u062f\u0627\u0631\u0629 \u0627\u0644\u0645\u0633\u0624\u0648\u0644\u0629 \u0644\u0644\u0646\u0641\u0627\u064a\u0627\u062a<\/b> : \u0646\u062d\u0646 \u0646\u0639\u0632\u0632 \u0627\u0644\u0625\u062f\u0627\u0631\u0629 \u0627\u0644\u0645\u0633\u0624\u0648\u0644\u0629 \u0644\u0644\u0646\u0641\u0627\u064a\u0627\u062a \u0645\u0646 \u062e\u0644\u0627\u0644 \u062a\u0634\u062c\u064a\u0639 \u0625\u0639\u0627\u062f\u0629 \u0627\u0644\u062a\u062f\u0648\u064a\u0631 \u0648\u0627\u0644\u062d\u062f \u0645\u0646 \u0627\u0644\u0646\u0641\u0627\u064a\u0627\u062a \u0641\u064a \u0627\u0644\u0645\u0635\u062f\u0631. \u0648\u0647\u0630\u0627 \u064a\u0633\u0627\u0639\u062f \u0639\u0644\u0649 \u062a\u0642\u0644\u064a\u0644 \u062a\u0623\u062b\u064a\u0631\u0646\u0627 \u0639\u0644\u0649 \u0645\u062f\u0627\u0641\u0646 \u0627\u0644\u0646\u0641\u0627\u064a\u0627\u062a \u0648\u0627\u0644\u0645\u062d\u0627\u0631\u0642.<\/p>\n<p style=\"font-weight: 400; text-align: justify; line-height: 25px;\"><b>\u0627\u0644\u0645\u062d\u0627\u0641\u0638\u0629 \u0639\u0644\u0649 \u0627\u0644\u0645\u064a\u0627\u0647:<\/b> \u0644\u0642\u062f \u0642\u0645\u0646\u0627 \u0628\u062a\u0646\u0641\u064a\u0630 \u062a\u062f\u0627\u0628\u064a\u0631 \u0644\u062a\u0648\u0641\u064a\u0631 \u0627\u0644\u0645\u064a\u0627\u0647\u060c \u0628\u0645\u0627 \u0641\u064a \u0630\u0644\u0643 \u0627\u0633\u062a\u062e\u062f\u0627\u0645 \u063a\u0633\u0627\u0644\u0627\u062a \u0627\u0644\u0623\u0637\u0628\u0627\u0642 \u0627\u0644\u0645\u0648\u0641\u0631\u0629 \u0644\u0644\u0645\u064a\u0627\u0647. \u062a\u0633\u0627\u0639\u062f \u0647\u0630\u0647 \u0627\u0644\u0645\u0628\u0627\u062f\u0631\u0629 \u0639\u0644\u0649 \u062a\u0642\u0644\u064a\u0644 \u0628\u0635\u0645\u062a\u0646\u0627 \u0627\u0644\u0628\u064a\u0626\u064a\u0629 \u0645\u0646 \u062e\u0644\u0627\u0644 \u0627\u0644\u062d\u0641\u0627\u0638 \u0639\u0644\u0649 \u0647\u0630\u0627 \u0627\u0644\u0645\u0648\u0631\u062f \u0627\u0644\u062b\u0645\u064a\u0646 \u0645\u0639 \u0627\u0644\u062d\u0641\u0627\u0638 \u0639\u0644\u0649 \u0645\u0633\u062a\u0648\u0649 \u0639\u0627\u0644\u064d \u0645\u0646 \u0627\u0644\u0631\u0627\u062d\u0629 \u0648\u0627\u0644\u0643\u0641\u0627\u0621\u0629 \u0641\u064a \u0645\u0631\u0643\u0632\u0646\u0627.<\/p>\n<p style=\"font-weight: 400; text-align: justify; line-height: 25px;\"><b>\u0627\u0644\u062a\u0646\u0642\u0644 \u0627\u0644\u0645\u0633\u062a\u062f\u0627\u0645<\/b> : \u0644\u062a\u0642\u0644\u064a\u0644 \u0627\u0644\u0628\u0635\u0645\u0629 \u0627\u0644\u0643\u0631\u0628\u0648\u0646\u064a\u0629 \u0627\u0644\u0645\u0631\u062a\u0628\u0637\u0629 \u0628\u0627\u0644\u0633\u0641\u0631\u060c \u0646\u0634\u062c\u0639 \u0627\u0633\u062a\u062e\u062f\u0627\u0645 \u0627\u0644\u0633\u064a\u0627\u0631\u0627\u062a \u0648\u0627\u0633\u062a\u062e\u062f\u0627\u0645 \u0648\u0633\u0627\u0626\u0644 \u0627\u0644\u0646\u0642\u0644 \u0627\u0644\u0639\u0627\u0645 \u0648\u0627\u0644\u0639\u0645\u0644 \u0639\u0646 \u0628\u0639\u062f \u0639\u0646\u062f\u0645\u0627 \u064a\u0643\u0648\u0646 \u0630\u0644\u0643 \u0645\u0645\u0643\u0646\u064b\u0627\u060c \u0648\u0627\u0633\u062a\u062e\u062f\u0627\u0645 \u0627\u0644\u0645\u0631\u0643\u0628\u0627\u062a \u0627\u0644\u0643\u0647\u0631\u0628\u0627\u0626\u064a\u0629 \u0623\u0648 \u0627\u0644\u0647\u062c\u064a\u0646\u0629 \u0644\u062a\u0644\u0628\u064a\u0629 \u0627\u0644\u0627\u062d\u062a\u064a\u0627\u062c\u0627\u062a \u0627\u0644\u0645\u0647\u0646\u064a\u0629.<\/p>\n<p style=\"font-weight: 400; text-align: justify; line-height: 25px;\"><b>\u0627\u0644\u062d\u062f \u0645\u0646 \u0627\u0646\u0628\u0639\u0627\u062b\u0627\u062a \u0627\u0644\u0643\u0631\u0628\u0648\u0646:<\/b> \u064a\u0633\u062a\u062e\u062f\u0645 \u0645\u0639\u0638\u0645 \u0645\u0648\u0638\u0641\u064a\u0646\u0627 \u0648\u0633\u0627\u0626\u0644 \u0627\u0644\u0646\u0642\u0644 \u0627\u0644\u0639\u0627\u0645 \u0644\u0644\u0648\u0635\u0648\u0644 \u0625\u0644\u0649 \u0627\u0644\u0639\u0645\u0644. \u062a\u0633\u0627\u0647\u0645 \u0647\u0630\u0647 \u0627\u0644\u0645\u0645\u0627\u0631\u0633\u0629 \u0628\u0634\u0643\u0644 \u0643\u0628\u064a\u0631 \u0641\u064a \u062a\u0642\u0644\u064a\u0644 \u0628\u0635\u0645\u062a\u0646\u0627 \u0627\u0644\u0643\u0631\u0628\u0648\u0646\u064a\u0629 \u0645\u0646 \u062e\u0644\u0627\u0644 \u062a\u0642\u0644\u064a\u0644 \u0627\u0633\u062a\u062e\u062f\u0627\u0645 \u0627\u0644\u0645\u0631\u0643\u0628\u0627\u062a \u0627\u0644\u062e\u0627\u0635\u0629 \u0648\u062a\u0639\u0632\u064a\u0632 \u0648\u0633\u0627\u0626\u0644 \u0646\u0642\u0644 \u0623\u0643\u062b\u0631 \u0627\u0633\u062a\u062f\u0627\u0645\u0629 \u0648\u0635\u062f\u064a\u0642\u0629 \u0644\u0644\u0628\u064a\u0626\u0629.<\/p>\n<h2 style=\"color: #33cccc; text-align: right;\">Mohsen PAKATCHIAN<\/h2>\n<h2 style=\"color: #33cccc; text-align: right;\">\u0645\u062f\u064a\u0631<\/h2>\n\n\t\t<\/div>\n\t<\/div>\n<\/div><\/div><\/div>\t<\/div>\n\t\t\t<\/div>","protected":false},"excerpt":{"rendered":"L\u2019engagement de la direction &nbsp; Nous sommes engag\u00e9s \u00e0 fournir des services de formation de haute qualit\u00e9, \u00e0 r\u00e9pondre aux besoins de nos publics et \u00e0 contribuer au d\u00e9veloppement professionnel et personnel de nos apprenants. L'engagement de la Direction joue un r\u00f4le essentiel dans la r\u00e9alisation de notre mission et de nos valeurs fondamentales. Voiciun [...]","protected":false},"author":2,"featured_media":0,"parent":0,"menu_order":0,"comment_status":"closed","ping_status":"closed","template":"","meta":{"_uag_custom_page_level_css":"","footnotes":""},"class_list":["post-842","page","type-page","status-publish","hentry"],"yoast_head":"<!-- This site is optimized with the Yoast SEO plugin v25.2 - https:\/\/yoast.com\/wordpress\/plugins\/seo\/ -->\n<title>Nos objectifs - Centre de Formation ABC Franconville | FLE | TEF<\/title>\n<meta name=\"robots\" content=\"index, follow, max-snippet:-1, max-image-preview:large, max-video-preview:-1\" \/>\n<link rel=\"canonical\" href=\"https:\/\/abcformation1986.fr\/ar\/nos-objectifs\/\" \/>\n<meta property=\"og:locale\" content=\"ar_AR\" \/>\n<meta property=\"og:type\" content=\"article\" \/>\n<meta property=\"og:title\" content=\"Nos objectifs - Centre de Formation ABC Franconville | FLE | TEF\" \/>\n<meta property=\"og:url\" content=\"https:\/\/abcformation1986.fr\/ar\/nos-objectifs\/\" \/>\n<meta property=\"og:site_name\" content=\"Centre de Formation ABC Franconville | FLE | TEF\" \/>\n<meta property=\"article:publisher\" content=\"http:\/\/@abcformation\" \/>\n<meta property=\"article:modified_time\" content=\"2024-10-11T14:08:31+00:00\" \/>\n<meta name=\"twitter:card\" content=\"summary_large_image\" \/>\n<meta name=\"twitter:site\" content=\"@abc_formation\" \/>\n<meta name=\"twitter:label1\" content=\"\u0648\u0642\u062a \u0627\u0644\u0642\u0631\u0627\u0621\u0629 \u0627\u0644\u0645\u064f\u0642\u062f\u0651\u0631\" \/>\n\t<meta name=\"twitter:data1\" content=\"4 \u062f\u0642\u0627\u0626\u0642\" \/>\n<script type=\"application\/ld+json\" class=\"yoast-schema-graph\">{\"@context\":\"https:\/\/schema.org\",\"@graph\":[{\"@type\":\"WebPage\",\"@id\":\"https:\/\/abcformation1986.fr\/es\/nos-objectifs\/\",\"url\":\"https:\/\/abcformation1986.fr\/es\/nos-objectifs\/\",\"name\":\"Nos objectifs - Centre de Formation ABC Franconville | FLE | TEF\",\"isPartOf\":{\"@id\":\"https:\/\/abcformation1986.fr\/en\/#website\"},\"datePublished\":\"2018-11-20T08:43:47+00:00\",\"dateModified\":\"2024-10-11T14:08:31+00:00\",\"breadcrumb\":{\"@id\":\"https:\/\/abcformation1986.fr\/es\/nos-objectifs\/#breadcrumb\"},\"inLanguage\":\"ar\",\"potentialAction\":[{\"@type\":\"ReadAction\",\"target\":[\"https:\/\/abcformation1986.fr\/es\/nos-objectifs\/\"]}]},{\"@type\":\"BreadcrumbList\",\"@id\":\"https:\/\/abcformation1986.fr\/es\/nos-objectifs\/#breadcrumb\",\"itemListElement\":[{\"@type\":\"ListItem\",\"position\":1,\"name\":\"Home\",\"item\":\"https:\/\/abcformation1986.fr\/en\/\"},{\"@type\":\"ListItem\",\"position\":2,\"name\":\"Nos objectifs\"}]},{\"@type\":\"WebSite\",\"@id\":\"https:\/\/abcformation1986.fr\/en\/#website\",\"url\":\"https:\/\/abcformation1986.fr\/en\/\",\"name\":\"Centre de Formation ABC Franconville | FLE | TEF\",\"description\":\"Acteur historique de  la formation, de l\u2019insertion et de la  reconversion professionnelle depuis 1986\",\"publisher\":{\"@id\":\"https:\/\/abcformation1986.fr\/en\/#organization\"},\"potentialAction\":[{\"@type\":\"SearchAction\",\"target\":{\"@type\":\"EntryPoint\",\"urlTemplate\":\"https:\/\/abcformation1986.fr\/en\/?s={search_term_string}\"},\"query-input\":{\"@type\":\"PropertyValueSpecification\",\"valueRequired\":true,\"valueName\":\"search_term_string\"}}],\"inLanguage\":\"ar\"},{\"@type\":\"Organization\",\"@id\":\"https:\/\/abcformation1986.fr\/en\/#organization\",\"name\":\"ABCFORMATION\",\"url\":\"https:\/\/abcformation1986.fr\/en\/\",\"logo\":{\"@type\":\"ImageObject\",\"inLanguage\":\"ar\",\"@id\":\"https:\/\/abcformation1986.fr\/en\/#\/schema\/logo\/image\/\",\"url\":\"https:\/\/abcformation1986.fr\/wp-content\/uploads\/2018\/11\/abclogo.png\",\"contentUrl\":\"https:\/\/abcformation1986.fr\/wp-content\/uploads\/2018\/11\/abclogo.png\",\"width\":134,\"height\":82,\"caption\":\"ABCFORMATION\"},\"image\":{\"@id\":\"https:\/\/abcformation1986.fr\/en\/#\/schema\/logo\/image\/\"},\"sameAs\":[\"http:\/\/@abcformation\",\"https:\/\/x.com\/abc_formation\",\"http:\/\/abcformation1986\"]}]}<\/script>\n<!-- \/ Yoast SEO plugin. -->","yoast_head_json":{"title":"Nos objectifs - Centre de Formation ABC Franconville | FLE | TEF","robots":{"index":"index","follow":"follow","max-snippet":"max-snippet:-1","max-image-preview":"max-image-preview:large","max-video-preview":"max-video-preview:-1"},"canonical":"https:\/\/abcformation1986.fr\/ar\/nos-objectifs\/","og_locale":"ar_AR","og_type":"article","og_title":"Nos objectifs - Centre de Formation ABC Franconville | FLE | TEF","og_url":"https:\/\/abcformation1986.fr\/ar\/nos-objectifs\/","og_site_name":"Centre de Formation ABC Franconville | FLE | TEF","article_publisher":"http:\/\/@abcformation","article_modified_time":"2024-10-11T14:08:31+00:00","twitter_card":"summary_large_image","twitter_site":"@abc_formation","twitter_misc":{"\u0648\u0642\u062a \u0627\u0644\u0642\u0631\u0627\u0621\u0629 \u0627\u0644\u0645\u064f\u0642\u062f\u0651\u0631":"4 \u062f\u0642\u0627\u0626\u0642"},"schema":{"@context":"https:\/\/schema.org","@graph":[{"@type":"WebPage","@id":"https:\/\/abcformation1986.fr\/es\/nos-objectifs\/","url":"https:\/\/abcformation1986.fr\/es\/nos-objectifs\/","name":"Nos objectifs - Centre de Formation ABC Franconville | FLE | TEF","isPartOf":{"@id":"https:\/\/abcformation1986.fr\/en\/#website"},"datePublished":"2018-11-20T08:43:47+00:00","dateModified":"2024-10-11T14:08:31+00:00","breadcrumb":{"@id":"https:\/\/abcformation1986.fr\/es\/nos-objectifs\/#breadcrumb"},"inLanguage":"ar","potentialAction":[{"@type":"ReadAction","target":["https:\/\/abcformation1986.fr\/es\/nos-objectifs\/"]}]},{"@type":"BreadcrumbList","@id":"https:\/\/abcformation1986.fr\/es\/nos-objectifs\/#breadcrumb","itemListElement":[{"@type":"ListItem","position":1,"name":"Home","item":"https:\/\/abcformation1986.fr\/en\/"},{"@type":"ListItem","position":2,"name":"Nos objectifs"}]},{"@type":"WebSite","@id":"https:\/\/abcformation1986.fr\/en\/#website","url":"https:\/\/abcformation1986.fr\/en\/","name":"Centre de Formation ABC Franconville | FLE | TEF","description":"Acteur historique de  la formation, de l\u2019insertion et de la  reconversion professionnelle depuis 1986","publisher":{"@id":"https:\/\/abcformation1986.fr\/en\/#organization"},"potentialAction":[{"@type":"SearchAction","target":{"@type":"EntryPoint","urlTemplate":"https:\/\/abcformation1986.fr\/en\/?s={search_term_string}"},"query-input":{"@type":"PropertyValueSpecification","valueRequired":true,"valueName":"search_term_string"}}],"inLanguage":"ar"},{"@type":"Organization","@id":"https:\/\/abcformation1986.fr\/en\/#organization","name":"ABCFORMATION","url":"https:\/\/abcformation1986.fr\/en\/","logo":{"@type":"ImageObject","inLanguage":"ar","@id":"https:\/\/abcformation1986.fr\/en\/#\/schema\/logo\/image\/","url":"https:\/\/abcformation1986.fr\/wp-content\/uploads\/2018\/11\/abclogo.png","contentUrl":"https:\/\/abcformation1986.fr\/wp-content\/uploads\/2018\/11\/abclogo.png","width":134,"height":82,"caption":"ABCFORMATION"},"image":{"@id":"https:\/\/abcformation1986.fr\/en\/#\/schema\/logo\/image\/"},"sameAs":["http:\/\/@abcformation","https:\/\/x.com\/abc_formation","http:\/\/abcformation1986"]}]}},"uagb_featured_image_src":{"full":false,"thumbnail":false,"medium":false,"medium_large":false,"large":false,"1536x1536":false,"2048x2048":false,"trp-custom-language-flag":false,"hala-full":false,"hala-medium":false,"hala-small":false,"hala-team":false,"hala-thumb":false,"woocommerce_thumbnail":false,"woocommerce_single":false,"woocommerce_gallery_thumbnail":false},"uagb_author_info":{"display_name":"abc formation","author_link":"https:\/\/abcformation1986.fr\/ar\/author\/abcformation\/"},"uagb_comment_info":0,"uagb_excerpt":null,"jetpack_sharing_enabled":true,"_links":{"self":[{"href":"https:\/\/abcformation1986.fr\/ar\/wp-json\/wp\/v2\/pages\/842","targetHints":{"allow":["GET"]}}],"collection":[{"href":"https:\/\/abcformation1986.fr\/ar\/wp-json\/wp\/v2\/pages"}],"about":[{"href":"https:\/\/abcformation1986.fr\/ar\/wp-json\/wp\/v2\/types\/page"}],"author":[{"embeddable":true,"href":"https:\/\/abcformation1986.fr\/ar\/wp-json\/wp\/v2\/users\/2"}],"replies":[{"embeddable":true,"href":"https:\/\/abcformation1986.fr\/ar\/wp-json\/wp\/v2\/comments?post=842"}],"version-history":[{"count":24,"href":"https:\/\/abcformation1986.fr\/ar\/wp-json\/wp\/v2\/pages\/842\/revisions"}],"predecessor-version":[{"id":10258,"href":"https:\/\/abcformation1986.fr\/ar\/wp-json\/wp\/v2\/pages\/842\/revisions\/10258"}],"wp:attachment":[{"href":"https:\/\/abcformation1986.fr\/ar\/wp-json\/wp\/v2\/media?parent=842"}],"curies":[{"name":"wp","href":"https:\/\/api.w.org\/{rel}","templated":true}]}}