{"id":7713,"date":"2024-02-09T10:32:39","date_gmt":"2024-02-09T10:32:39","guid":{"rendered":"https:\/\/abcformation1986.fr\/?page_id=7713"},"modified":"2024-10-08T07:44:00","modified_gmt":"2024-10-08T07:44:00","slug":"cloe-anglais-test","status":"publish","type":"page","link":"https:\/\/abcformation1986.fr\/ar\/cloe-anglais-test\/","title":{"rendered":"CLOE Anglais test"},"content":{"rendered":"<h2>\u0647\u0644 \u062a\u0631\u063a\u0628 \u0641\u064a \u0627\u0644\u0627\u0633\u062a\u0639\u062f\u0627\u062f \u0628\u0634\u0643\u0644 \u0623\u0641\u0636\u0644 \u0644\u0644\u062d\u0635\u0648\u0644 \u0639\u0644\u0649 \u0634\u0647\u0627\u062f\u0629 CLOE \u0644\u0644\u063a\u0629 \u0627\u0644\u0625\u0646\u062c\u0644\u064a\u0632\u064a\u0629\u061f<\/h2>\n<p>\u0641\u064a \u0627\u0644\u0645\u0631\u0643\u0632 <strong>ABC FORMATION<\/strong>, nous mettons \u00e0 votre disposition des formateurs et formatrices qualifi\u00e9s ayant travaill\u00e9 dans des contextes ESL et EFL et ayant enseign\u00e9 des cours de pr\u00e9paration pour des tests nationaux et internationaux tels que l&rsquo;IELTS, le TOEFL, le PTE, le TOEIC, le CLOE, le FCE, le CAE, Bright et le DCL.\u00a0 Vous avez le choix parmi une gamme de cours exhaustifs et performants pour acqu\u00e9rir une ma\u00eetrise de la langue de Shakespeare. S\u00e9lectionnez la formule qui convient le mieux \u00e0 vos besoins et avancez \u00e0 votre propre rythme, en fonction de vos objectifs personnels.<\/p>\n<h2>Une formation d&rsquo;anglais c&rsquo;est :<\/h2>\n<h2>\n<p>Une formation d&rsquo;anglais implique&nbsp;:<\/p>\n<\/h2>\n<p>\u064a\u062a\u0645 \u0627\u062e\u062a\u064a\u0627\u0631 \u0627\u0644\u0645\u062f\u0631\u0628\u064a\u0646 \u0627\u0644\u0645\u0624\u0647\u0644\u064a\u0646 \u0648\u0641\u0642\u064b\u0627 \u0644\u0645\u0639\u0627\u064a\u064a\u0631 \u0635\u0627\u0631\u0645\u0629.<\/p>\n<p>\u0627\u0644\u062a\u062f\u0631\u064a\u0628 \u0627\u0644\u0639\u0627\u0645 \u0623\u0648 \u0627\u0644\u0645\u0647\u0646\u064a \u0627\u0644\u0645\u0642\u062f\u0645 \u0641\u064a \u0645\u0631\u0643\u0632 \u0628\u062d\u062c\u0645 \u0627\u0644\u0625\u0646\u0633\u0627\u0646.<\/p>\n<p>\u0645\u062c\u0645\u0648\u0639\u0629 \u0645\u062a\u0646\u0648\u0639\u0629 \u0645\u0646 \u0627\u0644\u0645\u0648\u0627\u062f \u0627\u0644\u062a\u0639\u0644\u064a\u0645\u064a\u0629 \u0628\u0645\u0627 \u0641\u064a \u0630\u0644\u0643 \u0627\u0644\u0645\u0648\u0627\u0636\u064a\u0639 \u0648\u0627\u0644\u062a\u0645\u0627\u0631\u064a\u0646 \u0627\u0644\u0645\u062e\u062a\u0644\u0641\u0629.<\/p>\n<p>\u0627\u0644\u0645\u0631\u0627\u0642\u0628\u0629 \u0627\u0644\u0645\u0646\u062a\u0638\u0645\u0629 \u0648\u062f\u0639\u0645 \u0627\u0644\u062c\u0648\u062f\u0629 \u0637\u0648\u0627\u0644 \u0641\u062a\u0631\u0629 \u0627\u0644\u062a\u062f\u0631\u064a\u0628.<\/p>\n<p>\u00a0<\/p>\n<p>\u062a\u062d\u062f\u064a\u062f \u0627\u0644\u0645\u0648\u0627\u0642\u0639 \u0648\u0627\u0644\u062a\u0642\u064a\u064a\u0645\u0627\u062a \u0627\u0644\u0645\u062a\u0648\u0633\u0637\u0629 \u0648\u0627\u0644\u0646\u0647\u0627\u0626\u064a\u0629 \u0644\u0642\u064a\u0627\u0633 \u0627\u0644\u062a\u0642\u062f\u0645.<\/p>\n<h2>Nos offres pour l&rsquo;anglais :<\/h2>\n<p><strong>1- \u0627\u0644\u062f\u0631\u0648\u0633 \u0627\u0644\u0641\u0631\u062f\u064a\u0629 \u0639\u0646 \u0628\u0639\u062f<\/strong><\/p>\n<p>\u0647\u0644 \u062a\u062a\u0637\u0644\u0639 \u0625\u0644\u0649 \u062a\u062d\u0633\u064a\u0646 \u0645\u0633\u062a\u0648\u0649 \u0644\u063a\u062a\u0643 \u0628\u0645\u0631\u0648\u0646\u0629 \u0648\u0643\u0641\u0627\u0621\u0629 \u0645\u0646 \u062e\u0644\u0627\u0644 \u0627\u0644\u062a\u0639\u0644\u0645 \u0627\u0644\u0641\u0631\u062f\u064a \u0639\u0646 \u0628\u0639\u062f\u061f<\/p>\n<p><strong>ABC FORMATION<\/strong> vous propose des cours individuels en ligne via des plateformes de visioconf\u00e9rence telles que <strong>Zoom, Skype et teams<\/strong>. Si vous \u00eates pris par le temps et pr\u00e9f\u00e9rez progresser \u00e0 votre propre rythme, nos cours de langues \u00e0 distance vous offrent la possibilit\u00e9 de concilier votre emploi du temps charg\u00e9 avec une formation de qualit\u00e9.<\/p>\n<p><strong>\u062a\u0648\u0641\u0631 \u062f\u0648\u0631\u0629 \u0627\u0644\u0644\u063a\u0629 \u0627\u0644\u0641\u0631\u062f\u064a\u0629 \u0644\u0644\u062a\u0639\u0644\u0645 \u0639\u0646 \u0628\u0639\u062f \u0627\u0644\u0645\u0632\u0627\u064a\u0627 \u0627\u0644\u062a\u0627\u0644\u064a\u0629:<\/strong><\/p>\n<p>\u0627\u0644\u062a\u062f\u0631\u064a\u0633 \u0627\u0644\u0634\u062e\u0635\u064a \u0648\u062c\u0647\u0627\u064b \u0644\u0648\u062c\u0647.<\/p>\n<p>\u0645\u062f\u0631\u0628 \u0630\u0648 \u062e\u0628\u0631\u0629 \u064a\u0647\u062a\u0645 \u0628\u0627\u062d\u062a\u064a\u0627\u062c\u0627\u062a\u0643.<\/p>\n<p>\u0644\u0627 \u0642\u064a\u0648\u062f \u0623\u0648 \u062a\u0643\u0627\u0644\u064a\u0641 \u0627\u0644\u0633\u0641\u0631.<\/p>\n<p>\u0627\u0633\u062a\u062e\u062f\u0627\u0645 \u0645\u0646\u0635\u0627\u062a \u0645\u0624\u062a\u0645\u0631\u0627\u062a \u0627\u0644\u0641\u064a\u062f\u064a\u0648 \u0627\u0644\u0641\u0639\u0627\u0644\u0629.<\/p>\n<p><strong>\u0644\u0625\u0639\u062f\u0627\u062f \u0627\u0644\u062a\u0639\u0644\u0645 \u0639\u0646 \u0628\u0639\u062f \u0627\u0644\u0630\u064a \u064a\u062a\u0648\u0627\u0641\u0642 \u062a\u0645\u0627\u0645\u064b\u0627 \u0645\u0639 \u0645\u0644\u0641\u0643 \u0627\u0644\u0634\u062e\u0635\u064a \u0648\u064a\u0633\u0645\u062d \u0644\u0643 \u0628\u0627\u0644\u062a\u0642\u062f\u0645 \u0628\u0627\u0644\u0633\u0631\u0639\u0629 \u0627\u0644\u062a\u064a \u062a\u0646\u0627\u0633\u0628\u0643\u060c \u0646\u062a\u0628\u0639 \u0647\u0630\u0627 \u0627\u0644\u0646\u0647\u062c:<\/strong><\/p>\n<p>\u062a\u0642\u064a\u064a\u0645 \u0645\u0633\u062a\u0648\u0627\u0643 \u0627\u0644\u062d\u0627\u0644\u064a \u0628\u0627\u0633\u062a\u062e\u062f\u0627\u0645 \u0627\u062e\u062a\u0628\u0627\u0631 \u0627\u0644\u0645\u0633\u062a\u0648\u0649.<\/p>\n<p>\u062a\u062d\u062f\u064a\u062f \u0627\u0644\u0645\u0633\u062a\u0648\u0649 \u0627\u0644\u0645\u0637\u0644\u0648\u0628 \u062a\u062d\u0642\u064a\u0642\u0647 \u0628\u0646\u0627\u0621\u064b \u0639\u0644\u0649 \u0627\u062d\u062a\u064a\u0627\u062c\u0627\u062a\u0643 \u0648\u0623\u0647\u062f\u0627\u0641\u0643.<\/p>\n<p>\u062a\u062e\u0637\u064a\u0637 \u062c\u0644\u0633\u0627\u062a\u0643 \u0628\u0627\u0633\u062a\u062e\u062f\u0627\u0645 \u0627\u0633\u062a\u0631\u0627\u062a\u064a\u062c\u064a\u0629 \u0645\u0631\u0646\u0629 \u062a\u062a\u0643\u064a\u0641 \u0645\u0639 \u062a\u0641\u0636\u064a\u0644\u0627\u062a\u0643.<\/p>\n<p>\u062a\u0642\u064a\u064a\u0645 \u0627\u0644\u062a\u0642\u062f\u0645 \u0627\u0644\u0645\u062d\u0631\u0632 \u0627\u0644\u062e\u0627\u0635 \u0628\u0643 \u0645\u0646 \u062e\u0644\u0627\u0644 \u0627\u062e\u062a\u0628\u0627\u0631\u0627\u062a \u0627\u0644\u0645\u0633\u062a\u0648\u0649 \u0627\u0644\u0639\u0627\u062f\u064a\u0629.<\/p>\n<p><strong>Inscription\u00a0:<\/strong><\/p>\n<p>Pour vous inscrire \u00e0 une formation individuelle \u00e0 distance, les tarifs et les modalit\u00e9s d&rsquo;inscription varient en fonction de vos attentes et besoins. Nous vous encourageons \u00e0 consulter<strong> le <a style=\"color: #33cccc;\" href=\"#\">lien ci-dessous<\/a> pour<\/strong> acc\u00e9der aux d\u00e9tails n\u00e9cessaires pour vous inscrire chez <strong>ABC FORMATION.<\/strong><\/p>\n<p><strong>2- \u062f\u0631\u0648\u0633 \u0641\u0631\u062f\u064a\u0629 \u0648\u062c\u0647\u0627\u064b \u0644\u0648\u062c\u0647<\/strong><\/p>\n<p>\u0646\u062d\u0646 \u0646\u0642\u062f\u0645 \u0644\u0643 \u0627\u0644\u0641\u0631\u0635\u0629 \u0644\u0644\u0645\u0634\u0627\u0631\u0643\u0629 \u0641\u064a \u062f\u0648\u0631\u0627\u062a \u0627\u0644\u0644\u063a\u0629 \u0627\u0644\u0641\u0631\u062f\u064a\u0629 \u0634\u062e\u0635\u064a\u064b\u0627 \u0641\u064a \u0645\u0642\u0631\u0646\u0627 \u062f\u0627\u062e\u0644 \u0645\u0631\u0643\u0632 ABC FORMATION. \u062a\u0645 \u062a\u0635\u0645\u064a\u0645 \u062f\u0648\u0631\u0627\u062a\u0646\u0627 \u0648\u062c\u0647\u064b\u0627 \u0644\u0648\u062c\u0647 \u0644\u062a\u0642\u0648\u064a\u0629 \u0645\u0647\u0627\u0631\u0627\u062a\u0643 \u0627\u0644\u0644\u063a\u0648\u064a\u0629\u060c \u0648\u0630\u0644\u0643 \u0628\u0641\u0636\u0644 \u0628\u0631\u0646\u0627\u0645\u062c \u0645\u062e\u0635\u0635 \u062a\u0645 \u062a\u0643\u064a\u064a\u0641\u0647 \u062e\u0635\u064a\u0635\u064b\u0627 \u0644\u064a\u0646\u0627\u0633\u0628 \u0645\u0644\u0641\u0643 \u0627\u0644\u0634\u062e\u0635\u064a.<\/p>\n<p>Les cours en pr\u00e9sentiel encouragent l&rsquo;appropriation des connaissances et la m\u00e9morisation. Cette approche favorise \u00e9galement les \u00e9changes et les interactions avec le formateur.<\/p>\n<p><strong>\u062a\u0648\u0641\u0631 \u062f\u0648\u0631\u0629 \u0627\u0644\u0644\u063a\u0629 \u0627\u0644\u0641\u0631\u062f\u064a\u0629 \u0648\u062c\u0647\u064b\u0627 \u0644\u0648\u062c\u0647 \u0627\u0644\u062e\u0635\u0627\u0626\u0635 \u0627\u0644\u062a\u0627\u0644\u064a\u0629:<\/strong><\/p>\n<p>\u062a\u062c\u0631\u0628\u0629 \u062f\u064a\u0646\u0627\u0645\u064a\u0643\u064a\u0629 \u0648\u0634\u062e\u0635\u064a\u0629.<\/p>\n<p>\u0645\u062f\u0631\u0628 \u0630\u0648 \u062e\u0628\u0631\u0629 \u064a\u0647\u062a\u0645 \u0628\u0627\u062d\u062a\u064a\u0627\u062c\u0627\u062a\u0643.<\/p>\n<p>Un environnement favorable \u00e0 l&rsquo;assimilation des connaissances.<\/p>\n<p>\u062a\u0631\u062d\u064a\u0628\u0627 \u062d\u0627\u0631\u0627.<\/p>\n<p><strong>\u0644\u0625\u0639\u062f\u0627\u062f \u062a\u062f\u0631\u064a\u0628 \u0648\u062c\u0647\u064b\u0627 \u0644\u0648\u062c\u0647 \u064a\u062a\u0648\u0627\u0641\u0642 \u062a\u0645\u0627\u0645\u064b\u0627 \u0645\u0639 \u0645\u0644\u0641\u0643 \u0627\u0644\u0634\u062e\u0635\u064a \u0648\u064a\u0633\u0645\u062d \u0644\u0643 \u0628\u0627\u0644\u062a\u0642\u062f\u0645 \u0628\u0627\u0644\u0633\u0631\u0639\u0629 \u0627\u0644\u062a\u064a \u062a\u0646\u0627\u0633\u0628\u0643\u060c \u0646\u062a\u0628\u0639 \u0627\u0644\u062e\u0637\u0648\u0627\u062a \u0627\u0644\u062a\u0627\u0644\u064a\u0629:<\/strong><\/p>\n<p>\u062a\u0642\u064a\u064a\u0645 \u0645\u0633\u062a\u0648\u0627\u0643 \u0627\u0644\u062d\u0627\u0644\u064a \u0645\u0646 \u062e\u0644\u0627\u0644 \u0627\u062e\u062a\u0628\u0627\u0631 \u0627\u0644\u0645\u0633\u062a\u0648\u0649.<\/p>\n<p>\u062a\u062d\u062f\u064a\u062f \u0627\u0644\u0645\u0633\u062a\u0648\u0649 \u0627\u0644\u0645\u0637\u0644\u0648\u0628 \u062a\u062d\u0642\u064a\u0642\u0647 \u0628\u0646\u0627\u0621\u064b \u0639\u0644\u0649 \u0627\u062d\u062a\u064a\u0627\u062c\u0627\u062a\u0643 \u0648\u0623\u0647\u062f\u0627\u0641\u0643.<\/p>\n<p>\u062a\u062e\u0637\u064a\u0637 \u062c\u0644\u0633\u0627\u062a\u0643 \u0628\u0627\u0633\u062a\u062e\u062f\u0627\u0645 \u0627\u0633\u062a\u0631\u0627\u062a\u064a\u062c\u064a\u0629 \u0645\u0631\u0646\u0629 \u062a\u062a\u0643\u064a\u0641 \u0645\u0639 \u062a\u0641\u0636\u064a\u0644\u0627\u062a\u0643.<\/p>\n<p><strong>Inscription\u00a0: <\/strong><\/p>\n<p>Pour vous inscrire \u00e0 une formation individuelle en pr\u00e9sentiel, les tarifs et les modalit\u00e9s d&rsquo;inscription varient en fonction de vos attentes et besoins. Nous vous encourageons \u00e0 consulter le lien ci-dessous pour acc\u00e9der aux d\u00e9tails n\u00e9cessaires pour vous inscrire chez <strong>ABC FORMATION.<\/strong><\/p>\n<p>\t\t\t<a href=\"https:\/\/abcformation1986.fr\/ar\/product\/certification-cloe-anglais-langue-etrangere-copie\/\" role=\"button\"><br \/>\n\t\t\t\t\t\t\u0627\u0646\u0642\u0631 \u0647\u0646\u0627.<br \/>\n\t\t\t\t\t<\/a><br \/>\n\t\t\t<a href=\"https:\/\/abcformation1986.fr\/ar\/product\/certification-cloe-anglais-langue-etrangere-copie\/\" role=\"button\"><br \/>\n\t\t\t\t\t\t\u0627\u0646\u0642\u0631 \u0647\u0646\u0627.<br \/>\n\t\t\t\t\t<\/a><\/p>\n<h2>\u062a\u0642\u064a\u064a\u0645 \u0645\u0639\u0631\u0641\u062a\u0643 \u0628\u0627\u0644\u0644\u063a\u0629<\/h2>\n<p>\t\t\t<a href=\"https:\/\/cloe-cel.com\/demo\/start\/1\" role=\"button\"><br \/>\n\t\t\t\t\t\tCommencer la d\u00e9mo<br \/>\n\t\t\t\t\t<\/a><\/p>\n<h2>Utiliser mon compte CPF pour la certification CLOE<\/h2>\n<p>\t\t\t\t\t\t\t\t\t\t\t\t\t\t\t<img decoding=\"async\" width=\"395\" height=\"150\" src=\"https:\/\/abcformation1986.fr\/wp-content\/uploads\/2024\/02\/CPF_resize-150.jpg\" alt=\"\" loading=\"lazy\" srcset=\"https:\/\/abcformation1986.fr\/wp-content\/uploads\/2024\/02\/CPF_resize-150.jpg 395w, https:\/\/abcformation1986.fr\/wp-content\/uploads\/2024\/02\/CPF_resize-150-300x114.jpg 300w, https:\/\/abcformation1986.fr\/wp-content\/uploads\/2024\/02\/CPF_resize-150-18x7.jpg 18w\" sizes=\"auto, (max-width: 395px) 100vw, 395px\" \/><br \/>\n\t\t\t<a href=\"https:\/\/www.moncompteformation.gouv.fr\/espace-public\/comprendre-la-formation-professionnelle\" role=\"button\"><br \/>\n\t\t\t\t\t\t\u0627\u0646\u0642\u0631 \u0647\u0646\u0627.<br \/>\n\t\t\t\t\t<\/a><br \/>\n\t\t\t\u0625\u062f\u0627\u0631\u0629 \u0627\u0644\u062a\u0623\u062e\u064a\u0631 \u0648\u0627\u0644\u063a\u064a\u0627\u0628<br \/>\n\t\t\t\t\t\t\t \u0623\u062b\u0646\u0627\u0621 \u0627\u0644\u0627\u062e\u062a\u0628\u0627\u0631 \u0627\u0644\u0634\u0641\u0647\u064a \u064a\u062c\u0628 \u0639\u0644\u0649 \u0627\u0644\u0645\u0631\u0634\u062d \u0627\u062d\u062a\u0631\u0627\u0645 \u0627\u0644\u0648\u0642\u062a \u0627\u0644\u0645\u062d\u062f\u062f \u0627\u0644\u0645\u062e\u0635\u0635 \u0644\u0644\u0627\u062e\u062a\u0628\u0627\u0631 \u0627\u0644\u0634\u0641\u0647\u064a. \u0644\u0627 \u064a\u0645\u0643\u0646 \u0644\u0623\u064a \u0645\u0631\u0634\u062d \u062f\u062e\u0648\u0644 \u063a\u0631\u0641\u0629 \u0627\u0644\u0627\u062e\u062a\u0628\u0627\u0631 \u0627\u0644\u0627\u0641\u062a\u0631\u0627\u0636\u064a\u0629 \u0628\u0639\u062f \u0623\u0643\u062b\u0631 \u0645\u0646 10 \u062f\u0642\u0627\u0626\u0642 \u0645\u0646 \u0627\u0644\u0641\u062a\u0631\u0629 \u0627\u0644\u0632\u0645\u0646\u064a\u0629 \u0627\u0644\u0645\u062d\u062f\u062f\u0629. \u064a\u062c\u0628 \u0623\u0646 \u064a\u062a\u0645 \u0623\u064a \u0625\u0644\u063a\u0627\u0621 \u0639\u0628\u0631 \u0627\u0644\u0628\u0648\u0627\u0628\u0629 \u062e\u0644\u0627\u0644 \u0645\u062f\u0629 \u0623\u0642\u0635\u0627\u0647\u0627 24 \u0633\u0627\u0639\u0629 \u0642\u0628\u0644 \u0627\u0644\u0645\u0648\u0639\u062f. \u0648\u0628\u0639\u062f \u0647\u0630\u0647 \u0627\u0644\u0641\u062a\u0631\u0629 \u0633\u064a\u062a\u0645 \u0627\u062d\u062a\u0633\u0627\u0628 \u0623\u064a \u0627\u062e\u062a\u0628\u0627\u0631. \u0641\u064a \u062d\u0627\u0644\u0629 \u0627\u0644\u0642\u0648\u0629 \u0627\u0644\u0642\u0627\u0647\u0631\u0629 \u0648\u0628\u0639\u062f \u062a\u0642\u062f\u064a\u0645 \u0627\u0644\u062f\u0644\u064a\u0644\u060c \u064a\u0645\u0643\u0646 \u062a\u0642\u062f\u064a\u0645 \u0641\u062a\u0631\u0629 \u0628\u062f\u064a\u0644\u0629.<br \/>\n\t\t\t\t\t\t\t\t\t\t<button type=\"button\"><br \/>\n\t\t\t\t\t\t\t\t\t\tIgnorer cette alerte.<br \/>\n\t\t\t\t<\/button><\/p>\n<h2>\u0643\u0646\u062a \u062a\u0631\u063a\u0628 \u0641\u064a \u0645\u0642\u0627\u0628\u0644\u062a\u0646\u0627\u00a0\u00a0<\/h2>\n<p>\u0627\u062a\u0635\u0644 \u0628\u0645\u0646\u0638\u0645\u0629 \u0627\u0644\u062a\u062f\u0631\u064a\u0628 \u0644\u062f\u064a\u0646\u0627 <strong>ABC formation<\/strong> \u0644\u0645\u0634\u0627\u0631\u0643\u0629 \u0623\u0633\u0626\u0644\u062a\u0643 \u0645\u0639\u0646\u0627. \u0633\u0648\u0641 \u0646\u0642\u0648\u0645 \u0628\u062a\u0631\u062a\u064a\u0628 \u0627\u062c\u062a\u0645\u0627\u0639 \u0645\u0639\u064b\u0627 \u0644\u062a\u0642\u064a\u064a\u0645 \u0627\u0644\u0645\u0633\u062a\u0648\u0649 \u0627\u0644\u0630\u064a \u0644\u062f\u064a\u0643 \u062d\u0627\u0644\u064a\u064b\u0627\u060c \u0648\u062a\u062d\u062f\u064a\u062f \u062e\u0637\u0629 \u0639\u0645\u0644 \u0644\u0636\u0645\u0627\u0646 \u0646\u062c\u0627\u062d \u0627\u0644\u062a\u062f\u0631\u064a\u0628 \u0627\u0644\u062e\u0627\u0635 \u0628\u0643.<\/p>\n<p>\t\t\t<a href=\"https:\/\/abcformation1986.fr\/ar\/shortcodes\/fiche-de-liaison\/\" role=\"button\"><br \/>\n\t\t\t\t\t\tcontactez nous<br \/>\n\t\t\t\t\t<\/a><\/p>","protected":false},"excerpt":{"rendered":"<p>Vous d\u00e9sirez pr\u00e9parer au mieux votre certification CLOE Anglais? Dans le centre ABC FORMATION, nous mettons \u00e0 votre disposition des formateurs et formatrices qualifi\u00e9s ayant travaill\u00e9 dans des contextes ESL et EFL et ayant enseign\u00e9 des cours de pr\u00e9paration pour des tests nationaux et internationaux tels que l&rsquo;IELTS, le TOEFL, le PTE, le TOEIC, le [&hellip;]<\/p>","protected":false},"author":2,"featured_media":0,"parent":0,"menu_order":0,"comment_status":"closed","ping_status":"closed","template":"","meta":{"_uag_custom_page_level_css":"","footnotes":""},"class_list":["post-7713","page","type-page","status-publish","hentry"],"yoast_head":"<!-- This site is optimized with the Yoast SEO plugin v25.2 - https:\/\/yoast.com\/wordpress\/plugins\/seo\/ -->\n<title>CLOE Anglais test - Centre de Formation ABC Franconville | FLE | TEF<\/title>\n<meta name=\"robots\" content=\"index, follow, max-snippet:-1, max-image-preview:large, max-video-preview:-1\" \/>\n<link rel=\"canonical\" href=\"https:\/\/abcformation1986.fr\/ar\/cloe-anglais-test\/\" \/>\n<meta property=\"og:locale\" content=\"ar_AR\" \/>\n<meta property=\"og:type\" content=\"article\" \/>\n<meta property=\"og:title\" content=\"CLOE Anglais test - Centre de Formation ABC Franconville | FLE | TEF\" \/>\n<meta property=\"og:description\" content=\"Vous d\u00e9sirez pr\u00e9parer au mieux votre certification CLOE Anglais? Dans le centre ABC FORMATION, nous mettons \u00e0 votre disposition des formateurs et formatrices qualifi\u00e9s ayant travaill\u00e9 dans des contextes ESL et EFL et ayant enseign\u00e9 des cours de pr\u00e9paration pour des tests nationaux et internationaux tels que l&rsquo;IELTS, le TOEFL, le PTE, le TOEIC, le [&hellip;]\" \/>\n<meta property=\"og:url\" content=\"https:\/\/abcformation1986.fr\/ar\/cloe-anglais-test\/\" \/>\n<meta property=\"og:site_name\" content=\"Centre de Formation ABC Franconville | FLE | TEF\" \/>\n<meta property=\"article:publisher\" content=\"http:\/\/@abcformation\" \/>\n<meta property=\"article:modified_time\" content=\"2024-10-08T07:44:00+00:00\" \/>\n<meta property=\"og:image\" content=\"https:\/\/abcformation1986.fr\/wp-content\/uploads\/2024\/02\/CPF_resize-150.jpg\" \/>\n<meta name=\"twitter:card\" content=\"summary_large_image\" \/>\n<meta name=\"twitter:site\" content=\"@abc_formation\" \/>\n<meta name=\"twitter:label1\" content=\"\u0648\u0642\u062a \u0627\u0644\u0642\u0631\u0627\u0621\u0629 \u0627\u0644\u0645\u064f\u0642\u062f\u0651\u0631\" \/>\n\t<meta name=\"twitter:data1\" content=\"5 \u062f\u0642\u0627\u0626\u0642\" \/>\n<script type=\"application\/ld+json\" class=\"yoast-schema-graph\">{\"@context\":\"https:\/\/schema.org\",\"@graph\":[{\"@type\":\"WebPage\",\"@id\":\"https:\/\/abcformation1986.fr\/es\/cloe-anglais-test\/\",\"url\":\"https:\/\/abcformation1986.fr\/es\/cloe-anglais-test\/\",\"name\":\"CLOE Anglais test - Centre de Formation ABC Franconville | FLE | TEF\",\"isPartOf\":{\"@id\":\"https:\/\/abcformation1986.fr\/ar\/#website\"},\"primaryImageOfPage\":{\"@id\":\"https:\/\/abcformation1986.fr\/es\/cloe-anglais-test\/#primaryimage\"},\"image\":{\"@id\":\"https:\/\/abcformation1986.fr\/es\/cloe-anglais-test\/#primaryimage\"},\"thumbnailUrl\":\"https:\/\/abcformation1986.fr\/wp-content\/uploads\/2024\/02\/CPF_resize-150.jpg\",\"datePublished\":\"2024-02-09T10:32:39+00:00\",\"dateModified\":\"2024-10-08T07:44:00+00:00\",\"breadcrumb\":{\"@id\":\"https:\/\/abcformation1986.fr\/es\/cloe-anglais-test\/#breadcrumb\"},\"inLanguage\":\"ar\",\"potentialAction\":[{\"@type\":\"ReadAction\",\"target\":[\"https:\/\/abcformation1986.fr\/es\/cloe-anglais-test\/\"]}]},{\"@type\":\"ImageObject\",\"inLanguage\":\"ar\",\"@id\":\"https:\/\/abcformation1986.fr\/es\/cloe-anglais-test\/#primaryimage\",\"url\":\"https:\/\/abcformation1986.fr\/wp-content\/uploads\/2024\/02\/CPF_resize-150.jpg\",\"contentUrl\":\"https:\/\/abcformation1986.fr\/wp-content\/uploads\/2024\/02\/CPF_resize-150.jpg\"},{\"@type\":\"BreadcrumbList\",\"@id\":\"https:\/\/abcformation1986.fr\/es\/cloe-anglais-test\/#breadcrumb\",\"itemListElement\":[{\"@type\":\"ListItem\",\"position\":1,\"name\":\"Home\",\"item\":\"https:\/\/abcformation1986.fr\/ar\/\"},{\"@type\":\"ListItem\",\"position\":2,\"name\":\"CLOE Anglais test\"}]},{\"@type\":\"WebSite\",\"@id\":\"https:\/\/abcformation1986.fr\/ar\/#website\",\"url\":\"https:\/\/abcformation1986.fr\/ar\/\",\"name\":\"Centre de Formation ABC Franconville | FLE | TEF\",\"description\":\"Acteur historique de  la formation, de l\u2019insertion et de la  reconversion professionnelle depuis 1986\",\"publisher\":{\"@id\":\"https:\/\/abcformation1986.fr\/ar\/#organization\"},\"potentialAction\":[{\"@type\":\"SearchAction\",\"target\":{\"@type\":\"EntryPoint\",\"urlTemplate\":\"https:\/\/abcformation1986.fr\/ar\/?s={search_term_string}\"},\"query-input\":{\"@type\":\"PropertyValueSpecification\",\"valueRequired\":true,\"valueName\":\"search_term_string\"}}],\"inLanguage\":\"ar\"},{\"@type\":\"Organization\",\"@id\":\"https:\/\/abcformation1986.fr\/ar\/#organization\",\"name\":\"ABCFORMATION\",\"url\":\"https:\/\/abcformation1986.fr\/ar\/\",\"logo\":{\"@type\":\"ImageObject\",\"inLanguage\":\"ar\",\"@id\":\"https:\/\/abcformation1986.fr\/ar\/#\/schema\/logo\/image\/\",\"url\":\"https:\/\/abcformation1986.fr\/wp-content\/uploads\/2018\/11\/abclogo.png\",\"contentUrl\":\"https:\/\/abcformation1986.fr\/wp-content\/uploads\/2018\/11\/abclogo.png\",\"width\":134,\"height\":82,\"caption\":\"ABCFORMATION\"},\"image\":{\"@id\":\"https:\/\/abcformation1986.fr\/ar\/#\/schema\/logo\/image\/\"},\"sameAs\":[\"http:\/\/@abcformation\",\"https:\/\/x.com\/abc_formation\",\"http:\/\/abcformation1986\"]}]}<\/script>\n<!-- \/ Yoast SEO plugin. -->","yoast_head_json":{"title":"CLOE Anglais test - Centre de Formation ABC Franconville | FLE | TEF","robots":{"index":"index","follow":"follow","max-snippet":"max-snippet:-1","max-image-preview":"max-image-preview:large","max-video-preview":"max-video-preview:-1"},"canonical":"https:\/\/abcformation1986.fr\/ar\/cloe-anglais-test\/","og_locale":"ar_AR","og_type":"article","og_title":"CLOE Anglais test - Centre de Formation ABC Franconville | FLE | TEF","og_description":"Vous d\u00e9sirez pr\u00e9parer au mieux votre certification CLOE Anglais? Dans le centre ABC FORMATION, nous mettons \u00e0 votre disposition des formateurs et formatrices qualifi\u00e9s ayant travaill\u00e9 dans des contextes ESL et EFL et ayant enseign\u00e9 des cours de pr\u00e9paration pour des tests nationaux et internationaux tels que l&rsquo;IELTS, le TOEFL, le PTE, le TOEIC, le [&hellip;]","og_url":"https:\/\/abcformation1986.fr\/ar\/cloe-anglais-test\/","og_site_name":"Centre de Formation ABC Franconville | FLE | TEF","article_publisher":"http:\/\/@abcformation","article_modified_time":"2024-10-08T07:44:00+00:00","og_image":[{"url":"https:\/\/abcformation1986.fr\/wp-content\/uploads\/2024\/02\/CPF_resize-150.jpg","type":"","width":"","height":""}],"twitter_card":"summary_large_image","twitter_site":"@abc_formation","twitter_misc":{"\u0648\u0642\u062a \u0627\u0644\u0642\u0631\u0627\u0621\u0629 \u0627\u0644\u0645\u064f\u0642\u062f\u0651\u0631":"5 \u062f\u0642\u0627\u0626\u0642"},"schema":{"@context":"https:\/\/schema.org","@graph":[{"@type":"WebPage","@id":"https:\/\/abcformation1986.fr\/es\/cloe-anglais-test\/","url":"https:\/\/abcformation1986.fr\/es\/cloe-anglais-test\/","name":"CLOE Anglais test - Centre de Formation ABC Franconville | FLE | TEF","isPartOf":{"@id":"https:\/\/abcformation1986.fr\/ar\/#website"},"primaryImageOfPage":{"@id":"https:\/\/abcformation1986.fr\/es\/cloe-anglais-test\/#primaryimage"},"image":{"@id":"https:\/\/abcformation1986.fr\/es\/cloe-anglais-test\/#primaryimage"},"thumbnailUrl":"https:\/\/abcformation1986.fr\/wp-content\/uploads\/2024\/02\/CPF_resize-150.jpg","datePublished":"2024-02-09T10:32:39+00:00","dateModified":"2024-10-08T07:44:00+00:00","breadcrumb":{"@id":"https:\/\/abcformation1986.fr\/es\/cloe-anglais-test\/#breadcrumb"},"inLanguage":"ar","potentialAction":[{"@type":"ReadAction","target":["https:\/\/abcformation1986.fr\/es\/cloe-anglais-test\/"]}]},{"@type":"ImageObject","inLanguage":"ar","@id":"https:\/\/abcformation1986.fr\/es\/cloe-anglais-test\/#primaryimage","url":"https:\/\/abcformation1986.fr\/wp-content\/uploads\/2024\/02\/CPF_resize-150.jpg","contentUrl":"https:\/\/abcformation1986.fr\/wp-content\/uploads\/2024\/02\/CPF_resize-150.jpg"},{"@type":"BreadcrumbList","@id":"https:\/\/abcformation1986.fr\/es\/cloe-anglais-test\/#breadcrumb","itemListElement":[{"@type":"ListItem","position":1,"name":"Home","item":"https:\/\/abcformation1986.fr\/ar\/"},{"@type":"ListItem","position":2,"name":"CLOE Anglais test"}]},{"@type":"WebSite","@id":"https:\/\/abcformation1986.fr\/ar\/#website","url":"https:\/\/abcformation1986.fr\/ar\/","name":"Centre de Formation ABC Franconville | FLE | TEF","description":"Acteur historique de  la formation, de l\u2019insertion et de la  reconversion professionnelle depuis 1986","publisher":{"@id":"https:\/\/abcformation1986.fr\/ar\/#organization"},"potentialAction":[{"@type":"SearchAction","target":{"@type":"EntryPoint","urlTemplate":"https:\/\/abcformation1986.fr\/ar\/?s={search_term_string}"},"query-input":{"@type":"PropertyValueSpecification","valueRequired":true,"valueName":"search_term_string"}}],"inLanguage":"ar"},{"@type":"Organization","@id":"https:\/\/abcformation1986.fr\/ar\/#organization","name":"ABCFORMATION","url":"https:\/\/abcformation1986.fr\/ar\/","logo":{"@type":"ImageObject","inLanguage":"ar","@id":"https:\/\/abcformation1986.fr\/ar\/#\/schema\/logo\/image\/","url":"https:\/\/abcformation1986.fr\/wp-content\/uploads\/2018\/11\/abclogo.png","contentUrl":"https:\/\/abcformation1986.fr\/wp-content\/uploads\/2018\/11\/abclogo.png","width":134,"height":82,"caption":"ABCFORMATION"},"image":{"@id":"https:\/\/abcformation1986.fr\/ar\/#\/schema\/logo\/image\/"},"sameAs":["http:\/\/@abcformation","https:\/\/x.com\/abc_formation","http:\/\/abcformation1986"]}]}},"uagb_featured_image_src":{"full":false,"thumbnail":false,"medium":false,"medium_large":false,"large":false,"1536x1536":false,"2048x2048":false,"trp-custom-language-flag":false,"hala-full":false,"hala-medium":false,"hala-small":false,"hala-team":false,"hala-thumb":false,"woocommerce_thumbnail":false,"woocommerce_single":false,"woocommerce_gallery_thumbnail":false},"uagb_author_info":{"display_name":"abc formation","author_link":"https:\/\/abcformation1986.fr\/ar\/author\/abcformation\/"},"uagb_comment_info":0,"uagb_excerpt":"Vous d\u00e9sirez pr\u00e9parer au mieux votre certification CLOE Anglais? Dans le centre ABC FORMATION, nous mettons \u00e0 votre disposition des formateurs et formatrices qualifi\u00e9s ayant travaill\u00e9 dans des contextes ESL et EFL et ayant enseign\u00e9 des cours de pr\u00e9paration pour des tests nationaux et internationaux tels que l&rsquo;IELTS, le TOEFL, le PTE, le TOEIC, le&hellip;","jetpack_sharing_enabled":true,"_links":{"self":[{"href":"https:\/\/abcformation1986.fr\/ar\/wp-json\/wp\/v2\/pages\/7713","targetHints":{"allow":["GET"]}}],"collection":[{"href":"https:\/\/abcformation1986.fr\/ar\/wp-json\/wp\/v2\/pages"}],"about":[{"href":"https:\/\/abcformation1986.fr\/ar\/wp-json\/wp\/v2\/types\/page"}],"author":[{"embeddable":true,"href":"https:\/\/abcformation1986.fr\/ar\/wp-json\/wp\/v2\/users\/2"}],"replies":[{"embeddable":true,"href":"https:\/\/abcformation1986.fr\/ar\/wp-json\/wp\/v2\/comments?post=7713"}],"version-history":[{"count":38,"href":"https:\/\/abcformation1986.fr\/ar\/wp-json\/wp\/v2\/pages\/7713\/revisions"}],"predecessor-version":[{"id":10123,"href":"https:\/\/abcformation1986.fr\/ar\/wp-json\/wp\/v2\/pages\/7713\/revisions\/10123"}],"wp:attachment":[{"href":"https:\/\/abcformation1986.fr\/ar\/wp-json\/wp\/v2\/media?parent=7713"}],"curies":[{"name":"wp","href":"https:\/\/api.w.org\/{rel}","templated":true}]}}