{"id":5610,"date":"2023-03-26T21:38:39","date_gmt":"2023-03-26T21:38:39","guid":{"rendered":"https:\/\/abcformation1986.fr\/?page_id=5610"},"modified":"2023-04-06T09:21:54","modified_gmt":"2023-04-06T09:21:54","slug":"tutoriels-dfp","status":"publish","type":"page","link":"https:\/\/abcformation1986.fr\/ar\/tutoriels-dfp\/","title":{"rendered":"LES TUTORIELS POUR SE PR\u00c9PARER AUX DFP"},"content":{"rendered":"<div class=\"vc_row wpb_row vc_row-fluid\">\n\t\t\t\t<div class=\"mo-vc-row-ovelay\" style=\"\"><\/div>\n\t\t\t\t<div class=\"container\"><div class=\"wpb_column vc_column_container vc_col-sm-12\"><div class=\"vc_column-inner\"><div class=\"wpb_wrapper\">\n\t<div class=\"wpb_text_column wpb_content_element\" >\n\t\t<div class=\"wpb_wrapper\">\n\t\t\t<div class=\"titre\">\n<h1 style=\"text-align: center;\"><span style=\"color: #33cccc; text-shadow: #000000 2px 2px 4px;\"><em><strong>\u062f\u0631\u0648\u0633 \u0644\u0644\u062a\u062d\u0636\u064a\u0631 \u0644\u0644\u062f\u0628\u0644\u0648\u0645 \u0627\u0644\u0641\u0631\u0646\u0633\u064a \u0627\u0644\u0645\u0647\u0646\u064a<\/strong><\/em><\/span><\/h1>\n<hr \/>\n<p>&nbsp;<\/p>\n<\/div>\n\n\t\t<\/div>\n\t<\/div>\n<\/div><\/div><\/div>\t<\/div>\n\t\t\t<\/div><div class=\"vc_row wpb_row vc_row-fluid\">\n\t\t\t\t<div class=\"mo-vc-row-ovelay\" style=\"\"><\/div>\n\t\t\t\t<div class=\"container\"><div class=\"wpb_column vc_column_container vc_col-sm-8\"><div class=\"vc_column-inner\"><div class=\"wpb_wrapper\">\n\t<div class=\"wpb_text_column wpb_content_element\" >\n\t\t<div class=\"wpb_wrapper\">\n\t\t\t<p>\u0623\u0646\u062a \u062a\u0633\u062a\u0639\u062f \u0644 <em><strong>\u062f\u0628\u0644\u0648\u0645\u0627\u062a \u0641\u064a \u0627\u0644\u0644\u063a\u0629 \u0627\u0644\u0641\u0631\u0646\u0633\u064a\u0629 \u0644\u0644\u0623\u0639\u0645\u0627\u0644 \u0623\u0648 \u0627\u0644\u0639\u0644\u0627\u0642\u0627\u062a \u0627\u0644\u062f\u0648\u0644\u064a\u0629 \u0623\u0648 \u0627\u0644\u0633\u064a\u0627\u062d\u0629 \u0648\u0627\u0644\u0636\u064a\u0627\u0641\u0629 \u0648\u062a\u0642\u062f\u064a\u0645 \u0627\u0644\u0637\u0639\u0627\u0645 \u0623\u0648 \u0627\u0644\u0635\u062d\u0629<\/strong><\/em> ?<\/p>\n<p>\u0645\u0644\u0643\u0646\u0627 <em><strong>\u062f\u0631\u0648\u0633 \u062a\u062f\u0631\u064a\u0628\u064a\u0629<\/strong><\/em> \u0645\u0635\u0646\u0648\u0639\u0629 \u0644\u0643! \u0627\u0643\u062a\u0634\u0641 \u0634\u0643\u0644 \u0627\u0644\u0627\u062e\u062a\u0628\u0627\u0631\u0627\u062a \u0648\u062a\u062f\u0631\u0628 \u0639\u0644\u064a\u0647\u0627 \u0645\u0646 \u062e\u0644\u0627\u0644 \u0623\u0645\u062b\u0644\u0629 \u0644\u0644\u0623\u0646\u0634\u0637\u0629 \u0645\u0628\u0627\u0634\u0631\u0629 \u0639\u0644\u0649 \u0645\u0646\u0635\u0629 \u0627\u0644\u0627\u062e\u062a\u0628\u0627\u0631.<\/p>\n<p>\u062a\u062d\u0636\u064a\u0631 \u062c\u064a\u062f !<\/p>\n<table class=\"aligncenter\" style=\"width: 96%; border-collapse: collapse; border: double; border-radius: 10px; border-color: #96D4D4;\">\n<tbody>\n<tr style=\"border-collapse: collapse; border: double; border-radius: 10px; border-color: #96D4D4;\">\n<td style=\"width: 50%; border-collapse: collapse; border: double; border-radius: 10px; border-color: #96D4D4;\"><a href=\"https:\/\/www.lefrancaisdesaffaires.fr\/tests-diplomes\/se-preparer\/tutoriels-dfp\/affaires\/\" target=\"_blank\" rel=\"noopener noreferrer\"><img loading=\"lazy\" decoding=\"async\" class=\"\" src=\"https:\/\/abcformation1986.fr\/wp-content\/uploads\/2023\/03\/Tutoriels-DFP-Affaires.jpg\" alt=\"\" width=\"326\" height=\"305\" \/><\/a><\/td>\n<td style=\"width: 50%; border-collapse: collapse; border: double; border-radius: 10px; border-color: #96D4D4;\"><a href=\"https:\/\/www.lefrancaisdesaffaires.fr\/tests-diplomes\/se-preparer\/tutoriels-dfp\/tourisme-hotellerie-restauration\/\" target=\"_blank\" rel=\"noopener noreferrer\"><img loading=\"lazy\" decoding=\"async\" class=\"alignnone\" src=\"https:\/\/abcformation1986.fr\/wp-content\/uploads\/2023\/03\/Tutoriels-DFP-THR.jpg\" alt=\"\" width=\"326\" height=\"305\" \/><\/a><\/td>\n<\/tr>\n<tr style=\"border-collapse: collapse; border: double; border-radius: 10px; border-color: #96D4D4;\">\n<td style=\"width: 50%; border-collapse: collapse; border: double; border-radius: 10px; border-color: #96D4D4;\"><a href=\"https:\/\/www.lefrancaisdesaffaires.fr\/tests-diplomes\/se-preparer\/tutoriels-dfp\/relations-internationales\/\" target=\"_blank\" rel=\"noopener noreferrer\"><img loading=\"lazy\" decoding=\"async\" class=\"alignnone\" src=\"https:\/\/abcformation1986.fr\/wp-content\/uploads\/2023\/03\/Tutoriels-DFP-RI.jpg\" alt=\"\" width=\"326\" height=\"305\" \/><\/a><\/td>\n<td style=\"width: 50%; border-collapse: collapse; border: double; border-radius: 10px; border-color: #96D4D4;\"><a href=\"https:\/\/www.lefrancaisdesaffaires.fr\/tests-diplomes\/se-preparer\/tutoriels-dfp\/sante\/\" target=\"_blank\" rel=\"noopener noreferrer\"><img loading=\"lazy\" decoding=\"async\" class=\"alignnone\" src=\"https:\/\/abcformation1986.fr\/wp-content\/uploads\/2023\/03\/Tutoriels-DFP-Sante.jpg\" alt=\"\" width=\"326\" height=\"305\" \/><\/a><\/td>\n<\/tr>\n<\/tbody>\n<\/table>\n\n\t\t<\/div>\n\t<\/div>\n<\/div><\/div><\/div><div class=\"wpb_column vc_column_container vc_col-sm-4\"><div class=\"vc_column-inner\"><div class=\"wpb_wrapper\"><div class=\"vc_row wpb_row vc_inner vc_row-fluid\"><div class=\"wpb_column vc_column_container vc_col-sm-12\"><div class=\"vc_column-inner\"><div class=\"wpb_wrapper\"><style type=\"text\/css\">.vc_btn3-style-gradient.vc_btn-gradient-btn-69f36879c02c0:hover{color: #fff;background-color: #75d69c;border: none;background-position: 100% 0;}<\/style><style type=\"text\/css\">.vc_btn3-style-gradient.vc_btn-gradient-btn-69f36879c02c0{color: #fff;border: none;background-color: #00c1cf;background-image: -webkit-linear-gradient(left, #00c1cf 0%, #75d69c 50%,#00c1cf 100%);background-image: linear-gradient(to right, #00c1cf 0%, #75d69c 50%,#00c1cf 100%);-webkit-transition: all .2s ease-in-out;transition: all .2s ease-in-out;background-size: 200% 100%;}<\/style><div class=\"vc_btn3-container vc_btn3-center\" >\n\t<a data-vc-gradient-1=\"#00c1cf\" data-vc-gradient-2=\"#75d69c\" class=\"vc_general vc_btn3 vc_btn3-size-lg vc_btn3-shape-rounded vc_btn3-style-gradient vc_btn3-block vc_btn-gradient-btn-69f36879c02c0\" href=\"https:\/\/www.lefrancaisdesaffaires.fr\/tests-diplomes\/diplomes-francais-professionnel-dfp\/\" title=\"\" target=\"_blank\">\u0645\u0639\u0631\u0641\u0629 \u0627\u0644\u0645\u0632\u064a\u062f \u0639\u0646 \u0627\u0644\u062f\u0628\u0644\u0648\u0645\u0627\u062a\t\t\t<\/a><\/div>\n<style type=\"text\/css\">.vc_btn3-style-gradient.vc_btn-gradient-btn-69f36879c0350:hover{color: #fff;background-color: #75d69c;border: none;background-position: 100% 0;}<\/style><style type=\"text\/css\">.vc_btn3-style-gradient.vc_btn-gradient-btn-69f36879c0350{color: #fff;border: none;background-color: #00c1cf;background-image: -webkit-linear-gradient(left, #00c1cf 0%, #75d69c 50%,#00c1cf 100%);background-image: linear-gradient(to right, #00c1cf 0%, #75d69c 50%,#00c1cf 100%);-webkit-transition: all .2s ease-in-out;transition: all .2s ease-in-out;background-size: 200% 100%;}<\/style><div class=\"vc_btn3-container vc_btn3-center\" >\n\t<a data-vc-gradient-1=\"#00c1cf\" data-vc-gradient-2=\"#75d69c\" class=\"vc_general vc_btn3 vc_btn3-size-lg vc_btn3-shape-rounded vc_btn3-style-gradient vc_btn3-block vc_btn-gradient-btn-69f36879c0350\" href=\"https:\/\/abcformation1986.fr\/ar\/outils-preparation-dfp\/\" title=\"outils-preparation-dfp\" target=\"_blank\">             Autres ressources\t\t       <\/a><\/div>\n<\/div><\/div><\/div><\/div><\/div><\/div><\/div>\t<\/div>\n\t\t\t<\/div>","protected":false},"excerpt":{"rendered":"LES TUTORIELS POUR SE PR\u00c9PARER AUX DIPL\u00d4MES DE FRAN\u00c7AIS PROFESSIONNEL &nbsp; Vous vous pr\u00e9parez aux Dipl\u00f4mes de fran\u00e7ais des Affaires, des Relations internationales, du Tourisme-H\u00f4tellerie-Restauration, ou de la Sant\u00e9 ? Nos tutoriels d\u2019entra\u00eenement sont faits pour vous ! D\u00e9couvrez le format des \u00e9preuves et entra\u00eenez-vous avec des exemples d\u2019activit\u00e9s directement sur la plateforme de passation. [...]","protected":false},"author":2,"featured_media":0,"parent":0,"menu_order":0,"comment_status":"closed","ping_status":"closed","template":"","meta":{"_uag_custom_page_level_css":"","footnotes":""},"class_list":["post-5610","page","type-page","status-publish","hentry"],"yoast_head":"<!-- This site is optimized with the Yoast SEO plugin v25.2 - https:\/\/yoast.com\/wordpress\/plugins\/seo\/ -->\n<title>LES TUTORIELS POUR SE PR\u00c9PARER AUX DFP - Centre de Formation ABC Franconville | FLE | TEF<\/title>\n<meta name=\"description\" content=\"LES TUTORIELS POUR SE PR\u00c9PARER AUX DIPL\u00d4MES DE FRAN\u00c7AIS PROFESSIONNEL\" \/>\n<meta name=\"robots\" content=\"index, follow, max-snippet:-1, max-image-preview:large, max-video-preview:-1\" \/>\n<link rel=\"canonical\" href=\"https:\/\/abcformation1986.fr\/ar\/tutoriels-dfp\/\" \/>\n<meta property=\"og:locale\" content=\"ar_AR\" \/>\n<meta property=\"og:type\" content=\"article\" \/>\n<meta property=\"og:title\" content=\"LES TUTORIELS POUR SE PR\u00c9PARER AUX DFP - Centre de Formation ABC Franconville | FLE | TEF\" \/>\n<meta property=\"og:description\" content=\"LES TUTORIELS POUR SE PR\u00c9PARER AUX DIPL\u00d4MES DE FRAN\u00c7AIS PROFESSIONNEL\" \/>\n<meta property=\"og:url\" content=\"https:\/\/abcformation1986.fr\/ar\/tutoriels-dfp\/\" \/>\n<meta property=\"og:site_name\" content=\"Centre de Formation ABC Franconville | FLE | TEF\" \/>\n<meta property=\"article:publisher\" content=\"http:\/\/@abcformation\" \/>\n<meta property=\"article:modified_time\" content=\"2023-04-06T09:21:54+00:00\" \/>\n<meta property=\"og:image\" content=\"https:\/\/abcformation1986.fr\/wp-content\/uploads\/2023\/03\/Tutoriels-DFP-Affaires.jpg\" \/>\n<meta name=\"twitter:card\" content=\"summary_large_image\" \/>\n<meta name=\"twitter:site\" content=\"@abc_formation\" \/>\n<meta name=\"twitter:label1\" content=\"\u0648\u0642\u062a \u0627\u0644\u0642\u0631\u0627\u0621\u0629 \u0627\u0644\u0645\u064f\u0642\u062f\u0651\u0631\" \/>\n\t<meta name=\"twitter:data1\" content=\"\u062f\u0642\u064a\u0642\u062a\u0627\u0646\" \/>\n<script type=\"application\/ld+json\" class=\"yoast-schema-graph\">{\"@context\":\"https:\/\/schema.org\",\"@graph\":[{\"@type\":\"WebPage\",\"@id\":\"https:\/\/abcformation1986.fr\/ar\/tutoriels-dfp\/\",\"url\":\"https:\/\/abcformation1986.fr\/ar\/tutoriels-dfp\/\",\"name\":\"LES TUTORIELS POUR SE PR\u00c9PARER AUX DFP - Centre de Formation ABC Franconville | FLE | TEF\",\"isPartOf\":{\"@id\":\"https:\/\/abcformation1986.fr\/en\/#website\"},\"primaryImageOfPage\":{\"@id\":\"https:\/\/abcformation1986.fr\/ar\/tutoriels-dfp\/#primaryimage\"},\"image\":{\"@id\":\"https:\/\/abcformation1986.fr\/ar\/tutoriels-dfp\/#primaryimage\"},\"thumbnailUrl\":\"https:\/\/abcformation1986.fr\/wp-content\/uploads\/2023\/03\/Tutoriels-DFP-Affaires.jpg\",\"datePublished\":\"2023-03-26T21:38:39+00:00\",\"dateModified\":\"2023-04-06T09:21:54+00:00\",\"description\":\"LES TUTORIELS POUR SE PR\u00c9PARER AUX DIPL\u00d4MES DE FRAN\u00c7AIS PROFESSIONNEL\",\"breadcrumb\":{\"@id\":\"https:\/\/abcformation1986.fr\/ar\/tutoriels-dfp\/#breadcrumb\"},\"inLanguage\":\"ar\",\"potentialAction\":[{\"@type\":\"ReadAction\",\"target\":[\"https:\/\/abcformation1986.fr\/ar\/tutoriels-dfp\/\"]}]},{\"@type\":\"ImageObject\",\"inLanguage\":\"ar\",\"@id\":\"https:\/\/abcformation1986.fr\/ar\/tutoriels-dfp\/#primaryimage\",\"url\":\"https:\/\/abcformation1986.fr\/wp-content\/uploads\/2023\/03\/Tutoriels-DFP-Affaires.jpg\",\"contentUrl\":\"https:\/\/abcformation1986.fr\/wp-content\/uploads\/2023\/03\/Tutoriels-DFP-Affaires.jpg\"},{\"@type\":\"BreadcrumbList\",\"@id\":\"https:\/\/abcformation1986.fr\/ar\/tutoriels-dfp\/#breadcrumb\",\"itemListElement\":[{\"@type\":\"ListItem\",\"position\":1,\"name\":\"Home\",\"item\":\"https:\/\/abcformation1986.fr\/en\/\"},{\"@type\":\"ListItem\",\"position\":2,\"name\":\"LES TUTORIELS POUR SE PR\u00c9PARER AUX DFP\"}]},{\"@type\":\"WebSite\",\"@id\":\"https:\/\/abcformation1986.fr\/en\/#website\",\"url\":\"https:\/\/abcformation1986.fr\/en\/\",\"name\":\"Centre de Formation ABC Franconville | FLE | TEF\",\"description\":\"Acteur historique de  la formation, de l\u2019insertion et de la  reconversion professionnelle depuis 1986\",\"publisher\":{\"@id\":\"https:\/\/abcformation1986.fr\/en\/#organization\"},\"potentialAction\":[{\"@type\":\"SearchAction\",\"target\":{\"@type\":\"EntryPoint\",\"urlTemplate\":\"https:\/\/abcformation1986.fr\/en\/?s={search_term_string}\"},\"query-input\":{\"@type\":\"PropertyValueSpecification\",\"valueRequired\":true,\"valueName\":\"search_term_string\"}}],\"inLanguage\":\"ar\"},{\"@type\":\"Organization\",\"@id\":\"https:\/\/abcformation1986.fr\/en\/#organization\",\"name\":\"ABCFORMATION\",\"url\":\"https:\/\/abcformation1986.fr\/en\/\",\"logo\":{\"@type\":\"ImageObject\",\"inLanguage\":\"ar\",\"@id\":\"https:\/\/abcformation1986.fr\/en\/#\/schema\/logo\/image\/\",\"url\":\"https:\/\/abcformation1986.fr\/wp-content\/uploads\/2018\/11\/abclogo.png\",\"contentUrl\":\"https:\/\/abcformation1986.fr\/wp-content\/uploads\/2018\/11\/abclogo.png\",\"width\":134,\"height\":82,\"caption\":\"ABCFORMATION\"},\"image\":{\"@id\":\"https:\/\/abcformation1986.fr\/en\/#\/schema\/logo\/image\/\"},\"sameAs\":[\"http:\/\/@abcformation\",\"https:\/\/x.com\/abc_formation\",\"http:\/\/abcformation1986\"]}]}<\/script>\n<!-- \/ Yoast SEO plugin. -->","yoast_head_json":{"title":"LES TUTORIELS POUR SE PR\u00c9PARER AUX DFP - Centre de Formation ABC Franconville | FLE | TEF","description":"LES TUTORIELS POUR SE PR\u00c9PARER AUX DIPL\u00d4MES DE FRAN\u00c7AIS PROFESSIONNEL","robots":{"index":"index","follow":"follow","max-snippet":"max-snippet:-1","max-image-preview":"max-image-preview:large","max-video-preview":"max-video-preview:-1"},"canonical":"https:\/\/abcformation1986.fr\/ar\/tutoriels-dfp\/","og_locale":"ar_AR","og_type":"article","og_title":"LES TUTORIELS POUR SE PR\u00c9PARER AUX DFP - Centre de Formation ABC Franconville | FLE | TEF","og_description":"LES TUTORIELS POUR SE PR\u00c9PARER AUX DIPL\u00d4MES DE FRAN\u00c7AIS PROFESSIONNEL","og_url":"https:\/\/abcformation1986.fr\/ar\/tutoriels-dfp\/","og_site_name":"Centre de Formation ABC Franconville | FLE | TEF","article_publisher":"http:\/\/@abcformation","article_modified_time":"2023-04-06T09:21:54+00:00","og_image":[{"url":"https:\/\/abcformation1986.fr\/wp-content\/uploads\/2023\/03\/Tutoriels-DFP-Affaires.jpg","type":"","width":"","height":""}],"twitter_card":"summary_large_image","twitter_site":"@abc_formation","twitter_misc":{"\u0648\u0642\u062a \u0627\u0644\u0642\u0631\u0627\u0621\u0629 \u0627\u0644\u0645\u064f\u0642\u062f\u0651\u0631":"\u062f\u0642\u064a\u0642\u062a\u0627\u0646"},"schema":{"@context":"https:\/\/schema.org","@graph":[{"@type":"WebPage","@id":"https:\/\/abcformation1986.fr\/ar\/tutoriels-dfp\/","url":"https:\/\/abcformation1986.fr\/ar\/tutoriels-dfp\/","name":"LES TUTORIELS POUR SE PR\u00c9PARER AUX DFP - Centre de Formation ABC Franconville | FLE | TEF","isPartOf":{"@id":"https:\/\/abcformation1986.fr\/en\/#website"},"primaryImageOfPage":{"@id":"https:\/\/abcformation1986.fr\/ar\/tutoriels-dfp\/#primaryimage"},"image":{"@id":"https:\/\/abcformation1986.fr\/ar\/tutoriels-dfp\/#primaryimage"},"thumbnailUrl":"https:\/\/abcformation1986.fr\/wp-content\/uploads\/2023\/03\/Tutoriels-DFP-Affaires.jpg","datePublished":"2023-03-26T21:38:39+00:00","dateModified":"2023-04-06T09:21:54+00:00","description":"LES TUTORIELS POUR SE PR\u00c9PARER AUX DIPL\u00d4MES DE FRAN\u00c7AIS PROFESSIONNEL","breadcrumb":{"@id":"https:\/\/abcformation1986.fr\/ar\/tutoriels-dfp\/#breadcrumb"},"inLanguage":"ar","potentialAction":[{"@type":"ReadAction","target":["https:\/\/abcformation1986.fr\/ar\/tutoriels-dfp\/"]}]},{"@type":"ImageObject","inLanguage":"ar","@id":"https:\/\/abcformation1986.fr\/ar\/tutoriels-dfp\/#primaryimage","url":"https:\/\/abcformation1986.fr\/wp-content\/uploads\/2023\/03\/Tutoriels-DFP-Affaires.jpg","contentUrl":"https:\/\/abcformation1986.fr\/wp-content\/uploads\/2023\/03\/Tutoriels-DFP-Affaires.jpg"},{"@type":"BreadcrumbList","@id":"https:\/\/abcformation1986.fr\/ar\/tutoriels-dfp\/#breadcrumb","itemListElement":[{"@type":"ListItem","position":1,"name":"Home","item":"https:\/\/abcformation1986.fr\/en\/"},{"@type":"ListItem","position":2,"name":"LES TUTORIELS POUR SE PR\u00c9PARER AUX DFP"}]},{"@type":"WebSite","@id":"https:\/\/abcformation1986.fr\/en\/#website","url":"https:\/\/abcformation1986.fr\/en\/","name":"Centre de Formation ABC Franconville | FLE | TEF","description":"Acteur historique de  la formation, de l\u2019insertion et de la  reconversion professionnelle depuis 1986","publisher":{"@id":"https:\/\/abcformation1986.fr\/en\/#organization"},"potentialAction":[{"@type":"SearchAction","target":{"@type":"EntryPoint","urlTemplate":"https:\/\/abcformation1986.fr\/en\/?s={search_term_string}"},"query-input":{"@type":"PropertyValueSpecification","valueRequired":true,"valueName":"search_term_string"}}],"inLanguage":"ar"},{"@type":"Organization","@id":"https:\/\/abcformation1986.fr\/en\/#organization","name":"ABCFORMATION","url":"https:\/\/abcformation1986.fr\/en\/","logo":{"@type":"ImageObject","inLanguage":"ar","@id":"https:\/\/abcformation1986.fr\/en\/#\/schema\/logo\/image\/","url":"https:\/\/abcformation1986.fr\/wp-content\/uploads\/2018\/11\/abclogo.png","contentUrl":"https:\/\/abcformation1986.fr\/wp-content\/uploads\/2018\/11\/abclogo.png","width":134,"height":82,"caption":"ABCFORMATION"},"image":{"@id":"https:\/\/abcformation1986.fr\/en\/#\/schema\/logo\/image\/"},"sameAs":["http:\/\/@abcformation","https:\/\/x.com\/abc_formation","http:\/\/abcformation1986"]}]}},"uagb_featured_image_src":{"full":false,"thumbnail":false,"medium":false,"medium_large":false,"large":false,"1536x1536":false,"2048x2048":false,"trp-custom-language-flag":false,"hala-full":false,"hala-medium":false,"hala-small":false,"hala-team":false,"hala-thumb":false,"woocommerce_thumbnail":false,"woocommerce_single":false,"woocommerce_gallery_thumbnail":false},"uagb_author_info":{"display_name":"abc formation","author_link":"https:\/\/abcformation1986.fr\/ar\/author\/abcformation\/"},"uagb_comment_info":0,"uagb_excerpt":null,"jetpack_sharing_enabled":true,"_links":{"self":[{"href":"https:\/\/abcformation1986.fr\/ar\/wp-json\/wp\/v2\/pages\/5610","targetHints":{"allow":["GET"]}}],"collection":[{"href":"https:\/\/abcformation1986.fr\/ar\/wp-json\/wp\/v2\/pages"}],"about":[{"href":"https:\/\/abcformation1986.fr\/ar\/wp-json\/wp\/v2\/types\/page"}],"author":[{"embeddable":true,"href":"https:\/\/abcformation1986.fr\/ar\/wp-json\/wp\/v2\/users\/2"}],"replies":[{"embeddable":true,"href":"https:\/\/abcformation1986.fr\/ar\/wp-json\/wp\/v2\/comments?post=5610"}],"version-history":[{"count":39,"href":"https:\/\/abcformation1986.fr\/ar\/wp-json\/wp\/v2\/pages\/5610\/revisions"}],"predecessor-version":[{"id":5697,"href":"https:\/\/abcformation1986.fr\/ar\/wp-json\/wp\/v2\/pages\/5610\/revisions\/5697"}],"wp:attachment":[{"href":"https:\/\/abcformation1986.fr\/ar\/wp-json\/wp\/v2\/media?parent=5610"}],"curies":[{"name":"wp","href":"https:\/\/api.w.org\/{rel}","templated":true}]}}