{"id":4293,"date":"2022-01-19T09:21:05","date_gmt":"2022-01-19T09:21:05","guid":{"rendered":"https:\/\/abcformation1986.fr\/?page_id=4293"},"modified":"2025-01-20T10:25:08","modified_gmt":"2025-01-20T10:25:08","slug":"ofii","status":"publish","type":"page","link":"https:\/\/abcformation1986.fr\/ar\/ofii\/","title":{"rendered":"\u0627\u0648\u0641\u064a"},"content":{"rendered":"<div class=\"vc_row wpb_row vc_row-fluid\">\n\t\t\t\t<div class=\"mo-vc-row-ovelay\" style=\"\"><\/div>\n\t\t\t\t<div class=\"container\"><div class=\"wpb_column vc_column_container vc_col-sm-8\"><div class=\"vc_column-inner\"><div class=\"wpb_wrapper\">\n\t<div class=\"wpb_text_column wpb_content_element\" >\n\t\t<div class=\"wpb_wrapper\">\n\t\t\t<h1 style=\"text-align: center;\"><span class=\"fontColorBlue\" style=\"color: #33cccc;\"><span class=\"fontSizeXxxLarge\"><strong>\u0627\u0644\u0645\u0643\u062a\u0628 \u0627\u0644\u0641\u0631\u0646\u0633\u064a \u0644\u0644\u0647\u062c\u0631\u0629 \u0648\u0627\u0644\u0627\u0646\u062f\u0645\u0627\u062c \u2013 OFII<\/strong><\/span><\/span><\/h1>\n<p>&nbsp;<\/p>\n<p><span class=\"fontSizeXLarge\" style=\"color: #33cccc;\"><b>\u062a\u0642\u062f\u064a\u0645 OFII<\/b><\/span><\/p>\n<p style=\"text-align: justify; line-height: 25px;\">\u0627\u0644\u0645\u0643\u062a\u0628 \u0627\u0644\u0641\u0631\u0646\u0633\u064a \u0644\u0644\u0647\u062c\u0631\u0629 \u0648\u0627\u0644\u0627\u0646\u062f\u0645\u0627\u062c (OFII) \u0647\u0648 \u0645\u0624\u0633\u0633\u0629 \u0625\u062f\u0627\u0631\u064a\u0629 \u0639\u0627\u0645\u0629 \u062a\u062e\u0636\u0639 \u0644\u0625\u0634\u0631\u0627\u0641 \u0648\u0632\u0627\u0631\u0629 \u0627\u0644\u062f\u0627\u062e\u0644\u064a\u0629\u060c \u0648\u0641\u0642\u0627 \u0644\u0648\u0636\u0639\u0647\u0627 \u0627\u0644\u0645\u062f\u0631\u062c \u0641\u064a \u0627\u0644\u0645\u0648\u0627\u062f L.121-1 \u0648\u0645\u0627 \u064a\u0644\u064a\u0647\u0627 \u0645\u0646 \u0642\u0627\u0646\u0648\u0646 \u062f\u062e\u0648\u0644 \u0648\u0625\u0642\u0627\u0645\u0629 \u0627\u0644\u0623\u062c\u0627\u0646\u0628 \u0648\u062d\u0642 \u0627\u0644\u0644\u062c\u0648\u0621 (CESEDA).<\/p>\n<p>\u0625\u0646 OFII \u0647\u0648 \u062c\u0647\u0629 \u0627\u0644\u0627\u062a\u0635\u0627\u0644 \u0627\u0644\u0623\u0648\u0644\u0649 \u0644\u0627\u0633\u062a\u0642\u0628\u0627\u0644 \u0627\u0644\u0623\u062c\u0627\u0646\u0628 \u0648\u062f\u0639\u0645\u0647\u0645 \u0648\u0625\u062f\u0645\u0627\u062c\u0647\u0645.<\/p>\n<p>\u0648\u0645\u0647\u0627\u0645\u0647\u0627 \u0627\u0644\u0631\u0626\u064a\u0633\u064a\u0629 \u0647\u064a \u0643\u0645\u0627 \u064a\u0644\u064a:<\/p>\n<ul style=\"text-align: justify; line-height: 25px;\">\n<li>\u0627\u0633\u062a\u0642\u0628\u0627\u0644 \u0648\u0625\u062f\u0645\u0627\u062c \u0627\u0644\u0623\u062c\u0627\u0646\u0628 \u0627\u0644\u0648\u0627\u0641\u062f\u064a\u0646 \u062d\u062f\u064a\u062b\u064b\u0627 \u0648\u0627\u0644\u0645\u0635\u0631\u062d \u0644\u0647\u0645 \u0628\u0627\u0644\u0625\u0642\u0627\u0645\u0629 \u0627\u0644\u062f\u0627\u0626\u0645\u0629 \u0641\u064a \u0641\u0631\u0646\u0633\u0627 \u0648\u0627\u0644\u0645\u0648\u0642\u0639\u064a\u0646 \u0628\u0635\u0641\u062a\u0647\u0645 \u0647\u0630\u0647 \u0639\u0644\u0649 \u0639\u0642\u062f \u0627\u0644\u0627\u0646\u062f\u0645\u0627\u062c \u0627\u0644\u062c\u0645\u0647\u0648\u0631\u064a (CIR)\u061b<\/li>\n<li>\u0627\u0633\u062a\u0642\u0628\u0627\u0644 \u0637\u0627\u0644\u0628\u064a \u0627\u0644\u0644\u062c\u0648\u0621 \u0648\u062f\u0639\u0645\u0647\u0645 (\u0627\u0644\u0627\u0633\u062a\u0642\u0628\u0627\u0644 \u0641\u064a \u0627\u0644\u0634\u0628\u0627\u0643 \u0627\u0644\u0648\u0627\u062d\u062f\u060c \u0648\u0625\u062f\u0627\u0631\u0629 \u0627\u0644\u062f\u062e\u0648\u0644 \u0648\u0627\u0644\u062e\u0631\u0648\u062c \u0641\u064a \u0623\u0645\u0627\u0643\u0646 \u0627\u0644\u0625\u0642\u0627\u0645\u0629 \u0627\u0644\u0645\u062e\u0635\u0635\u0629\u060c \u0648\u062f\u0641\u0639 \u0628\u062f\u0644 \u0637\u0627\u0644\u0628\u064a \u0627\u0644\u0644\u062c\u0648\u0621 (ADA)\u060c \u0648\u0627\u0644\u0645\u0634\u0627\u0631\u0643\u0629 \u0641\u064a \u0646\u0638\u0627\u0645 \u0627\u0644\u0646\u0642\u0644\u060c \u0648\u0645\u0627 \u0625\u0644\u0649 \u0630\u0644\u0643)\u061b<\/li>\n<li>\u0627\u0644\u0645\u0633\u0627\u0639\u062f\u0629 \u0641\u064a \u0639\u0648\u062f\u0629 \u0627\u0644\u0623\u062c\u0627\u0646\u0628 \u0648\u0625\u0639\u0627\u062f\u0629 \u0625\u062f\u0645\u0627\u062c\u0647\u0645 \u0641\u064a \u0628\u0644\u062f\u0627\u0646\u0647\u0645 \u0627\u0644\u0623\u0635\u0644\u064a\u0629\u061b<\/li>\n<li>\u0625\u062f\u0627\u0631\u0629 \u0625\u062c\u0631\u0627\u0621\u0627\u062a \u0627\u0644\u0647\u062c\u0631\u0629 \u0627\u0644\u0639\u0627\u062f\u064a\u0629 \u0628\u0627\u0644\u062a\u0639\u0627\u0648\u0646 \u0645\u0639 \u0627\u0644\u0645\u062d\u0627\u0641\u0638\u0627\u062a \u0648\u0627\u0644\u0645\u0631\u0627\u0643\u0632 \u0627\u0644\u062f\u0628\u0644\u0648\u0645\u0627\u0633\u064a\u0629 \u0648\u0627\u0644\u0642\u0646\u0635\u0644\u064a\u0629 (\u0637\u0644\u0628\u0627\u062a \u0644\u0645 \u0634\u0645\u0644 \u0627\u0644\u0623\u0633\u0631\u0629\u060c \u062a\u0623\u0634\u064a\u0631\u0627\u062a \u0627\u0644\u0625\u0642\u0627\u0645\u0629 \u0627\u0644\u0637\u0648\u064a\u0644\u0629\u060c \u0648\u0645\u0627 \u0625\u0644\u0649 \u0630\u0644\u0643)\u061b<\/li>\n<li>\u0625\u0635\u062f\u0627\u0631 \u0627\u0644\u0631\u0623\u064a \u0627\u0644\u0637\u0628\u064a \u0643\u062c\u0632\u0621 \u0645\u0646 \u0625\u062c\u0631\u0627\u0621\u0627\u062a \u062a\u0631\u062e\u064a\u0635 \u0627\u0644\u0625\u0642\u0627\u0645\u0629 \u0644\u0623\u0633\u0628\u0627\u0628 \u0635\u062d\u064a\u0629.<\/li>\n<\/ul>\n<p><i>\u0644\u0644\u0645\u0632\u064a\u062f \u0645\u0646 \u0627\u0644\u0645\u0639\u0644\u0648\u0645\u0627\u062a :\u00a0<\/i><i><a title=\"https:\/\/www.ofii.fr\/\" href=\"https:\/\/www.ofii.fr\/\" target=\"_blank\" rel=\"noopener noreferrer\" data-cke-saved-href=\"https:\/\/www.ofii.fr\/\" data-interception=\"off\">https:\/\/www.ofii.fr\/<\/a>\u00a0\u00a0<\/i>\u0648\u00a0<i><a title=\"https:\/\/www.facebook.com\/pg\/OfiiFr\/videos\/\" href=\"https:\/\/www.facebook.com\/pg\/OfiiFr\/videos\/\" target=\"_blank\" rel=\"noopener noreferrer\" data-cke-saved-href=\"https:\/\/www.facebook.com\/pg\/OfiiFr\/videos\/\" data-interception=\"off\">https:\/\/www.facebook.com\/pg\/OfiiFr\/videos\/<\/a><\/i><\/p>\n<p style=\"text-align: justify; line-height: 25px;\">\u062a\u0639\u062a\u0645\u062f \u0648\u0632\u0627\u0631\u0629 \u0627\u0644\u062f\u0627\u062e\u0644\u064a\u0629\u060c \u0627\u0644\u0645\u0633\u0624\u0648\u0644\u0629 \u0639\u0646 \u0627\u0633\u062a\u0642\u0628\u0627\u0644 \u0648\u0625\u062f\u0645\u0627\u062c \u0627\u0644\u0623\u062c\u0627\u0646\u0628 \u0627\u0644\u0631\u0627\u063a\u0628\u064a\u0646 \u0641\u064a \u0627\u0644\u0625\u0642\u0627\u0645\u0629 \u0628\u0634\u0643\u0644 \u062f\u0627\u0626\u0645 \u0639\u0644\u0649 \u0627\u0644\u0623\u0631\u0627\u0636\u064a \u0627\u0644\u0641\u0631\u0646\u0633\u064a\u0629\u060c \u0641\u064a \u0647\u0630\u0647 \u0627\u0644\u0645\u0647\u0645\u0629\u060c \u0639\u0644\u0649 \u0645\u0634\u063a\u0644\u0647\u0627\u060c \u0645\u0643\u062a\u0628 OFII\u060c \u0627\u0644\u0630\u064a \u062a\u0636\u0645\u0646 \u0634\u0628\u0643\u062a\u0647 \u0645\u0646 \u0627\u0644\u0645\u062f\u064a\u0631\u064a\u0627\u062a \u0627\u0644\u0625\u0642\u0644\u064a\u0645\u064a\u0629 (DT) \u0627\u0644\u062a\u0645\u062b\u064a\u0644 \u0641\u064a \u0641\u0631\u0646\u0633\u0627 \u0627\u0644\u0642\u0627\u0631\u064a\u0629 \u0648\u062e\u0627\u0631\u062c\u0647\u0627 .<\/p>\n<p>&nbsp;<\/p>\n<p>&nbsp;<\/p>\n\n\t\t<\/div>\n\t<\/div>\n\n\t<div class=\"wpb_text_column wpb_content_element\" >\n\t\t<div class=\"wpb_wrapper\">\n\t\t\t<h2 style=\"color: #33cccc; text-align: center;\">\u0627\u0633\u062a\u0642\u0628\u0627\u0644 OFII \u0648\u0627\u0633\u062a\u0637\u0644\u0627\u0639 \u0631\u0636\u0627 \u0627\u0644\u0623\u0645\u0627\u0646\u0629 2024<\/h2>\n\n\t\t<\/div>\n\t<\/div>\n<div class=\"wpb_gallery wpb_content_element vc_clearfix\" ><div class=\"wpb_wrapper\"><div class=\"wpb_gallery_slides wpb_flexslider flexslider_fade flexslider\" data-interval=\"3\" data-flex_fx=\"fade\"><ul class=\"slides\"><li><a class=\"prettyphoto\" href=\"https:\/\/abcformation1986.fr\/wp-content\/uploads\/2025\/01\/1.jpeg\" data-rel=\"prettyPhoto[rel-4293-1243716606]\"><img loading=\"lazy\" decoding=\"async\" width=\"945\" height=\"449\" src=\"https:\/\/abcformation1986.fr\/wp-content\/uploads\/2025\/01\/1.jpeg\" class=\"attachment-full\" alt=\"\" srcset=\"https:\/\/abcformation1986.fr\/wp-content\/uploads\/2025\/01\/1.jpeg 945w, https:\/\/abcformation1986.fr\/wp-content\/uploads\/2025\/01\/1-500x238.jpeg 500w, https:\/\/abcformation1986.fr\/wp-content\/uploads\/2025\/01\/1-300x143.jpeg 300w, https:\/\/abcformation1986.fr\/wp-content\/uploads\/2025\/01\/1-768x365.jpeg 768w, https:\/\/abcformation1986.fr\/wp-content\/uploads\/2025\/01\/1-18x9.jpeg 18w\" sizes=\"auto, (max-width: 945px) 100vw, 945px\" \/><\/a><\/li><li><a class=\"prettyphoto\" href=\"https:\/\/abcformation1986.fr\/wp-content\/uploads\/2025\/01\/2.jpeg\" data-rel=\"prettyPhoto[rel-4293-1243716606]\"><img loading=\"lazy\" decoding=\"async\" width=\"945\" height=\"429\" src=\"https:\/\/abcformation1986.fr\/wp-content\/uploads\/2025\/01\/2.jpeg\" class=\"attachment-full\" alt=\"\" srcset=\"https:\/\/abcformation1986.fr\/wp-content\/uploads\/2025\/01\/2.jpeg 945w, https:\/\/abcformation1986.fr\/wp-content\/uploads\/2025\/01\/2-500x227.jpeg 500w, https:\/\/abcformation1986.fr\/wp-content\/uploads\/2025\/01\/2-300x136.jpeg 300w, https:\/\/abcformation1986.fr\/wp-content\/uploads\/2025\/01\/2-768x349.jpeg 768w, https:\/\/abcformation1986.fr\/wp-content\/uploads\/2025\/01\/2-18x8.jpeg 18w\" sizes=\"auto, (max-width: 945px) 100vw, 945px\" \/><\/a><\/li><li><a class=\"prettyphoto\" href=\"https:\/\/abcformation1986.fr\/wp-content\/uploads\/2025\/01\/3.jpeg\" data-rel=\"prettyPhoto[rel-4293-1243716606]\"><img loading=\"lazy\" decoding=\"async\" width=\"945\" height=\"429\" src=\"https:\/\/abcformation1986.fr\/wp-content\/uploads\/2025\/01\/3.jpeg\" class=\"attachment-full\" alt=\"\" srcset=\"https:\/\/abcformation1986.fr\/wp-content\/uploads\/2025\/01\/3.jpeg 945w, https:\/\/abcformation1986.fr\/wp-content\/uploads\/2025\/01\/3-500x227.jpeg 500w, https:\/\/abcformation1986.fr\/wp-content\/uploads\/2025\/01\/3-300x136.jpeg 300w, https:\/\/abcformation1986.fr\/wp-content\/uploads\/2025\/01\/3-768x349.jpeg 768w, https:\/\/abcformation1986.fr\/wp-content\/uploads\/2025\/01\/3-18x8.jpeg 18w\" sizes=\"auto, (max-width: 945px) 100vw, 945px\" \/><\/a><\/li><li><a class=\"prettyphoto\" href=\"https:\/\/abcformation1986.fr\/wp-content\/uploads\/2025\/01\/4.jpeg\" data-rel=\"prettyPhoto[rel-4293-1243716606]\"><img loading=\"lazy\" decoding=\"async\" width=\"945\" height=\"429\" src=\"https:\/\/abcformation1986.fr\/wp-content\/uploads\/2025\/01\/4.jpeg\" class=\"attachment-full\" alt=\"\" srcset=\"https:\/\/abcformation1986.fr\/wp-content\/uploads\/2025\/01\/4.jpeg 945w, https:\/\/abcformation1986.fr\/wp-content\/uploads\/2025\/01\/4-500x227.jpeg 500w, https:\/\/abcformation1986.fr\/wp-content\/uploads\/2025\/01\/4-300x136.jpeg 300w, https:\/\/abcformation1986.fr\/wp-content\/uploads\/2025\/01\/4-768x349.jpeg 768w, https:\/\/abcformation1986.fr\/wp-content\/uploads\/2025\/01\/4-18x8.jpeg 18w\" sizes=\"auto, (max-width: 945px) 100vw, 945px\" \/><\/a><\/li><\/ul><\/div><\/div><\/div><\/div><\/div><\/div><div class=\"wpb_column vc_column_container vc_col-sm-4\"><div class=\"vc_column-inner\"><div class=\"wpb_wrapper\">\n\t<div  class=\"wpb_single_image wpb_content_element vc_align_center  wpb_animate_when_almost_visible wpb_bounceInUp bounceInUp\">\n\t\t\n\t\t<figure class=\"wpb_wrapper vc_figure\">\n\t\t\t<div class=\"vc_single_image-wrapper vc_box_shadow_3d  vc_box_border_grey\"><img loading=\"lazy\" decoding=\"async\" width=\"259\" height=\"195\" src=\"https:\/\/abcformation1986.fr\/wp-content\/uploads\/2022\/01\/OFII.png\" class=\"vc_single_image-img attachment-full\" alt=\"\" \/><\/div>\n\t\t<\/figure>\n\t<\/div>\n<div class=\"vc_separator wpb_content_element vc_separator_align_center vc_sep_width_100 vc_sep_pos_align_center vc_separator_no_text vc_sep_color_grey\" ><span class=\"vc_sep_holder vc_sep_holder_l\"><span  class=\"vc_sep_line\"><\/span><\/span><span class=\"vc_sep_holder vc_sep_holder_r\"><span  class=\"vc_sep_line\"><\/span><\/span>\n<\/div><div class=\"vc_btn3-container vc_btn3-center\" >\n\t<a class=\"vc_general vc_btn3 vc_btn3-size-lg vc_btn3-shape-square vc_btn3-style-3d vc_btn3-block vc_btn3-color-turquoise\" href=\"https:\/\/www.ofii.fr\/category\/actualites\/\" title=\"\">\u0623\u062e\u0628\u0627\u0631<\/a><\/div>\n<div class=\"vc_btn3-container vc_btn3-center\" >\n\t<a class=\"vc_general vc_btn3 vc_btn3-size-lg vc_btn3-shape-square vc_btn3-style-3d vc_btn3-block vc_btn3-color-turquoise\" href=\"https:\/\/abcformation1986.fr\/wp-content\/uploads\/2024\/10\/Guide-de-la-demande-d_asile-Francais.pdf\" title=\"\">\u062f\u0644\u064a\u0644 \u062a\u0642\u062f\u064a\u0645 \u0637\u0644\u0628 \u0627\u0644\u0644\u062c\u0648\u0621<\/a><\/div>\n<div class=\"vc_separator wpb_content_element vc_separator_align_center vc_sep_width_100 vc_sep_pos_align_center vc_separator_no_text vc_sep_color_grey\" ><span class=\"vc_sep_holder vc_sep_holder_l\"><span  class=\"vc_sep_line\"><\/span><\/span><span class=\"vc_sep_holder vc_sep_holder_r\"><span  class=\"vc_sep_line\"><\/span><\/span>\n<\/div><\/div><\/div><\/div>\t<\/div>\n\t\t\t<\/div><div class=\"vc_row wpb_row vc_row-fluid\">\n\t\t\t\t<div class=\"mo-vc-row-ovelay\" style=\"\"><\/div>\n\t\t\t\t<div class=\"container\"><div class=\"wpb_column vc_column_container vc_col-sm-12\"><div class=\"vc_column-inner\"><div class=\"wpb_wrapper\"><\/div><\/div><\/div>\t<\/div>\n\t\t\t<\/div>","protected":false},"excerpt":{"rendered":"L\u2019Office Fran\u00e7ais de l\u2019Immigration et de l\u2019Int\u00e9gration \u2013 L\u2019OFII &nbsp; Pr\u00e9sentation de l\u2019OFII \"L\u2019office fran\u00e7ais de l\u2019immigration et de l\u2019int\u00e9gration (OFII) est un \u00e9tablissement public administratif sous la tutelle du minist\u00e8re de l\u2019int\u00e9rieur, conform\u00e9ment \u00e0 son statut inscrit aux articles L. 121-1 et suivants du code de l'entr\u00e9e et du s\u00e9jour des \u00e9trangers et du [...]","protected":false},"author":2,"featured_media":0,"parent":0,"menu_order":0,"comment_status":"closed","ping_status":"closed","template":"","meta":{"_uag_custom_page_level_css":"","footnotes":""},"class_list":["post-4293","page","type-page","status-publish","hentry"],"yoast_head":"<!-- This site is optimized with the Yoast SEO plugin v25.2 - https:\/\/yoast.com\/wordpress\/plugins\/seo\/ -->\n<title>OFII - Centre de Formation ABC Franconville | FLE | TEF<\/title>\n<meta name=\"robots\" content=\"index, follow, max-snippet:-1, max-image-preview:large, max-video-preview:-1\" \/>\n<link rel=\"canonical\" href=\"https:\/\/abcformation1986.fr\/ar\/ofii\/\" \/>\n<meta property=\"og:locale\" content=\"ar_AR\" \/>\n<meta property=\"og:type\" content=\"article\" \/>\n<meta property=\"og:title\" content=\"OFII - Centre de Formation ABC Franconville | FLE | TEF\" \/>\n<meta property=\"og:url\" content=\"https:\/\/abcformation1986.fr\/ar\/ofii\/\" \/>\n<meta property=\"og:site_name\" content=\"Centre de Formation ABC Franconville | FLE | TEF\" \/>\n<meta property=\"article:publisher\" content=\"http:\/\/@abcformation\" \/>\n<meta property=\"article:modified_time\" content=\"2025-01-20T10:25:08+00:00\" \/>\n<meta name=\"twitter:card\" content=\"summary_large_image\" \/>\n<meta name=\"twitter:site\" content=\"@abc_formation\" \/>\n<meta name=\"twitter:label1\" content=\"\u0648\u0642\u062a \u0627\u0644\u0642\u0631\u0627\u0621\u0629 \u0627\u0644\u0645\u064f\u0642\u062f\u0651\u0631\" \/>\n\t<meta name=\"twitter:data1\" content=\"\u062f\u0642\u064a\u0642\u062a\u0627\u0646\" \/>\n<script type=\"application\/ld+json\" class=\"yoast-schema-graph\">{\"@context\":\"https:\/\/schema.org\",\"@graph\":[{\"@type\":\"WebPage\",\"@id\":\"https:\/\/abcformation1986.fr\/ar\/ofii\/\",\"url\":\"https:\/\/abcformation1986.fr\/ar\/ofii\/\",\"name\":\"OFII - Centre de Formation ABC Franconville | FLE | TEF\",\"isPartOf\":{\"@id\":\"https:\/\/abcformation1986.fr\/en\/#website\"},\"datePublished\":\"2022-01-19T09:21:05+00:00\",\"dateModified\":\"2025-01-20T10:25:08+00:00\",\"breadcrumb\":{\"@id\":\"https:\/\/abcformation1986.fr\/ar\/ofii\/#breadcrumb\"},\"inLanguage\":\"ar\",\"potentialAction\":[{\"@type\":\"ReadAction\",\"target\":[\"https:\/\/abcformation1986.fr\/ar\/ofii\/\"]}]},{\"@type\":\"BreadcrumbList\",\"@id\":\"https:\/\/abcformation1986.fr\/ar\/ofii\/#breadcrumb\",\"itemListElement\":[{\"@type\":\"ListItem\",\"position\":1,\"name\":\"Home\",\"item\":\"https:\/\/abcformation1986.fr\/en\/\"},{\"@type\":\"ListItem\",\"position\":2,\"name\":\"OFII\"}]},{\"@type\":\"WebSite\",\"@id\":\"https:\/\/abcformation1986.fr\/en\/#website\",\"url\":\"https:\/\/abcformation1986.fr\/en\/\",\"name\":\"Centre de Formation ABC Franconville | FLE | TEF\",\"description\":\"Acteur historique de  la formation, de l\u2019insertion et de la  reconversion professionnelle depuis 1986\",\"publisher\":{\"@id\":\"https:\/\/abcformation1986.fr\/en\/#organization\"},\"potentialAction\":[{\"@type\":\"SearchAction\",\"target\":{\"@type\":\"EntryPoint\",\"urlTemplate\":\"https:\/\/abcformation1986.fr\/en\/?s={search_term_string}\"},\"query-input\":{\"@type\":\"PropertyValueSpecification\",\"valueRequired\":true,\"valueName\":\"search_term_string\"}}],\"inLanguage\":\"ar\"},{\"@type\":\"Organization\",\"@id\":\"https:\/\/abcformation1986.fr\/en\/#organization\",\"name\":\"ABCFORMATION\",\"url\":\"https:\/\/abcformation1986.fr\/en\/\",\"logo\":{\"@type\":\"ImageObject\",\"inLanguage\":\"ar\",\"@id\":\"https:\/\/abcformation1986.fr\/en\/#\/schema\/logo\/image\/\",\"url\":\"https:\/\/abcformation1986.fr\/wp-content\/uploads\/2018\/11\/abclogo.png\",\"contentUrl\":\"https:\/\/abcformation1986.fr\/wp-content\/uploads\/2018\/11\/abclogo.png\",\"width\":134,\"height\":82,\"caption\":\"ABCFORMATION\"},\"image\":{\"@id\":\"https:\/\/abcformation1986.fr\/en\/#\/schema\/logo\/image\/\"},\"sameAs\":[\"http:\/\/@abcformation\",\"https:\/\/x.com\/abc_formation\",\"http:\/\/abcformation1986\"]}]}<\/script>\n<!-- \/ Yoast SEO plugin. -->","yoast_head_json":{"title":"OFII - Centre de Formation ABC Franconville | FLE | TEF","robots":{"index":"index","follow":"follow","max-snippet":"max-snippet:-1","max-image-preview":"max-image-preview:large","max-video-preview":"max-video-preview:-1"},"canonical":"https:\/\/abcformation1986.fr\/ar\/ofii\/","og_locale":"ar_AR","og_type":"article","og_title":"OFII - Centre de Formation ABC Franconville | FLE | TEF","og_url":"https:\/\/abcformation1986.fr\/ar\/ofii\/","og_site_name":"Centre de Formation ABC Franconville | FLE | TEF","article_publisher":"http:\/\/@abcformation","article_modified_time":"2025-01-20T10:25:08+00:00","twitter_card":"summary_large_image","twitter_site":"@abc_formation","twitter_misc":{"\u0648\u0642\u062a \u0627\u0644\u0642\u0631\u0627\u0621\u0629 \u0627\u0644\u0645\u064f\u0642\u062f\u0651\u0631":"\u062f\u0642\u064a\u0642\u062a\u0627\u0646"},"schema":{"@context":"https:\/\/schema.org","@graph":[{"@type":"WebPage","@id":"https:\/\/abcformation1986.fr\/ar\/ofii\/","url":"https:\/\/abcformation1986.fr\/ar\/ofii\/","name":"OFII - Centre de Formation ABC Franconville | FLE | TEF","isPartOf":{"@id":"https:\/\/abcformation1986.fr\/en\/#website"},"datePublished":"2022-01-19T09:21:05+00:00","dateModified":"2025-01-20T10:25:08+00:00","breadcrumb":{"@id":"https:\/\/abcformation1986.fr\/ar\/ofii\/#breadcrumb"},"inLanguage":"ar","potentialAction":[{"@type":"ReadAction","target":["https:\/\/abcformation1986.fr\/ar\/ofii\/"]}]},{"@type":"BreadcrumbList","@id":"https:\/\/abcformation1986.fr\/ar\/ofii\/#breadcrumb","itemListElement":[{"@type":"ListItem","position":1,"name":"Home","item":"https:\/\/abcformation1986.fr\/en\/"},{"@type":"ListItem","position":2,"name":"OFII"}]},{"@type":"WebSite","@id":"https:\/\/abcformation1986.fr\/en\/#website","url":"https:\/\/abcformation1986.fr\/en\/","name":"Centre de Formation ABC Franconville | FLE | TEF","description":"Acteur historique de  la formation, de l\u2019insertion et de la  reconversion professionnelle depuis 1986","publisher":{"@id":"https:\/\/abcformation1986.fr\/en\/#organization"},"potentialAction":[{"@type":"SearchAction","target":{"@type":"EntryPoint","urlTemplate":"https:\/\/abcformation1986.fr\/en\/?s={search_term_string}"},"query-input":{"@type":"PropertyValueSpecification","valueRequired":true,"valueName":"search_term_string"}}],"inLanguage":"ar"},{"@type":"Organization","@id":"https:\/\/abcformation1986.fr\/en\/#organization","name":"ABCFORMATION","url":"https:\/\/abcformation1986.fr\/en\/","logo":{"@type":"ImageObject","inLanguage":"ar","@id":"https:\/\/abcformation1986.fr\/en\/#\/schema\/logo\/image\/","url":"https:\/\/abcformation1986.fr\/wp-content\/uploads\/2018\/11\/abclogo.png","contentUrl":"https:\/\/abcformation1986.fr\/wp-content\/uploads\/2018\/11\/abclogo.png","width":134,"height":82,"caption":"ABCFORMATION"},"image":{"@id":"https:\/\/abcformation1986.fr\/en\/#\/schema\/logo\/image\/"},"sameAs":["http:\/\/@abcformation","https:\/\/x.com\/abc_formation","http:\/\/abcformation1986"]}]}},"uagb_featured_image_src":{"full":false,"thumbnail":false,"medium":false,"medium_large":false,"large":false,"1536x1536":false,"2048x2048":false,"trp-custom-language-flag":false,"hala-full":false,"hala-medium":false,"hala-small":false,"hala-team":false,"hala-thumb":false,"woocommerce_thumbnail":false,"woocommerce_single":false,"woocommerce_gallery_thumbnail":false},"uagb_author_info":{"display_name":"abc formation","author_link":"https:\/\/abcformation1986.fr\/ar\/author\/abcformation\/"},"uagb_comment_info":0,"uagb_excerpt":null,"jetpack_sharing_enabled":true,"_links":{"self":[{"href":"https:\/\/abcformation1986.fr\/ar\/wp-json\/wp\/v2\/pages\/4293","targetHints":{"allow":["GET"]}}],"collection":[{"href":"https:\/\/abcformation1986.fr\/ar\/wp-json\/wp\/v2\/pages"}],"about":[{"href":"https:\/\/abcformation1986.fr\/ar\/wp-json\/wp\/v2\/types\/page"}],"author":[{"embeddable":true,"href":"https:\/\/abcformation1986.fr\/ar\/wp-json\/wp\/v2\/users\/2"}],"replies":[{"embeddable":true,"href":"https:\/\/abcformation1986.fr\/ar\/wp-json\/wp\/v2\/comments?post=4293"}],"version-history":[{"count":30,"href":"https:\/\/abcformation1986.fr\/ar\/wp-json\/wp\/v2\/pages\/4293\/revisions"}],"predecessor-version":[{"id":10893,"href":"https:\/\/abcformation1986.fr\/ar\/wp-json\/wp\/v2\/pages\/4293\/revisions\/10893"}],"wp:attachment":[{"href":"https:\/\/abcformation1986.fr\/ar\/wp-json\/wp\/v2\/media?parent=4293"}],"curies":[{"name":"wp","href":"https:\/\/api.w.org\/{rel}","templated":true}]}}