{"id":4033,"date":"2021-10-27T12:53:02","date_gmt":"2021-10-27T12:53:02","guid":{"rendered":"https:\/\/abcformation1986.fr\/?page_id=4033"},"modified":"2024-10-12T14:51:11","modified_gmt":"2024-10-12T14:51:11","slug":"diplomes-et-tests-2","status":"publish","type":"page","link":"https:\/\/abcformation1986.fr\/ar\/diplomes-et-tests-2\/","title":{"rendered":"Dipl\u00f4mes et tests"},"content":{"rendered":"<div class=\"vc_row wpb_row vc_row-fluid\">\n\t\t\t\t<div class=\"mo-vc-row-ovelay\" style=\"\"><\/div>\n\t\t\t\t<div class=\"container\"><div class=\"wpb_column vc_column_container vc_col-sm-12\"><div class=\"vc_column-inner\"><div class=\"wpb_wrapper\">\n\t<div class=\"wpb_raw_code wpb_content_element wpb_raw_html\" >\n\t\t<div class=\"wpb_wrapper\">\n\t\t\t<h2 style=\"color:#33cccc; text-align: center;\">\u0647\u0644 \u062a\u062d\u062a\u0627\u062c \u0625\u0644\u0649 \u0634\u0647\u0627\u062f\u0629 \u0645\u0633\u062a\u0648\u0627\u0643 \u0641\u064a \u0627\u0644\u0644\u063a\u0629 \u0627\u0644\u0641\u0631\u0646\u0633\u064a\u0629\u061f <\/h2>\n<p style=\"text-align: justify;\">\u0646\u062d\u0646 \u0645\u0631\u0643\u0632 \u0631\u0633\u0645\u064a \u0644\u0625\u062c\u0631\u0627\u0621 \u0627\u0645\u062a\u062d\u0627\u0646\u0627\u062a \u0627\u0644\u0644\u063a\u0629 \u0627\u0644\u0641\u0631\u0646\u0633\u064a\u0629 \u0643\u0644\u063a\u0629 \u0623\u062c\u0646\u0628\u064a\u0629. \u0644\u062f\u064a\u0643 \u0627\u0644\u0641\u0631\u0635\u0629 \u0644\u0644\u062d\u0635\u0648\u0644 \u0639\u0644\u0649 \u062f\u0628\u0644\u0648\u0645\u0627\u062a \u0648\u0634\u0647\u0627\u062f\u0627\u062a \u0645\u0639\u062a\u0631\u0641 \u0628\u0647\u0627 \u062f\u0648\u0644\u064a\u064b\u0627 \u0639\u0644\u0649 \u0645\u062f\u0627\u0631 \u0627\u0644\u0639\u0627\u0645.<\/p>\n<p>&nbsp;<\/p>\n\n<h2 style=\"color:#33cccc; text-align: center;\">\u0627\u0644\u062f\u0628\u0644\u0648\u0645\u0627\u062a \u0648\u0627\u0644\u0634\u0647\u0627\u062f\u0627\u062a \u0627\u0644\u0645\u062a\u0627\u062d\u0629:<\/h2>\n<h3 style=\"color:#33cccc; text-align: left;\">TEF (\u0627\u062e\u062a\u0628\u0627\u0631 \u0627\u0644\u062a\u0642\u064a\u064a\u0645 \u0627\u0644\u0641\u0631\u0646\u0633\u064a)<\/h3>\n<p style=\"text-align: justify;\">TEF \u0647\u0648 \u0627\u062e\u062a\u0628\u0627\u0631 \u0641\u0631\u0646\u0633\u064a \u0645\u0639\u062a\u0631\u0641 \u0628\u0647 \u062f\u0648\u0644\u064a\u064b\u0627 \u064a\u0642\u064a\u0645 \u0645\u0633\u062a\u0648\u0649 \u0625\u062a\u0642\u0627\u0646\u0643 \u0644\u0644\u063a\u0629 \u0627\u0644\u0641\u0631\u0646\u0633\u064a\u0629. \u063a\u0627\u0644\u0628\u064b\u0627 \u0645\u0627 \u064a\u0643\u0648\u0646 \u0645\u0637\u0644\u0648\u0628\u064b\u0627 \u0644\u0644\u0647\u062c\u0631\u0629 \u0623\u0648 \u0627\u0644\u062f\u0631\u0627\u0633\u0629 \u0623\u0648 \u0627\u0644\u0639\u0645\u0644 \u0641\u064a \u0627\u0644\u0628\u0644\u062f\u0627\u0646 \u0627\u0644\u0646\u0627\u0637\u0642\u0629 \u0628\u0627\u0644\u0641\u0631\u0646\u0633\u064a\u0629. \u0647\u0646\u0627\u0643 \u0625\u0635\u062f\u0627\u0631\u0627\u062a \u0645\u062e\u062a\u0644\u0641\u0629 \u0645\u0646 TEF\u060c \u0645\u0635\u0645\u0645\u0629 \u062e\u0635\u064a\u0635\u064b\u0627 \u0644\u0623\u063a\u0631\u0627\u0636 \u0645\u062d\u062f\u062f\u0629\u060c \u0645\u062b\u0644 TEF Canada\u060c \u0648TEF \u0644\u0644\u062a\u062c\u0646\u0633\u060c \u0648TEF \u0644\u0644\u062f\u0631\u0627\u0633\u0627\u062a \u0641\u064a \u0641\u0631\u0646\u0633\u0627.<\/p>\n<p>&nbsp;<\/p>\n\n<h3 style=\"color:#33cccc; text-align: left;\">DFP (\u0627\u0644\u062f\u0628\u0644\u0648\u0645 \u0627\u0644\u0641\u0631\u0646\u0633\u064a \u0627\u0644\u0645\u0647\u0646\u064a)<\/h3>\n<p style=\"text-align: justify;\">\u062a\u0645 \u062a\u0635\u0645\u064a\u0645 \u0628\u0631\u0646\u0627\u0645\u062c DFP \u0644\u062a\u0642\u064a\u064a\u0645 \u0648\u0627\u0639\u062a\u0645\u0627\u062f \u0645\u0647\u0627\u0631\u0627\u062a \u0627\u0644\u0644\u063a\u0629 \u0627\u0644\u0641\u0631\u0646\u0633\u064a\u0629 \u0641\u064a \u0633\u064a\u0627\u0642 \u0627\u062d\u062a\u0631\u0627\u0641\u064a. \u062a\u062a\u0648\u0641\u0631 \u0627\u0644\u0645\u0633\u062a\u0648\u064a\u0627\u062a A2 \u0648B1 \u0648B2 \u0648C1 \u0648C2 \u0645\u0646 \u0627\u0644\u0625\u0637\u0627\u0631 \u0627\u0644\u0623\u0648\u0631\u0648\u0628\u064a \u0627\u0644\u0645\u0631\u062c\u0639\u064a \u0627\u0644\u0645\u0634\u062a\u0631\u0643 \u0644\u0644\u063a\u0627\u062a (CEFR)\u060c \u0648\u0627\u0644\u062a\u064a \u062a\u063a\u0637\u064a \u062a\u062e\u0635\u0635\u0627\u062a \u0645\u062e\u062a\u0644\u0641\u0629 \u0645\u062b\u0644 \u0627\u0644\u0623\u0639\u0645\u0627\u0644 \u0648\u0627\u0644\u0633\u064a\u0627\u062d\u0629 \u0648\u0627\u0644\u0635\u062d\u0629.<\/p>\n<p>&nbsp;<\/p>\n\n<h3 style=\"color:#33cccc; text-align: left;\">CLOE (\u0627\u0644\u0645\u0647\u0627\u0631\u0627\u062a \u0627\u0644\u0644\u063a\u0648\u064a\u0629 \u0627\u0644\u0634\u0641\u0647\u064a\u0629 \u0648\u0627\u0644\u0645\u0643\u062a\u0648\u0628\u0629)<\/h3>\n<p style=\"text-align: justify;\">CLOE \u0647\u064a \u0634\u0647\u0627\u062f\u0629 \u062a\u0642\u064a\u0645 \u0627\u0644\u0645\u0647\u0627\u0631\u0627\u062a \u0627\u0644\u0634\u0641\u0647\u064a\u0629 \u0648\u0627\u0644\u0645\u0643\u062a\u0648\u0628\u0629 \u0628\u0627\u0644\u0644\u063a\u0629 \u0627\u0644\u0641\u0631\u0646\u0633\u064a\u0629\u060c \u0648\u0647\u064a \u0645\u0646\u0627\u0633\u0628\u0629 \u0628\u0634\u0643\u0644 \u062e\u0627\u0635 \u0644\u0644\u0627\u062d\u062a\u064a\u0627\u062c\u0627\u062a \u0627\u0644\u0645\u0647\u0646\u064a\u0629. \u0648\u0647\u0648 \u0645\u0639\u0631\u0648\u0641 \u0628\u0645\u0648\u062b\u0648\u0642\u064a\u062a\u0647 \u0648\u0645\u0631\u0648\u0646\u062a\u0647\u060c \u0648\u064a\u0648\u0641\u0631 \u062a\u0642\u064a\u064a\u0645\u064b\u0627 \u062f\u0642\u064a\u0642\u064b\u0627 \u0644\u0644\u0645\u0647\u0627\u0631\u0627\u062a \u0627\u0644\u0644\u063a\u0648\u064a\u0629 \u0641\u064a \u0645\u062e\u062a\u0644\u0641 \u0627\u0644\u0633\u064a\u0627\u0642\u0627\u062a \u0627\u0644\u0645\u0647\u0646\u064a\u0629.\n<\/p>\n<p>&nbsp;<\/p>\n\n<h3 style=\"color:#33cccc; text-align: left;\">\u0644\u0645\u0627\u0630\u0627 \u062a\u062e\u062a\u0627\u0631 \u0645\u0631\u0643\u0632\u0646\u0627\u061f<\/h3>\n<ul style=\"text-align: justify;\">\n<li>\u0645\u0631\u0648\u0646\u0629 \u0627\u0644\u062a\u0627\u0631\u064a\u062e: \u0627\u0644\u0627\u0645\u062a\u062d\u0627\u0646\u0627\u062a \u0645\u062a\u0627\u062d\u0629 \u0639\u0644\u0649 \u0645\u062f\u0627\u0631 \u0627\u0644\u0639\u0627\u0645\u060c \u0645\u0645\u0627 \u064a\u0633\u0645\u062d \u0644\u0643 \u0628\u0627\u062e\u062a\u064a\u0627\u0631 \u0627\u0644\u0645\u0648\u0639\u062f \u0627\u0644\u0630\u064a \u064a\u0646\u0627\u0633\u0628\u0643.<\/li>\n<li>\u0627\u0644\u0627\u0639\u062a\u0631\u0627\u0641 \u0627\u0644\u062f\u0648\u0644\u064a: \u0634\u0647\u0627\u062f\u0627\u062a TEF \u0648DFP \u0648CLOE \u0645\u0639\u062a\u0631\u0641 \u0628\u0647\u0627 \u062f\u0648\u0644\u064a\u064b\u0627\u060c \u0645\u0645\u0627 \u064a\u0632\u064a\u062f \u0645\u0646 \u0641\u0631\u0635\u0643 \u0627\u0644\u0623\u0643\u0627\u062f\u064a\u0645\u064a\u0629 \u0648\u0627\u0644\u0645\u0647\u0646\u064a\u0629.<\/li>\n<li>\u0627\u0644\u062a\u062d\u0636\u064a\u0631 \u0627\u0644\u0634\u062e\u0635\u064a: \u0646\u062d\u0646 \u0646\u0642\u062f\u0645 \u062c\u0644\u0633\u0627\u062a \u062a\u062d\u0636\u064a\u0631\u064a\u0629 \u0644\u0645\u0633\u0627\u0639\u062f\u062a\u0643 \u0639\u0644\u0649 \u0632\u064a\u0627\u062f\u0629 \u0641\u0631\u0635 \u0646\u062c\u0627\u062d\u0643.<\/li>\n<\/ul>\n<p>&nbsp;<\/p>\n\n<h3 style=\"color:#33cccc; text-align: left;\">\u0643\u064a\u0641\u064a\u0629 \u0627\u0644\u062a\u0633\u062c\u064a\u0644\u061f<\/h3>\n<ul style=\"text-align: justify;\">\n<li>\u0627\u062a\u0635\u0644 \u0628\u0646\u0627: \u0644\u0645\u0632\u064a\u062f \u0645\u0646 \u0627\u0644\u0645\u0639\u0644\u0648\u0645\u0627\u062a \u062d\u0648\u0644 \u0627\u0644\u062a\u0648\u0627\u0631\u064a\u062e \u0627\u0644\u0645\u062a\u0627\u062d\u0629 \u0648\u0625\u062c\u0631\u0627\u0621\u0627\u062a \u0627\u0644\u062a\u0633\u062c\u064a\u0644.<\/li>\n<li>\u0642\u0645 \u0628\u0625\u0639\u062f\u0627\u062f \u0627\u0644\u0645\u0633\u062a\u0646\u062f\u0627\u062a \u0627\u0644\u062e\u0627\u0635\u0629 \u0628\u0643: \u062a\u0623\u0643\u062f \u0645\u0646 \u062d\u0635\u0648\u0644\u0643 \u0639\u0644\u0649 \u062c\u0645\u064a\u0639 \u0627\u0644\u0645\u0633\u062a\u0646\u062f\u0627\u062a \u0627\u0644\u0644\u0627\u0632\u0645\u0629\u060c \u0645\u062b\u0644 \u0648\u062b\u064a\u0642\u0629 \u0627\u0644\u0647\u0648\u064a\u0629 \u0627\u0644\u062e\u0627\u0635\u0629 \u0628\u0643\u060c \u0648\u062a\u0635\u0631\u064a\u062d \u0627\u0644\u0625\u0642\u0627\u0645\u0629 \u0627\u0644\u062e\u0627\u0635 \u0628\u0643\u060c \u0625\u0646 \u0623\u0645\u0643\u0646.<\/li>\n<li>\u0627\u0644\u062a\u0633\u062c\u064a\u0644: \u0623\u0643\u0645\u0644 \u0646\u0645\u0648\u0630\u062c \u0627\u0644\u062a\u0633\u062c\u064a\u0644 \u0627\u0644\u062e\u0627\u0635 \u0628\u0646\u0627 \u0648\u0627\u062e\u062a\u0631 \u062a\u0627\u0631\u064a\u062e \u0627\u0644\u0627\u0645\u062a\u062d\u0627\u0646 \u0627\u0644\u062e\u0627\u0635 \u0628\u0643.<\/li>\n<\/ul>\n<p>&nbsp;<\/p>\n<h3 style=\"color:#33cccc; text-align: center;\">\u0644\u0623\u064a\u0629 \u0623\u0633\u0626\u0644\u0629 \u0623\u0648 \u0644\u0628\u062f\u0621 \u0627\u0644\u062a\u0633\u062c\u064a\u0644\u060c \u0644\u0627 \u062a\u062a\u0631\u062f\u062f \u0641\u064a \u0627\u0644\u0627\u062a\u0635\u0627\u0644 \u0628\u0646\u0627. \u0646\u062d\u0646 \u0647\u0646\u0627 \u0644\u062f\u0639\u0645\u0643 \u0641\u064a \u0639\u0645\u0644\u064a\u0629 \u0627\u0644\u062d\u0635\u0648\u0644 \u0639\u0644\u0649 \u0634\u0647\u0627\u062f\u0629 \u0627\u0644\u0644\u063a\u0629 \u0627\u0644\u0641\u0631\u0646\u0633\u064a\u0629.<\/h3>\n\t\t<\/div>\n\t<\/div>\n<\/div><\/div><\/div>\t<\/div>\n\t\t\t<\/div>","protected":false},"excerpt":{"rendered":"Vous Avez Besoin de Certifier Votre Niveau en Fran\u00e7ais ? Nous sommes un centre officiel pour la passation des examens en fran\u00e7ais langue \u00e9trang\u00e8re. Vous avez la possibilit\u00e9 de passer tout au long de l\u2019ann\u00e9e des dipl\u00f4mes et certifications reconnus sur le plan international. &nbsp; Dipl\u00f4mes et Certifications Disponibles : TEF (Test d'\u00c9valuation de Fran\u00e7ais) [...]","protected":false},"author":2,"featured_media":0,"parent":0,"menu_order":0,"comment_status":"closed","ping_status":"closed","template":"","meta":{"_uag_custom_page_level_css":"","footnotes":""},"class_list":["post-4033","page","type-page","status-publish","hentry"],"yoast_head":"<!-- This site is optimized with the Yoast SEO plugin v25.2 - https:\/\/yoast.com\/wordpress\/plugins\/seo\/ -->\n<title>Dipl\u00f4mes et tests - Centre de Formation ABC Franconville | FLE | TEF<\/title>\n<meta name=\"robots\" content=\"index, follow, max-snippet:-1, max-image-preview:large, max-video-preview:-1\" \/>\n<link rel=\"canonical\" href=\"https:\/\/abcformation1986.fr\/ar\/diplomes-et-tests-2\/\" \/>\n<meta property=\"og:locale\" content=\"ar_AR\" \/>\n<meta property=\"og:type\" content=\"article\" \/>\n<meta property=\"og:title\" content=\"Dipl\u00f4mes et tests - Centre de Formation ABC Franconville | FLE | TEF\" \/>\n<meta property=\"og:url\" content=\"https:\/\/abcformation1986.fr\/ar\/diplomes-et-tests-2\/\" \/>\n<meta property=\"og:site_name\" content=\"Centre de Formation ABC Franconville | FLE | TEF\" \/>\n<meta property=\"article:publisher\" content=\"http:\/\/@abcformation\" \/>\n<meta property=\"article:modified_time\" content=\"2024-10-12T14:51:11+00:00\" \/>\n<meta name=\"twitter:card\" content=\"summary_large_image\" \/>\n<meta name=\"twitter:site\" content=\"@abc_formation\" \/>\n<meta name=\"twitter:label1\" content=\"\u0648\u0642\u062a \u0627\u0644\u0642\u0631\u0627\u0621\u0629 \u0627\u0644\u0645\u064f\u0642\u062f\u0651\u0631\" \/>\n\t<meta name=\"twitter:data1\" content=\"\u062f\u0642\u064a\u0642\u0629 \u0648\u0627\u062d\u062f\u0629\" \/>\n<script type=\"application\/ld+json\" class=\"yoast-schema-graph\">{\"@context\":\"https:\/\/schema.org\",\"@graph\":[{\"@type\":\"WebPage\",\"@id\":\"https:\/\/abcformation1986.fr\/diplomes-et-tests-2\/\",\"url\":\"https:\/\/abcformation1986.fr\/diplomes-et-tests-2\/\",\"name\":\"Dipl\u00f4mes et tests - Centre de Formation ABC Franconville | FLE | TEF\",\"isPartOf\":{\"@id\":\"https:\/\/abcformation1986.fr\/en\/#website\"},\"datePublished\":\"2021-10-27T12:53:02+00:00\",\"dateModified\":\"2024-10-12T14:51:11+00:00\",\"breadcrumb\":{\"@id\":\"https:\/\/abcformation1986.fr\/diplomes-et-tests-2\/#breadcrumb\"},\"inLanguage\":\"ar\",\"potentialAction\":[{\"@type\":\"ReadAction\",\"target\":[\"https:\/\/abcformation1986.fr\/diplomes-et-tests-2\/\"]}]},{\"@type\":\"BreadcrumbList\",\"@id\":\"https:\/\/abcformation1986.fr\/diplomes-et-tests-2\/#breadcrumb\",\"itemListElement\":[{\"@type\":\"ListItem\",\"position\":1,\"name\":\"Home\",\"item\":\"https:\/\/abcformation1986.fr\/en\/\"},{\"@type\":\"ListItem\",\"position\":2,\"name\":\"Dipl\u00f4mes et tests\"}]},{\"@type\":\"WebSite\",\"@id\":\"https:\/\/abcformation1986.fr\/en\/#website\",\"url\":\"https:\/\/abcformation1986.fr\/en\/\",\"name\":\"Centre de Formation ABC Franconville | FLE | TEF\",\"description\":\"Acteur historique de  la formation, de l\u2019insertion et de la  reconversion professionnelle depuis 1986\",\"publisher\":{\"@id\":\"https:\/\/abcformation1986.fr\/en\/#organization\"},\"potentialAction\":[{\"@type\":\"SearchAction\",\"target\":{\"@type\":\"EntryPoint\",\"urlTemplate\":\"https:\/\/abcformation1986.fr\/en\/?s={search_term_string}\"},\"query-input\":{\"@type\":\"PropertyValueSpecification\",\"valueRequired\":true,\"valueName\":\"search_term_string\"}}],\"inLanguage\":\"ar\"},{\"@type\":\"Organization\",\"@id\":\"https:\/\/abcformation1986.fr\/en\/#organization\",\"name\":\"ABCFORMATION\",\"url\":\"https:\/\/abcformation1986.fr\/en\/\",\"logo\":{\"@type\":\"ImageObject\",\"inLanguage\":\"ar\",\"@id\":\"https:\/\/abcformation1986.fr\/en\/#\/schema\/logo\/image\/\",\"url\":\"https:\/\/abcformation1986.fr\/wp-content\/uploads\/2018\/11\/abclogo.png\",\"contentUrl\":\"https:\/\/abcformation1986.fr\/wp-content\/uploads\/2018\/11\/abclogo.png\",\"width\":134,\"height\":82,\"caption\":\"ABCFORMATION\"},\"image\":{\"@id\":\"https:\/\/abcformation1986.fr\/en\/#\/schema\/logo\/image\/\"},\"sameAs\":[\"http:\/\/@abcformation\",\"https:\/\/x.com\/abc_formation\",\"http:\/\/abcformation1986\"]}]}<\/script>\n<!-- \/ Yoast SEO plugin. -->","yoast_head_json":{"title":"Dipl\u00f4mes et tests - Centre de Formation ABC Franconville | FLE | TEF","robots":{"index":"index","follow":"follow","max-snippet":"max-snippet:-1","max-image-preview":"max-image-preview:large","max-video-preview":"max-video-preview:-1"},"canonical":"https:\/\/abcformation1986.fr\/ar\/diplomes-et-tests-2\/","og_locale":"ar_AR","og_type":"article","og_title":"Dipl\u00f4mes et tests - Centre de Formation ABC Franconville | FLE | TEF","og_url":"https:\/\/abcformation1986.fr\/ar\/diplomes-et-tests-2\/","og_site_name":"Centre de Formation ABC Franconville | FLE | TEF","article_publisher":"http:\/\/@abcformation","article_modified_time":"2024-10-12T14:51:11+00:00","twitter_card":"summary_large_image","twitter_site":"@abc_formation","twitter_misc":{"\u0648\u0642\u062a \u0627\u0644\u0642\u0631\u0627\u0621\u0629 \u0627\u0644\u0645\u064f\u0642\u062f\u0651\u0631":"\u062f\u0642\u064a\u0642\u0629 \u0648\u0627\u062d\u062f\u0629"},"schema":{"@context":"https:\/\/schema.org","@graph":[{"@type":"WebPage","@id":"https:\/\/abcformation1986.fr\/diplomes-et-tests-2\/","url":"https:\/\/abcformation1986.fr\/diplomes-et-tests-2\/","name":"Dipl\u00f4mes et tests - Centre de Formation ABC Franconville | FLE | TEF","isPartOf":{"@id":"https:\/\/abcformation1986.fr\/en\/#website"},"datePublished":"2021-10-27T12:53:02+00:00","dateModified":"2024-10-12T14:51:11+00:00","breadcrumb":{"@id":"https:\/\/abcformation1986.fr\/diplomes-et-tests-2\/#breadcrumb"},"inLanguage":"ar","potentialAction":[{"@type":"ReadAction","target":["https:\/\/abcformation1986.fr\/diplomes-et-tests-2\/"]}]},{"@type":"BreadcrumbList","@id":"https:\/\/abcformation1986.fr\/diplomes-et-tests-2\/#breadcrumb","itemListElement":[{"@type":"ListItem","position":1,"name":"Home","item":"https:\/\/abcformation1986.fr\/en\/"},{"@type":"ListItem","position":2,"name":"Dipl\u00f4mes et tests"}]},{"@type":"WebSite","@id":"https:\/\/abcformation1986.fr\/en\/#website","url":"https:\/\/abcformation1986.fr\/en\/","name":"Centre de Formation ABC Franconville | FLE | TEF","description":"Acteur historique de  la formation, de l\u2019insertion et de la  reconversion professionnelle depuis 1986","publisher":{"@id":"https:\/\/abcformation1986.fr\/en\/#organization"},"potentialAction":[{"@type":"SearchAction","target":{"@type":"EntryPoint","urlTemplate":"https:\/\/abcformation1986.fr\/en\/?s={search_term_string}"},"query-input":{"@type":"PropertyValueSpecification","valueRequired":true,"valueName":"search_term_string"}}],"inLanguage":"ar"},{"@type":"Organization","@id":"https:\/\/abcformation1986.fr\/en\/#organization","name":"ABCFORMATION","url":"https:\/\/abcformation1986.fr\/en\/","logo":{"@type":"ImageObject","inLanguage":"ar","@id":"https:\/\/abcformation1986.fr\/en\/#\/schema\/logo\/image\/","url":"https:\/\/abcformation1986.fr\/wp-content\/uploads\/2018\/11\/abclogo.png","contentUrl":"https:\/\/abcformation1986.fr\/wp-content\/uploads\/2018\/11\/abclogo.png","width":134,"height":82,"caption":"ABCFORMATION"},"image":{"@id":"https:\/\/abcformation1986.fr\/en\/#\/schema\/logo\/image\/"},"sameAs":["http:\/\/@abcformation","https:\/\/x.com\/abc_formation","http:\/\/abcformation1986"]}]}},"uagb_featured_image_src":{"full":false,"thumbnail":false,"medium":false,"medium_large":false,"large":false,"1536x1536":false,"2048x2048":false,"trp-custom-language-flag":false,"hala-full":false,"hala-medium":false,"hala-small":false,"hala-team":false,"hala-thumb":false,"woocommerce_thumbnail":false,"woocommerce_single":false,"woocommerce_gallery_thumbnail":false},"uagb_author_info":{"display_name":"abc formation","author_link":"https:\/\/abcformation1986.fr\/ar\/author\/abcformation\/"},"uagb_comment_info":0,"uagb_excerpt":null,"jetpack_sharing_enabled":true,"_links":{"self":[{"href":"https:\/\/abcformation1986.fr\/ar\/wp-json\/wp\/v2\/pages\/4033","targetHints":{"allow":["GET"]}}],"collection":[{"href":"https:\/\/abcformation1986.fr\/ar\/wp-json\/wp\/v2\/pages"}],"about":[{"href":"https:\/\/abcformation1986.fr\/ar\/wp-json\/wp\/v2\/types\/page"}],"author":[{"embeddable":true,"href":"https:\/\/abcformation1986.fr\/ar\/wp-json\/wp\/v2\/users\/2"}],"replies":[{"embeddable":true,"href":"https:\/\/abcformation1986.fr\/ar\/wp-json\/wp\/v2\/comments?post=4033"}],"version-history":[{"count":4,"href":"https:\/\/abcformation1986.fr\/ar\/wp-json\/wp\/v2\/pages\/4033\/revisions"}],"predecessor-version":[{"id":10354,"href":"https:\/\/abcformation1986.fr\/ar\/wp-json\/wp\/v2\/pages\/4033\/revisions\/10354"}],"wp:attachment":[{"href":"https:\/\/abcformation1986.fr\/ar\/wp-json\/wp\/v2\/media?parent=4033"}],"curies":[{"name":"wp","href":"https:\/\/api.w.org\/{rel}","templated":true}]}}