{"id":3425,"date":"2021-04-09T08:21:28","date_gmt":"2021-04-09T08:21:28","guid":{"rendered":"https:\/\/abcformation1986.fr\/?page_id=3425"},"modified":"2025-03-12T09:57:31","modified_gmt":"2025-03-12T09:57:31","slug":"se-preparer-au-tef","status":"publish","type":"page","link":"https:\/\/abcformation1986.fr\/ar\/se-preparer-au-tef\/","title":{"rendered":"\u0627\u0644\u0627\u0633\u062a\u0639\u062f\u0627\u062f \u0644\u0640 TEF"},"content":{"rendered":"<div class=\"vc_row wpb_row vc_row-fluid\">\n\t\t\t\t<div class=\"mo-vc-row-ovelay\" style=\"\"><\/div>\n\t\t\t\t<div class=\"container\"><div class=\"wpb_column vc_column_container vc_col-sm-8\"><div class=\"vc_column-inner\"><div class=\"wpb_wrapper\">\n\t<div class=\"wpb_text_column wpb_content_element\" >\n\t\t<div class=\"wpb_wrapper\">\n\t\t\t<div class=\"titre\">\n<h1 style=\"text-align: center;\"><span style=\"color: #33cccc;\">\u0627\u0644\u0627\u0633\u062a\u0639\u062f\u0627\u062f \u0644\u0640 TEF<\/span><\/h1>\n<\/div>\n<p>\u0627\u0644\u0627\u0639\u062f\u0627\u062f \u0644\u0644\u00a0<a href=\"https:\/\/www.lefrancaisdesaffaires.fr\/tests-diplomes\/test-evaluation-francais-tef\/\">TEF,<\/a><strong>\u00a0\u0644\u0644\u062a\u062d\u0636\u064a\u0631 \u0644\u0640 TEF\u060c<\/strong>\u00a0:<\/p>\n<h3><strong><span style=\"color: #33cccc;\">\u062f\u0631\u0628 \u0646\u0641\u0633\u0643 \u0645\u0639 \u062f\u0631\u0648\u0633 \u0627\u0644\u0644\u063a\u0629 \u0627\u0644\u0641\u0631\u0646\u0633\u064a\u0629<\/span><\/strong><\/h3>\n<p>\u0633\u064a\u0633\u0627\u0639\u062f\u0643 \u0623\u064a \u062a\u062f\u0631\u064a\u0628 \u0639\u0627\u0644\u064a \u0627\u0644\u062c\u0648\u062f\u0629 \u0641\u064a \u0627\u0644\u0644\u063a\u0629 \u0627\u0644\u0641\u0631\u0646\u0633\u064a\u0629 \u0639\u0644\u0649 \u062a\u062d\u0633\u064a\u0646 \u0645\u0647\u0627\u0631\u0627\u062a\u0643 \u0648\u0627\u0644\u062d\u0635\u0648\u0644 \u0639\u0644\u0649 \u062f\u0631\u062c\u0629 \u0623\u0641\u0636\u0644 \u0641\u064a TEF. \u0648\u0644\u0647\u0630\u0627 \u0646\u0646\u0635\u062d\u0643 \u0628\u0627\u0644\u062a\u0648\u0627\u0635\u0644 \u0645\u0639\u0646\u0627 \u0644\u0646\u0642\u062f\u0645 \u0644\u0643 \u062f\u0631\u0648\u0633 \u0627\u0644\u0644\u063a\u0629 \u0627\u0644\u0641\u0631\u0646\u0633\u064a\u0629.<\/p>\n<h3><\/h3>\n<h3><span style=\"color: #33cccc;\">\u062a\u062f\u0631\u0628 \u0639\u0644\u0649 \u0627\u0644\u0625\u0646\u062a\u0631\u0646\u062a<\/span><\/h3>\n<ul>\n<li>\u062a\u0641\u062d\u0635 \u0627\u0644\u00a0<a href=\"https:\/\/www.lefrancaisdesaffaires.fr\/tests-diplomes\/se-preparer\/tutoriels-tef\/\">\u062f\u0631\u0648\u0633<\/a>\u00a0\u0645\u0645\u0627 \u064a\u0633\u0645\u062d \u0644\u0643 \u0628\u0627\u0644\u062a\u0639\u0631\u0641 \u0639\u0644\u0649 \u0627\u062e\u062a\u0628\u0627\u0631\u0627\u062a \u0627\u0633\u062a\u064a\u0639\u0627\u0628 \u0627\u0644\u0627\u0633\u062a\u0645\u0627\u0639 \u0648\u0627\u0644\u062a\u062d\u062f\u062b \u0641\u064a TEF.<\/li>\n<li>\u0633\u062c\u0644 \u0641\u064a\u00a0<strong>\u0647\u0646\u0627\u0643<\/strong>\u00a0<strong>\u0627\u0644\u062a\u062d\u0636\u064a\u0631 \u0639\u0628\u0631 \u0627\u0644\u0625\u0646\u062a\u0631\u0646\u062a<\/strong>\u00a0\u0639\u0631\u0636\u062a \u0628\u0627\u0644\u0634\u0631\u0627\u0643\u0629 \u0645\u0639\u00a0<a href=\"https:\/\/www.lefrancaisdesaffaires.fr\/tests-diplomes\/outils-preparation-tef\/prepmyfuture\/\">Prepmyfuture<\/a>.<\/li>\n<li>\u062a\u0639\u0631\u0641 \u0639\u0644\u0649 \u0634\u0643\u0644 \u0627\u0644\u0627\u062e\u062a\u0628\u0627\u0631 \u0645\u0639\u00a0<strong>\u0627\u0644<\/strong>\u00a0<strong>\u0623\u0645\u062b\u0644\u0629 \u0639\u0644\u0649 \u0627\u0644\u0627\u062e\u062a\u0628\u0627\u0631\u0627\u062a<\/strong>\u00a0\u0645\u062a\u0648\u0641\u0631 \u0641\u064a \u0647\u0630\u0627 \u0627\u0644\u0642\u0633\u0645.<\/li>\n<li>\u064a\u0646\u0636\u0645\u00a0<strong>\u0645\u0644\u0643\u0646\u0627<\/strong>\u00a0<strong>\u0645\u062c\u0645\u0648\u0639\u0629 \u0627\u0644\u0641\u064a\u0633\u0628\u0648\u0643<\/strong>\u00a0<a href=\"https:\/\/www.facebook.com\/groups\/700451513803915\/\" target=\"_blank\" rel=\"noopener noreferrer\">\u0643\u064a\u0641\u064a\u0629 \u0627\u0644\u0627\u0633\u062a\u0639\u062f\u0627\u062f \u0644\u0627\u0645\u062a\u062d\u0627\u0646 TEF \u2013 \u0627\u0644\u0631\u0633\u0645\u064a.<\/a><\/li>\n<li>\u0628\u0641\u0636\u0644\u00a0<strong>\u062a\u0637\u0628\u064a\u0642 \u0627\u0644\u0647\u0627\u062a\u0641 \u0627\u0644\u0645\u062d\u0645\u0648\u0644<\/strong><a href=\"https:\/\/www.lefrancaisdesaffaires.fr\/tests-diplomes\/se-preparer\/francais-3-0\/\">\u00a0fran\u00e7ais 3.0<\/a>\u060c \u0645\u0645\u0627\u0631\u0633\u0629 \u0627\u062e\u062a\u0628\u0627\u0631\u0627\u062a \u0627\u0644\u062a\u0642\u064a\u064a\u0645 \u0627\u0644\u0641\u0631\u0646\u0633\u064a\u0629 \u0627\u0644\u0645\u062e\u062a\u0644\u0641\u0629.<\/li>\n<\/ul>\n<h2><\/h2>\n<h3><span style=\"color: #33cccc;\">\u0627\u062a\u0628\u0639 \u0646\u0635\u064a\u062d\u0629 \u0631\u062c\u0627\u0644 \u0627\u0644\u0623\u0639\u0645\u0627\u0644 \u0627\u0644\u0641\u0631\u0646\u0633\u064a\u064a\u0646<\/span><\/h3>\n<p class=\"titre-single\">\u0645\u062f\u064a\u0631\u064a\u0646\u0627 \u0627\u0644\u062a\u0631\u0628\u0648\u064a\u064a\u0646 \u064a\u0634\u0627\u0631\u0643\u0648\u0646\u0643\u00a0<strong>\u0627\u0644\u062a\u0627\u0628\u0639<\/strong>\u00a0<strong>\u0646\u0635\u0627\u0626\u062d \u0648\u062d\u064a\u0644 \u0644\u0644\u062a\u062d\u0636\u064a\u0631 \u0644\u0644\u0627\u0645\u062a\u062d\u0627\u0646<\/strong>\u00a0:<\/p>\n<p class=\"titre-single\">\u2013\u00a0<span style=\"color: #008080;\"><a style=\"color: #008080;\" href=\"https:\/\/www.lefrancaisdesaffaires.fr\/le-fait-divers-preparer-la-section-a-de-lexpression-ecrite-du-tef\/\" target=\"_blank\" rel=\"noopener noreferrer\">\u062e\u0628\u0631: \u0625\u0639\u062f\u0627\u062f \u0627\u0644\u0642\u0633\u0645 \u0623 \u0645\u0646 \u0627\u0644\u062a\u0639\u0628\u064a\u0631 \u0627\u0644\u0643\u062a\u0627\u0628\u064a \u0644\u0640 TEF<\/a><\/span><br \/>\n<span style=\"color: #008080;\">\u2013\u00a0<a style=\"color: #008080;\" href=\"https:\/\/www.lefrancaisdesaffaires.fr\/largumentation-preparer-la-section-b-de-lexpression-ecrite-du-tef\/\" target=\"_blank\" rel=\"noopener noreferrer\">\u0627\u0644\u062d\u062c\u0629: \u0625\u0639\u062f\u0627\u062f \u0627\u0644\u0642\u0633\u0645 \u0628 \u0645\u0646 \u0627\u0644\u062a\u0639\u0628\u064a\u0631 \u0627\u0644\u0643\u062a\u0627\u0628\u064a \u0644\u0640 TEF<\/a><\/span><br \/>\n<span style=\"color: #008080;\">\u2013\u00a0<a class=\"flex-liens\" style=\"color: #008080;\" href=\"https:\/\/www.lefrancaisdesaffaires.fr\/se-preparer-a-lepreuve-dexpression-orale-du-tef\/\" target=\"_blank\" rel=\"noopener noreferrer\">\u0627\u0644\u062a\u062d\u0636\u064a\u0631 \u0644\u0627\u062e\u062a\u0628\u0627\u0631 \u0627\u0644\u062a\u0639\u0628\u064a\u0631 \u0627\u0644\u0634\u0641\u0647\u064a TEF<\/a><\/span><br \/>\n<span style=\"color: #008080;\">\u2013\u00a0<a style=\"color: #008080;\" href=\"https:\/\/www.lefrancaisdesaffaires.fr\/se-preparer-a-lepreuve-de-comprehension-ecrite-du-tef\/\" target=\"_blank\" rel=\"noopener noreferrer\">\u0627\u0644\u0627\u0633\u062a\u0639\u062f\u0627\u062f \u0644\u0627\u062e\u062a\u0628\u0627\u0631 \u0627\u0644\u0641\u0647\u0645 \u0627\u0644\u0643\u062a\u0627\u0628\u064a TEF<\/a><\/span><br \/>\n<span style=\"color: #008080;\">\u2013\u00a0<a style=\"color: #008080;\" href=\"https:\/\/www.lefrancaisdesaffaires.fr\/se-preparer-a-lepreuve-de-comprehension-ecrite-du-tef\/\" target=\"_blank\" rel=\"noopener noreferrer\">\u0627\u0644\u062a\u062d\u0636\u064a\u0631 \u0644\u0627\u062e\u062a\u0628\u0627\u0631 \u0627\u0644\u0641\u0647\u0645 \u0627\u0644\u0634\u0641\u0647\u064a TEF<\/a><\/span><br \/>\n<span style=\"color: #008080;\">\u2013\u00a0<a style=\"color: #008080;\" href=\"https:\/\/www.lefrancaisdesaffaires.fr\/se-preparer-a-lepreuve-de-lexique-et-structure-du-tef\/\" target=\"_blank\" rel=\"noopener noreferrer\">\u0627\u0644\u062a\u062d\u0636\u064a\u0631 \u0644\u0627\u062e\u062a\u0628\u0627\u0631 \u0645\u0639\u062c\u0645 TEF \u0648\u0627\u062e\u062a\u0628\u0627\u0631 \u0627\u0644\u0628\u0646\u064a\u0629<\/a><\/span><\/p>\n<p>\u064a\u0645\u0643\u0646\u0643 \u0623\u064a\u0636\u064b\u0627 \u0645\u0634\u0627\u0647\u062f\u0629 \u0627\u0644\u0625\u0639\u0627\u062f\u0629<span style=\"color: #008080;\">\u00a0<a style=\"color: #008080;\" href=\"https:\/\/www.lefrancaisdesaffaires.fr\/tests-diplomes\/outils-preparation-tef\/ateliers\/\">\u0648\u0631\u0634 \u0639\u0645\u0644\u0646\u0627 \u0627\u0644\u062a\u062d\u0636\u064a\u0631\u064a\u0629 \u0644\u0627\u0645\u062a\u062d\u0627\u0646\u0627\u062a TEF<\/a>.<\/span><\/p>\n<p>&nbsp;<\/p>\n<h3>\u062a\u062f\u0631\u064a\u0628 \u0645\u0639 \u0623\u0639\u0645\u0627\u0644 \u0627\u0644\u062a\u062d\u0636\u064a\u0631<\/h3>\n<p>\u062a\u0633\u062a\u0637\u064a\u0639 \u0627\u064a\u0636\u0627 \u0627\u0633\u062a\u062e\u0630\u0627\u0645\u00a0<strong>\u0643\u062a\u0628 \u0627\u0644\u062a\u062f\u0631\u064a\u0628<\/strong>\u00a0\u0644\u0627\u062e\u062a\u0628\u0627\u0631\u0627\u062a TEF\u060c \u0627\u0644\u062a\u064a \u0646\u0634\u0631\u062a\u0647\u0627 Hachette FLE \u0648Cl\u00e9 International:<\/p>\n<ul>\n<li>\u0627\u062e\u062a\u0628\u0627\u0631 \u0627\u0644\u062a\u0642\u064a\u064a\u0645 \u0627\u0644\u0641\u0631\u0646\u0633\u064a<br \/>\n\u0627\u0644\u0645\u062c\u0645\u0648\u0639\u0629: \u0627\u0644\u0646\u062c\u0627\u062d \u0627\u0644\u0645\u0648\u0636\u0648\u0639\u064a<br \/>\n\u0627\u0644\u0646\u0627\u0634\u0631: Hachette livre \u2013 \u0627\u0644\u0641\u0631\u0646\u0633\u064a\u0629 \u0643\u0644\u063a\u0629 \u0623\u062c\u0646\u0628\u064a\u0629<br \/>\nISBN : 2.01.15.5166-8<br \/>\n\u062a\u0627\u0631\u064a\u062e \u0627\u0644\u0646\u0634\u0631: 2001<\/li>\n<li>TEF (\u0627\u062e\u062a\u0628\u0627\u0631 \u0627\u0644\u062a\u0642\u064a\u064a\u0645 \u0627\u0644\u0641\u0631\u0646\u0633\u064a) \u2013 250 \u0646\u0634\u0627\u0637\u064b\u0627<br \/>\n\u0627\u0644\u0646\u0627\u0634\u0631: CLE \u0627\u0644\u062f\u0648\u0644\u064a\u0629<br \/>\nISBN : 209-033348-0 (livre) et 209-032316-7 (CD audio)<br \/>\n\u062a\u0627\u0631\u064a\u062e \u0627\u0644\u0646\u0634\u0631: 2006<\/li>\n<\/ul>\n<p>\u064a\u0631\u062c\u0649 \u0645\u0644\u0627\u062d\u0638\u0629: \u0644\u0642\u062f \u062e\u0636\u0639\u062a \u0627\u062e\u062a\u0628\u0627\u0631\u0627\u062a TEF \u0644\u062a\u063a\u064a\u064a\u0631\u0627\u062a \u0645\u0646\u0630 \u062a\u0627\u0631\u064a\u062e \u0646\u0634\u0631 \u0647\u0630\u064a\u0646 \u0627\u0644\u0639\u0645\u0644\u064a\u0646.<\/p>\n<ul>\n<li><a href=\"https:\/\/www.cle-international.com\/adolescents\/abc-tefaq-livre-audio-en-ligne-9782090382464.html\">ABC TEFAQ<\/a><br \/>\n\u0627\u0644\u0646\u0627\u0634\u0631: CLE \u0627\u0644\u062f\u0648\u0644\u064a\u0629<br \/>\nISBN : 978-2-09-038246-4<br \/>\n\u062a\u0627\u0631\u064a\u062e \u0625\u0639\u0627\u062f\u0629 \u0627\u0644\u0625\u0635\u062f\u0627\u0631: 2019<\/li>\n<\/ul>\n\n\t\t<\/div>\n\t<\/div>\n<\/div><\/div><\/div><div class=\"wpb_column vc_column_container vc_col-sm-4\"><div class=\"vc_column-inner\"><div class=\"wpb_wrapper\">\n\t<div class=\"wpb_text_column wpb_content_element\" >\n\t\t<div class=\"wpb_wrapper\">\n\t\t\t<h1 style=\"text-align: center;\"><span style=\"color: #33cccc;\">\u0623\u0645\u062b\u0644\u0629 \u0639\u0644\u0649 \u0627\u0644\u0627\u062e\u062a\u0628\u0627\u0631\u0627\u062a<\/span><\/h1>\n<h3 style=\"text-align: center;\"><a class=\"flex-liens\" href=\"https:\/\/www.lefrancaisdesaffaires.fr\/wp-content\/uploads\/2016\/03\/Feuillet-CE.pdf\" target=\"_blank\" rel=\"noopener noreferrer\"><i class=\"fa fa-external-link\"><\/i>\u0627\u0644\u0641\u0647\u0645 \u0627\u0644\u0643\u062a\u0627\u0628\u064a<\/a><\/h3>\n<h3 style=\"text-align: center;\"><a class=\"flex-liens\" href=\"https:\/\/www.lefrancaisdesaffaires.fr\/wp-content\/uploads\/fichiers-clf\/Feuillet_CO_V_Audio_Internet.pdf\" target=\"_blank\" rel=\"noopener noreferrer\"><i class=\"fa fa-external-link\"><\/i>\u0627\u0644\u0641\u0647\u0645 \u0639\u0646 \u0637\u0631\u064a\u0642 \u0627\u0644\u0641\u0645<\/a><\/h3>\n<h3 style=\"text-align: center;\"><a class=\"flex-liens\" href=\"https:\/\/www.lefrancaisdesaffaires.fr\/wp-content\/uploads\/2016\/03\/Sujets-EE.pdf\" target=\"_blank\" rel=\"noopener noreferrer\"><i class=\"fa fa-external-link\"><\/i>\u062a\u0639\u0628\u064a\u0631 \u0643\u062a\u0627\u0628\u064a<\/a><\/h3>\n<h3 style=\"text-align: center;\"><a class=\"flex-liens\" href=\"https:\/\/www.lefrancaisdesaffaires.fr\/wp-content\/uploads\/2016\/03\/Sujets-EO.pdf\" target=\"_blank\" rel=\"noopener noreferrer\"><i class=\"fa fa-external-link\"><\/i>\u062a\u0639\u0628\u064a\u0631 \u0634\u0641\u0647\u064a<\/a><\/h3>\n<h3 style=\"text-align: center;\"><a class=\"flex-liens\" href=\"https:\/\/www.lefrancaisdesaffaires.fr\/wp-content\/uploads\/2016\/03\/Feuillet-LS.pdf\" target=\"_blank\" rel=\"noopener noreferrer\"><i class=\"fa fa-external-link\"><\/i>\u0627\u0644\u0645\u0633\u0631\u062f \u0648\u0627\u0644\u0647\u064a\u0643\u0644<\/a><\/h3>\n<h3 style=\"text-align: center;\"><a class=\"flex-liens\" href=\"https:\/\/www.lefrancaisdesaffaires.fr\/wp-content\/uploads\/2016\/03\/Bandes-son-MP3-tlchargeables.zip\" target=\"_blank\" rel=\"noopener noreferrer\"><i class=\"fa fa-external-link\"><\/i>\u0645\u0642\u0627\u0637\u0639 \u0635\u0648\u062a\u064a\u0629 \u0642\u0627\u0628\u0644\u0629 \u0644\u0644\u062a\u0646\u0632\u064a\u0644 (\u0628\u062a\u0646\u0633\u064a\u0642 \u0645\u0636\u063a\u0648\u0637)<\/a><\/h3>\n\n\t\t<\/div>\n\t<\/div>\n<div class=\"vc_separator wpb_content_element vc_separator_align_center vc_sep_width_100 vc_sep_pos_align_center vc_separator_no_text vc_sep_color_grey\" ><span class=\"vc_sep_holder vc_sep_holder_l\"><span  class=\"vc_sep_line\"><\/span><\/span><span class=\"vc_sep_holder vc_sep_holder_r\"><span  class=\"vc_sep_line\"><\/span><\/span>\n<\/div><div class=\"vc_btn3-container vc_btn3-center\" >\n\t<a class=\"vc_general vc_btn3 vc_btn3-size-lg vc_btn3-shape-square vc_btn3-style-3d vc_btn3-block vc_btn3-color-turquoise\" href=\"https:\/\/www.lefrancaisdesaffaires.fr\/tests-diplomes\/se-preparer\/tutoriels-tef\/\" title=\"\">\u062f\u0631\u0648\u0633 <\/a><\/div>\n<div class=\"vc_btn3-container vc_btn3-center\" >\n\t<a class=\"vc_general vc_btn3 vc_btn3-size-lg vc_btn3-shape-square vc_btn3-style-3d vc_btn3-block vc_btn3-color-turquoise\" href=\"https:\/\/www.lefrancaisdesaffaires.fr\/tests-diplomes\/outils-preparation-tef\/ateliers\/\" title=\"\">\u0648\u0631\u0634 \u062a\u062d\u0636\u064a\u0631\u064a\u0629<\/a><\/div>\n<div class=\"vc_btn3-container vc_btn3-center\" >\n\t<a class=\"vc_general vc_btn3 vc_btn3-size-lg vc_btn3-shape-square vc_btn3-style-3d vc_btn3-block vc_btn3-color-turquoise\" href=\"https:\/\/www.lefrancaisdesaffaires.fr\/tests-diplomes\/outils-preparation-tef\/prepmyfuture\/\" title=\"\">\u062a\u062d\u0636\u064a\u0631 Prepmytef \u0639\u0628\u0631 \u0627\u0644\u0625\u0646\u062a\u0631\u0646\u062a<\/a><\/div>\n<div class=\"vc_btn3-container vc_btn3-center\" >\n\t<a class=\"vc_general vc_btn3 vc_btn3-size-lg vc_btn3-shape-square vc_btn3-style-3d vc_btn3-block vc_btn3-color-turquoise\" href=\"https:\/\/www.facebook.com\/groups\/700451513803915\/\" title=\"\">\u0645\u062c\u0645\u0648\u0639\u0629 \u0627\u0644\u0641\u064a\u0633\u0628\u0648\u0643<\/a><\/div>\n<div class=\"vc_separator wpb_content_element vc_separator_align_center vc_sep_width_100 vc_sep_pos_align_center vc_separator_no_text vc_sep_color_grey\" ><span class=\"vc_sep_holder vc_sep_holder_l\"><span  class=\"vc_sep_line\"><\/span><\/span><span class=\"vc_sep_holder vc_sep_holder_r\"><span  class=\"vc_sep_line\"><\/span><\/span>\n<\/div><\/div><\/div><\/div>\t<\/div>\n\t\t\t<\/div>","protected":false},"excerpt":{"rendered":"SE PR\u00c9PARER AU TEF Pour se pr\u00e9parer au\u00a0TEF,\u00a0plusieurs possibilit\u00e9s s\u2019offrent \u00e0 vous\u00a0: Se former avec des cours de fran\u00e7ais Toute formation de qualit\u00e9 en langue fran\u00e7aise vous aidera \u00e0 am\u00e9liorer vos comp\u00e9tences et \u00e0 obtenir un meilleur score au TEF. \u00c0 cet effet, nous vous conseillons de nous contacter pour vous \u00a0proposer des cours de [...]","protected":false},"author":2,"featured_media":0,"parent":0,"menu_order":0,"comment_status":"closed","ping_status":"closed","template":"","meta":{"_uag_custom_page_level_css":"","footnotes":""},"class_list":["post-3425","page","type-page","status-publish","hentry"],"yoast_head":"<!-- This site is optimized with the Yoast SEO plugin v25.2 - https:\/\/yoast.com\/wordpress\/plugins\/seo\/ -->\n<title>SE PR\u00c9PARER AU TEF - Centre de Formation ABC Franconville | FLE | TEF<\/title>\n<meta name=\"robots\" content=\"index, follow, max-snippet:-1, max-image-preview:large, max-video-preview:-1\" \/>\n<link rel=\"canonical\" href=\"http:\/\/abcformation1986.fr\/ar\/se-preparer-au-tef\/\" \/>\n<meta property=\"og:locale\" content=\"ar_AR\" \/>\n<meta property=\"og:type\" content=\"article\" \/>\n<meta property=\"og:title\" content=\"SE PR\u00c9PARER AU TEF - Centre de Formation ABC Franconville | FLE | TEF\" \/>\n<meta property=\"og:url\" content=\"http:\/\/abcformation1986.fr\/ar\/se-preparer-au-tef\/\" \/>\n<meta property=\"og:site_name\" content=\"Centre de Formation ABC Franconville | FLE | TEF\" \/>\n<meta property=\"article:publisher\" content=\"http:\/\/@abcformation\" \/>\n<meta property=\"article:modified_time\" content=\"2025-03-12T09:57:31+00:00\" \/>\n<meta name=\"twitter:card\" content=\"summary_large_image\" \/>\n<meta name=\"twitter:site\" content=\"@abc_formation\" \/>\n<meta name=\"twitter:label1\" content=\"\u0648\u0642\u062a \u0627\u0644\u0642\u0631\u0627\u0621\u0629 \u0627\u0644\u0645\u064f\u0642\u062f\u0651\u0631\" \/>\n\t<meta name=\"twitter:data1\" content=\"\u062f\u0642\u064a\u0642\u062a\u0627\u0646\" \/>\n<script type=\"application\/ld+json\" class=\"yoast-schema-graph\">{\"@context\":\"https:\/\/schema.org\",\"@graph\":[{\"@type\":\"WebPage\",\"@id\":\"http:\/\/abcformation1986.fr\/ar\/se-preparer-au-tef\/\",\"url\":\"http:\/\/abcformation1986.fr\/ar\/se-preparer-au-tef\/\",\"name\":\"SE PR\u00c9PARER AU TEF - Centre de Formation ABC Franconville | FLE | TEF\",\"isPartOf\":{\"@id\":\"https:\/\/abcformation1986.fr\/en\/#website\"},\"datePublished\":\"2021-04-09T08:21:28+00:00\",\"dateModified\":\"2025-03-12T09:57:31+00:00\",\"breadcrumb\":{\"@id\":\"http:\/\/abcformation1986.fr\/ar\/se-preparer-au-tef\/#breadcrumb\"},\"inLanguage\":\"ar\",\"potentialAction\":[{\"@type\":\"ReadAction\",\"target\":[\"http:\/\/abcformation1986.fr\/ar\/se-preparer-au-tef\/\"]}]},{\"@type\":\"BreadcrumbList\",\"@id\":\"http:\/\/abcformation1986.fr\/ar\/se-preparer-au-tef\/#breadcrumb\",\"itemListElement\":[{\"@type\":\"ListItem\",\"position\":1,\"name\":\"Home\",\"item\":\"https:\/\/abcformation1986.fr\/en\/\"},{\"@type\":\"ListItem\",\"position\":2,\"name\":\"SE PR\u00c9PARER AU TEF\"}]},{\"@type\":\"WebSite\",\"@id\":\"https:\/\/abcformation1986.fr\/en\/#website\",\"url\":\"https:\/\/abcformation1986.fr\/en\/\",\"name\":\"Centre de Formation ABC Franconville | FLE | TEF\",\"description\":\"Acteur historique de  la formation, de l\u2019insertion et de la  reconversion professionnelle depuis 1986\",\"publisher\":{\"@id\":\"https:\/\/abcformation1986.fr\/en\/#organization\"},\"potentialAction\":[{\"@type\":\"SearchAction\",\"target\":{\"@type\":\"EntryPoint\",\"urlTemplate\":\"https:\/\/abcformation1986.fr\/en\/?s={search_term_string}\"},\"query-input\":{\"@type\":\"PropertyValueSpecification\",\"valueRequired\":true,\"valueName\":\"search_term_string\"}}],\"inLanguage\":\"ar\"},{\"@type\":\"Organization\",\"@id\":\"https:\/\/abcformation1986.fr\/en\/#organization\",\"name\":\"ABCFORMATION\",\"url\":\"https:\/\/abcformation1986.fr\/en\/\",\"logo\":{\"@type\":\"ImageObject\",\"inLanguage\":\"ar\",\"@id\":\"https:\/\/abcformation1986.fr\/en\/#\/schema\/logo\/image\/\",\"url\":\"https:\/\/abcformation1986.fr\/wp-content\/uploads\/2018\/11\/abclogo.png\",\"contentUrl\":\"https:\/\/abcformation1986.fr\/wp-content\/uploads\/2018\/11\/abclogo.png\",\"width\":134,\"height\":82,\"caption\":\"ABCFORMATION\"},\"image\":{\"@id\":\"https:\/\/abcformation1986.fr\/en\/#\/schema\/logo\/image\/\"},\"sameAs\":[\"http:\/\/@abcformation\",\"https:\/\/x.com\/abc_formation\",\"http:\/\/abcformation1986\"]}]}<\/script>\n<!-- \/ Yoast SEO plugin. -->","yoast_head_json":{"title":"SE PR\u00c9PARER AU TEF - Centre de Formation ABC Franconville | FLE | TEF","robots":{"index":"index","follow":"follow","max-snippet":"max-snippet:-1","max-image-preview":"max-image-preview:large","max-video-preview":"max-video-preview:-1"},"canonical":"http:\/\/abcformation1986.fr\/ar\/se-preparer-au-tef\/","og_locale":"ar_AR","og_type":"article","og_title":"SE PR\u00c9PARER AU TEF - Centre de Formation ABC Franconville | FLE | TEF","og_url":"http:\/\/abcformation1986.fr\/ar\/se-preparer-au-tef\/","og_site_name":"Centre de Formation ABC Franconville | FLE | TEF","article_publisher":"http:\/\/@abcformation","article_modified_time":"2025-03-12T09:57:31+00:00","twitter_card":"summary_large_image","twitter_site":"@abc_formation","twitter_misc":{"\u0648\u0642\u062a \u0627\u0644\u0642\u0631\u0627\u0621\u0629 \u0627\u0644\u0645\u064f\u0642\u062f\u0651\u0631":"\u062f\u0642\u064a\u0642\u062a\u0627\u0646"},"schema":{"@context":"https:\/\/schema.org","@graph":[{"@type":"WebPage","@id":"http:\/\/abcformation1986.fr\/ar\/se-preparer-au-tef\/","url":"http:\/\/abcformation1986.fr\/ar\/se-preparer-au-tef\/","name":"SE PR\u00c9PARER AU TEF - Centre de Formation ABC Franconville | FLE | TEF","isPartOf":{"@id":"https:\/\/abcformation1986.fr\/en\/#website"},"datePublished":"2021-04-09T08:21:28+00:00","dateModified":"2025-03-12T09:57:31+00:00","breadcrumb":{"@id":"http:\/\/abcformation1986.fr\/ar\/se-preparer-au-tef\/#breadcrumb"},"inLanguage":"ar","potentialAction":[{"@type":"ReadAction","target":["http:\/\/abcformation1986.fr\/ar\/se-preparer-au-tef\/"]}]},{"@type":"BreadcrumbList","@id":"http:\/\/abcformation1986.fr\/ar\/se-preparer-au-tef\/#breadcrumb","itemListElement":[{"@type":"ListItem","position":1,"name":"Home","item":"https:\/\/abcformation1986.fr\/en\/"},{"@type":"ListItem","position":2,"name":"SE PR\u00c9PARER AU TEF"}]},{"@type":"WebSite","@id":"https:\/\/abcformation1986.fr\/en\/#website","url":"https:\/\/abcformation1986.fr\/en\/","name":"Centre de Formation ABC Franconville | FLE | TEF","description":"Acteur historique de  la formation, de l\u2019insertion et de la  reconversion professionnelle depuis 1986","publisher":{"@id":"https:\/\/abcformation1986.fr\/en\/#organization"},"potentialAction":[{"@type":"SearchAction","target":{"@type":"EntryPoint","urlTemplate":"https:\/\/abcformation1986.fr\/en\/?s={search_term_string}"},"query-input":{"@type":"PropertyValueSpecification","valueRequired":true,"valueName":"search_term_string"}}],"inLanguage":"ar"},{"@type":"Organization","@id":"https:\/\/abcformation1986.fr\/en\/#organization","name":"ABCFORMATION","url":"https:\/\/abcformation1986.fr\/en\/","logo":{"@type":"ImageObject","inLanguage":"ar","@id":"https:\/\/abcformation1986.fr\/en\/#\/schema\/logo\/image\/","url":"https:\/\/abcformation1986.fr\/wp-content\/uploads\/2018\/11\/abclogo.png","contentUrl":"https:\/\/abcformation1986.fr\/wp-content\/uploads\/2018\/11\/abclogo.png","width":134,"height":82,"caption":"ABCFORMATION"},"image":{"@id":"https:\/\/abcformation1986.fr\/en\/#\/schema\/logo\/image\/"},"sameAs":["http:\/\/@abcformation","https:\/\/x.com\/abc_formation","http:\/\/abcformation1986"]}]}},"uagb_featured_image_src":{"full":false,"thumbnail":false,"medium":false,"medium_large":false,"large":false,"1536x1536":false,"2048x2048":false,"trp-custom-language-flag":false,"hala-full":false,"hala-medium":false,"hala-small":false,"hala-team":false,"hala-thumb":false,"woocommerce_thumbnail":false,"woocommerce_single":false,"woocommerce_gallery_thumbnail":false},"uagb_author_info":{"display_name":"abc formation","author_link":"https:\/\/abcformation1986.fr\/ar\/author\/abcformation\/"},"uagb_comment_info":0,"uagb_excerpt":null,"jetpack_sharing_enabled":true,"_links":{"self":[{"href":"https:\/\/abcformation1986.fr\/ar\/wp-json\/wp\/v2\/pages\/3425","targetHints":{"allow":["GET"]}}],"collection":[{"href":"https:\/\/abcformation1986.fr\/ar\/wp-json\/wp\/v2\/pages"}],"about":[{"href":"https:\/\/abcformation1986.fr\/ar\/wp-json\/wp\/v2\/types\/page"}],"author":[{"embeddable":true,"href":"https:\/\/abcformation1986.fr\/ar\/wp-json\/wp\/v2\/users\/2"}],"replies":[{"embeddable":true,"href":"https:\/\/abcformation1986.fr\/ar\/wp-json\/wp\/v2\/comments?post=3425"}],"version-history":[{"count":5,"href":"https:\/\/abcformation1986.fr\/ar\/wp-json\/wp\/v2\/pages\/3425\/revisions"}],"predecessor-version":[{"id":11079,"href":"https:\/\/abcformation1986.fr\/ar\/wp-json\/wp\/v2\/pages\/3425\/revisions\/11079"}],"wp:attachment":[{"href":"https:\/\/abcformation1986.fr\/ar\/wp-json\/wp\/v2\/media?parent=3425"}],"curies":[{"name":"wp","href":"https:\/\/api.w.org\/{rel}","templated":true}]}}