{"id":901,"date":"2018-11-20T11:38:10","date_gmt":"2018-11-20T11:38:10","guid":{"rendered":"http:\/\/abcformation1986.fr\/?page_id=901"},"modified":"2024-07-25T18:25:14","modified_gmt":"2024-07-25T18:25:14","slug":"appel-a-benevoles-formateurs-trices-alpha-fle-adultes-initiation-a-la-bureautique","status":"publish","type":"page","link":"http:\/\/abcformation1986.fr\/en\/appel-a-benevoles-formateurs-trices-alpha-fle-adultes-initiation-a-la-bureautique\/","title":{"rendered":"Appel \u00e0 b\u00e9n\u00e9voles-formateurs-trices alpha\/FLE adultes\/Initiation \u00e0 la bureautique"},"content":{"rendered":"<div class=\"vc_row wpb_row vc_row-fluid\">\n\t\t\t\t<div class=\"mo-vc-row-ovelay\" style=\"\"><\/div>\n\t\t\t\t<div class=\"container\"><div class=\"wpb_column vc_column_container vc_col-sm-12\"><div class=\"vc_column-inner\"><div class=\"wpb_wrapper\">\n\t<div class=\"wpb_text_column wpb_content_element\" >\n\t\t<div class=\"wpb_wrapper\">\n\t\t\t<p><strong>You have free time,<\/strong><\/p>\n<p style=\"text-align: justify;\">You want to be useful and above all to pass on your knowledge. We invite you to join our Association to support visually impaired people in their learning<\/p>\n<p><b>You can become a FLE\/FLI trainer:<\/b><\/p>\n<ul>\n<li>To support our trainers and supervisors in our workshops.<\/li>\n<\/ul>\n<p><strong>You can become an office automation trainer:<\/strong><\/p>\n<p style=\"text-align: justify;\">As part of our mission of digital inclusion of audiences furthest from digital technology, you will be required to train, mainly job seekers:<\/p>\n<ul>\n<li>of office automation and to lead, depending on your availability, one or more introductory workshops on office automation<\/li>\n<li>to Word word processing<\/li>\n<li>in Excel spreadsheet<\/li>\n<\/ul>\n<p style=\"text-align: justify;\">Interested parties should register as soon as possible, please send us an email to the following address\u00a0<strong>abcformation1986@gmail.com<\/strong>\u00a0, they will then be contacted for an appointment.<\/p>\n\n\t\t<\/div>\n\t<\/div>\n<\/div><\/div><\/div>\t<\/div>\n\t\t\t<\/div>","protected":false},"excerpt":{"rendered":"Vous disposez de temps libre, Vous avez envie d\u2019\u00eatre utile et surtout de transmettre vos connaissances. Nous vous proposons de rejoindre notre Association pour accompagner des d\u00e9ficients visuels dans leur apprentissage Vous pouvez devenir formateur(trice) FLE\/FLI: Pour \u00e9pauler nos formateurs et nos encadrants dans nos ateliers. Vous pouvez devenir formateur(trice) de la bureautique : Dans [...]","protected":false},"author":2,"featured_media":0,"parent":0,"menu_order":0,"comment_status":"closed","ping_status":"closed","template":"","meta":{"_uag_custom_page_level_css":"","footnotes":""},"class_list":["post-901","page","type-page","status-publish","hentry"],"yoast_head":"<!-- This site is optimized with the Yoast SEO plugin v25.2 - https:\/\/yoast.com\/wordpress\/plugins\/seo\/ -->\n<title>Appel \u00e0 b\u00e9n\u00e9voles-formateurs-trices alpha\/FLE adultes\/Initiation \u00e0 la bureautique - Centre de Formation ABC Franconville | FLE | TEF<\/title>\n<meta name=\"robots\" content=\"index, follow, max-snippet:-1, max-image-preview:large, max-video-preview:-1\" \/>\n<link rel=\"canonical\" href=\"http:\/\/abcformation1986.fr\/en\/appel-a-benevoles-formateurs-trices-alpha-fle-adultes-initiation-a-la-bureautique\/\" \/>\n<meta property=\"og:locale\" content=\"en_US\" \/>\n<meta property=\"og:type\" content=\"article\" \/>\n<meta property=\"og:title\" content=\"Appel \u00e0 b\u00e9n\u00e9voles-formateurs-trices alpha\/FLE adultes\/Initiation \u00e0 la bureautique - Centre de Formation ABC Franconville | FLE | TEF\" \/>\n<meta property=\"og:url\" content=\"http:\/\/abcformation1986.fr\/en\/appel-a-benevoles-formateurs-trices-alpha-fle-adultes-initiation-a-la-bureautique\/\" \/>\n<meta property=\"og:site_name\" content=\"Centre de Formation ABC Franconville | FLE | TEF\" \/>\n<meta property=\"article:publisher\" content=\"http:\/\/@abcformation\" \/>\n<meta property=\"article:modified_time\" content=\"2024-07-25T18:25:14+00:00\" \/>\n<meta name=\"twitter:card\" content=\"summary_large_image\" \/>\n<meta name=\"twitter:site\" content=\"@abc_formation\" \/>\n<meta name=\"twitter:label1\" content=\"Est. reading time\" \/>\n\t<meta name=\"twitter:data1\" content=\"1 minute\" \/>\n<script type=\"application\/ld+json\" class=\"yoast-schema-graph\">{\"@context\":\"https:\/\/schema.org\",\"@graph\":[{\"@type\":\"WebPage\",\"@id\":\"http:\/\/abcformation1986.fr\/appel-a-benevoles-formateurs-trices-alpha-fle-adultes-initiation-a-la-bureautique\/\",\"url\":\"http:\/\/abcformation1986.fr\/appel-a-benevoles-formateurs-trices-alpha-fle-adultes-initiation-a-la-bureautique\/\",\"name\":\"Appel \u00e0 b\u00e9n\u00e9voles-formateurs-trices alpha\/FLE adultes\/Initiation \u00e0 la bureautique - Centre de Formation ABC Franconville | FLE | TEF\",\"isPartOf\":{\"@id\":\"https:\/\/abcformation1986.fr\/en\/#website\"},\"datePublished\":\"2018-11-20T11:38:10+00:00\",\"dateModified\":\"2024-07-25T18:25:14+00:00\",\"breadcrumb\":{\"@id\":\"http:\/\/abcformation1986.fr\/appel-a-benevoles-formateurs-trices-alpha-fle-adultes-initiation-a-la-bureautique\/#breadcrumb\"},\"inLanguage\":\"en-US\",\"potentialAction\":[{\"@type\":\"ReadAction\",\"target\":[\"http:\/\/abcformation1986.fr\/appel-a-benevoles-formateurs-trices-alpha-fle-adultes-initiation-a-la-bureautique\/\"]}]},{\"@type\":\"BreadcrumbList\",\"@id\":\"http:\/\/abcformation1986.fr\/appel-a-benevoles-formateurs-trices-alpha-fle-adultes-initiation-a-la-bureautique\/#breadcrumb\",\"itemListElement\":[{\"@type\":\"ListItem\",\"position\":1,\"name\":\"Home\",\"item\":\"https:\/\/abcformation1986.fr\/en\/\"},{\"@type\":\"ListItem\",\"position\":2,\"name\":\"Appel \u00e0 b\u00e9n\u00e9voles-formateurs-trices alpha\/FLE adultes\/Initiation \u00e0 la bureautique\"}]},{\"@type\":\"WebSite\",\"@id\":\"https:\/\/abcformation1986.fr\/en\/#website\",\"url\":\"https:\/\/abcformation1986.fr\/en\/\",\"name\":\"Centre de Formation ABC Franconville | FLE | TEF\",\"description\":\"Acteur historique de  la formation, de l\u2019insertion et de la  reconversion professionnelle depuis 1986\",\"publisher\":{\"@id\":\"https:\/\/abcformation1986.fr\/en\/#organization\"},\"potentialAction\":[{\"@type\":\"SearchAction\",\"target\":{\"@type\":\"EntryPoint\",\"urlTemplate\":\"https:\/\/abcformation1986.fr\/en\/?s={search_term_string}\"},\"query-input\":{\"@type\":\"PropertyValueSpecification\",\"valueRequired\":true,\"valueName\":\"search_term_string\"}}],\"inLanguage\":\"en-US\"},{\"@type\":\"Organization\",\"@id\":\"https:\/\/abcformation1986.fr\/en\/#organization\",\"name\":\"ABCFORMATION\",\"url\":\"https:\/\/abcformation1986.fr\/en\/\",\"logo\":{\"@type\":\"ImageObject\",\"inLanguage\":\"en-US\",\"@id\":\"https:\/\/abcformation1986.fr\/en\/#\/schema\/logo\/image\/\",\"url\":\"https:\/\/abcformation1986.fr\/wp-content\/uploads\/2018\/11\/abclogo.png\",\"contentUrl\":\"https:\/\/abcformation1986.fr\/wp-content\/uploads\/2018\/11\/abclogo.png\",\"width\":134,\"height\":82,\"caption\":\"ABCFORMATION\"},\"image\":{\"@id\":\"https:\/\/abcformation1986.fr\/en\/#\/schema\/logo\/image\/\"},\"sameAs\":[\"http:\/\/@abcformation\",\"https:\/\/x.com\/abc_formation\",\"http:\/\/abcformation1986\"]}]}<\/script>\n<!-- \/ Yoast SEO plugin. -->","yoast_head_json":{"title":"Appel \u00e0 b\u00e9n\u00e9voles-formateurs-trices alpha\/FLE adultes\/Initiation \u00e0 la bureautique - Centre de Formation ABC Franconville | FLE | TEF","robots":{"index":"index","follow":"follow","max-snippet":"max-snippet:-1","max-image-preview":"max-image-preview:large","max-video-preview":"max-video-preview:-1"},"canonical":"http:\/\/abcformation1986.fr\/en\/appel-a-benevoles-formateurs-trices-alpha-fle-adultes-initiation-a-la-bureautique\/","og_locale":"en_US","og_type":"article","og_title":"Appel \u00e0 b\u00e9n\u00e9voles-formateurs-trices alpha\/FLE adultes\/Initiation \u00e0 la bureautique - Centre de Formation ABC Franconville | FLE | TEF","og_url":"http:\/\/abcformation1986.fr\/en\/appel-a-benevoles-formateurs-trices-alpha-fle-adultes-initiation-a-la-bureautique\/","og_site_name":"Centre de Formation ABC Franconville | FLE | TEF","article_publisher":"http:\/\/@abcformation","article_modified_time":"2024-07-25T18:25:14+00:00","twitter_card":"summary_large_image","twitter_site":"@abc_formation","twitter_misc":{"Est. reading time":"1 minute"},"schema":{"@context":"https:\/\/schema.org","@graph":[{"@type":"WebPage","@id":"http:\/\/abcformation1986.fr\/appel-a-benevoles-formateurs-trices-alpha-fle-adultes-initiation-a-la-bureautique\/","url":"http:\/\/abcformation1986.fr\/appel-a-benevoles-formateurs-trices-alpha-fle-adultes-initiation-a-la-bureautique\/","name":"Appel \u00e0 b\u00e9n\u00e9voles-formateurs-trices alpha\/FLE adultes\/Initiation \u00e0 la bureautique - Centre de Formation ABC Franconville | FLE | TEF","isPartOf":{"@id":"https:\/\/abcformation1986.fr\/en\/#website"},"datePublished":"2018-11-20T11:38:10+00:00","dateModified":"2024-07-25T18:25:14+00:00","breadcrumb":{"@id":"http:\/\/abcformation1986.fr\/appel-a-benevoles-formateurs-trices-alpha-fle-adultes-initiation-a-la-bureautique\/#breadcrumb"},"inLanguage":"en-US","potentialAction":[{"@type":"ReadAction","target":["http:\/\/abcformation1986.fr\/appel-a-benevoles-formateurs-trices-alpha-fle-adultes-initiation-a-la-bureautique\/"]}]},{"@type":"BreadcrumbList","@id":"http:\/\/abcformation1986.fr\/appel-a-benevoles-formateurs-trices-alpha-fle-adultes-initiation-a-la-bureautique\/#breadcrumb","itemListElement":[{"@type":"ListItem","position":1,"name":"Home","item":"https:\/\/abcformation1986.fr\/en\/"},{"@type":"ListItem","position":2,"name":"Appel \u00e0 b\u00e9n\u00e9voles-formateurs-trices alpha\/FLE adultes\/Initiation \u00e0 la bureautique"}]},{"@type":"WebSite","@id":"https:\/\/abcformation1986.fr\/en\/#website","url":"https:\/\/abcformation1986.fr\/en\/","name":"Centre de Formation ABC Franconville | FLE | TEF","description":"Acteur historique de  la formation, de l\u2019insertion et de la  reconversion professionnelle depuis 1986","publisher":{"@id":"https:\/\/abcformation1986.fr\/en\/#organization"},"potentialAction":[{"@type":"SearchAction","target":{"@type":"EntryPoint","urlTemplate":"https:\/\/abcformation1986.fr\/en\/?s={search_term_string}"},"query-input":{"@type":"PropertyValueSpecification","valueRequired":true,"valueName":"search_term_string"}}],"inLanguage":"en-US"},{"@type":"Organization","@id":"https:\/\/abcformation1986.fr\/en\/#organization","name":"ABCFORMATION","url":"https:\/\/abcformation1986.fr\/en\/","logo":{"@type":"ImageObject","inLanguage":"en-US","@id":"https:\/\/abcformation1986.fr\/en\/#\/schema\/logo\/image\/","url":"https:\/\/abcformation1986.fr\/wp-content\/uploads\/2018\/11\/abclogo.png","contentUrl":"https:\/\/abcformation1986.fr\/wp-content\/uploads\/2018\/11\/abclogo.png","width":134,"height":82,"caption":"ABCFORMATION"},"image":{"@id":"https:\/\/abcformation1986.fr\/en\/#\/schema\/logo\/image\/"},"sameAs":["http:\/\/@abcformation","https:\/\/x.com\/abc_formation","http:\/\/abcformation1986"]}]}},"uagb_featured_image_src":{"full":false,"thumbnail":false,"medium":false,"medium_large":false,"large":false,"1536x1536":false,"2048x2048":false,"trp-custom-language-flag":false,"hala-full":false,"hala-medium":false,"hala-small":false,"hala-team":false,"hala-thumb":false,"woocommerce_thumbnail":false,"woocommerce_single":false,"woocommerce_gallery_thumbnail":false},"uagb_author_info":{"display_name":"abc formation","author_link":"http:\/\/abcformation1986.fr\/en\/author\/abcformation\/"},"uagb_comment_info":0,"uagb_excerpt":null,"jetpack_sharing_enabled":true,"_links":{"self":[{"href":"http:\/\/abcformation1986.fr\/en\/wp-json\/wp\/v2\/pages\/901","targetHints":{"allow":["GET"]}}],"collection":[{"href":"http:\/\/abcformation1986.fr\/en\/wp-json\/wp\/v2\/pages"}],"about":[{"href":"http:\/\/abcformation1986.fr\/en\/wp-json\/wp\/v2\/types\/page"}],"author":[{"embeddable":true,"href":"http:\/\/abcformation1986.fr\/en\/wp-json\/wp\/v2\/users\/2"}],"replies":[{"embeddable":true,"href":"http:\/\/abcformation1986.fr\/en\/wp-json\/wp\/v2\/comments?post=901"}],"version-history":[{"count":1,"href":"http:\/\/abcformation1986.fr\/en\/wp-json\/wp\/v2\/pages\/901\/revisions"}],"predecessor-version":[{"id":9322,"href":"http:\/\/abcformation1986.fr\/en\/wp-json\/wp\/v2\/pages\/901\/revisions\/9322"}],"wp:attachment":[{"href":"http:\/\/abcformation1986.fr\/en\/wp-json\/wp\/v2\/media?parent=901"}],"curies":[{"name":"wp","href":"https:\/\/api.w.org\/{rel}","templated":true}]}}