{"id":8118,"date":"2024-04-03T08:05:50","date_gmt":"2024-04-03T08:05:50","guid":{"rendered":"https:\/\/abcformation1986.fr\/?page_id=8118"},"modified":"2024-07-23T08:38:19","modified_gmt":"2024-07-23T08:38:19","slug":"les-tarif-cloe","status":"publish","type":"page","link":"http:\/\/abcformation1986.fr\/en\/les-tarif-cloe\/","title":{"rendered":"Les tarif \u00ab\u00a0CLOE\u00a0\u00bb"},"content":{"rendered":"<div class=\"vc_row wpb_row vc_row-fluid\">\n\t\t\t\t<div class=\"mo-vc-row-ovelay\" style=\"\"><\/div>\n\t\t\t\t<div class=\"container\"><div class=\"wpb_column vc_column_container vc_col-sm-6\"><div class=\"vc_column-inner\"><div class=\"wpb_wrapper\"><div class=\"woocommerce columns-2\"><ul class=\"products columns-2\">\n<div class=\"grid col-xs-12 col-sm-6 col-md-6 col-lg-6\">\n\t<article class=\"post-8473 product type-product status-publish has-post-thumbnail product_cat-cloe last instock taxable shipping-taxable purchasable product-type-simple\">\n\t\t\t\t\t<div class=\"mo-thumb\">\n\t\t\t\t<img loading=\"lazy\" decoding=\"async\" width=\"291\" height=\"291\" src=\"http:\/\/abcformation1986.fr\/wp-content\/uploads\/2024\/04\/CLOE-Anglais-291x291.png\" class=\"attachment-woocommerce_thumbnail size-woocommerce_thumbnail\" alt=\"CLOE Certification English as a Foreign Language\" srcset=\"http:\/\/abcformation1986.fr\/wp-content\/uploads\/2024\/04\/CLOE-Anglais-291x291.png 291w, http:\/\/abcformation1986.fr\/wp-content\/uploads\/2024\/04\/CLOE-Anglais-100x100.png 100w, http:\/\/abcformation1986.fr\/wp-content\/uploads\/2024\/04\/CLOE-Anglais-150x150.png 150w, http:\/\/abcformation1986.fr\/wp-content\/uploads\/2024\/04\/CLOE-Anglais-12x12.png 12w, http:\/\/abcformation1986.fr\/wp-content\/uploads\/2024\/04\/CLOE-Anglais.png 300w\" sizes=\"auto, (max-width: 291px) 100vw, 291px\" \/>\t\t\t\t<div class=\"mo-actions\">\n\t\t\t\t\t<a href=\"\/en\/wp-json\/wp\/v2\/pages\/8118?add-to-cart=8473\" aria-describedby=\"woocommerce_loop_add_to_cart_link_describedby_8473\" data-quantity=\"1\" class=\"button product_type_simple add_to_cart_button ajax_add_to_cart\" data-product_id=\"8473\" data-product_sku=\"\" aria-label=\"Ajouter au panier\u00a0: \u201cCertification CLOE Anglais Langue Etrang\u00e8re\u201d\" rel=\"nofollow\" data-success_message=\"\u201cCertification CLOE Anglais Langue Etrang\u00e8re\u201d has been added to your cart\" data-no-translation=\"\" data-trp-gettext=\"\" data-no-translation-aria-label=\"\" data-no-translation-data-success_message=\"\">Add to cart<\/a>\t<span id=\"woocommerce_loop_add_to_cart_link_describedby_8473\" class=\"screen-reader-text\">\n\t\t\t<\/span>\n\t\t\t\t<\/div>\n\t\t\t<\/div>\n\t\t\t<div class=\"mo-content\">\n\t\t\t\t<a href=\"http:\/\/abcformation1986.fr\/en\/product\/certification-cloe-anglais-langue-etrangere-copie\/\" class=\"woocommerce-LoopProduct-link woocommerce-loop-product__link\"><h2 class=\"woocommerce-loop-product__title\">CLOE Certification English as a Foreign Language<\/h2><\/a>\t<span class=\"price\">Price: <span class=\"woocommerce-Price-amount amount\"><bdi>200,00<span class=\"woocommerce-Price-currencySymbol\">&euro;<\/span><\/bdi><\/span><\/span>\n\t\t\t<\/div>\n\t\t\t<\/article>\n<\/div><div class=\"grid col-xs-12 col-sm-6 col-md-6 col-lg-6\">\n\t<article class=\"post-7970 product type-product status-publish has-post-thumbnail product_cat-cloe last instock taxable shipping-taxable purchasable product-type-simple\">\n\t\t\t\t\t<div class=\"mo-thumb\">\n\t\t\t\t<img loading=\"lazy\" decoding=\"async\" width=\"291\" height=\"291\" src=\"http:\/\/abcformation1986.fr\/wp-content\/uploads\/2024\/03\/CLOE-Fr-291x291.png\" class=\"attachment-woocommerce_thumbnail size-woocommerce_thumbnail\" alt=\"CLOE Certification English as a Foreign Language\" srcset=\"http:\/\/abcformation1986.fr\/wp-content\/uploads\/2024\/03\/CLOE-Fr-291x291.png 291w, http:\/\/abcformation1986.fr\/wp-content\/uploads\/2024\/03\/CLOE-Fr-100x100.png 100w, http:\/\/abcformation1986.fr\/wp-content\/uploads\/2024\/03\/CLOE-Fr-150x150.png 150w, http:\/\/abcformation1986.fr\/wp-content\/uploads\/2024\/03\/CLOE-Fr-12x12.png 12w, http:\/\/abcformation1986.fr\/wp-content\/uploads\/2024\/03\/CLOE-Fr.png 300w\" sizes=\"auto, (max-width: 291px) 100vw, 291px\" \/>\t\t\t\t<div class=\"mo-actions\">\n\t\t\t\t\t<a href=\"\/en\/wp-json\/wp\/v2\/pages\/8118?add-to-cart=7970\" aria-describedby=\"woocommerce_loop_add_to_cart_link_describedby_7970\" data-quantity=\"1\" class=\"button product_type_simple add_to_cart_button ajax_add_to_cart\" data-product_id=\"7970\" data-product_sku=\"\" aria-label=\"Ajouter au panier\u00a0: \u201cCertification CLOE Fran\u00e7ais Langue Etrang\u00e8re\u201d\" rel=\"nofollow\" data-success_message=\"\u201cCertification CLOE Fran\u00e7ais Langue Etrang\u00e8re\u201d has been added to your cart\" data-no-translation=\"\" data-trp-gettext=\"\" data-no-translation-aria-label=\"\" data-no-translation-data-success_message=\"\">Add to cart<\/a>\t<span id=\"woocommerce_loop_add_to_cart_link_describedby_7970\" class=\"screen-reader-text\">\n\t\t\t<\/span>\n\t\t\t\t<\/div>\n\t\t\t<\/div>\n\t\t\t<div class=\"mo-content\">\n\t\t\t\t<a href=\"http:\/\/abcformation1986.fr\/en\/product\/certification-cloe-francais-langue-etrangere\/\" class=\"woocommerce-LoopProduct-link woocommerce-loop-product__link\"><h2 class=\"woocommerce-loop-product__title\">CLOE Certification English as a Foreign Language<\/h2><\/a>\t<span class=\"price\">Price: <span class=\"woocommerce-Price-amount amount\"><bdi>200,00<span class=\"woocommerce-Price-currencySymbol\">&euro;<\/span><\/bdi><\/span><\/span>\n\t\t\t<\/div>\n\t\t\t<\/article>\n<\/div><\/ul>\n<\/div><\/div><\/div><\/div><div class=\"wpb_column vc_column_container vc_col-sm-6\"><div class=\"vc_column-inner\"><div class=\"wpb_wrapper\">\n\t<div  class=\"wpb_single_image wpb_content_element vc_align_center\">\n\t\t\n\t\t<figure class=\"wpb_wrapper vc_figure\">\n\t\t\t<a href=\"https:\/\/auth.service-public.fr\/realms\/service-public\/protocol\/openid-connect\/auth?response_type=code&amp;client_id=spclient&amp;scope=address%20phone%20openid%20profile%20email&amp;state=Jv1457nbyMtn0CPMWH5W5T8QWVZ4icK6LeejCqsw6-A%3D&amp;redirect_uri=https:\/\/www.service-public.fr\/openid_connect_login&amp;nonce=W6Ps1EwvccTigknxE-aMf8O7cwFBSZenfzNszjUODY0\" target=\"_self\" class=\"vc_single_image-wrapper   vc_box_border_grey\"><img loading=\"lazy\" decoding=\"async\" width=\"150\" height=\"150\" src=\"http:\/\/abcformation1986.fr\/wp-content\/uploads\/2024\/04\/CPF-150x150.png\" class=\"vc_single_image-img attachment-thumbnail\" alt=\"\" srcset=\"http:\/\/abcformation1986.fr\/wp-content\/uploads\/2024\/04\/CPF-150x150.png 150w, http:\/\/abcformation1986.fr\/wp-content\/uploads\/2024\/04\/CPF-100x100.png 100w\" sizes=\"auto, (max-width: 150px) 100vw, 150px\" \/><\/a>\n\t\t<\/figure>\n\t<\/div>\n\n\t<div  class=\"wpb_single_image wpb_content_element vc_align_center\">\n\t\t\n\t\t<figure class=\"wpb_wrapper vc_figure\">\n\t\t\t<div class=\"vc_single_image-wrapper   vc_box_border_grey\"><img loading=\"lazy\" decoding=\"async\" width=\"900\" height=\"675\" src=\"http:\/\/abcformation1986.fr\/wp-content\/uploads\/2024\/07\/CLOE-inscription-et-paiment.png\" class=\"vc_single_image-img attachment-large\" alt=\"\" srcset=\"http:\/\/abcformation1986.fr\/wp-content\/uploads\/2024\/07\/CLOE-inscription-et-paiment.png 1024w, http:\/\/abcformation1986.fr\/wp-content\/uploads\/2024\/07\/CLOE-inscription-et-paiment-500x375.png 500w, http:\/\/abcformation1986.fr\/wp-content\/uploads\/2024\/07\/CLOE-inscription-et-paiment-300x225.png 300w, http:\/\/abcformation1986.fr\/wp-content\/uploads\/2024\/07\/CLOE-inscription-et-paiment-768x576.png 768w, http:\/\/abcformation1986.fr\/wp-content\/uploads\/2024\/07\/CLOE-inscription-et-paiment-16x12.png 16w\" sizes=\"auto, (max-width: 900px) 100vw, 900px\" \/><\/div>\n\t\t<\/figure>\n\t<\/div>\n<\/div><\/div><\/div>\t<\/div>\n\t\t\t<\/div><div class=\"vc_row wpb_row vc_row-fluid\">\n\t\t\t\t<div class=\"mo-vc-row-ovelay\" style=\"\"><\/div>\n\t\t\t\t<div class=\"container\"><div class=\"wpb_column vc_column_container vc_col-sm-12\"><div class=\"vc_column-inner\"><div class=\"wpb_wrapper\"><div class=\"vc_separator wpb_content_element vc_separator_align_center vc_sep_width_100 vc_sep_pos_align_center vc_separator_no_text vc_sep_color_turquoise\" ><span class=\"vc_sep_holder vc_sep_holder_l\"><span  class=\"vc_sep_line\"><\/span><\/span><span class=\"vc_sep_holder vc_sep_holder_r\"><span  class=\"vc_sep_line\"><\/span><\/span>\n<\/div><\/div><\/div><\/div>\t<\/div>\n\t\t\t<\/div><div class=\"vc_row wpb_row vc_row-fluid\">\n\t\t\t\t<div class=\"mo-vc-row-ovelay\" style=\"\"><\/div>\n\t\t\t\t<div class=\"container\"><div class=\"wpb_column vc_column_container vc_col-sm-12\"><div class=\"vc_column-inner\"><div class=\"wpb_wrapper\">\n\t<div class=\"wpb_text_column wpb_content_element\" >\n\t\t<div class=\"wpb_wrapper\">\n\t\t\t<p style=\"text-align: center;\"><span style=\"color: #33cccc;\">Payment secured by debit card\u00a0<\/span><\/p>\n<p style=\"text-align: center;\">By clicking on this link, you will be redirected to a secure online payment site.<\/p>\n<p style=\"text-align: center;\">You can no longer cancel your payment.<\/p>\n\n\t\t<\/div>\n\t<\/div>\n<\/div><\/div><\/div>\t<\/div>\n\t\t\t<\/div><div class=\"vc_row wpb_row vc_row-fluid\">\n\t\t\t\t<div class=\"mo-vc-row-ovelay\" style=\"\"><\/div>\n\t\t\t\t<div class=\"container\"><div class=\"wpb_column vc_column_container vc_col-sm-12\"><div class=\"vc_column-inner\"><div class=\"wpb_wrapper\"><div class=\"vc_btn3-container vc_btn3-center\" >\n\t<a class=\"vc_general vc_btn3 vc_btn3-size-md vc_btn3-shape-round vc_btn3-style-3d vc_btn3-color-info\" href=\"https:\/\/abcformation1986.fr\/en\/boutique\/\" title=\"\">FOR ONLINE PAYMENT CLICK HERE <\/a><\/div>\n<\/div><\/div><\/div>\t<\/div>\n\t\t\t<\/div>","protected":false},"excerpt":{"rendered":"Add to cart Certification CLOE Anglais Langue Etrang\u00e8re Prix: 200,00&euro; Add to cart Certification CLOE Fran\u00e7ais Langue Etrang\u00e8re Prix: 200,00&euro; Paiement s\u00e9curis\u00e9 par carte bancaire\u00a0 En cliquant sur ce lien, vous allez \u00eatre redirig\u00e9 vers le boutique et apr\u00e8s vers un site de paiement en ligne s\u00e9curis\u00e9. Vous ne pouvez plus annuler votre [...]","protected":false},"author":2,"featured_media":0,"parent":0,"menu_order":0,"comment_status":"closed","ping_status":"closed","template":"","meta":{"_uag_custom_page_level_css":"","footnotes":""},"class_list":["post-8118","page","type-page","status-publish","hentry"],"yoast_head":"<!-- This site is optimized with the Yoast SEO plugin v25.2 - https:\/\/yoast.com\/wordpress\/plugins\/seo\/ -->\n<title>Les tarif &quot;CLOE&quot; - Centre de Formation ABC Franconville | FLE | TEF<\/title>\n<meta name=\"robots\" content=\"index, follow, max-snippet:-1, max-image-preview:large, max-video-preview:-1\" \/>\n<link rel=\"canonical\" href=\"https:\/\/abcformation1986.fr\/en\/les-tarif-cloe\/\" \/>\n<meta property=\"og:locale\" content=\"en_US\" \/>\n<meta property=\"og:type\" content=\"article\" \/>\n<meta property=\"og:title\" content=\"Les tarif &quot;CLOE&quot; - Centre de Formation ABC Franconville | FLE | TEF\" \/>\n<meta property=\"og:url\" content=\"https:\/\/abcformation1986.fr\/en\/les-tarif-cloe\/\" \/>\n<meta property=\"og:site_name\" content=\"Centre de Formation ABC Franconville | FLE | TEF\" \/>\n<meta property=\"article:publisher\" content=\"http:\/\/@abcformation\" \/>\n<meta property=\"article:modified_time\" content=\"2024-07-23T08:38:19+00:00\" \/>\n<meta name=\"twitter:card\" content=\"summary_large_image\" \/>\n<meta name=\"twitter:site\" content=\"@abc_formation\" \/>\n<meta name=\"twitter:label1\" content=\"Est. reading time\" \/>\n\t<meta name=\"twitter:data1\" content=\"1 minute\" \/>\n<script type=\"application\/ld+json\" class=\"yoast-schema-graph\">{\"@context\":\"https:\/\/schema.org\",\"@graph\":[{\"@type\":\"WebPage\",\"@id\":\"https:\/\/abcformation1986.fr\/ar\/les-tarif-cloe\/\",\"url\":\"https:\/\/abcformation1986.fr\/ar\/les-tarif-cloe\/\",\"name\":\"Les tarif \\\"CLOE\\\" - Centre de Formation ABC Franconville | FLE | TEF\",\"isPartOf\":{\"@id\":\"https:\/\/abcformation1986.fr\/en\/#website\"},\"datePublished\":\"2024-04-03T08:05:50+00:00\",\"dateModified\":\"2024-07-23T08:38:19+00:00\",\"breadcrumb\":{\"@id\":\"https:\/\/abcformation1986.fr\/ar\/les-tarif-cloe\/#breadcrumb\"},\"inLanguage\":\"en-US\",\"potentialAction\":[{\"@type\":\"ReadAction\",\"target\":[\"https:\/\/abcformation1986.fr\/ar\/les-tarif-cloe\/\"]}]},{\"@type\":\"BreadcrumbList\",\"@id\":\"https:\/\/abcformation1986.fr\/ar\/les-tarif-cloe\/#breadcrumb\",\"itemListElement\":[{\"@type\":\"ListItem\",\"position\":1,\"name\":\"Home\",\"item\":\"https:\/\/abcformation1986.fr\/en\/\"},{\"@type\":\"ListItem\",\"position\":2,\"name\":\"Les tarif \u00ab\u00a0CLOE\u00a0\u00bb\"}]},{\"@type\":\"WebSite\",\"@id\":\"https:\/\/abcformation1986.fr\/en\/#website\",\"url\":\"https:\/\/abcformation1986.fr\/en\/\",\"name\":\"Centre de Formation ABC Franconville | FLE | TEF\",\"description\":\"Acteur historique de  la formation, de l\u2019insertion et de la  reconversion professionnelle depuis 1986\",\"publisher\":{\"@id\":\"https:\/\/abcformation1986.fr\/en\/#organization\"},\"potentialAction\":[{\"@type\":\"SearchAction\",\"target\":{\"@type\":\"EntryPoint\",\"urlTemplate\":\"https:\/\/abcformation1986.fr\/en\/?s={search_term_string}\"},\"query-input\":{\"@type\":\"PropertyValueSpecification\",\"valueRequired\":true,\"valueName\":\"search_term_string\"}}],\"inLanguage\":\"en-US\"},{\"@type\":\"Organization\",\"@id\":\"https:\/\/abcformation1986.fr\/en\/#organization\",\"name\":\"ABCFORMATION\",\"url\":\"https:\/\/abcformation1986.fr\/en\/\",\"logo\":{\"@type\":\"ImageObject\",\"inLanguage\":\"en-US\",\"@id\":\"https:\/\/abcformation1986.fr\/en\/#\/schema\/logo\/image\/\",\"url\":\"https:\/\/abcformation1986.fr\/wp-content\/uploads\/2018\/11\/abclogo.png\",\"contentUrl\":\"https:\/\/abcformation1986.fr\/wp-content\/uploads\/2018\/11\/abclogo.png\",\"width\":134,\"height\":82,\"caption\":\"ABCFORMATION\"},\"image\":{\"@id\":\"https:\/\/abcformation1986.fr\/en\/#\/schema\/logo\/image\/\"},\"sameAs\":[\"http:\/\/@abcformation\",\"https:\/\/x.com\/abc_formation\",\"http:\/\/abcformation1986\"]}]}<\/script>\n<!-- \/ Yoast SEO plugin. -->","yoast_head_json":{"title":"Les tarif \"CLOE\" - Centre de Formation ABC Franconville | FLE | TEF","robots":{"index":"index","follow":"follow","max-snippet":"max-snippet:-1","max-image-preview":"max-image-preview:large","max-video-preview":"max-video-preview:-1"},"canonical":"https:\/\/abcformation1986.fr\/en\/les-tarif-cloe\/","og_locale":"en_US","og_type":"article","og_title":"Les tarif \"CLOE\" - Centre de Formation ABC Franconville | FLE | TEF","og_url":"https:\/\/abcformation1986.fr\/en\/les-tarif-cloe\/","og_site_name":"Centre de Formation ABC Franconville | FLE | TEF","article_publisher":"http:\/\/@abcformation","article_modified_time":"2024-07-23T08:38:19+00:00","twitter_card":"summary_large_image","twitter_site":"@abc_formation","twitter_misc":{"Est. reading time":"1 minute"},"schema":{"@context":"https:\/\/schema.org","@graph":[{"@type":"WebPage","@id":"https:\/\/abcformation1986.fr\/ar\/les-tarif-cloe\/","url":"https:\/\/abcformation1986.fr\/ar\/les-tarif-cloe\/","name":"Les tarif \"CLOE\" - Centre de Formation ABC Franconville | FLE | TEF","isPartOf":{"@id":"https:\/\/abcformation1986.fr\/en\/#website"},"datePublished":"2024-04-03T08:05:50+00:00","dateModified":"2024-07-23T08:38:19+00:00","breadcrumb":{"@id":"https:\/\/abcformation1986.fr\/ar\/les-tarif-cloe\/#breadcrumb"},"inLanguage":"en-US","potentialAction":[{"@type":"ReadAction","target":["https:\/\/abcformation1986.fr\/ar\/les-tarif-cloe\/"]}]},{"@type":"BreadcrumbList","@id":"https:\/\/abcformation1986.fr\/ar\/les-tarif-cloe\/#breadcrumb","itemListElement":[{"@type":"ListItem","position":1,"name":"Home","item":"https:\/\/abcformation1986.fr\/en\/"},{"@type":"ListItem","position":2,"name":"Les tarif \u00ab\u00a0CLOE\u00a0\u00bb"}]},{"@type":"WebSite","@id":"https:\/\/abcformation1986.fr\/en\/#website","url":"https:\/\/abcformation1986.fr\/en\/","name":"Centre de Formation ABC Franconville | FLE | TEF","description":"Acteur historique de  la formation, de l\u2019insertion et de la  reconversion professionnelle depuis 1986","publisher":{"@id":"https:\/\/abcformation1986.fr\/en\/#organization"},"potentialAction":[{"@type":"SearchAction","target":{"@type":"EntryPoint","urlTemplate":"https:\/\/abcformation1986.fr\/en\/?s={search_term_string}"},"query-input":{"@type":"PropertyValueSpecification","valueRequired":true,"valueName":"search_term_string"}}],"inLanguage":"en-US"},{"@type":"Organization","@id":"https:\/\/abcformation1986.fr\/en\/#organization","name":"ABCFORMATION","url":"https:\/\/abcformation1986.fr\/en\/","logo":{"@type":"ImageObject","inLanguage":"en-US","@id":"https:\/\/abcformation1986.fr\/en\/#\/schema\/logo\/image\/","url":"https:\/\/abcformation1986.fr\/wp-content\/uploads\/2018\/11\/abclogo.png","contentUrl":"https:\/\/abcformation1986.fr\/wp-content\/uploads\/2018\/11\/abclogo.png","width":134,"height":82,"caption":"ABCFORMATION"},"image":{"@id":"https:\/\/abcformation1986.fr\/en\/#\/schema\/logo\/image\/"},"sameAs":["http:\/\/@abcformation","https:\/\/x.com\/abc_formation","http:\/\/abcformation1986"]}]}},"uagb_featured_image_src":{"full":false,"thumbnail":false,"medium":false,"medium_large":false,"large":false,"1536x1536":false,"2048x2048":false,"trp-custom-language-flag":false,"hala-full":false,"hala-medium":false,"hala-small":false,"hala-team":false,"hala-thumb":false,"woocommerce_thumbnail":false,"woocommerce_single":false,"woocommerce_gallery_thumbnail":false},"uagb_author_info":{"display_name":"abc formation","author_link":"http:\/\/abcformation1986.fr\/en\/author\/abcformation\/"},"uagb_comment_info":0,"uagb_excerpt":null,"jetpack_sharing_enabled":true,"_links":{"self":[{"href":"http:\/\/abcformation1986.fr\/en\/wp-json\/wp\/v2\/pages\/8118","targetHints":{"allow":["GET"]}}],"collection":[{"href":"http:\/\/abcformation1986.fr\/en\/wp-json\/wp\/v2\/pages"}],"about":[{"href":"http:\/\/abcformation1986.fr\/en\/wp-json\/wp\/v2\/types\/page"}],"author":[{"embeddable":true,"href":"http:\/\/abcformation1986.fr\/en\/wp-json\/wp\/v2\/users\/2"}],"replies":[{"embeddable":true,"href":"http:\/\/abcformation1986.fr\/en\/wp-json\/wp\/v2\/comments?post=8118"}],"version-history":[{"count":65,"href":"http:\/\/abcformation1986.fr\/en\/wp-json\/wp\/v2\/pages\/8118\/revisions"}],"predecessor-version":[{"id":9220,"href":"http:\/\/abcformation1986.fr\/en\/wp-json\/wp\/v2\/pages\/8118\/revisions\/9220"}],"wp:attachment":[{"href":"http:\/\/abcformation1986.fr\/en\/wp-json\/wp\/v2\/media?parent=8118"}],"curies":[{"name":"wp","href":"https:\/\/api.w.org\/{rel}","templated":true}]}}