{"id":7186,"date":"2023-12-13T13:06:03","date_gmt":"2023-12-13T13:06:03","guid":{"rendered":"https:\/\/abcformation1986.fr\/?page_id=7186"},"modified":"2024-09-30T07:35:47","modified_gmt":"2024-09-30T07:35:47","slug":"cours-danglais","status":"publish","type":"page","link":"http:\/\/abcformation1986.fr\/en\/cours-danglais\/","title":{"rendered":"Cours d&rsquo;anglais"},"content":{"rendered":"<div class=\"vc_row wpb_row vc_row-fluid\">\n\t\t\t\t<div class=\"mo-vc-row-ovelay\" style=\"\"><\/div>\n\t\t\t\t<div class=\"container\"><div class=\"wpb_column vc_column_container vc_col-sm-2\"><div class=\"vc_column-inner\"><div class=\"wpb_wrapper\">\n\t<div  class=\"wpb_single_image wpb_content_element vc_align_center  vc_custom_1726756618589\">\n\t\t\n\t\t<figure class=\"wpb_wrapper vc_figure\">\n\t\t\t<div class=\"vc_single_image-wrapper   vc_box_border_grey\"><img loading=\"lazy\" decoding=\"async\" width=\"300\" height=\"84\" src=\"http:\/\/abcformation1986.fr\/wp-content\/uploads\/2024\/09\/ETS-Pipplet-navy-1920w-300x84.png\" class=\"vc_single_image-img attachment-medium\" alt=\"\" srcset=\"http:\/\/abcformation1986.fr\/wp-content\/uploads\/2024\/09\/ETS-Pipplet-navy-1920w-300x84.png 300w, http:\/\/abcformation1986.fr\/wp-content\/uploads\/2024\/09\/ETS-Pipplet-navy-1920w-500x140.png 500w, http:\/\/abcformation1986.fr\/wp-content\/uploads\/2024\/09\/ETS-Pipplet-navy-1920w-18x5.png 18w, http:\/\/abcformation1986.fr\/wp-content\/uploads\/2024\/09\/ETS-Pipplet-navy-1920w.png 585w\" sizes=\"auto, (max-width: 300px) 100vw, 300px\" \/><\/div>\n\t\t<\/figure>\n\t<\/div>\n<\/div><\/div><\/div><div class=\"wpb_column vc_column_container vc_col-sm-8\"><div class=\"vc_column-inner\"><div class=\"wpb_wrapper\">\n\t<div class=\"wpb_text_column wpb_content_element\" >\n\t\t<div class=\"wpb_wrapper\">\n\t\t\t<p style=\"font-weight: 500; text-align: justify;\">Pipplet is the first online language assessment solution that simplifies the way you assess your candidates, employees and learners.<\/p>\n<p style=\"font-weight: 500; text-align: justify;\">The PIPPLET exam supports over 40 languages \u200b\u200band enables large-scale assessment of listening and reading skills in real-world contexts.<\/p>\n\n\t\t<\/div>\n\t<\/div>\n<\/div><\/div><\/div><div class=\"wpb_column vc_column_container vc_col-sm-2\"><div class=\"vc_column-inner\"><div class=\"wpb_wrapper\">\n\t<div  class=\"wpb_single_image wpb_content_element vc_align_center\">\n\t\t\n\t\t<figure class=\"wpb_wrapper vc_figure\">\n\t\t\t<div class=\"vc_single_image-wrapper   vc_box_border_grey\"><img loading=\"lazy\" decoding=\"async\" width=\"287\" height=\"300\" src=\"http:\/\/abcformation1986.fr\/wp-content\/uploads\/2024\/09\/CLOE-Logo-287x300.png\" class=\"vc_single_image-img attachment-medium\" alt=\"\" srcset=\"http:\/\/abcformation1986.fr\/wp-content\/uploads\/2024\/09\/CLOE-Logo-287x300.png 287w, http:\/\/abcformation1986.fr\/wp-content\/uploads\/2024\/09\/CLOE-Logo-500x522.png 500w, http:\/\/abcformation1986.fr\/wp-content\/uploads\/2024\/09\/CLOE-Logo-11x12.png 11w, http:\/\/abcformation1986.fr\/wp-content\/uploads\/2024\/09\/CLOE-Logo.png 735w\" sizes=\"auto, (max-width: 287px) 100vw, 287px\" \/><\/div>\n\t\t<\/figure>\n\t<\/div>\n<\/div><\/div><\/div>\t<\/div>\n\t\t\t<\/div><div class=\"vc_row wpb_row vc_row-fluid\">\n\t\t\t\t<div class=\"mo-vc-row-ovelay\" style=\"\"><\/div>\n\t\t\t\t<div class=\"container\"><div class=\"wpb_column vc_column_container vc_col-sm-12\"><div class=\"vc_column-inner\"><div class=\"wpb_wrapper\">\n\t<div class=\"wpb_raw_code wpb_content_element wpb_raw_html\" >\n\t\t<div class=\"wpb_wrapper\">\n\t\t\t<!DOCTYPE html>\n<html lang=\"en\">\n\n<head>\n    <meta charset=\"UTF-8\">\n    <meta name=\"viewport\" content=\"width=device-width, initial-scale=1.0\">\n    <title>Anglais<\/title>\n    <link rel=\"stylesheet\" href=\"https:\/\/cdnjs.cloudflare.com\/ajax\/libs\/font-awesome\/5.15.3\/css\/all.min.css\">\n    <style>\n        body {\n            background-color: white;\n            color: black;\n            font-family: Arial, sans-serif;\n            line-height: 1.6;\n        }\n\t\t\n\n        .container5 {\n            width: 100%;\n            margin: auto;\n            overflow: hidden;\n        }\n\n        h3 {\n            text-align: center;\n            color: #33cccc;\n            margin-top: 30px;\n        }\n\n        strong {\n            font-weight: bold;\n        }\n\n        a.LinkOut {\n            color: #33cccc;\n            text-decoration: none;\n        }\n\n        a.LinkOut:hover {\n            text-decoration: underline;\n        }\n\n        \n\n        .level-section {\n            margin: 20px 0;\n        }\n\n        .level-section img {\n            float: left;\n            margin-right: 20px;\n        }\n\n        .level-section p {\n            clear: both;\n        }\n\n        .level-title {\n            color: #33cccc;\n            font-size: 22px;\n\t\t\tfont-weight:600;\n\t\t\tmargin: 70px;\n        }\n\n        .level-description {\n            margin-top: 10px;\n\t\t\tdisplay: grid;\n        }    \n\n        \n\n\n        @media (max-width: 1200px) {\n            .container4 p {\n                padding: 30px 100px;\n            }\n\n            .card {\n                width: 18rem;\n            }\n        }\n\n        @media (max-width: 992px) {\n            .container4 p {\n                padding: 30px 50px;\n            }\n\n            .card {\n                width: 16rem;\n            }\n        }\n\n        @media (max-width: 768px) {\n            .container4 p {\n                padding: 20px 30px;\n            }\n\n            .card {\n                width: 100%;\n                margin: 1rem 0;\n            }\n\n            .cards {\n                flex-direction: column;\n                align-items: center;\n            }\n        }\n\n        @media (max-width: 576px) {\n            .container4 h1 {\n                font-size: 1.5rem;\n                padding: 10px;\n            }\n\n            .container4 p {\n                font-size: 1rem;\n                padding: 10px 20px;\n                margin: 10px auto;\n            }\n\n            .card {\n                padding: 1rem;\n                width: calc(100% - 2rem);\n                margin: 1rem auto;\n            }\n\n            .card h2 {\n                font-size: 1rem;\n            }\n\n            .card p {\n                font-size: 0.875rem;\n            }\n        }\n    <\/style>\n<\/head>\n\n<body>        \n\t\t<h2 style=\"text-align:center; line-height:25px; color:#33cccc\">European language levels CEFR<\/h2>\n\t\t<div class=\"level-section\">\n            <h3 class=\"level-title\">Level A1 CECRL (introductory or discovery level)<\/h3>\n            <img loading=\"lazy\" decoding=\"async\" src=\"https:\/\/abcformation1986.fr\/wp-content\/uploads\/2024\/09\/A1.jpg\" alt=\"A1\" width=\"189\" height=\"163\">\n            <div class=\"level-description\">\n                <p style=\"text-align:justify;\"><strong>A1 - Basic User:<\/strong>\nLevel A1 is one of the common levels among students taking the BAC in France (those who do not have level A1 are generally A2 or B1), except in the European\/international section where they are generally B2 or C1. At level A1, communicating in English during a trip abroad remains difficult, even anxiety-provoking. Carrying out simple tasks associated with travel (introducing yourself, carrying out simple formalities, understanding a guide in English, etc.) is not self-evident.\n\n<\/p>\n                \n            <\/div>\n        <\/div>\n\n        <div class=\"level-section\">\n            <h3 class=\"level-title\">Level A2 CECRL (intermediate or usual level)<\/h3>\n            <img loading=\"lazy\" decoding=\"async\" src=\"https:\/\/abcformation1986.fr\/wp-content\/uploads\/2024\/09\/A2.jpg\" alt=\"A2\" width=\"189\" height=\"163\">\n            <div class=\"level-description\">\n                <p style=\"text-align:justify;\"> <strong>A2 - Basic User \/ False Beginner:<\/strong>\nOutside of European and international sections, level A2 is the one reached by the majority of English students in the BAC. At level A2, which makes traveling abroad possible, but not easy. This level is often called \"false beginner\", because despite acquiring a fair amount of vocabulary, we remain beginners in our ability to communicate. We will manage to get to know foreigners, carry out simple formalities such as booking a hotel or ordering at a restaurant. Understanding a guide during a tourist visit can however be difficult.<\/p>\n               \n            <\/div>\n        <\/div>\n\n        <div class=\"level-section\">\n            <h3 class=\"level-title\">Level B1 CEFR (threshold level)<\/h3>\n            <img loading=\"lazy\" decoding=\"async\" src=\"https:\/\/abcformation1986.fr\/wp-content\/uploads\/2024\/09\/B1.jpg\" alt=\"B1\" width=\"189\" height=\"163\">\n            <div class=\"level-description\">\n                <p style=\"text-align:justify;\"><strong>B1 - Independent user:<\/strong>\nAt this third level of English on the Common European Framework of Reference for Languages \u200b\u200b(CEFR), one is considered an \"independent user of English.\" And this opens the door to travel... Because at this level, one is finally comfortable speaking and at ease abroad! At the Baccalaureate level, English proficiency at level B1 (CEFR) or higher is achieved by most students in European and international (English) sections, as well as by other talented students who have benefited from English support (language immersion programs, etc.).<\/p>\n                \n            <\/div>\n        <\/div>\n\n        <div class=\"level-section\">\n            <h3 class=\"level-title\">Level B2 CEFR (fluent English)<\/h3>\n            <img loading=\"lazy\" decoding=\"async\" src=\"https:\/\/abcformation1986.fr\/wp-content\/uploads\/2024\/09\/B2.jpg\" alt=\"B2\" width=\"189\" height=\"163\">\n            <div class=\"level-description\">\n                <p style=\"text-align:justify;\"><strong>B2 - Independent user:<\/strong>\nAt this fourth level of English on the Common European Framework of Reference for Languages \u200b\u200b(CEFR), one is considered an \"independent user of English.\" This level corresponds to what is generally called \"fluent English.\" The B2 level (CEFR) is the target level for the French Baccalaureate, according to the French Ministry of National Education (full text available here: education.gouv.fr). In practice, it is primarily students in European and international sections who reach this level, as measured by international tests.<\/p>\n                \n            <\/div>\n        <\/div>\n\n        <div class=\"level-section\">\n            <h3 class=\"level-title\">Level C1 CEFR (Advanced English Level)<\/h3>\n            <img loading=\"lazy\" decoding=\"async\" src=\"https:\/\/abcformation1986.fr\/wp-content\/uploads\/2024\/09\/C1.jpg\" alt=\"C1\" width=\"189\" height=\"163\">\n            <div class=\"level-description\">\n                <p style=\"text-align:justify;\"><strong>C1 - Experienced User:<\/strong>\nAt this 5th level of English on the European scale (CEFR), one is an \"advanced user of English\". At this 5th level of English on the European scale (CEFR), one is an \"advanced user of English\". According to ETS Global, the publisher of the TOEIC, the C1 level of English is reached by a little less than 10% of TOEIC candidates at Bac +3, Bac +5 and Doctorate level in France. (Please note, TOEIC candidates are not a representative sample of their age group!)<\/p>\n                <!-- <p><a class=\"download-link\" href=\"https:\/\/abcformation1986.fr\/wp-content\/uploads\/2021\/10\/REFERENTIEL-C1.pdf\" target=\"_blank\" rel=\"noopener noreferrer\">T\u00e9l\u00e9charger le r\u00e9f\u00e9rentiel C1<\/a><\/p> -->\n            <\/div>\n        <\/div>\n\n        <div class=\"level-section\">\n            <h3 class=\"level-title\">Level C2 CEFR (Bilingual)<\/h3>\n            <img loading=\"lazy\" decoding=\"async\" src=\"https:\/\/abcformation1986.fr\/wp-content\/uploads\/2024\/09\/C2.jpg\" alt=\"C2\" width=\"189\" height=\"163\">\n            <div class=\"level-description\">\n                <p style=\"text-align:justify;\"><strong>C2 - Experienced User:<\/strong>\nAt this 6th and final level of English on the Common European Framework of Reference for Languages \u200b\u200b(CEFR), one is considered an \"experienced user of English\". In other words, the C2 level is more often reached by native English speakers than by native French speakers, unless they have studied English extensively or spent a significant amount of time in an English-speaking country.<\/p>\n            <\/div>\n        <\/div>\n\t\t\n<\/body>\n<\/html>\n\t\t<\/div>\n\t<\/div>\n<\/div><\/div><\/div>\t<\/div>\n\t\t\t<\/div><div class=\"vc_row wpb_row vc_row-fluid\">\n\t\t\t\t<div class=\"mo-vc-row-ovelay\" style=\"\"><\/div>\n\t\t\t\t<div class=\"container\"><div class=\"wpb_column vc_column_container vc_col-sm-12\"><div class=\"vc_column-inner\"><div class=\"wpb_wrapper\"><div class=\"vc_separator wpb_content_element vc_separator_align_center vc_sep_width_100 vc_sep_pos_align_center vc_separator_no_text vc_sep_color_white\" ><span class=\"vc_sep_holder vc_sep_holder_l\"><span  class=\"vc_sep_line\"><\/span><\/span><span class=\"vc_sep_holder vc_sep_holder_r\"><span  class=\"vc_sep_line\"><\/span><\/span>\n<\/div><\/div><\/div><\/div>\t<\/div>\n\t\t\t<\/div><div class=\"vc_row wpb_row vc_row-fluid\">\n\t\t\t\t<div class=\"mo-vc-row-ovelay\" style=\"\"><\/div>\n\t\t\t\t<div class=\"container\"><div class=\"wpb_column vc_column_container vc_col-sm-12\"><div class=\"vc_column-inner vc_custom_1726831175227\"><div class=\"wpb_wrapper\">\n\t<div class=\"wpb_text_column wpb_content_element\" >\n\t\t<div class=\"wpb_wrapper\">\n\t\t\t<h2 style=\"text-align: justify; line-height: 25px; color: #33cccc;\">Level test<\/h2>\n\n\t\t<\/div>\n\t<\/div>\n<\/div><\/div><\/div>\t<\/div>\n\t\t\t<\/div><div class=\"vc_row wpb_row vc_row-fluid\">\n\t\t\t\t<div class=\"mo-vc-row-ovelay\" style=\"\"><\/div>\n\t\t\t\t<div class=\"container\"><div class=\"wpb_column vc_column_container vc_col-sm-12\"><div class=\"vc_column-inner vc_custom_1726831137018\"><div class=\"wpb_wrapper\"><div class=\"vc_btn3-container vc_btn3-center\" >\n\t<a class=\"vc_general vc_btn3 vc_btn3-size-md vc_btn3-shape-round vc_btn3-style-3d vc_btn3-color-turquoise\" href=\"https:\/\/docs.google.com\/forms\/d\/1ua3akCXBFbiRIQRL5ONu-jBojjR6jOsK9YBQkYnWeKw\/viewform?edit_requested=true\" title=\"\">Click here to start your level test<\/a><\/div>\n<\/div><\/div><\/div>\t<\/div>\n\t\t\t<\/div>","protected":false},"excerpt":{"rendered":"Pipplet est la premi\u00e8re solution d'\u00e9valuation linguistique en ligne, qui simplifie la mani\u00e8re dont vous \u00e9valuez vos candidats, vos employ\u00e9s et vos apprenants. L' examen PIPPLET prend en charge plus de 40 langues et permet une \u00e9valuation \u00e0 grande \u00e9chelle des comp\u00e9tences en mati\u00e8re d\u2019expression et de compr\u00e9hension orales et \u00e9crites dans des contextes\u00a0r\u00e9els. Anglais [...]","protected":false},"author":2,"featured_media":0,"parent":0,"menu_order":0,"comment_status":"closed","ping_status":"closed","template":"","meta":{"_uag_custom_page_level_css":"","footnotes":""},"class_list":["post-7186","page","type-page","status-publish","hentry"],"yoast_head":"<!-- This site is optimized with the Yoast SEO plugin v25.2 - https:\/\/yoast.com\/wordpress\/plugins\/seo\/ -->\n<title>Cours d&#039;anglais - Centre de Formation ABC Franconville | FLE | TEF<\/title>\n<meta name=\"robots\" content=\"index, follow, max-snippet:-1, max-image-preview:large, max-video-preview:-1\" \/>\n<link rel=\"canonical\" href=\"https:\/\/abcformation1986.fr\/en\/cours-danglais\/\" \/>\n<meta property=\"og:locale\" content=\"en_US\" \/>\n<meta property=\"og:type\" content=\"article\" \/>\n<meta property=\"og:title\" content=\"Cours d&#039;anglais - Centre de Formation ABC Franconville | FLE | TEF\" \/>\n<meta property=\"og:url\" content=\"https:\/\/abcformation1986.fr\/en\/cours-danglais\/\" \/>\n<meta property=\"og:site_name\" content=\"Centre de Formation ABC Franconville | FLE | TEF\" \/>\n<meta property=\"article:publisher\" content=\"http:\/\/@abcformation\" \/>\n<meta property=\"article:modified_time\" content=\"2024-09-30T07:35:47+00:00\" \/>\n<meta name=\"twitter:card\" content=\"summary_large_image\" \/>\n<meta name=\"twitter:site\" content=\"@abc_formation\" \/>\n<meta name=\"twitter:label1\" content=\"Est. reading time\" \/>\n\t<meta name=\"twitter:data1\" content=\"1 minute\" \/>\n<script type=\"application\/ld+json\" class=\"yoast-schema-graph\">{\"@context\":\"https:\/\/schema.org\",\"@graph\":[{\"@type\":\"WebPage\",\"@id\":\"https:\/\/abcformation1986.fr\/es\/cours-danglais\/\",\"url\":\"https:\/\/abcformation1986.fr\/es\/cours-danglais\/\",\"name\":\"Cours d'anglais - Centre de Formation ABC Franconville | FLE | TEF\",\"isPartOf\":{\"@id\":\"https:\/\/abcformation1986.fr\/en\/#website\"},\"datePublished\":\"2023-12-13T13:06:03+00:00\",\"dateModified\":\"2024-09-30T07:35:47+00:00\",\"breadcrumb\":{\"@id\":\"https:\/\/abcformation1986.fr\/es\/cours-danglais\/#breadcrumb\"},\"inLanguage\":\"en-US\",\"potentialAction\":[{\"@type\":\"ReadAction\",\"target\":[\"https:\/\/abcformation1986.fr\/es\/cours-danglais\/\"]}]},{\"@type\":\"BreadcrumbList\",\"@id\":\"https:\/\/abcformation1986.fr\/es\/cours-danglais\/#breadcrumb\",\"itemListElement\":[{\"@type\":\"ListItem\",\"position\":1,\"name\":\"Home\",\"item\":\"https:\/\/abcformation1986.fr\/en\/\"},{\"@type\":\"ListItem\",\"position\":2,\"name\":\"Cours d&rsquo;anglais\"}]},{\"@type\":\"WebSite\",\"@id\":\"https:\/\/abcformation1986.fr\/en\/#website\",\"url\":\"https:\/\/abcformation1986.fr\/en\/\",\"name\":\"Centre de Formation ABC Franconville | FLE | TEF\",\"description\":\"Acteur historique de  la formation, de l\u2019insertion et de la  reconversion professionnelle depuis 1986\",\"publisher\":{\"@id\":\"https:\/\/abcformation1986.fr\/en\/#organization\"},\"potentialAction\":[{\"@type\":\"SearchAction\",\"target\":{\"@type\":\"EntryPoint\",\"urlTemplate\":\"https:\/\/abcformation1986.fr\/en\/?s={search_term_string}\"},\"query-input\":{\"@type\":\"PropertyValueSpecification\",\"valueRequired\":true,\"valueName\":\"search_term_string\"}}],\"inLanguage\":\"en-US\"},{\"@type\":\"Organization\",\"@id\":\"https:\/\/abcformation1986.fr\/en\/#organization\",\"name\":\"ABCFORMATION\",\"url\":\"https:\/\/abcformation1986.fr\/en\/\",\"logo\":{\"@type\":\"ImageObject\",\"inLanguage\":\"en-US\",\"@id\":\"https:\/\/abcformation1986.fr\/en\/#\/schema\/logo\/image\/\",\"url\":\"https:\/\/abcformation1986.fr\/wp-content\/uploads\/2018\/11\/abclogo.png\",\"contentUrl\":\"https:\/\/abcformation1986.fr\/wp-content\/uploads\/2018\/11\/abclogo.png\",\"width\":134,\"height\":82,\"caption\":\"ABCFORMATION\"},\"image\":{\"@id\":\"https:\/\/abcformation1986.fr\/en\/#\/schema\/logo\/image\/\"},\"sameAs\":[\"http:\/\/@abcformation\",\"https:\/\/x.com\/abc_formation\",\"http:\/\/abcformation1986\"]}]}<\/script>\n<!-- \/ Yoast SEO plugin. -->","yoast_head_json":{"title":"Cours d'anglais - Centre de Formation ABC Franconville | FLE | TEF","robots":{"index":"index","follow":"follow","max-snippet":"max-snippet:-1","max-image-preview":"max-image-preview:large","max-video-preview":"max-video-preview:-1"},"canonical":"https:\/\/abcformation1986.fr\/en\/cours-danglais\/","og_locale":"en_US","og_type":"article","og_title":"Cours d'anglais - Centre de Formation ABC Franconville | FLE | TEF","og_url":"https:\/\/abcformation1986.fr\/en\/cours-danglais\/","og_site_name":"Centre de Formation ABC Franconville | FLE | TEF","article_publisher":"http:\/\/@abcformation","article_modified_time":"2024-09-30T07:35:47+00:00","twitter_card":"summary_large_image","twitter_site":"@abc_formation","twitter_misc":{"Est. reading time":"1 minute"},"schema":{"@context":"https:\/\/schema.org","@graph":[{"@type":"WebPage","@id":"https:\/\/abcformation1986.fr\/es\/cours-danglais\/","url":"https:\/\/abcformation1986.fr\/es\/cours-danglais\/","name":"Cours d'anglais - Centre de Formation ABC Franconville | FLE | TEF","isPartOf":{"@id":"https:\/\/abcformation1986.fr\/en\/#website"},"datePublished":"2023-12-13T13:06:03+00:00","dateModified":"2024-09-30T07:35:47+00:00","breadcrumb":{"@id":"https:\/\/abcformation1986.fr\/es\/cours-danglais\/#breadcrumb"},"inLanguage":"en-US","potentialAction":[{"@type":"ReadAction","target":["https:\/\/abcformation1986.fr\/es\/cours-danglais\/"]}]},{"@type":"BreadcrumbList","@id":"https:\/\/abcformation1986.fr\/es\/cours-danglais\/#breadcrumb","itemListElement":[{"@type":"ListItem","position":1,"name":"Home","item":"https:\/\/abcformation1986.fr\/en\/"},{"@type":"ListItem","position":2,"name":"Cours d&rsquo;anglais"}]},{"@type":"WebSite","@id":"https:\/\/abcformation1986.fr\/en\/#website","url":"https:\/\/abcformation1986.fr\/en\/","name":"Centre de Formation ABC Franconville | FLE | TEF","description":"Acteur historique de  la formation, de l\u2019insertion et de la  reconversion professionnelle depuis 1986","publisher":{"@id":"https:\/\/abcformation1986.fr\/en\/#organization"},"potentialAction":[{"@type":"SearchAction","target":{"@type":"EntryPoint","urlTemplate":"https:\/\/abcformation1986.fr\/en\/?s={search_term_string}"},"query-input":{"@type":"PropertyValueSpecification","valueRequired":true,"valueName":"search_term_string"}}],"inLanguage":"en-US"},{"@type":"Organization","@id":"https:\/\/abcformation1986.fr\/en\/#organization","name":"ABCFORMATION","url":"https:\/\/abcformation1986.fr\/en\/","logo":{"@type":"ImageObject","inLanguage":"en-US","@id":"https:\/\/abcformation1986.fr\/en\/#\/schema\/logo\/image\/","url":"https:\/\/abcformation1986.fr\/wp-content\/uploads\/2018\/11\/abclogo.png","contentUrl":"https:\/\/abcformation1986.fr\/wp-content\/uploads\/2018\/11\/abclogo.png","width":134,"height":82,"caption":"ABCFORMATION"},"image":{"@id":"https:\/\/abcformation1986.fr\/en\/#\/schema\/logo\/image\/"},"sameAs":["http:\/\/@abcformation","https:\/\/x.com\/abc_formation","http:\/\/abcformation1986"]}]}},"uagb_featured_image_src":{"full":false,"thumbnail":false,"medium":false,"medium_large":false,"large":false,"1536x1536":false,"2048x2048":false,"trp-custom-language-flag":false,"hala-full":false,"hala-medium":false,"hala-small":false,"hala-team":false,"hala-thumb":false,"woocommerce_thumbnail":false,"woocommerce_single":false,"woocommerce_gallery_thumbnail":false},"uagb_author_info":{"display_name":"abc formation","author_link":"http:\/\/abcformation1986.fr\/en\/author\/abcformation\/"},"uagb_comment_info":0,"uagb_excerpt":null,"jetpack_sharing_enabled":true,"_links":{"self":[{"href":"http:\/\/abcformation1986.fr\/en\/wp-json\/wp\/v2\/pages\/7186","targetHints":{"allow":["GET"]}}],"collection":[{"href":"http:\/\/abcformation1986.fr\/en\/wp-json\/wp\/v2\/pages"}],"about":[{"href":"http:\/\/abcformation1986.fr\/en\/wp-json\/wp\/v2\/types\/page"}],"author":[{"embeddable":true,"href":"http:\/\/abcformation1986.fr\/en\/wp-json\/wp\/v2\/users\/2"}],"replies":[{"embeddable":true,"href":"http:\/\/abcformation1986.fr\/en\/wp-json\/wp\/v2\/comments?post=7186"}],"version-history":[{"count":85,"href":"http:\/\/abcformation1986.fr\/en\/wp-json\/wp\/v2\/pages\/7186\/revisions"}],"predecessor-version":[{"id":9949,"href":"http:\/\/abcformation1986.fr\/en\/wp-json\/wp\/v2\/pages\/7186\/revisions\/9949"}],"wp:attachment":[{"href":"http:\/\/abcformation1986.fr\/en\/wp-json\/wp\/v2\/media?parent=7186"}],"curies":[{"name":"wp","href":"https:\/\/api.w.org\/{rel}","templated":true}]}}