{"id":6819,"date":"2023-10-03T09:01:06","date_gmt":"2023-10-03T09:01:06","guid":{"rendered":"https:\/\/abcformation1986.fr\/?page_id=6819"},"modified":"2024-10-17T12:36:45","modified_gmt":"2024-10-17T12:36:45","slug":"livret-stagiaire","status":"publish","type":"page","link":"http:\/\/abcformation1986.fr\/en\/livret-stagiaire\/","title":{"rendered":"Livret stagiaire"},"content":{"rendered":"<h2>You have just registered for a training session offered by our training organization and we thank you for that!<br \/>\nYou have just registered for a training session offered by our training organization and we thank you!\nFor your development and the quality of the progress of your training in person and\/or in virtual class, this Welcome Booklet informs you of our training intervention system. It allows you to know all the conditions and practical information as well as the educational and administrative conditions of your training. It allows you to easily find the logistical and technical solutions that have been put in place so that this special moment takes place in the best conditions. We do everything we can to ensure that the training meets your expectations and remain vigilant for your comfort during this period.\nBelow you will find the information necessary for the smooth running of your journey:<br \/>\nBelow you will find the information necessary for the smooth running of your journey:<br \/>\n<\/h2>\n<p>\t\t\t<a href=\"https:\/\/abcformation1986.fr\/wp-content\/uploads\/2024\/10\/Livret-du-stagiaires-2024.pdf\" role=\"button\"><br \/>\n\t\t\t\t\t\tDownload the trainee's handbook<br \/>\n\t\t\t\t\t<\/a><\/p>","protected":false},"excerpt":{"rendered":"<p>Vous venez de vous inscrire \u00e0 une session de formation propos\u00e9e par notre organisme de formation et nous vous en remercions ! Pour votre \u00e9panouissement et la qualit\u00e9 du d\u00e9roulement de votre formation en pr\u00e9sentiel et\/ ou en classe virtuelle, ce Livret d\u2019accueil vous informe de notre dispositif d\u2019intervention en formation. Il vous permet de [&hellip;]<\/p>","protected":false},"author":2,"featured_media":0,"parent":0,"menu_order":0,"comment_status":"closed","ping_status":"closed","template":"","meta":{"_uag_custom_page_level_css":"","footnotes":""},"class_list":["post-6819","page","type-page","status-publish","hentry"],"yoast_head":"<!-- This site is optimized with the Yoast SEO plugin v25.2 - https:\/\/yoast.com\/wordpress\/plugins\/seo\/ -->\n<title>Livret stagiaire - Centre de Formation ABC Franconville | FLE | TEF<\/title>\n<meta name=\"robots\" content=\"index, follow, max-snippet:-1, max-image-preview:large, max-video-preview:-1\" \/>\n<link rel=\"canonical\" href=\"http:\/\/abcformation1986.fr\/en\/livret-stagiaire\/\" \/>\n<meta property=\"og:locale\" content=\"en_US\" \/>\n<meta property=\"og:type\" content=\"article\" \/>\n<meta property=\"og:title\" content=\"Livret stagiaire - Centre de Formation ABC Franconville | FLE | TEF\" \/>\n<meta property=\"og:description\" content=\"Vous venez de vous inscrire \u00e0 une session de formation propos\u00e9e par notre organisme de formation et nous vous en remercions ! Pour votre \u00e9panouissement et la qualit\u00e9 du d\u00e9roulement de votre formation en pr\u00e9sentiel et\/ ou en classe virtuelle, ce Livret d\u2019accueil vous informe de notre dispositif d\u2019intervention en formation. Il vous permet de [&hellip;]\" \/>\n<meta property=\"og:url\" content=\"http:\/\/abcformation1986.fr\/en\/livret-stagiaire\/\" \/>\n<meta property=\"og:site_name\" content=\"Centre de Formation ABC Franconville | FLE | TEF\" \/>\n<meta property=\"article:publisher\" content=\"http:\/\/@abcformation\" \/>\n<meta property=\"article:modified_time\" content=\"2024-10-17T12:36:45+00:00\" \/>\n<meta name=\"twitter:card\" content=\"summary_large_image\" \/>\n<meta name=\"twitter:site\" content=\"@abc_formation\" \/>\n<meta name=\"twitter:label1\" content=\"Est. reading time\" \/>\n\t<meta name=\"twitter:data1\" content=\"1 minute\" \/>\n<script type=\"application\/ld+json\" class=\"yoast-schema-graph\">{\"@context\":\"https:\/\/schema.org\",\"@graph\":[{\"@type\":\"WebPage\",\"@id\":\"https:\/\/abcformation1986.fr\/livret-stagiaire\/\",\"url\":\"https:\/\/abcformation1986.fr\/livret-stagiaire\/\",\"name\":\"Livret stagiaire - Centre de Formation ABC Franconville | FLE | TEF\",\"isPartOf\":{\"@id\":\"https:\/\/abcformation1986.fr\/en\/#website\"},\"datePublished\":\"2023-10-03T09:01:06+00:00\",\"dateModified\":\"2024-10-17T12:36:45+00:00\",\"breadcrumb\":{\"@id\":\"https:\/\/abcformation1986.fr\/livret-stagiaire\/#breadcrumb\"},\"inLanguage\":\"en-US\",\"potentialAction\":[{\"@type\":\"ReadAction\",\"target\":[\"https:\/\/abcformation1986.fr\/livret-stagiaire\/\"]}]},{\"@type\":\"BreadcrumbList\",\"@id\":\"https:\/\/abcformation1986.fr\/livret-stagiaire\/#breadcrumb\",\"itemListElement\":[{\"@type\":\"ListItem\",\"position\":1,\"name\":\"Home\",\"item\":\"https:\/\/abcformation1986.fr\/en\/\"},{\"@type\":\"ListItem\",\"position\":2,\"name\":\"Livret stagiaire\"}]},{\"@type\":\"WebSite\",\"@id\":\"https:\/\/abcformation1986.fr\/en\/#website\",\"url\":\"https:\/\/abcformation1986.fr\/en\/\",\"name\":\"Centre de Formation ABC Franconville | FLE | TEF\",\"description\":\"Acteur historique de  la formation, de l\u2019insertion et de la  reconversion professionnelle depuis 1986\",\"publisher\":{\"@id\":\"https:\/\/abcformation1986.fr\/en\/#organization\"},\"potentialAction\":[{\"@type\":\"SearchAction\",\"target\":{\"@type\":\"EntryPoint\",\"urlTemplate\":\"https:\/\/abcformation1986.fr\/en\/?s={search_term_string}\"},\"query-input\":{\"@type\":\"PropertyValueSpecification\",\"valueRequired\":true,\"valueName\":\"search_term_string\"}}],\"inLanguage\":\"en-US\"},{\"@type\":\"Organization\",\"@id\":\"https:\/\/abcformation1986.fr\/en\/#organization\",\"name\":\"ABCFORMATION\",\"url\":\"https:\/\/abcformation1986.fr\/en\/\",\"logo\":{\"@type\":\"ImageObject\",\"inLanguage\":\"en-US\",\"@id\":\"https:\/\/abcformation1986.fr\/en\/#\/schema\/logo\/image\/\",\"url\":\"https:\/\/abcformation1986.fr\/wp-content\/uploads\/2018\/11\/abclogo.png\",\"contentUrl\":\"https:\/\/abcformation1986.fr\/wp-content\/uploads\/2018\/11\/abclogo.png\",\"width\":134,\"height\":82,\"caption\":\"ABCFORMATION\"},\"image\":{\"@id\":\"https:\/\/abcformation1986.fr\/en\/#\/schema\/logo\/image\/\"},\"sameAs\":[\"http:\/\/@abcformation\",\"https:\/\/x.com\/abc_formation\",\"http:\/\/abcformation1986\"]}]}<\/script>\n<!-- \/ Yoast SEO plugin. -->","yoast_head_json":{"title":"Livret stagiaire - Centre de Formation ABC Franconville | FLE | TEF","robots":{"index":"index","follow":"follow","max-snippet":"max-snippet:-1","max-image-preview":"max-image-preview:large","max-video-preview":"max-video-preview:-1"},"canonical":"http:\/\/abcformation1986.fr\/en\/livret-stagiaire\/","og_locale":"en_US","og_type":"article","og_title":"Livret stagiaire - Centre de Formation ABC Franconville | FLE | TEF","og_description":"Vous venez de vous inscrire \u00e0 une session de formation propos\u00e9e par notre organisme de formation et nous vous en remercions ! Pour votre \u00e9panouissement et la qualit\u00e9 du d\u00e9roulement de votre formation en pr\u00e9sentiel et\/ ou en classe virtuelle, ce Livret d\u2019accueil vous informe de notre dispositif d\u2019intervention en formation. Il vous permet de [&hellip;]","og_url":"http:\/\/abcformation1986.fr\/en\/livret-stagiaire\/","og_site_name":"Centre de Formation ABC Franconville | FLE | TEF","article_publisher":"http:\/\/@abcformation","article_modified_time":"2024-10-17T12:36:45+00:00","twitter_card":"summary_large_image","twitter_site":"@abc_formation","twitter_misc":{"Est. reading time":"1 minute"},"schema":{"@context":"https:\/\/schema.org","@graph":[{"@type":"WebPage","@id":"https:\/\/abcformation1986.fr\/livret-stagiaire\/","url":"https:\/\/abcformation1986.fr\/livret-stagiaire\/","name":"Livret stagiaire - Centre de Formation ABC Franconville | FLE | TEF","isPartOf":{"@id":"https:\/\/abcformation1986.fr\/en\/#website"},"datePublished":"2023-10-03T09:01:06+00:00","dateModified":"2024-10-17T12:36:45+00:00","breadcrumb":{"@id":"https:\/\/abcformation1986.fr\/livret-stagiaire\/#breadcrumb"},"inLanguage":"en-US","potentialAction":[{"@type":"ReadAction","target":["https:\/\/abcformation1986.fr\/livret-stagiaire\/"]}]},{"@type":"BreadcrumbList","@id":"https:\/\/abcformation1986.fr\/livret-stagiaire\/#breadcrumb","itemListElement":[{"@type":"ListItem","position":1,"name":"Home","item":"https:\/\/abcformation1986.fr\/en\/"},{"@type":"ListItem","position":2,"name":"Livret stagiaire"}]},{"@type":"WebSite","@id":"https:\/\/abcformation1986.fr\/en\/#website","url":"https:\/\/abcformation1986.fr\/en\/","name":"Centre de Formation ABC Franconville | FLE | TEF","description":"Acteur historique de  la formation, de l\u2019insertion et de la  reconversion professionnelle depuis 1986","publisher":{"@id":"https:\/\/abcformation1986.fr\/en\/#organization"},"potentialAction":[{"@type":"SearchAction","target":{"@type":"EntryPoint","urlTemplate":"https:\/\/abcformation1986.fr\/en\/?s={search_term_string}"},"query-input":{"@type":"PropertyValueSpecification","valueRequired":true,"valueName":"search_term_string"}}],"inLanguage":"en-US"},{"@type":"Organization","@id":"https:\/\/abcformation1986.fr\/en\/#organization","name":"ABCFORMATION","url":"https:\/\/abcformation1986.fr\/en\/","logo":{"@type":"ImageObject","inLanguage":"en-US","@id":"https:\/\/abcformation1986.fr\/en\/#\/schema\/logo\/image\/","url":"https:\/\/abcformation1986.fr\/wp-content\/uploads\/2018\/11\/abclogo.png","contentUrl":"https:\/\/abcformation1986.fr\/wp-content\/uploads\/2018\/11\/abclogo.png","width":134,"height":82,"caption":"ABCFORMATION"},"image":{"@id":"https:\/\/abcformation1986.fr\/en\/#\/schema\/logo\/image\/"},"sameAs":["http:\/\/@abcformation","https:\/\/x.com\/abc_formation","http:\/\/abcformation1986"]}]}},"uagb_featured_image_src":{"full":false,"thumbnail":false,"medium":false,"medium_large":false,"large":false,"1536x1536":false,"2048x2048":false,"trp-custom-language-flag":false,"hala-full":false,"hala-medium":false,"hala-small":false,"hala-team":false,"hala-thumb":false,"woocommerce_thumbnail":false,"woocommerce_single":false,"woocommerce_gallery_thumbnail":false},"uagb_author_info":{"display_name":"abc formation","author_link":"http:\/\/abcformation1986.fr\/en\/author\/abcformation\/"},"uagb_comment_info":0,"uagb_excerpt":"Vous venez de vous inscrire \u00e0 une session de formation propos\u00e9e par notre organisme de formation et nous vous en remercions ! Pour votre \u00e9panouissement et la qualit\u00e9 du d\u00e9roulement de votre formation en pr\u00e9sentiel et\/ ou en classe virtuelle, ce Livret d\u2019accueil vous informe de notre dispositif d\u2019intervention en formation. Il vous permet de&hellip;","jetpack_sharing_enabled":true,"_links":{"self":[{"href":"http:\/\/abcformation1986.fr\/en\/wp-json\/wp\/v2\/pages\/6819","targetHints":{"allow":["GET"]}}],"collection":[{"href":"http:\/\/abcformation1986.fr\/en\/wp-json\/wp\/v2\/pages"}],"about":[{"href":"http:\/\/abcformation1986.fr\/en\/wp-json\/wp\/v2\/types\/page"}],"author":[{"embeddable":true,"href":"http:\/\/abcformation1986.fr\/en\/wp-json\/wp\/v2\/users\/2"}],"replies":[{"embeddable":true,"href":"http:\/\/abcformation1986.fr\/en\/wp-json\/wp\/v2\/comments?post=6819"}],"version-history":[{"count":18,"href":"http:\/\/abcformation1986.fr\/en\/wp-json\/wp\/v2\/pages\/6819\/revisions"}],"predecessor-version":[{"id":10387,"href":"http:\/\/abcformation1986.fr\/en\/wp-json\/wp\/v2\/pages\/6819\/revisions\/10387"}],"wp:attachment":[{"href":"http:\/\/abcformation1986.fr\/en\/wp-json\/wp\/v2\/media?parent=6819"}],"curies":[{"name":"wp","href":"https:\/\/api.w.org\/{rel}","templated":true}]}}