{"id":4033,"date":"2021-10-27T12:53:02","date_gmt":"2021-10-27T12:53:02","guid":{"rendered":"https:\/\/abcformation1986.fr\/?page_id=4033"},"modified":"2024-10-12T14:51:11","modified_gmt":"2024-10-12T14:51:11","slug":"diplomes-et-tests-2","status":"publish","type":"page","link":"http:\/\/abcformation1986.fr\/en\/diplomes-et-tests-2\/","title":{"rendered":"Dipl\u00f4mes et tests"},"content":{"rendered":"<div class=\"vc_row wpb_row vc_row-fluid\">\n\t\t\t\t<div class=\"mo-vc-row-ovelay\" style=\"\"><\/div>\n\t\t\t\t<div class=\"container\"><div class=\"wpb_column vc_column_container vc_col-sm-12\"><div class=\"vc_column-inner\"><div class=\"wpb_wrapper\">\n\t<div class=\"wpb_raw_code wpb_content_element wpb_raw_html\" >\n\t\t<div class=\"wpb_wrapper\">\n\t\t\t<h2 style=\"color:#33cccc; text-align: center;\">Do you need to certify your level in French? <\/h2>\n<p style=\"text-align: justify;\">We are an official center for taking exams in French as a foreign language. You have the opportunity to take internationally recognized diplomas and certifications throughout the year.<\/p>\n<p>&nbsp;<\/p>\n\n<h2 style=\"color:#33cccc; text-align: center;\">Available Diplomas and Certifications:<\/h2>\n<h3 style=\"color:#33cccc; text-align: left;\">TEF (French Evaluation Test)<\/h3>\n<p style=\"text-align: justify;\">The TEF is an internationally recognized French language test that assesses your level of proficiency in French. It is often required for immigration, study, or work in French-speaking countries. There are different versions of the TEF, tailored to specific purposes, such as the TEF Canada, the TEF for naturalization, and the TEF for studies in France.<\/p>\n<p>&nbsp;<\/p>\n\n<h3 style=\"color:#33cccc; text-align: left;\">DFP (Professional French Diploma)<\/h3>\n<p style=\"text-align: justify;\">The DFP is designed to assess and certify French language skills in a professional context. Levels A2, B1, B2, C1, and C2 of the Common European Framework of Reference for Languages \u200b\u200b(CEFR) are available, covering various specializations such as business, tourism, and health.<\/p>\n<p>&nbsp;<\/p>\n\n<h3 style=\"color:#33cccc; text-align: left;\">CLOE (Oral and Written Language Skills)<\/h3>\n<p style=\"text-align: justify;\">The CLOE is a certification that assesses oral and written skills in French, particularly suited to professional needs. It is recognized for its reliability and flexibility, offering an accurate assessment of language skills in various professional contexts.\n<\/p>\n<p>&nbsp;<\/p>\n\n<h3 style=\"color:#33cccc; text-align: left;\">Why Choose Our Center?<\/h3>\n<ul style=\"text-align: justify;\">\n<li>Date Flexibility: Exams are available throughout the year, allowing you to choose a date that suits you best.<\/li>\n<li>International Recognition: TEF, DFP, and CLOE certifications are internationally recognized, increasing your academic and professional opportunities.<\/li>\n<li>Personalized Preparation: We offer preparation sessions to help you maximize your chances of success.<\/li>\n<\/ul>\n<p>&nbsp;<\/p>\n\n<h3 style=\"color:#33cccc; text-align: left;\">How to Register?<\/h3>\n<ul style=\"text-align: justify;\">\n<li>Contact us: For more information on available dates and registration procedures.<\/li>\n<li>Prepare your Documents: Make sure you have all the necessary documents, such as your identity document and, if applicable, your residence permit.<\/li>\n<li>Register: Complete our registration form and choose your exam date.<\/li>\n<\/ul>\n<p>&nbsp;<\/p>\n<h3 style=\"color:#33cccc; text-align: center;\">If you have any questions or would like to begin your registration, please do not hesitate to contact us. We are here to assist you in your French language certification process.<\/h3>\n\t\t<\/div>\n\t<\/div>\n<\/div><\/div><\/div>\t<\/div>\n\t\t\t<\/div>","protected":false},"excerpt":{"rendered":"Vous Avez Besoin de Certifier Votre Niveau en Fran\u00e7ais ? Nous sommes un centre officiel pour la passation des examens en fran\u00e7ais langue \u00e9trang\u00e8re. Vous avez la possibilit\u00e9 de passer tout au long de l\u2019ann\u00e9e des dipl\u00f4mes et certifications reconnus sur le plan international. &nbsp; Dipl\u00f4mes et Certifications Disponibles : TEF (Test d'\u00c9valuation de Fran\u00e7ais) [...]","protected":false},"author":2,"featured_media":0,"parent":0,"menu_order":0,"comment_status":"closed","ping_status":"closed","template":"","meta":{"_uag_custom_page_level_css":"","footnotes":""},"class_list":["post-4033","page","type-page","status-publish","hentry"],"yoast_head":"<!-- This site is optimized with the Yoast SEO plugin v25.2 - https:\/\/yoast.com\/wordpress\/plugins\/seo\/ -->\n<title>Dipl\u00f4mes et tests - Centre de Formation ABC Franconville | FLE | TEF<\/title>\n<meta name=\"robots\" content=\"index, follow, max-snippet:-1, max-image-preview:large, max-video-preview:-1\" \/>\n<link rel=\"canonical\" href=\"http:\/\/abcformation1986.fr\/en\/diplomes-et-tests-2\/\" \/>\n<meta property=\"og:locale\" content=\"en_US\" \/>\n<meta property=\"og:type\" content=\"article\" \/>\n<meta property=\"og:title\" content=\"Dipl\u00f4mes et tests - Centre de Formation ABC Franconville | FLE | TEF\" \/>\n<meta property=\"og:url\" content=\"http:\/\/abcformation1986.fr\/en\/diplomes-et-tests-2\/\" \/>\n<meta property=\"og:site_name\" content=\"Centre de Formation ABC Franconville | FLE | TEF\" \/>\n<meta property=\"article:publisher\" content=\"http:\/\/@abcformation\" \/>\n<meta property=\"article:modified_time\" content=\"2024-10-12T14:51:11+00:00\" \/>\n<meta name=\"twitter:card\" content=\"summary_large_image\" \/>\n<meta name=\"twitter:site\" content=\"@abc_formation\" \/>\n<meta name=\"twitter:label1\" content=\"Est. reading time\" \/>\n\t<meta name=\"twitter:data1\" content=\"1 minute\" \/>\n<script type=\"application\/ld+json\" class=\"yoast-schema-graph\">{\"@context\":\"https:\/\/schema.org\",\"@graph\":[{\"@type\":\"WebPage\",\"@id\":\"https:\/\/abcformation1986.fr\/diplomes-et-tests-2\/\",\"url\":\"https:\/\/abcformation1986.fr\/diplomes-et-tests-2\/\",\"name\":\"Dipl\u00f4mes et tests - Centre de Formation ABC Franconville | FLE | TEF\",\"isPartOf\":{\"@id\":\"https:\/\/abcformation1986.fr\/en\/#website\"},\"datePublished\":\"2021-10-27T12:53:02+00:00\",\"dateModified\":\"2024-10-12T14:51:11+00:00\",\"breadcrumb\":{\"@id\":\"https:\/\/abcformation1986.fr\/diplomes-et-tests-2\/#breadcrumb\"},\"inLanguage\":\"en-US\",\"potentialAction\":[{\"@type\":\"ReadAction\",\"target\":[\"https:\/\/abcformation1986.fr\/diplomes-et-tests-2\/\"]}]},{\"@type\":\"BreadcrumbList\",\"@id\":\"https:\/\/abcformation1986.fr\/diplomes-et-tests-2\/#breadcrumb\",\"itemListElement\":[{\"@type\":\"ListItem\",\"position\":1,\"name\":\"Home\",\"item\":\"https:\/\/abcformation1986.fr\/en\/\"},{\"@type\":\"ListItem\",\"position\":2,\"name\":\"Dipl\u00f4mes et tests\"}]},{\"@type\":\"WebSite\",\"@id\":\"https:\/\/abcformation1986.fr\/en\/#website\",\"url\":\"https:\/\/abcformation1986.fr\/en\/\",\"name\":\"Centre de Formation ABC Franconville | FLE | TEF\",\"description\":\"Acteur historique de  la formation, de l\u2019insertion et de la  reconversion professionnelle depuis 1986\",\"publisher\":{\"@id\":\"https:\/\/abcformation1986.fr\/en\/#organization\"},\"potentialAction\":[{\"@type\":\"SearchAction\",\"target\":{\"@type\":\"EntryPoint\",\"urlTemplate\":\"https:\/\/abcformation1986.fr\/en\/?s={search_term_string}\"},\"query-input\":{\"@type\":\"PropertyValueSpecification\",\"valueRequired\":true,\"valueName\":\"search_term_string\"}}],\"inLanguage\":\"en-US\"},{\"@type\":\"Organization\",\"@id\":\"https:\/\/abcformation1986.fr\/en\/#organization\",\"name\":\"ABCFORMATION\",\"url\":\"https:\/\/abcformation1986.fr\/en\/\",\"logo\":{\"@type\":\"ImageObject\",\"inLanguage\":\"en-US\",\"@id\":\"https:\/\/abcformation1986.fr\/en\/#\/schema\/logo\/image\/\",\"url\":\"https:\/\/abcformation1986.fr\/wp-content\/uploads\/2018\/11\/abclogo.png\",\"contentUrl\":\"https:\/\/abcformation1986.fr\/wp-content\/uploads\/2018\/11\/abclogo.png\",\"width\":134,\"height\":82,\"caption\":\"ABCFORMATION\"},\"image\":{\"@id\":\"https:\/\/abcformation1986.fr\/en\/#\/schema\/logo\/image\/\"},\"sameAs\":[\"http:\/\/@abcformation\",\"https:\/\/x.com\/abc_formation\",\"http:\/\/abcformation1986\"]}]}<\/script>\n<!-- \/ Yoast SEO plugin. -->","yoast_head_json":{"title":"Dipl\u00f4mes et tests - Centre de Formation ABC Franconville | FLE | TEF","robots":{"index":"index","follow":"follow","max-snippet":"max-snippet:-1","max-image-preview":"max-image-preview:large","max-video-preview":"max-video-preview:-1"},"canonical":"http:\/\/abcformation1986.fr\/en\/diplomes-et-tests-2\/","og_locale":"en_US","og_type":"article","og_title":"Dipl\u00f4mes et tests - Centre de Formation ABC Franconville | FLE | TEF","og_url":"http:\/\/abcformation1986.fr\/en\/diplomes-et-tests-2\/","og_site_name":"Centre de Formation ABC Franconville | FLE | TEF","article_publisher":"http:\/\/@abcformation","article_modified_time":"2024-10-12T14:51:11+00:00","twitter_card":"summary_large_image","twitter_site":"@abc_formation","twitter_misc":{"Est. reading time":"1 minute"},"schema":{"@context":"https:\/\/schema.org","@graph":[{"@type":"WebPage","@id":"https:\/\/abcformation1986.fr\/diplomes-et-tests-2\/","url":"https:\/\/abcformation1986.fr\/diplomes-et-tests-2\/","name":"Dipl\u00f4mes et tests - Centre de Formation ABC Franconville | FLE | TEF","isPartOf":{"@id":"https:\/\/abcformation1986.fr\/en\/#website"},"datePublished":"2021-10-27T12:53:02+00:00","dateModified":"2024-10-12T14:51:11+00:00","breadcrumb":{"@id":"https:\/\/abcformation1986.fr\/diplomes-et-tests-2\/#breadcrumb"},"inLanguage":"en-US","potentialAction":[{"@type":"ReadAction","target":["https:\/\/abcformation1986.fr\/diplomes-et-tests-2\/"]}]},{"@type":"BreadcrumbList","@id":"https:\/\/abcformation1986.fr\/diplomes-et-tests-2\/#breadcrumb","itemListElement":[{"@type":"ListItem","position":1,"name":"Home","item":"https:\/\/abcformation1986.fr\/en\/"},{"@type":"ListItem","position":2,"name":"Dipl\u00f4mes et tests"}]},{"@type":"WebSite","@id":"https:\/\/abcformation1986.fr\/en\/#website","url":"https:\/\/abcformation1986.fr\/en\/","name":"Centre de Formation ABC Franconville | FLE | TEF","description":"Acteur historique de  la formation, de l\u2019insertion et de la  reconversion professionnelle depuis 1986","publisher":{"@id":"https:\/\/abcformation1986.fr\/en\/#organization"},"potentialAction":[{"@type":"SearchAction","target":{"@type":"EntryPoint","urlTemplate":"https:\/\/abcformation1986.fr\/en\/?s={search_term_string}"},"query-input":{"@type":"PropertyValueSpecification","valueRequired":true,"valueName":"search_term_string"}}],"inLanguage":"en-US"},{"@type":"Organization","@id":"https:\/\/abcformation1986.fr\/en\/#organization","name":"ABCFORMATION","url":"https:\/\/abcformation1986.fr\/en\/","logo":{"@type":"ImageObject","inLanguage":"en-US","@id":"https:\/\/abcformation1986.fr\/en\/#\/schema\/logo\/image\/","url":"https:\/\/abcformation1986.fr\/wp-content\/uploads\/2018\/11\/abclogo.png","contentUrl":"https:\/\/abcformation1986.fr\/wp-content\/uploads\/2018\/11\/abclogo.png","width":134,"height":82,"caption":"ABCFORMATION"},"image":{"@id":"https:\/\/abcformation1986.fr\/en\/#\/schema\/logo\/image\/"},"sameAs":["http:\/\/@abcformation","https:\/\/x.com\/abc_formation","http:\/\/abcformation1986"]}]}},"uagb_featured_image_src":{"full":false,"thumbnail":false,"medium":false,"medium_large":false,"large":false,"1536x1536":false,"2048x2048":false,"trp-custom-language-flag":false,"hala-full":false,"hala-medium":false,"hala-small":false,"hala-team":false,"hala-thumb":false,"woocommerce_thumbnail":false,"woocommerce_single":false,"woocommerce_gallery_thumbnail":false},"uagb_author_info":{"display_name":"abc formation","author_link":"http:\/\/abcformation1986.fr\/en\/author\/abcformation\/"},"uagb_comment_info":0,"uagb_excerpt":null,"jetpack_sharing_enabled":true,"_links":{"self":[{"href":"http:\/\/abcformation1986.fr\/en\/wp-json\/wp\/v2\/pages\/4033","targetHints":{"allow":["GET"]}}],"collection":[{"href":"http:\/\/abcformation1986.fr\/en\/wp-json\/wp\/v2\/pages"}],"about":[{"href":"http:\/\/abcformation1986.fr\/en\/wp-json\/wp\/v2\/types\/page"}],"author":[{"embeddable":true,"href":"http:\/\/abcformation1986.fr\/en\/wp-json\/wp\/v2\/users\/2"}],"replies":[{"embeddable":true,"href":"http:\/\/abcformation1986.fr\/en\/wp-json\/wp\/v2\/comments?post=4033"}],"version-history":[{"count":4,"href":"http:\/\/abcformation1986.fr\/en\/wp-json\/wp\/v2\/pages\/4033\/revisions"}],"predecessor-version":[{"id":10354,"href":"http:\/\/abcformation1986.fr\/en\/wp-json\/wp\/v2\/pages\/4033\/revisions\/10354"}],"wp:attachment":[{"href":"http:\/\/abcformation1986.fr\/en\/wp-json\/wp\/v2\/media?parent=4033"}],"curies":[{"name":"wp","href":"https:\/\/api.w.org\/{rel}","templated":true}]}}