{"id":3744,"date":"2021-09-10T07:35:13","date_gmt":"2021-09-10T07:35:13","guid":{"rendered":"https:\/\/abcformation1986.fr\/?page_id=3744"},"modified":"2024-07-26T13:23:25","modified_gmt":"2024-07-26T13:23:25","slug":"reglement-interieur-stagaire","status":"publish","type":"page","link":"http:\/\/abcformation1986.fr\/en\/reglement-interieur-stagaire\/","title":{"rendered":"R\u00e8glement int\u00e9rieur stagaire"},"content":{"rendered":"<div class=\"vc_row wpb_row vc_row-fluid\">\n\t\t\t\t<div class=\"mo-vc-row-ovelay\" style=\"\"><\/div>\n\t\t\t\t<div class=\"container\"><div class=\"wpb_column vc_column_container vc_col-sm-10\"><div class=\"vc_column-inner\"><div class=\"wpb_wrapper\">\n\t<div class=\"wpb_text_column wpb_content_element\" >\n\t\t<div class=\"wpb_wrapper\">\n\t\t\t<h2 style=\"text-align: center;\"><span style=\"color: #33cccc;\">Discover our Intern Internal Rules\u00a0<\/span><\/h2>\n<p style=\"text-align: justify;\"><strong><em>These regulations must be read, dated and signed by the trainee. He will become aware of it before entering the internship and must comply with it throughout the duration of the action.<\/em><\/strong><\/p>\n<p><span style=\"color: #33cccc;\"><strong>ARTICLE 1<\/strong><\/span><\/p>\n<p style=\"text-align: justify;\">Trainees are required to respect the training schedules set by the training center and brought to their attention either by invitation, when the schedule is submitted, or by email by the trainer or the head of the educational organization.<\/p>\n<p><span style=\"color: #33cccc;\"><strong>ARTICLE 2<\/strong><\/span><\/p>\n<p style=\"text-align: justify;\">The training center opening hours are 9 a.m. to 12 p.m. and 1:30 p.m. to 5 p.m.<\/p>\n<p><span style=\"color: #33cccc;\"><strong>ARTICLE 3<\/strong><\/span><br \/>\nA break of 1\/4 hour in the morning and 1\/4 hour in the afternoon are scheduled during the training day.<\/p>\n<p><span style=\"color: #33cccc;\"><strong>ARTICLE 4<\/strong><\/span><\/p>\n<p style=\"text-align: justify;\">Any person not registered for an internship is prohibited in the center, on outdoor construction sites and during in-company internships.<\/p>\n<p><span style=\"color: #33cccc;\"><strong>ARTICLE 5<\/strong><\/span><\/p>\n<p style=\"text-align: justify;\">Proper and decent attire is required. Any signs of belonging to a religious group (veil, cross, etc.), political or otherwise, will not be tolerated within the training center or during company internships.<\/p>\n<p><strong>In particular, the following are prohibited:<\/strong><\/p>\n<p style=\"text-align: justify;\">Clothing with holes or slogans inciting hatred, racism and the consumption of illicit products,<\/p>\n<p><span style=\"color: #33cccc;\"><strong>ARTICLE 6<\/strong><\/span><\/p>\n<p>To justify the attendance of trainees, an attendance sheet must be signed each half-day.<\/p>\n<p style=\"text-align: justify;\">6.1 In the event of absence, the trainee must notify the internship manager or the organization's secretariat no later than 48 hours in advance and provide proof.<\/p>\n<p style=\"text-align: justify;\">6.2 Any unjustified absence constitutes an offense liable to sanctions and will result in invoicing to the learner or their company.<\/p>\n<p style=\"text-align: justify;\">6.3 For interns seeking employment, paid by the state or region, any unjustified absence will result in withholding of remuneration proportional to the duration of the absence. In the event of repetitive or unjustified delays or absences, sanctions will be taken by the trainer.<\/p>\n<p><span style=\"color: #33cccc;\"><strong>ARTICLE 7<\/strong><\/span><\/p>\n<p style=\"text-align: justify;\">Repeated delays constitute an offense punishable by sanctions and may result in the deduction of one day's salary for job-seeking interns, paid by the state or region.<\/p>\n<p><span style=\"color: #33cccc;\"><strong>ARTICLE 8<\/strong><\/span><\/p>\n<p style=\"text-align: justify;\">Illness Absences due to illness must be justified by a medical certificate stating the probable duration of incapacity, within 48 hours of the start of the absence. Any extension of the work stoppage must be reported in good time.<\/p>\n<p><span style=\"color: #33cccc;\"><strong>ARTICLE 9<\/strong><\/span><\/p>\n<p style=\"text-align: justify;\">Provocative attitudes, breaches of security obligations, behavior likely to put pressure on other learners, disrupt the progress of teaching activities or disturb order in the establishment are prohibited. Learners must respect the rules of politeness and courtesy among themselves and towards all establishment staff and visitors.<\/p>\n<p style=\"text-align: justify;\">They must refrain in the establishment and its surroundings from any manifestations of aggression, violence or affection between them which would deviate from relations of strict camaraderie. Any sexual assault as defined in articles 222-22 to 222- of the new penal code may be the subject of information or a complaint to the judicial authorities. The same will apply to all facts falling within the scope of Articles 434-1 et seq. of the new penal code.<\/p>\n<p><span style=\"color: #33cccc;\"><strong>ARTICLE 10<\/strong><\/span><\/p>\n<p>The use of alcohol or any other drugs is prohibited in the center, workshops, modules or during company internships.<\/p>\n<p><span style=\"color: #33cccc;\"><strong>ARTICLE 11<\/strong><\/span><\/p>\n<p>Smoking is prohibited in the training center and in the classrooms.<br \/>\nProcedure<br \/>\n11.1 The trainee against whom the director of the organization plans to take a sanction will be summoned to an interview by registered letter or delivered against discharge. During the interview and the disciplinary council, the trainee can be assisted by a person of his choice, trainee or employee of the training organization.<br \/>\n11.2 Notification The sanction is the subject of a written and reasoned decision, notified to the interested party in the form of a registered letter or delivered against discharge within 15 days following the disciplinary council.<br \/>\nFurthermore, the management of the center will inform the company which pays the intern as well as the sponsors of the internship of the sanction taken against the intern.<\/p>\n<p><span style=\"color: #33cccc;\"><strong>ARTICLE 12<\/strong><\/span><\/p>\n<p>The telephone and the use of the Internet are exclusively reserved for job searching.<\/p>\n<p>6.1 No communication from outside may be transmitted to trainees except in urgent and serious cases.<\/p>\n<p style=\"text-align: justify;\">12.2 Les t\u00e9l\u00e9phones cellulaires devront \u00eatre \u00e9teints pendant les heures de formation et hors de port\u00e9e de l\u2019apprenant pendant les passages de certifications<\/p>\n<p><span style=\"color: #33cccc;\"><strong>ARTICLE 13<\/strong><\/span><\/p>\n<p style=\"text-align: justify;\">Safeguarding property and premises Tools, machines and computer systems must only be used as part of training and under the supervision of trainers.<\/p>\n<p>7.1Each trainee is personally responsible for the equipment he uses or that the organization entrusts to him.<\/p>\n<p style=\"text-align: justify;\">7.2The loss or deterioration of the materials used may be considered a fault and must be brought to the attention of management who will take the necessary measures.<\/p>\n<p><span style=\"color: #33cccc;\"><strong>ARTICLE 14<\/strong><\/span><\/p>\n<p style=\"text-align: justify;\">Fire Any anomaly, accident or fire must be reported to the trainers, the secretariat or the management.<\/p>\n<p style=\"text-align: justify;\">The fire warning and safety devices are displayed in the various premises of the organization so that they are known to all trainees.<\/p>\n<p><span style=\"color: #33cccc;\"><strong>ARTICLE 15<\/strong><\/span><\/p>\n<p style=\"text-align: justify;\">Interns are recommended to keep their papers and money with them and not to leave valuable objects unattended on the premises. ABC FORMATION declines all responsibility in the event of theft.<\/p>\n<p><span style=\"color: #33cccc;\"><strong>ARTICLE 16<\/strong><\/span><\/p>\n<p>Compliance with the rules and protocols in force within the training center to combat the spread of the COVID-19 virus<\/p>\n<p><span style=\"color: #33cccc;\"><strong>ARTICLE 17<\/strong><\/span><\/p>\n<p style=\"text-align: justify;\">Parking Trainee vehicles must be parked in the organization's parking areas, respecting prohibited or reserved parking.<\/p>\n<p><span style=\"color: #33cccc;\"><strong>ARTICLE 18<\/strong><\/span><\/p>\n<p style=\"text-align: justify;\">Under no circumstances should a learner leave the establishment on their own initiative outside of scheduled hours. Any outing outside of these planned hours can only be carried out after authorization from the Center Director or the educational manager.<\/p>\n<p><span style=\"color: #33cccc;\"><strong>ARTICLE 19<\/strong><\/span><\/p>\n<p>The progression of sanctions in the event of non-compliance with articles 1 to 9 is:<\/p>\n<ol style=\"line-height: 25px;\">\n<li>Written invitation,<\/li>\n<li>Interview with the Center Director,<\/li>\n<li>Written notice,<\/li>\n<li>Temporary exclusion,<\/li>\n<li>Permanent exclusion<\/li>\n<\/ol>\n\n\t\t<\/div>\n\t<\/div>\n<\/div><\/div><\/div><div class=\"wpb_column vc_column_container vc_col-sm-2\"><div class=\"vc_column-inner\"><div class=\"wpb_wrapper\">\n\t<div  class=\"wpb_single_image wpb_content_element vc_align_right  wpb_animate_when_almost_visible wpb_bounceInRight bounceInRight\">\n\t\t\n\t\t<figure class=\"wpb_wrapper vc_figure\">\n\t\t\t<div class=\"vc_single_image-wrapper vc_box_shadow  vc_box_border_grey\"><img loading=\"lazy\" decoding=\"async\" width=\"300\" height=\"181\" src=\"http:\/\/abcformation1986.fr\/wp-content\/uploads\/2022\/04\/Label_FLE_RF_qualiopi-003-e1650633417324.jpg\" class=\"vc_single_image-img attachment-full\" alt=\"\" \/><\/div>\n\t\t<\/figure>\n\t<\/div>\n<\/div><\/div><\/div>\t<\/div>\n\t\t\t<\/div>","protected":false},"excerpt":{"rendered":"D\u00e9couvrez notre R\u00e8glement Int\u00e9rieur Stagiaire\u00a0 Ce r\u00e8glement devra \u00eatre lu, dat\u00e9 et sign\u00e9 par le stagiaire. Il en prendra connaissance avant son entr\u00e9e en stage et devra s'y conformer pendant toute la dur\u00e9e de l'action. ARTICLE 1 Les stagiaires sont tenus de respecter les horaires de stage fix\u00e9s par le centre de formation et port\u00e9 [...]","protected":false},"author":2,"featured_media":0,"parent":0,"menu_order":0,"comment_status":"closed","ping_status":"closed","template":"","meta":{"_uag_custom_page_level_css":"","footnotes":""},"class_list":["post-3744","page","type-page","status-publish","hentry"],"yoast_head":"<!-- This site is optimized with the Yoast SEO plugin v25.2 - https:\/\/yoast.com\/wordpress\/plugins\/seo\/ -->\n<title>R\u00e8glement int\u00e9rieur stagaire - Centre de Formation ABC Franconville | FLE | TEF<\/title>\n<meta name=\"robots\" content=\"index, follow, max-snippet:-1, max-image-preview:large, max-video-preview:-1\" \/>\n<link rel=\"canonical\" href=\"https:\/\/abcformation1986.fr\/en\/reglement-interieur-stagaire\/\" \/>\n<meta property=\"og:locale\" content=\"en_US\" \/>\n<meta property=\"og:type\" content=\"article\" \/>\n<meta property=\"og:title\" content=\"R\u00e8glement int\u00e9rieur stagaire - Centre de Formation ABC Franconville | FLE | TEF\" \/>\n<meta property=\"og:url\" content=\"https:\/\/abcformation1986.fr\/en\/reglement-interieur-stagaire\/\" \/>\n<meta property=\"og:site_name\" content=\"Centre de Formation ABC Franconville | FLE | TEF\" \/>\n<meta property=\"article:publisher\" content=\"http:\/\/@abcformation\" \/>\n<meta property=\"article:modified_time\" content=\"2024-07-26T13:23:25+00:00\" \/>\n<meta name=\"twitter:card\" content=\"summary_large_image\" \/>\n<meta name=\"twitter:site\" content=\"@abc_formation\" \/>\n<meta name=\"twitter:label1\" content=\"Est. reading time\" \/>\n\t<meta name=\"twitter:data1\" content=\"6 minutes\" \/>\n<script type=\"application\/ld+json\" class=\"yoast-schema-graph\">{\"@context\":\"https:\/\/schema.org\",\"@graph\":[{\"@type\":\"WebPage\",\"@id\":\"https:\/\/abcformation1986.fr\/es\/reglement-interieur-stagaire\/\",\"url\":\"https:\/\/abcformation1986.fr\/es\/reglement-interieur-stagaire\/\",\"name\":\"R\u00e8glement int\u00e9rieur stagaire - Centre de Formation ABC Franconville | FLE | TEF\",\"isPartOf\":{\"@id\":\"https:\/\/abcformation1986.fr\/en\/#website\"},\"datePublished\":\"2021-09-10T07:35:13+00:00\",\"dateModified\":\"2024-07-26T13:23:25+00:00\",\"breadcrumb\":{\"@id\":\"https:\/\/abcformation1986.fr\/es\/reglement-interieur-stagaire\/#breadcrumb\"},\"inLanguage\":\"en-US\",\"potentialAction\":[{\"@type\":\"ReadAction\",\"target\":[\"https:\/\/abcformation1986.fr\/es\/reglement-interieur-stagaire\/\"]}]},{\"@type\":\"BreadcrumbList\",\"@id\":\"https:\/\/abcformation1986.fr\/es\/reglement-interieur-stagaire\/#breadcrumb\",\"itemListElement\":[{\"@type\":\"ListItem\",\"position\":1,\"name\":\"Home\",\"item\":\"https:\/\/abcformation1986.fr\/en\/\"},{\"@type\":\"ListItem\",\"position\":2,\"name\":\"R\u00e8glement int\u00e9rieur stagaire\"}]},{\"@type\":\"WebSite\",\"@id\":\"https:\/\/abcformation1986.fr\/en\/#website\",\"url\":\"https:\/\/abcformation1986.fr\/en\/\",\"name\":\"Centre de Formation ABC Franconville | FLE | TEF\",\"description\":\"Acteur historique de  la formation, de l\u2019insertion et de la  reconversion professionnelle depuis 1986\",\"publisher\":{\"@id\":\"https:\/\/abcformation1986.fr\/en\/#organization\"},\"potentialAction\":[{\"@type\":\"SearchAction\",\"target\":{\"@type\":\"EntryPoint\",\"urlTemplate\":\"https:\/\/abcformation1986.fr\/en\/?s={search_term_string}\"},\"query-input\":{\"@type\":\"PropertyValueSpecification\",\"valueRequired\":true,\"valueName\":\"search_term_string\"}}],\"inLanguage\":\"en-US\"},{\"@type\":\"Organization\",\"@id\":\"https:\/\/abcformation1986.fr\/en\/#organization\",\"name\":\"ABCFORMATION\",\"url\":\"https:\/\/abcformation1986.fr\/en\/\",\"logo\":{\"@type\":\"ImageObject\",\"inLanguage\":\"en-US\",\"@id\":\"https:\/\/abcformation1986.fr\/en\/#\/schema\/logo\/image\/\",\"url\":\"https:\/\/abcformation1986.fr\/wp-content\/uploads\/2018\/11\/abclogo.png\",\"contentUrl\":\"https:\/\/abcformation1986.fr\/wp-content\/uploads\/2018\/11\/abclogo.png\",\"width\":134,\"height\":82,\"caption\":\"ABCFORMATION\"},\"image\":{\"@id\":\"https:\/\/abcformation1986.fr\/en\/#\/schema\/logo\/image\/\"},\"sameAs\":[\"http:\/\/@abcformation\",\"https:\/\/x.com\/abc_formation\",\"http:\/\/abcformation1986\"]}]}<\/script>\n<!-- \/ Yoast SEO plugin. -->","yoast_head_json":{"title":"R\u00e8glement int\u00e9rieur stagaire - Centre de Formation ABC Franconville | FLE | TEF","robots":{"index":"index","follow":"follow","max-snippet":"max-snippet:-1","max-image-preview":"max-image-preview:large","max-video-preview":"max-video-preview:-1"},"canonical":"https:\/\/abcformation1986.fr\/en\/reglement-interieur-stagaire\/","og_locale":"en_US","og_type":"article","og_title":"R\u00e8glement int\u00e9rieur stagaire - Centre de Formation ABC Franconville | FLE | TEF","og_url":"https:\/\/abcformation1986.fr\/en\/reglement-interieur-stagaire\/","og_site_name":"Centre de Formation ABC Franconville | FLE | TEF","article_publisher":"http:\/\/@abcformation","article_modified_time":"2024-07-26T13:23:25+00:00","twitter_card":"summary_large_image","twitter_site":"@abc_formation","twitter_misc":{"Est. reading time":"6 minutes"},"schema":{"@context":"https:\/\/schema.org","@graph":[{"@type":"WebPage","@id":"https:\/\/abcformation1986.fr\/es\/reglement-interieur-stagaire\/","url":"https:\/\/abcformation1986.fr\/es\/reglement-interieur-stagaire\/","name":"R\u00e8glement int\u00e9rieur stagaire - Centre de Formation ABC Franconville | FLE | TEF","isPartOf":{"@id":"https:\/\/abcformation1986.fr\/en\/#website"},"datePublished":"2021-09-10T07:35:13+00:00","dateModified":"2024-07-26T13:23:25+00:00","breadcrumb":{"@id":"https:\/\/abcformation1986.fr\/es\/reglement-interieur-stagaire\/#breadcrumb"},"inLanguage":"en-US","potentialAction":[{"@type":"ReadAction","target":["https:\/\/abcformation1986.fr\/es\/reglement-interieur-stagaire\/"]}]},{"@type":"BreadcrumbList","@id":"https:\/\/abcformation1986.fr\/es\/reglement-interieur-stagaire\/#breadcrumb","itemListElement":[{"@type":"ListItem","position":1,"name":"Home","item":"https:\/\/abcformation1986.fr\/en\/"},{"@type":"ListItem","position":2,"name":"R\u00e8glement int\u00e9rieur stagaire"}]},{"@type":"WebSite","@id":"https:\/\/abcformation1986.fr\/en\/#website","url":"https:\/\/abcformation1986.fr\/en\/","name":"Centre de Formation ABC Franconville | FLE | TEF","description":"Acteur historique de  la formation, de l\u2019insertion et de la  reconversion professionnelle depuis 1986","publisher":{"@id":"https:\/\/abcformation1986.fr\/en\/#organization"},"potentialAction":[{"@type":"SearchAction","target":{"@type":"EntryPoint","urlTemplate":"https:\/\/abcformation1986.fr\/en\/?s={search_term_string}"},"query-input":{"@type":"PropertyValueSpecification","valueRequired":true,"valueName":"search_term_string"}}],"inLanguage":"en-US"},{"@type":"Organization","@id":"https:\/\/abcformation1986.fr\/en\/#organization","name":"ABCFORMATION","url":"https:\/\/abcformation1986.fr\/en\/","logo":{"@type":"ImageObject","inLanguage":"en-US","@id":"https:\/\/abcformation1986.fr\/en\/#\/schema\/logo\/image\/","url":"https:\/\/abcformation1986.fr\/wp-content\/uploads\/2018\/11\/abclogo.png","contentUrl":"https:\/\/abcformation1986.fr\/wp-content\/uploads\/2018\/11\/abclogo.png","width":134,"height":82,"caption":"ABCFORMATION"},"image":{"@id":"https:\/\/abcformation1986.fr\/en\/#\/schema\/logo\/image\/"},"sameAs":["http:\/\/@abcformation","https:\/\/x.com\/abc_formation","http:\/\/abcformation1986"]}]}},"uagb_featured_image_src":{"full":false,"thumbnail":false,"medium":false,"medium_large":false,"large":false,"1536x1536":false,"2048x2048":false,"trp-custom-language-flag":false,"hala-full":false,"hala-medium":false,"hala-small":false,"hala-team":false,"hala-thumb":false,"woocommerce_thumbnail":false,"woocommerce_single":false,"woocommerce_gallery_thumbnail":false},"uagb_author_info":{"display_name":"abc formation","author_link":"http:\/\/abcformation1986.fr\/en\/author\/abcformation\/"},"uagb_comment_info":0,"uagb_excerpt":null,"jetpack_sharing_enabled":true,"_links":{"self":[{"href":"http:\/\/abcformation1986.fr\/en\/wp-json\/wp\/v2\/pages\/3744","targetHints":{"allow":["GET"]}}],"collection":[{"href":"http:\/\/abcformation1986.fr\/en\/wp-json\/wp\/v2\/pages"}],"about":[{"href":"http:\/\/abcformation1986.fr\/en\/wp-json\/wp\/v2\/types\/page"}],"author":[{"embeddable":true,"href":"http:\/\/abcformation1986.fr\/en\/wp-json\/wp\/v2\/users\/2"}],"replies":[{"embeddable":true,"href":"http:\/\/abcformation1986.fr\/en\/wp-json\/wp\/v2\/comments?post=3744"}],"version-history":[{"count":5,"href":"http:\/\/abcformation1986.fr\/en\/wp-json\/wp\/v2\/pages\/3744\/revisions"}],"predecessor-version":[{"id":9353,"href":"http:\/\/abcformation1986.fr\/en\/wp-json\/wp\/v2\/pages\/3744\/revisions\/9353"}],"wp:attachment":[{"href":"http:\/\/abcformation1986.fr\/en\/wp-json\/wp\/v2\/media?parent=3744"}],"curies":[{"name":"wp","href":"https:\/\/api.w.org\/{rel}","templated":true}]}}