{"id":10024,"date":"2024-10-03T07:06:34","date_gmt":"2024-10-03T07:06:34","guid":{"rendered":"https:\/\/abcformation1986.fr\/?page_id=10024"},"modified":"2024-10-03T13:31:29","modified_gmt":"2024-10-03T13:31:29","slug":"conseillers-numeriques","status":"publish","type":"page","link":"http:\/\/abcformation1986.fr\/en\/conseillers-numeriques\/","title":{"rendered":"Conseillers num\u00e9riques"},"content":{"rendered":"<div class=\"vc_row wpb_row vc_row-fluid\">\n\t\t\t\t<div class=\"mo-vc-row-ovelay\" style=\"\"><\/div>\n\t\t\t\t<div class=\"container\"><div class=\"wpb_column vc_column_container vc_col-sm-8\"><div class=\"vc_column-inner\"><div class=\"wpb_wrapper\">\n\t<div  class=\"wpb_single_image wpb_content_element vc_align_center\">\n\t\t\n\t\t<figure class=\"wpb_wrapper vc_figure\">\n\t\t\t<a href=\"http:\/\/abcformation1986.fr\/wp-content\/uploads\/2024\/10\/logo.jpg\" target=\"_self\" class=\"vc_single_image-wrapper   vc_box_border_grey\"><img loading=\"lazy\" decoding=\"async\" width=\"900\" height=\"478\" src=\"http:\/\/abcformation1986.fr\/wp-content\/uploads\/2024\/10\/logo.jpg\" class=\"vc_single_image-img attachment-large\" alt=\"\" srcset=\"http:\/\/abcformation1986.fr\/wp-content\/uploads\/2024\/10\/logo.jpg 998w, http:\/\/abcformation1986.fr\/wp-content\/uploads\/2024\/10\/logo-500x266.jpg 500w, http:\/\/abcformation1986.fr\/wp-content\/uploads\/2024\/10\/logo-300x159.jpg 300w, http:\/\/abcformation1986.fr\/wp-content\/uploads\/2024\/10\/logo-768x408.jpg 768w, http:\/\/abcformation1986.fr\/wp-content\/uploads\/2024\/10\/logo-18x10.jpg 18w\" sizes=\"auto, (max-width: 900px) 100vw, 900px\" \/><\/a>\n\t\t<\/figure>\n\t<\/div>\n\n\t<div class=\"wpb_raw_code wpb_content_element wpb_raw_html\" >\n\t\t<div class=\"wpb_wrapper\">\n\t\t\t<h2 style=\"text-align: center; color: #33cccc; line-height: 25px;\">Digital advisors support me in my efforts and towards digital autonomy<\/h2>\n<h3 style=\"color: #33cccc; line-height: 25px;\">About Digital Advisors<\/h3>\n<h3 style=\"color: #33cccc; line-height: 25px;\">By training with a digital advisor, I learn to become independent in:<\/h3>\n\t\t<\/div>\n\t<\/div>\n<\/div><\/div><\/div><div class=\"wpb_column vc_column_container vc_col-sm-4\"><div class=\"vc_column-inner\"><div class=\"wpb_wrapper\">\n\t<div class=\"wpb_raw_code wpb_content_element wpb_raw_html\" >\n\t\t<div class=\"wpb_wrapper\">\n\t\t\t<h2 style=\"color: #33cccc; text-align: center; margin-top: 50px;\">Digital Advisor<\/h2>\n<p style=\"text-align: center; font-size: 18px;\">Mme.El HAMRAOUI Sara<\/p>\n<p style=\"text-align: center; font-size: 18px;\">inscription@abcformation1986.fr<\/p>\n<p style=\"text-align: center; font-size: 18px;\">0768841866<\/p>\n\t\t<\/div>\n\t<\/div>\n<\/div><\/div><\/div>\t<\/div>\n\t\t\t<\/div><div class=\"vc_row wpb_row vc_row-fluid\">\n\t\t\t\t<div class=\"mo-vc-row-ovelay\" style=\"\"><\/div>\n\t\t\t\t<div class=\"container\"><div class=\"wpb_column vc_column_container vc_col-sm-6\"><div class=\"vc_column-inner\"><div class=\"wpb_wrapper\">\n\t<div class=\"wpb_raw_code wpb_content_element wpb_raw_html\" >\n\t\t<div class=\"wpb_wrapper\">\n\t\t\t<h3 style=\"color: #33cccc;\">Exchange with my loved ones<\/h3>\n<ul style=\"font-size: 16px;\">\n    <li>Using e-mail<\/li>\n    <li>Use a social network<\/li>\n    <li>Participate in a video conference<\/li>\n    <li>Create and share digital exchanges<\/li>\n<\/ul>\n\t\t<\/div>\n\t<\/div>\n<\/div><\/div><\/div><div class=\"wpb_column vc_column_container vc_col-sm-6\"><div class=\"vc_column-inner\"><div class=\"wpb_wrapper\">\n\t<div  class=\"wpb_single_image wpb_content_element vc_align_center\">\n\t\t\n\t\t<figure class=\"wpb_wrapper vc_figure\">\n\t\t\t<div class=\"vc_single_image-wrapper   vc_box_border_grey\"><img loading=\"lazy\" decoding=\"async\" width=\"150\" height=\"150\" src=\"http:\/\/abcformation1986.fr\/wp-content\/uploads\/2024\/10\/echanger-avec-mes-proches-867x1000-1-150x150.png\" class=\"vc_single_image-img attachment-thumbnail\" alt=\"\" srcset=\"http:\/\/abcformation1986.fr\/wp-content\/uploads\/2024\/10\/echanger-avec-mes-proches-867x1000-1-150x150.png 150w, http:\/\/abcformation1986.fr\/wp-content\/uploads\/2024\/10\/echanger-avec-mes-proches-867x1000-1-291x291.png 291w, http:\/\/abcformation1986.fr\/wp-content\/uploads\/2024\/10\/echanger-avec-mes-proches-867x1000-1-100x100.png 100w\" sizes=\"auto, (max-width: 150px) 100vw, 150px\" \/><\/div>\n\t\t<\/figure>\n\t<\/div>\n<\/div><\/div><\/div>\t<\/div>\n\t\t\t<\/div><div class=\"vc_row wpb_row vc_row-fluid\">\n\t\t\t\t<div class=\"mo-vc-row-ovelay\" style=\"\"><\/div>\n\t\t\t\t<div class=\"container\"><div class=\"wpb_column vc_column_container vc_col-sm-6\"><div class=\"vc_column-inner\"><div class=\"wpb_wrapper\">\n\t<div  class=\"wpb_single_image wpb_content_element vc_align_left\">\n\t\t\n\t\t<figure class=\"wpb_wrapper vc_figure\">\n\t\t\t<div class=\"vc_single_image-wrapper   vc_box_border_grey\"><img loading=\"lazy\" decoding=\"async\" width=\"150\" height=\"150\" src=\"http:\/\/abcformation1986.fr\/wp-content\/uploads\/2024\/10\/trouver-emploi-150x150.png\" class=\"vc_single_image-img attachment-thumbnail\" alt=\"\" srcset=\"http:\/\/abcformation1986.fr\/wp-content\/uploads\/2024\/10\/trouver-emploi-150x150.png 150w, http:\/\/abcformation1986.fr\/wp-content\/uploads\/2024\/10\/trouver-emploi-291x291.png 291w, http:\/\/abcformation1986.fr\/wp-content\/uploads\/2024\/10\/trouver-emploi-100x100.png 100w, http:\/\/abcformation1986.fr\/wp-content\/uploads\/2024\/10\/trouver-emploi-300x300.png 300w, http:\/\/abcformation1986.fr\/wp-content\/uploads\/2024\/10\/trouver-emploi-12x12.png 12w, http:\/\/abcformation1986.fr\/wp-content\/uploads\/2024\/10\/trouver-emploi.png 390w\" sizes=\"auto, (max-width: 150px) 100vw, 150px\" \/><\/div>\n\t\t<\/figure>\n\t<\/div>\n<\/div><\/div><\/div><div class=\"wpb_column vc_column_container vc_col-sm-6\"><div class=\"vc_column-inner\"><div class=\"wpb_wrapper\">\n\t<div class=\"wpb_raw_code wpb_content_element wpb_raw_html\" >\n\t\t<div class=\"wpb_wrapper\">\n\t\t\t<h3 style=\"color: #33cccc;\">Find a job or training<\/h3>\n<ul style=\"font-size: 16px;\">\n    <li>Using a job search platform<\/li>\n    <li>Using a social network for my job search<\/li>\n    <li>Create my CV and distribute it<\/li>\n    <li>Submit an application<\/li>\n    <li>Make my declarations on the P\u00f4le emploi website<\/li>\n<\/ul>\n\t\t<\/div>\n\t<\/div>\n<\/div><\/div><\/div>\t<\/div>\n\t\t\t<\/div><div class=\"vc_row wpb_row vc_row-fluid\">\n\t\t\t\t<div class=\"mo-vc-row-ovelay\" style=\"\"><\/div>\n\t\t\t\t<div class=\"container\"><div class=\"wpb_column vc_column_container vc_col-sm-6\"><div class=\"vc_column-inner\"><div class=\"wpb_wrapper\">\n\t<div class=\"wpb_raw_code wpb_content_element wpb_raw_html\" >\n\t\t<div class=\"wpb_wrapper\">\n\t\t\t<h3 style=\"color: #33cccc;\">Using digital opportunities<\/h3>\n<ul style=\"font-size: 16px;\">\n    <li>Internet: post an ad on Le Bon Coin or other classified ads site<\/li>\n    <li>Pay online<\/li>\n    <li>Create and use my personal space on the websites of major public services (France Connect)<\/li>\n    <li>Digital tools to control your energy consumption<\/li>\n<\/ul>\n\t\t<\/div>\n\t<\/div>\n<\/div><\/div><\/div><div class=\"wpb_column vc_column_container vc_col-sm-6\"><div class=\"vc_column-inner\"><div class=\"wpb_wrapper\">\n\t<div  class=\"wpb_single_image wpb_content_element vc_align_center\">\n\t\t\n\t\t<figure class=\"wpb_wrapper vc_figure\">\n\t\t\t<div class=\"vc_single_image-wrapper   vc_box_border_grey\"><img loading=\"lazy\" decoding=\"async\" width=\"150\" height=\"150\" src=\"http:\/\/abcformation1986.fr\/wp-content\/uploads\/2024\/10\/opprtunite-numerique-150x150.jpg\" class=\"vc_single_image-img attachment-thumbnail\" alt=\"\" srcset=\"http:\/\/abcformation1986.fr\/wp-content\/uploads\/2024\/10\/opprtunite-numerique-150x150.jpg 150w, http:\/\/abcformation1986.fr\/wp-content\/uploads\/2024\/10\/opprtunite-numerique-scaled-291x291.jpg 291w, http:\/\/abcformation1986.fr\/wp-content\/uploads\/2024\/10\/opprtunite-numerique-100x100.jpg 100w\" sizes=\"auto, (max-width: 150px) 100vw, 150px\" \/><\/div>\n\t\t<\/figure>\n\t<\/div>\n<\/div><\/div><\/div>\t<\/div>\n\t\t\t<\/div><div class=\"vc_row wpb_row vc_row-fluid\">\n\t\t\t\t<div class=\"mo-vc-row-ovelay\" style=\"\"><\/div>\n\t\t\t\t<div class=\"container\"><div class=\"wpb_column vc_column_container vc_col-sm-6\"><div class=\"vc_column-inner\"><div class=\"wpb_wrapper\">\n\t<div  class=\"wpb_single_image wpb_content_element vc_align_left\">\n\t\t\n\t\t<figure class=\"wpb_wrapper vc_figure\">\n\t\t\t<div class=\"vc_single_image-wrapper   vc_box_border_grey\"><img loading=\"lazy\" decoding=\"async\" width=\"150\" height=\"150\" src=\"http:\/\/abcformation1986.fr\/wp-content\/uploads\/2024\/10\/opport-de-mon-territoire-150x150.jpeg\" class=\"vc_single_image-img attachment-thumbnail\" alt=\"\" srcset=\"http:\/\/abcformation1986.fr\/wp-content\/uploads\/2024\/10\/opport-de-mon-territoire-150x150.jpeg 150w, http:\/\/abcformation1986.fr\/wp-content\/uploads\/2024\/10\/opport-de-mon-territoire-100x100.jpeg 100w\" sizes=\"auto, (max-width: 150px) 100vw, 150px\" \/><\/div>\n\t\t<\/figure>\n\t<\/div>\n<\/div><\/div><\/div><div class=\"wpb_column vc_column_container vc_col-sm-6\"><div class=\"vc_column-inner\"><div class=\"wpb_wrapper\">\n\t<div class=\"wpb_raw_code wpb_content_element wpb_raw_html\" >\n\t\t<div class=\"wpb_wrapper\">\n\t\t\t<h3 style=\"color: #33cccc;\">Discover the opportunities in my area<\/h3>\n<ul style=\"font-size: 16px; text-align: justify;\">\n    <li>Finding accommodation on the internet<\/li>\n    <li>Access to local healthcare provision<\/li>\n    <li>Discover public transport and other mobility solutions<\/li>\n    <li>Carry out my procedures with local services<\/li>\n    <li>Find out about cultural and social activities near me<\/li>\n<\/ul>\n\t\t<\/div>\n\t<\/div>\n<\/div><\/div><\/div>\t<\/div>\n\t\t\t<\/div><div class=\"vc_row wpb_row vc_row-fluid\">\n\t\t\t\t<div class=\"mo-vc-row-ovelay\" style=\"\"><\/div>\n\t\t\t\t<div class=\"container\"><div class=\"wpb_column vc_column_container vc_col-sm-6\"><div class=\"vc_column-inner\"><div class=\"wpb_wrapper\">\n\t<div class=\"wpb_raw_code wpb_content_element wpb_raw_html\" >\n\t\t<div class=\"wpb_wrapper\">\n\t\t\t<h3 style=\"color: #33cccc;\">Getting to grips with the digital tool<\/h3>\n<ul style=\"font-size: 16px; text-align: justify;\">\n    <li>Use office tools (word processing, etc.)<\/li>\n    <li>Secure my connections, protect myself from scams<\/li>\n    <li>Check information<\/li>\n    <li>Manage, protect my personal data<\/li>\n    <li>Buy equipment and a subscription adapted to my uses<\/li>\n    <li>Raise awareness of eco-responsible digital practices<\/li>\n    <li>R\u00e9server un billet en ligne<\/li>\n<\/ul>\n\t\t<\/div>\n\t<\/div>\n<\/div><\/div><\/div><div class=\"wpb_column vc_column_container vc_col-sm-6\"><div class=\"vc_column-inner\"><div class=\"wpb_wrapper\">\n\t<div  class=\"wpb_single_image wpb_content_element vc_align_center\">\n\t\t\n\t\t<figure class=\"wpb_wrapper vc_figure\">\n\t\t\t<div class=\"vc_single_image-wrapper   vc_box_border_grey\"><img loading=\"lazy\" decoding=\"async\" width=\"150\" height=\"150\" src=\"http:\/\/abcformation1986.fr\/wp-content\/uploads\/2024\/10\/Prendre-en-main-loutil-numerique-150x150.png\" class=\"vc_single_image-img attachment-thumbnail\" alt=\"\" srcset=\"http:\/\/abcformation1986.fr\/wp-content\/uploads\/2024\/10\/Prendre-en-main-loutil-numerique-150x150.png 150w, http:\/\/abcformation1986.fr\/wp-content\/uploads\/2024\/10\/Prendre-en-main-loutil-numerique-291x291.png 291w, http:\/\/abcformation1986.fr\/wp-content\/uploads\/2024\/10\/Prendre-en-main-loutil-numerique-100x100.png 100w\" sizes=\"auto, (max-width: 150px) 100vw, 150px\" \/><\/div>\n\t\t<\/figure>\n\t<\/div>\n<\/div><\/div><\/div>\t<\/div>\n\t\t\t<\/div>","protected":false},"excerpt":{"rendered":"Les conseillers num\u00e9riques m\u2019accompagnent dans mes d\u00e9marches et vers l\u2019autonomie num\u00e9rique \u00c0 propos des conseillers num\u00e9riques En me formant aupr\u00e8s d\u2019un conseiller num\u00e9rique, j\u2019apprends \u00e0 devenir autonome pour : Votre conseill\u00e8re num\u00e9rique Mme.El HAMRAOUI Sara inscription@abcformation1986.fr 0768841866 \u00c9changer avec mes proches Utiliser une messagerie \u00e9lectronique Utiliser un r\u00e9seau social Participer \u00e0 une visioconf\u00e9rence Cr\u00e9er et [...]","protected":false},"author":2,"featured_media":0,"parent":0,"menu_order":0,"comment_status":"closed","ping_status":"closed","template":"","meta":{"_uag_custom_page_level_css":"","footnotes":""},"class_list":["post-10024","page","type-page","status-publish","hentry"],"yoast_head":"<!-- This site is optimized with the Yoast SEO plugin v25.2 - https:\/\/yoast.com\/wordpress\/plugins\/seo\/ -->\n<title>Conseillers num\u00e9riques - Centre de Formation ABC Franconville | FLE | TEF<\/title>\n<meta name=\"robots\" content=\"index, follow, max-snippet:-1, max-image-preview:large, max-video-preview:-1\" \/>\n<link rel=\"canonical\" href=\"http:\/\/abcformation1986.fr\/en\/conseillers-numeriques\/\" \/>\n<meta property=\"og:locale\" content=\"en_US\" \/>\n<meta property=\"og:type\" content=\"article\" \/>\n<meta property=\"og:title\" content=\"Conseillers num\u00e9riques - Centre de Formation ABC Franconville | FLE | TEF\" \/>\n<meta property=\"og:url\" content=\"http:\/\/abcformation1986.fr\/en\/conseillers-numeriques\/\" \/>\n<meta property=\"og:site_name\" content=\"Centre de Formation ABC Franconville | FLE | TEF\" \/>\n<meta property=\"article:publisher\" content=\"http:\/\/@abcformation\" \/>\n<meta property=\"article:modified_time\" content=\"2024-10-03T13:31:29+00:00\" \/>\n<meta name=\"twitter:card\" content=\"summary_large_image\" \/>\n<meta name=\"twitter:site\" content=\"@abc_formation\" \/>\n<meta name=\"twitter:label1\" content=\"Est. reading time\" \/>\n\t<meta name=\"twitter:data1\" content=\"1 minute\" \/>\n<script type=\"application\/ld+json\" class=\"yoast-schema-graph\">{\"@context\":\"https:\/\/schema.org\",\"@graph\":[{\"@type\":\"WebPage\",\"@id\":\"http:\/\/abcformation1986.fr\/ar\/conseillers-numeriques\/\",\"url\":\"http:\/\/abcformation1986.fr\/ar\/conseillers-numeriques\/\",\"name\":\"Conseillers num\u00e9riques - Centre de Formation ABC Franconville | FLE | TEF\",\"isPartOf\":{\"@id\":\"https:\/\/abcformation1986.fr\/en\/#website\"},\"datePublished\":\"2024-10-03T07:06:34+00:00\",\"dateModified\":\"2024-10-03T13:31:29+00:00\",\"breadcrumb\":{\"@id\":\"http:\/\/abcformation1986.fr\/ar\/conseillers-numeriques\/#breadcrumb\"},\"inLanguage\":\"en-US\",\"potentialAction\":[{\"@type\":\"ReadAction\",\"target\":[\"http:\/\/abcformation1986.fr\/ar\/conseillers-numeriques\/\"]}]},{\"@type\":\"BreadcrumbList\",\"@id\":\"http:\/\/abcformation1986.fr\/ar\/conseillers-numeriques\/#breadcrumb\",\"itemListElement\":[{\"@type\":\"ListItem\",\"position\":1,\"name\":\"Home\",\"item\":\"https:\/\/abcformation1986.fr\/en\/\"},{\"@type\":\"ListItem\",\"position\":2,\"name\":\"Conseillers num\u00e9riques\"}]},{\"@type\":\"WebSite\",\"@id\":\"https:\/\/abcformation1986.fr\/en\/#website\",\"url\":\"https:\/\/abcformation1986.fr\/en\/\",\"name\":\"Centre de Formation ABC Franconville | FLE | TEF\",\"description\":\"Acteur historique de  la formation, de l\u2019insertion et de la  reconversion professionnelle depuis 1986\",\"publisher\":{\"@id\":\"https:\/\/abcformation1986.fr\/en\/#organization\"},\"potentialAction\":[{\"@type\":\"SearchAction\",\"target\":{\"@type\":\"EntryPoint\",\"urlTemplate\":\"https:\/\/abcformation1986.fr\/en\/?s={search_term_string}\"},\"query-input\":{\"@type\":\"PropertyValueSpecification\",\"valueRequired\":true,\"valueName\":\"search_term_string\"}}],\"inLanguage\":\"en-US\"},{\"@type\":\"Organization\",\"@id\":\"https:\/\/abcformation1986.fr\/en\/#organization\",\"name\":\"ABCFORMATION\",\"url\":\"https:\/\/abcformation1986.fr\/en\/\",\"logo\":{\"@type\":\"ImageObject\",\"inLanguage\":\"en-US\",\"@id\":\"https:\/\/abcformation1986.fr\/en\/#\/schema\/logo\/image\/\",\"url\":\"https:\/\/abcformation1986.fr\/wp-content\/uploads\/2018\/11\/abclogo.png\",\"contentUrl\":\"https:\/\/abcformation1986.fr\/wp-content\/uploads\/2018\/11\/abclogo.png\",\"width\":134,\"height\":82,\"caption\":\"ABCFORMATION\"},\"image\":{\"@id\":\"https:\/\/abcformation1986.fr\/en\/#\/schema\/logo\/image\/\"},\"sameAs\":[\"http:\/\/@abcformation\",\"https:\/\/x.com\/abc_formation\",\"http:\/\/abcformation1986\"]}]}<\/script>\n<!-- \/ Yoast SEO plugin. -->","yoast_head_json":{"title":"Conseillers num\u00e9riques - Centre de Formation ABC Franconville | FLE | TEF","robots":{"index":"index","follow":"follow","max-snippet":"max-snippet:-1","max-image-preview":"max-image-preview:large","max-video-preview":"max-video-preview:-1"},"canonical":"http:\/\/abcformation1986.fr\/en\/conseillers-numeriques\/","og_locale":"en_US","og_type":"article","og_title":"Conseillers num\u00e9riques - Centre de Formation ABC Franconville | FLE | TEF","og_url":"http:\/\/abcformation1986.fr\/en\/conseillers-numeriques\/","og_site_name":"Centre de Formation ABC Franconville | FLE | TEF","article_publisher":"http:\/\/@abcformation","article_modified_time":"2024-10-03T13:31:29+00:00","twitter_card":"summary_large_image","twitter_site":"@abc_formation","twitter_misc":{"Est. reading time":"1 minute"},"schema":{"@context":"https:\/\/schema.org","@graph":[{"@type":"WebPage","@id":"http:\/\/abcformation1986.fr\/ar\/conseillers-numeriques\/","url":"http:\/\/abcformation1986.fr\/ar\/conseillers-numeriques\/","name":"Conseillers num\u00e9riques - Centre de Formation ABC Franconville | FLE | TEF","isPartOf":{"@id":"https:\/\/abcformation1986.fr\/en\/#website"},"datePublished":"2024-10-03T07:06:34+00:00","dateModified":"2024-10-03T13:31:29+00:00","breadcrumb":{"@id":"http:\/\/abcformation1986.fr\/ar\/conseillers-numeriques\/#breadcrumb"},"inLanguage":"en-US","potentialAction":[{"@type":"ReadAction","target":["http:\/\/abcformation1986.fr\/ar\/conseillers-numeriques\/"]}]},{"@type":"BreadcrumbList","@id":"http:\/\/abcformation1986.fr\/ar\/conseillers-numeriques\/#breadcrumb","itemListElement":[{"@type":"ListItem","position":1,"name":"Home","item":"https:\/\/abcformation1986.fr\/en\/"},{"@type":"ListItem","position":2,"name":"Conseillers num\u00e9riques"}]},{"@type":"WebSite","@id":"https:\/\/abcformation1986.fr\/en\/#website","url":"https:\/\/abcformation1986.fr\/en\/","name":"Centre de Formation ABC Franconville | FLE | TEF","description":"Acteur historique de  la formation, de l\u2019insertion et de la  reconversion professionnelle depuis 1986","publisher":{"@id":"https:\/\/abcformation1986.fr\/en\/#organization"},"potentialAction":[{"@type":"SearchAction","target":{"@type":"EntryPoint","urlTemplate":"https:\/\/abcformation1986.fr\/en\/?s={search_term_string}"},"query-input":{"@type":"PropertyValueSpecification","valueRequired":true,"valueName":"search_term_string"}}],"inLanguage":"en-US"},{"@type":"Organization","@id":"https:\/\/abcformation1986.fr\/en\/#organization","name":"ABCFORMATION","url":"https:\/\/abcformation1986.fr\/en\/","logo":{"@type":"ImageObject","inLanguage":"en-US","@id":"https:\/\/abcformation1986.fr\/en\/#\/schema\/logo\/image\/","url":"https:\/\/abcformation1986.fr\/wp-content\/uploads\/2018\/11\/abclogo.png","contentUrl":"https:\/\/abcformation1986.fr\/wp-content\/uploads\/2018\/11\/abclogo.png","width":134,"height":82,"caption":"ABCFORMATION"},"image":{"@id":"https:\/\/abcformation1986.fr\/en\/#\/schema\/logo\/image\/"},"sameAs":["http:\/\/@abcformation","https:\/\/x.com\/abc_formation","http:\/\/abcformation1986"]}]}},"uagb_featured_image_src":{"full":false,"thumbnail":false,"medium":false,"medium_large":false,"large":false,"1536x1536":false,"2048x2048":false,"trp-custom-language-flag":false,"hala-full":false,"hala-medium":false,"hala-small":false,"hala-team":false,"hala-thumb":false,"woocommerce_thumbnail":false,"woocommerce_single":false,"woocommerce_gallery_thumbnail":false},"uagb_author_info":{"display_name":"abc formation","author_link":"http:\/\/abcformation1986.fr\/en\/author\/abcformation\/"},"uagb_comment_info":0,"uagb_excerpt":null,"jetpack_sharing_enabled":true,"_links":{"self":[{"href":"http:\/\/abcformation1986.fr\/en\/wp-json\/wp\/v2\/pages\/10024","targetHints":{"allow":["GET"]}}],"collection":[{"href":"http:\/\/abcformation1986.fr\/en\/wp-json\/wp\/v2\/pages"}],"about":[{"href":"http:\/\/abcformation1986.fr\/en\/wp-json\/wp\/v2\/types\/page"}],"author":[{"embeddable":true,"href":"http:\/\/abcformation1986.fr\/en\/wp-json\/wp\/v2\/users\/2"}],"replies":[{"embeddable":true,"href":"http:\/\/abcformation1986.fr\/en\/wp-json\/wp\/v2\/comments?post=10024"}],"version-history":[{"count":20,"href":"http:\/\/abcformation1986.fr\/en\/wp-json\/wp\/v2\/pages\/10024\/revisions"}],"predecessor-version":[{"id":10084,"href":"http:\/\/abcformation1986.fr\/en\/wp-json\/wp\/v2\/pages\/10024\/revisions\/10084"}],"wp:attachment":[{"href":"http:\/\/abcformation1986.fr\/en\/wp-json\/wp\/v2\/media?parent=10024"}],"curies":[{"name":"wp","href":"https:\/\/api.w.org\/{rel}","templated":true}]}}